{"id":22250,"date":"2024-04-25T12:52:28","date_gmt":"2024-04-25T10:52:28","guid":{"rendered":"https:\/\/www.sarahmo.be\/over-ons\/"},"modified":"2024-05-02T09:15:51","modified_gmt":"2024-05-02T07:15:51","slug":"a-propos-de-nous","status":"publish","type":"page","link":"https:\/\/www.sarahmo.be\/fr\/a-propos-de-nous\/","title":{"rendered":"\u00c0 propos de nous"},"content":{"rendered":"<div class=\"wpb-content-wrapper\"><p>[vc_row woodmart_css_id=\u00a0\u00bb662f9436565a5&Prime; responsive_spacing=\u00a0\u00bbeyJwYXJhbV90eXBlIjoid29vZG1hcnRfcmVzcG9uc2l2ZV9zcGFjaW5nIiwic2VsZWN0b3JfaWQiOiI2NjJmOTQzNjU2NWE1Iiwic2hvcnRjb2RlIjoidmNfcm93IiwiZGF0YSI6eyJ0YWJsZXQiOnt9LCJtb2JpbGUiOnt9fX0=\u00a0\u00bb mobile_bg_img_hidden=\u00a0\u00bbno\u00a0\u00bb tablet_bg_img_hidden=\u00a0\u00bbno\u00a0\u00bb woodmart_parallax=\u00a0\u00bb0&Prime; woodmart_gradient_switch=\u00a0\u00bbno\u00a0\u00bb woodmart_box_shadow=\u00a0\u00bbno\u00a0\u00bb wd_z_index=\u00a0\u00bbno\u00a0\u00bb woodmart_disable_overflow=\u00a0\u00bb0&Prime; row_reverse_mobile=\u00a0\u00bb0&Prime; row_reverse_tablet=\u00a0\u00bb0&Prime; css=\u00a0\u00bb.vc_custom_1714394170733{padding-top: 10px !important;}\u00a0\u00bb][vc_column width=\u00a0\u00bb2\/3&Prime; woodmart_css_id=\u00a0\u00bb662f93f5e2922&Prime; parallax_scroll=\u00a0\u00bbno\u00a0\u00bb woodmart_sticky_column=\u00a0\u00bbfalse\u00a0\u00bb wd_collapsible_content_switcher=\u00a0\u00bbno\u00a0\u00bb wd_column_role_offcanvas_desktop=\u00a0\u00bbno\u00a0\u00bb wd_column_role_offcanvas_tablet=\u00a0\u00bbno\u00a0\u00bb wd_column_role_offcanvas_mobile=\u00a0\u00bbno\u00a0\u00bb wd_column_role_content_desktop=\u00a0\u00bbno\u00a0\u00bb wd_column_role_content_tablet=\u00a0\u00bbno\u00a0\u00bb wd_column_role_content_mobile=\u00a0\u00bbno\u00a0\u00bb mobile_bg_img_hidden=\u00a0\u00bbno\u00a0\u00bb tablet_bg_img_hidden=\u00a0\u00bbno\u00a0\u00bb woodmart_parallax=\u00a0\u00bb0&Prime; woodmart_box_shadow=\u00a0\u00bbno\u00a0\u00bb responsive_spacing=\u00a0\u00bbeyJwYXJhbV90eXBlIjoid29vZG1hcnRfcmVzcG9uc2l2ZV9zcGFjaW5nIiwic2VsZWN0b3JfaWQiOiI2NjJmOTNmNWUyOTIyIiwic2hvcnRjb2RlIjoidmNfY29sdW1uIiwiZGF0YSI6eyJ0YWJsZXQiOnt9LCJtb2JpbGUiOnt9fX0=\u00a0\u00bb mobile_reset_margin=\u00a0\u00bbno\u00a0\u00bb tablet_reset_margin=\u00a0\u00bbno\u00a0\u00bb wd_z_index=\u00a0\u00bbno\u00a0\u00bb][vc_column_text css=\u00a0\u00bb.vc_custom_1714634141623{margin-bottom: 25px !important;}\u00a0\u00bb woodmart_inline=\u00a0\u00bbno\u00a0\u00bb text_larger=\u00a0\u00bbno\u00a0\u00bb]Sarah Mo est un endroit magnifique qui repr\u00e9sente l&rsquo;essence d&rsquo;une maison de campagne intemporelle. La passion est n\u00e9e de voyages dans diff\u00e9rentes cultures, comme l&rsquo;Indon\u00e9sie\/Bali, Ta\u00efwan, l&rsquo;Extr\u00eame-Orient mais aussi les march\u00e9s fran\u00e7ais. Cela nous a permis d&rsquo;accumuler une richesse d&rsquo;influences qui rendent le style de Sarah Mo unique.<\/p>\n<p>Nous nous effor\u00e7ons de r\u00e9unir des meubles de qualit\u00e9 avec les teintes, les tissus et les textures appropri\u00e9s, ce qui montre notre attention aux d\u00e9tails et \u00e0 l&rsquo;artisanat. Mais ce qui est encore plus important, c&rsquo;est le d\u00e9sir de transmettre le caract\u00e8re chaleureux et accueillant de la vie \u00e0 la campagne \u00e0 nos clients. Tel est notre merveilleux objectif.<\/p>\n<p>Une visite chez Sarah Mo est une exp\u00e9rience inspirante, o\u00f9 les clients sont accueillis par des meubles de collection intemporels qui donnent du caract\u00e8re et de la chaleur \u00e0 leur maison. Sarah Mo a un grand objectif : cr\u00e9er un environnement o\u00f9 les gens se sentent vraiment chez eux.<\/p>\n<p>Sarah Mo est un magasin d&rsquo;ameublement qui propose des meubles et des objets de d\u00e9coration pour personnaliser les espaces de vie.\u00a0 Sarah mo est attentive \u00e0 l&rsquo;environnement, ses \u00e9colabels sont presque tous conformes, et en mati\u00e8re d&#8217;emballage, nous sommes \u00e9galement exigeants.\u00a0 Sarah Mo est ainsi devenu un joueur reconnu pour son offre de meubles et d&rsquo;\u00e9l\u00e9ments de d\u00e9coration intemporels, tant dans le secteur priv\u00e9 que dans l&rsquo;h\u00f4tellerie et la restauration.<\/p>\n<p>[\/vc_column_text][\/vc_column][vc_column width=\u00a0\u00bb1\/3&Prime; woodmart_css_id=\u00a0\u00bb662f93f052ed5&Prime; parallax_scroll=\u00a0\u00bbno\u00a0\u00bb woodmart_sticky_column=\u00a0\u00bbfalse\u00a0\u00bb wd_collapsible_content_switcher=\u00a0\u00bbno\u00a0\u00bb wd_column_role_offcanvas_desktop=\u00a0\u00bbno\u00a0\u00bb wd_column_role_offcanvas_tablet=\u00a0\u00bbno\u00a0\u00bb wd_column_role_offcanvas_mobile=\u00a0\u00bbno\u00a0\u00bb wd_column_role_content_desktop=\u00a0\u00bbno\u00a0\u00bb wd_column_role_content_tablet=\u00a0\u00bbno\u00a0\u00bb wd_column_role_content_mobile=\u00a0\u00bbno\u00a0\u00bb mobile_bg_img_hidden=\u00a0\u00bbno\u00a0\u00bb tablet_bg_img_hidden=\u00a0\u00bbno\u00a0\u00bb woodmart_parallax=\u00a0\u00bb0&Prime; woodmart_box_shadow=\u00a0\u00bbno\u00a0\u00bb responsive_spacing=\u00a0\u00bbeyJwYXJhbV90eXBlIjoid29vZG1hcnRfcmVzcG9uc2l2ZV9zcGFjaW5nIiwic2VsZWN0b3JfaWQiOiI2NjJmOTNmMDUyZWQ1Iiwic2hvcnRjb2RlIjoidmNfY29sdW1uIiwiZGF0YSI6eyJ0YWJsZXQiOnt9LCJtb2JpbGUiOnt9fX0=\u00a0\u00bb mobile_reset_margin=\u00a0\u00bbno\u00a0\u00bb tablet_reset_margin=\u00a0\u00bbno\u00a0\u00bb wd_z_index=\u00a0\u00bbno\u00a0\u00bb]\t\t<div id=\"wd-662f9365826b2\" class=\"wd-image wd-wpb wd-rs-662f9365826b2 text-left vc_custom_1714393996650\">\n\t\t\t\n\t\t\t<img decoding=\"async\" width=\"1920\" height=\"1920\" src=\"https:\/\/www.sarahmo.be\/site\/wp-content\/uploads\/Sarah-mo-interiors-woonwinkel-landelijk-wonen-Aartselaar-Hasselt.jpg\" class=\"attachment-full size-full\" alt=\"\" srcset=\"https:\/\/www.sarahmo.be\/site\/wp-content\/uploads\/Sarah-mo-interiors-woonwinkel-landelijk-wonen-Aartselaar-Hasselt.jpg 1920w, https:\/\/www.sarahmo.be\/site\/wp-content\/uploads\/Sarah-mo-interiors-woonwinkel-landelijk-wonen-Aartselaar-Hasselt-300x300.jpg 300w, https:\/\/www.sarahmo.be\/site\/wp-content\/uploads\/Sarah-mo-interiors-woonwinkel-landelijk-wonen-Aartselaar-Hasselt-1024x1024.jpg 1024w, https:\/\/www.sarahmo.be\/site\/wp-content\/uploads\/Sarah-mo-interiors-woonwinkel-landelijk-wonen-Aartselaar-Hasselt-150x150.jpg 150w, https:\/\/www.sarahmo.be\/site\/wp-content\/uploads\/Sarah-mo-interiors-woonwinkel-landelijk-wonen-Aartselaar-Hasselt-768x768.jpg 768w, https:\/\/www.sarahmo.be\/site\/wp-content\/uploads\/Sarah-mo-interiors-woonwinkel-landelijk-wonen-Aartselaar-Hasselt-1536x1536.jpg 1536w, https:\/\/www.sarahmo.be\/site\/wp-content\/uploads\/Sarah-mo-interiors-woonwinkel-landelijk-wonen-Aartselaar-Hasselt-1000x1000.jpg 1000w, https:\/\/www.sarahmo.be\/site\/wp-content\/uploads\/Sarah-mo-interiors-woonwinkel-landelijk-wonen-Aartselaar-Hasselt-500x500.jpg 500w, https:\/\/www.sarahmo.be\/site\/wp-content\/uploads\/Sarah-mo-interiors-woonwinkel-landelijk-wonen-Aartselaar-Hasselt-800x800.jpg 800w\" sizes=\"(max-width: 1920px) 100vw, 1920px\" \/>\n\t\t\t\t\t<\/div>\n\t\t[\/vc_column][\/vc_row]<\/p>\n<\/div>","protected":false},"excerpt":{"rendered":"<p>[vc_row woodmart_css_id=\u00a0\u00bb662f9436565a5&Prime; responsive_spacing=\u00a0\u00bbeyJwYXJhbV90eXBlIjoid29vZG1hcnRfcmVzcG9uc2l2ZV9zcGFjaW5nIiwic2VsZWN0b3JfaWQiOiI2NjJmOTQzNjU2NWE1Iiwic2hvcnRjb2RlIjoidmNfcm93IiwiZGF0YSI6eyJ0YWJsZXQiOnt9LCJtb2JpbGUiOnt9fX0=\u00a0\u00bb mobile_bg_img_hidden=\u00a0\u00bbno\u00a0\u00bb tablet_bg_img_hidden=\u00a0\u00bbno\u00a0\u00bb woodmart_parallax=\u00a0\u00bb0&Prime; woodmart_gradient_switch=\u00a0\u00bbno\u00a0\u00bb woodmart_box_shadow=\u00a0\u00bbno\u00a0\u00bb wd_z_index=\u00a0\u00bbno\u00a0\u00bb woodmart_disable_overflow=\u00a0\u00bb0&Prime; row_reverse_mobile=\u00a0\u00bb0&Prime; row_reverse_tablet=\u00a0\u00bb0&Prime; css=\u00a0\u00bb.vc_custom_1714394170733{padding-top: 10px !important;}\u00a0\u00bb][vc_column width=\u00a0\u00bb2\/3&Prime; woodmart_css_id=\u00a0\u00bb662f93f5e2922&Prime; parallax_scroll=\u00a0\u00bbno\u00a0\u00bb woodmart_sticky_column=\u00a0\u00bbfalse\u00a0\u00bb wd_collapsible_content_switcher=\u00a0\u00bbno\u00a0\u00bb<\/p>\n","protected":false},"author":187,"featured_media":0,"parent":0,"menu_order":0,"comment_status":"closed","ping_status":"closed","template":"","meta":{"footnotes":""},"class_list":["post-22250","page","type-page","status-publish","hentry"],"yoast_head":"<!-- This site is optimized with the Yoast SEO plugin v27.5 - https:\/\/yoast.com\/product\/yoast-seo-wordpress\/ -->\n<title>Sarah Mo - \u00c0 propos de nous<\/title>\n<meta name=\"description\" content=\"Sarah Mo, magasin de meubles et d\u00e9corations au style campagne intemporel pour personnaliser vos espaces de vie avec \u00e9l\u00e9gance.\" \/>\n<meta name=\"robots\" content=\"index, follow, max-snippet:-1, max-image-preview:large, max-video-preview:-1\" \/>\n<link rel=\"canonical\" href=\"https:\/\/www.sarahmo.be\/fr\/a-propos-de-nous\/\" \/>\n<meta property=\"og:locale\" content=\"fr_FR\" \/>\n<meta property=\"og:type\" content=\"article\" \/>\n<meta property=\"og:title\" content=\"Sarah Mo - \u00c0 propos de nous\" \/>\n<meta property=\"og:description\" content=\"Sarah Mo, magasin de meubles et d\u00e9corations au style campagne intemporel pour personnaliser vos espaces de vie avec \u00e9l\u00e9gance.\" \/>\n<meta property=\"og:url\" content=\"https:\/\/www.sarahmo.be\/fr\/a-propos-de-nous\/\" \/>\n<meta property=\"og:site_name\" content=\"Sarah Mo\" \/>\n<meta property=\"article:publisher\" content=\"https:\/\/www.facebook.com\/SarahMofurniturestore\/\" \/>\n<meta property=\"article:modified_time\" content=\"2024-05-02T07:15:51+00:00\" \/>\n<meta name=\"twitter:card\" content=\"summary_large_image\" \/>\n<meta name=\"twitter:label1\" content=\"Dur\u00e9e de lecture estim\u00e9e\" \/>\n\t<meta name=\"twitter:data1\" content=\"2 minutes\" \/>\n<script type=\"application\/ld+json\" class=\"yoast-schema-graph\">{\"@context\":\"https:\\\/\\\/schema.org\",\"@graph\":[{\"@type\":\"WebPage\",\"@id\":\"https:\\\/\\\/www.sarahmo.be\\\/fr\\\/a-propos-de-nous\\\/\",\"url\":\"https:\\\/\\\/www.sarahmo.be\\\/fr\\\/a-propos-de-nous\\\/\",\"name\":\"Sarah Mo - \u00c0 propos de nous\",\"isPartOf\":{\"@id\":\"https:\\\/\\\/www.sarahmo.be\\\/fr\\\/#website\"},\"datePublished\":\"2024-04-25T10:52:28+00:00\",\"dateModified\":\"2024-05-02T07:15:51+00:00\",\"description\":\"Sarah Mo, magasin de meubles et d\u00e9corations au style campagne intemporel pour personnaliser vos espaces de vie avec \u00e9l\u00e9gance.\",\"breadcrumb\":{\"@id\":\"https:\\\/\\\/www.sarahmo.be\\\/fr\\\/a-propos-de-nous\\\/#breadcrumb\"},\"inLanguage\":\"fr-FR\",\"potentialAction\":[{\"@type\":\"ReadAction\",\"target\":[\"https:\\\/\\\/www.sarahmo.be\\\/fr\\\/a-propos-de-nous\\\/\"]}]},{\"@type\":\"BreadcrumbList\",\"@id\":\"https:\\\/\\\/www.sarahmo.be\\\/fr\\\/a-propos-de-nous\\\/#breadcrumb\",\"itemListElement\":[{\"@type\":\"ListItem\",\"position\":1,\"name\":\"Accueil\",\"item\":\"https:\\\/\\\/www.sarahmo.be\\\/fr\\\/\"},{\"@type\":\"ListItem\",\"position\":2,\"name\":\"\u00c0 propos de nous\"}]},{\"@type\":\"WebSite\",\"@id\":\"https:\\\/\\\/www.sarahmo.be\\\/fr\\\/#website\",\"url\":\"https:\\\/\\\/www.sarahmo.be\\\/fr\\\/\",\"name\":\"Sarah Mo\",\"description\":\"Sp\u00e9cialiste du style campagne intemporel\",\"publisher\":{\"@id\":\"https:\\\/\\\/www.sarahmo.be\\\/fr\\\/#organization\"},\"potentialAction\":[{\"@type\":\"SearchAction\",\"target\":{\"@type\":\"EntryPoint\",\"urlTemplate\":\"https:\\\/\\\/www.sarahmo.be\\\/fr\\\/?s={search_term_string}\"},\"query-input\":{\"@type\":\"PropertyValueSpecification\",\"valueRequired\":true,\"valueName\":\"search_term_string\"}}],\"inLanguage\":\"fr-FR\"},{\"@type\":\"Organization\",\"@id\":\"https:\\\/\\\/www.sarahmo.be\\\/fr\\\/#organization\",\"name\":\"Sarah Mo Landelijke meubelen en verlichting\",\"url\":\"https:\\\/\\\/www.sarahmo.be\\\/fr\\\/\",\"logo\":{\"@type\":\"ImageObject\",\"inLanguage\":\"fr-FR\",\"@id\":\"https:\\\/\\\/www.sarahmo.be\\\/fr\\\/#\\\/schema\\\/logo\\\/image\\\/\",\"url\":\"https:\\\/\\\/www.sarahmo.be\\\/site\\\/wp-content\\\/uploads\\\/logo-dark.png\",\"contentUrl\":\"https:\\\/\\\/www.sarahmo.be\\\/site\\\/wp-content\\\/uploads\\\/logo-dark.png\",\"width\":1025,\"height\":120,\"caption\":\"Sarah Mo Landelijke meubelen en verlichting\"},\"image\":{\"@id\":\"https:\\\/\\\/www.sarahmo.be\\\/fr\\\/#\\\/schema\\\/logo\\\/image\\\/\"},\"sameAs\":[\"https:\\\/\\\/www.facebook.com\\\/SarahMofurniturestore\\\/\"]}]}<\/script>\n<!-- \/ Yoast SEO plugin. -->","yoast_head_json":{"title":"Sarah Mo - \u00c0 propos de nous","description":"Sarah Mo, magasin de meubles et d\u00e9corations au style campagne intemporel pour personnaliser vos espaces de vie avec \u00e9l\u00e9gance.","robots":{"index":"index","follow":"follow","max-snippet":"max-snippet:-1","max-image-preview":"max-image-preview:large","max-video-preview":"max-video-preview:-1"},"canonical":"https:\/\/www.sarahmo.be\/fr\/a-propos-de-nous\/","og_locale":"fr_FR","og_type":"article","og_title":"Sarah Mo - \u00c0 propos de nous","og_description":"Sarah Mo, magasin de meubles et d\u00e9corations au style campagne intemporel pour personnaliser vos espaces de vie avec \u00e9l\u00e9gance.","og_url":"https:\/\/www.sarahmo.be\/fr\/a-propos-de-nous\/","og_site_name":"Sarah Mo","article_publisher":"https:\/\/www.facebook.com\/SarahMofurniturestore\/","article_modified_time":"2024-05-02T07:15:51+00:00","twitter_card":"summary_large_image","twitter_misc":{"Dur\u00e9e de lecture estim\u00e9e":"2 minutes"},"schema":{"@context":"https:\/\/schema.org","@graph":[{"@type":"WebPage","@id":"https:\/\/www.sarahmo.be\/fr\/a-propos-de-nous\/","url":"https:\/\/www.sarahmo.be\/fr\/a-propos-de-nous\/","name":"Sarah Mo - \u00c0 propos de nous","isPartOf":{"@id":"https:\/\/www.sarahmo.be\/fr\/#website"},"datePublished":"2024-04-25T10:52:28+00:00","dateModified":"2024-05-02T07:15:51+00:00","description":"Sarah Mo, magasin de meubles et d\u00e9corations au style campagne intemporel pour personnaliser vos espaces de vie avec \u00e9l\u00e9gance.","breadcrumb":{"@id":"https:\/\/www.sarahmo.be\/fr\/a-propos-de-nous\/#breadcrumb"},"inLanguage":"fr-FR","potentialAction":[{"@type":"ReadAction","target":["https:\/\/www.sarahmo.be\/fr\/a-propos-de-nous\/"]}]},{"@type":"BreadcrumbList","@id":"https:\/\/www.sarahmo.be\/fr\/a-propos-de-nous\/#breadcrumb","itemListElement":[{"@type":"ListItem","position":1,"name":"Accueil","item":"https:\/\/www.sarahmo.be\/fr\/"},{"@type":"ListItem","position":2,"name":"\u00c0 propos de nous"}]},{"@type":"WebSite","@id":"https:\/\/www.sarahmo.be\/fr\/#website","url":"https:\/\/www.sarahmo.be\/fr\/","name":"Sarah Mo","description":"Sp\u00e9cialiste du style campagne intemporel","publisher":{"@id":"https:\/\/www.sarahmo.be\/fr\/#organization"},"potentialAction":[{"@type":"SearchAction","target":{"@type":"EntryPoint","urlTemplate":"https:\/\/www.sarahmo.be\/fr\/?s={search_term_string}"},"query-input":{"@type":"PropertyValueSpecification","valueRequired":true,"valueName":"search_term_string"}}],"inLanguage":"fr-FR"},{"@type":"Organization","@id":"https:\/\/www.sarahmo.be\/fr\/#organization","name":"Sarah Mo Landelijke meubelen en verlichting","url":"https:\/\/www.sarahmo.be\/fr\/","logo":{"@type":"ImageObject","inLanguage":"fr-FR","@id":"https:\/\/www.sarahmo.be\/fr\/#\/schema\/logo\/image\/","url":"https:\/\/www.sarahmo.be\/site\/wp-content\/uploads\/logo-dark.png","contentUrl":"https:\/\/www.sarahmo.be\/site\/wp-content\/uploads\/logo-dark.png","width":1025,"height":120,"caption":"Sarah Mo Landelijke meubelen en verlichting"},"image":{"@id":"https:\/\/www.sarahmo.be\/fr\/#\/schema\/logo\/image\/"},"sameAs":["https:\/\/www.facebook.com\/SarahMofurniturestore\/"]}]}},"_links":{"self":[{"href":"https:\/\/www.sarahmo.be\/fr\/wp-json\/wp\/v2\/pages\/22250","targetHints":{"allow":["GET"]}}],"collection":[{"href":"https:\/\/www.sarahmo.be\/fr\/wp-json\/wp\/v2\/pages"}],"about":[{"href":"https:\/\/www.sarahmo.be\/fr\/wp-json\/wp\/v2\/types\/page"}],"author":[{"embeddable":true,"href":"https:\/\/www.sarahmo.be\/fr\/wp-json\/wp\/v2\/users\/187"}],"replies":[{"embeddable":true,"href":"https:\/\/www.sarahmo.be\/fr\/wp-json\/wp\/v2\/comments?post=22250"}],"version-history":[{"count":0,"href":"https:\/\/www.sarahmo.be\/fr\/wp-json\/wp\/v2\/pages\/22250\/revisions"}],"wp:attachment":[{"href":"https:\/\/www.sarahmo.be\/fr\/wp-json\/wp\/v2\/media?parent=22250"}],"curies":[{"name":"wp","href":"https:\/\/api.w.org\/{rel}","templated":true}]}}