{"id":23431,"date":"2024-10-23T15:55:23","date_gmt":"2024-10-23T13:55:23","guid":{"rendered":"https:\/\/www.sarahmo.be\/?page_id=23431"},"modified":"2024-10-23T15:55:23","modified_gmt":"2024-10-23T13:55:23","slug":"noel","status":"publish","type":"page","link":"https:\/\/www.sarahmo.be\/fr\/noel\/","title":{"rendered":"No\u00ebl"},"content":{"rendered":"<div class=\"wpb-content-wrapper\"><p>[vc_row][vc_column width=\u00a0\u00bb1\/2&Prime;][vc_column_text css=\u00a0\u00bb\u00a0\u00bb woodmart_inline=\u00a0\u00bbno\u00a0\u00bb text_larger=\u00a0\u00bbno\u00a0\u00bb]<\/p>\n<h2><\/h2>\n<p>&nbsp;<\/p>\n<h2>D\u00e9couvrez la magie de No\u00ebl chez Sarah Mo !<\/h2>\n<p>&nbsp;<\/p>\n<p>Bienvenue chez Sarah Mo,l&rsquo;endroit o\u00f9 la joie de No\u00ebl commence ! D\u00e9couvrez notre grande collection d&rsquo;articles de No\u00ebl et laissez-vous inspirer pour c\u00e9l\u00e9brer les f\u00eates dans toute votre maison. Chez nous, vous trouverez tout ce dont vous avez besoin pour faire de cette saison un moment inoubliable. Des d\u00e9corations de No\u00ebl traditionnelles qui \u00e9voquent la nostalgie aux derni\u00e8res tendances qui donnent une touche moderne et fra\u00eeche \u00e0 votre No\u00ebl.<\/p>\n<p>[\/vc_column_text][\/vc_column][vc_column width=\u00a0\u00bb1\/2&Prime;][vc_single_image image=\u00a0\u00bb23428&Prime; img_size=\u00a0\u00bb450&#215;450&Prime; alignment=\u00a0\u00bbcenter\u00a0\u00bb style=\u00a0\u00bbvc_box_circle\u00a0\u00bb css=\u00a0\u00bb\u00a0\u00bb parallax_scroll=\u00a0\u00bbno\u00a0\u00bb woodmart_inline=\u00a0\u00bbno\u00a0\u00bb][\/vc_column][\/vc_row][vc_row][vc_column][vc_row_inner][vc_column_inner width=\u00a0\u00bb1\/2&Prime;][vc_column_text css=\u00a0\u00bb\u00a0\u00bb woodmart_inline=\u00a0\u00bbno\u00a0\u00bb text_larger=\u00a0\u00bbno\u00a0\u00bb]<\/p>\n<p>&nbsp;<\/p>\n<p>[\/vc_column_text][vc_single_image image=\u00a0\u00bb23382&Prime; img_size=\u00a0\u00bb450&#215;450&Prime; alignment=\u00a0\u00bbcenter\u00a0\u00bb style=\u00a0\u00bbvc_box_circle\u00a0\u00bb css=\u00a0\u00bb\u00a0\u00bb parallax_scroll=\u00a0\u00bbno\u00a0\u00bb woodmart_inline=\u00a0\u00bbno\u00a0\u00bb][\/vc_column_inner][vc_column_inner width=\u00a0\u00bb1\/2&Prime;][vc_column_text css=\u00a0\u00bb\u00a0\u00bb woodmart_inline=\u00a0\u00bbno\u00a0\u00bb text_larger=\u00a0\u00bbno\u00a0\u00bb]<\/p>\n<h2>No\u00ebl classique et nouvelles tendances<\/h2>\n<p>Aimez-vous un No\u00ebl traditionnel avec des couleurs chaleureuses, comme le rouge, le vert et l&rsquo;or ? Ou \u00eates-vous curieux des derni\u00e8res tendances qui jouent avec des palettes de couleurs modernes, des designs minimalistes et des mat\u00e9riaux uniques ? Chez Sarah Mo, vous trouverez tout cela ! Nous faisons vivre les traditions de No\u00ebl avec des figurines embl\u00e9matiques comme des rennes, des bonhommes de neige, des anges, des casse-noisettes, des h\u00e9rissons, etc., tout en embrassant de nouvelles id\u00e9es avec des d\u00e9corations qui s&rsquo;harmonisent avec les styles de vie contemporains.<\/p>\n<h2><strong>Donnez vie \u00e0 No\u00ebl dans votre maison<\/strong><\/h2>\n<p>No\u00ebl est le moment de se r\u00e9unir en famille et entre amis, et quoi de plus beau que de le faire dans une maison enti\u00e8rement plong\u00e9e dans l&rsquo;esprit de No\u00ebl ? Faites briller chaque pi\u00e8ce de votre maison avec des d\u00e9tails festifs. D&rsquo;un coin chemin\u00e9e cosy \u00e0 une table \u00e0 manger accueillante, nos d\u00e9corations vous aideront \u00e0 transformer votre logement en un v\u00e9ritable pays des merveilles de No\u00ebl. Offrez-vous des bougies d&rsquo;ambiance et des d\u00e9corations scintillantes qui garantiront une soir\u00e9e de No\u00ebl inoubliable.<\/p>\n<p>&nbsp;<\/p>\n<p>[\/vc_column_text][\/vc_column_inner][\/vc_row_inner][\/vc_column][\/vc_row][vc_row][vc_column width=\u00a0\u00bb1\/3&Prime;][vc_single_image image=\u00a0\u00bb23389&Prime; img_size=\u00a0\u00bb450&#215;450&Prime; alignment=\u00a0\u00bbcenter\u00a0\u00bb css=\u00a0\u00bb\u00a0\u00bb parallax_scroll=\u00a0\u00bbno\u00a0\u00bb woodmart_inline=\u00a0\u00bbno\u00a0\u00bb][\/vc_column][vc_column width=\u00a0\u00bb1\/3&Prime;][vc_single_image image=\u00a0\u00bb23395&Prime; img_size=\u00a0\u00bb450&#215;450&Prime; alignment=\u00a0\u00bbcenter\u00a0\u00bb css=\u00a0\u00bb\u00a0\u00bb parallax_scroll=\u00a0\u00bbno\u00a0\u00bb woodmart_inline=\u00a0\u00bbno\u00a0\u00bb][\/vc_column][vc_column width=\u00a0\u00bb1\/3&Prime;][vc_single_image image=\u00a0\u00bb23393&Prime; img_size=\u00a0\u00bb450&#215;450&Prime; alignment=\u00a0\u00bbcenter\u00a0\u00bb css=\u00a0\u00bb\u00a0\u00bb parallax_scroll=\u00a0\u00bbno\u00a0\u00bb woodmart_inline=\u00a0\u00bbno\u00a0\u00bb][\/vc_column][\/vc_row][vc_row][vc_column][vc_column_text css=\u00a0\u00bb\u00a0\u00bb woodmart_inline=\u00a0\u00bbno\u00a0\u00bb text_larger=\u00a0\u00bbno\u00a0\u00bb]<\/p>\n<p>&nbsp;<\/p>\n<p>&nbsp;<\/p>\n<p>&nbsp;<\/p>\n<p>[\/vc_column_text][\/vc_column][\/vc_row][vc_row][vc_column width=\u00a0\u00bb1\/2&Prime;][vc_column_text css=\u00a0\u00bb\u00a0\u00bb woodmart_inline=\u00a0\u00bbno\u00a0\u00bb text_larger=\u00a0\u00bbno\u00a0\u00bb]<\/p>\n<h2><strong>Une exp\u00e9rience festive<\/strong><\/h2>\n<p>&nbsp;<\/p>\n<p>Chez Sarah Mo, nous croyons que No\u00ebl est plus qu&rsquo;une simple d\u00e9coration : c&rsquo;est un sentiment. Nous souhaitons vous aider \u00e0 faire vivre cette ambiance chaleureuse et festive dans votre maison. Que vous cherchiez une transformation compl\u00e8te de votre int\u00e9rieur ou juste quelques objets sp\u00e9ciaux pour y ajouter une touche personnelle, notre vaste collection a de quoi satisfaire tous les go\u00fbts.<\/p>\n<p>Entrez dans l&rsquo;univers de Sarah Mo Int\u00e9rieurs et d\u00e9couvrez comment faire de No\u00ebl cette ann\u00e9e une exp\u00e9rience inoubliable. Laissez-vous inspirer par notre amour pour les traditions, associ\u00e9 \u00e0 un regard sur les derni\u00e8res tendances. No\u00ebl commence ici : donnez vie aux f\u00eates et savourez chaque moment magique !<\/p>\n<p>&nbsp;<\/p>\n<p>[\/vc_column_text][\/vc_column][vc_column width=\u00a0\u00bb1\/2&Prime;][vc_single_image image=\u00a0\u00bb23391&Prime; img_size=\u00a0\u00bb450&#215;450&Prime; alignment=\u00a0\u00bbcenter\u00a0\u00bb css=\u00a0\u00bb\u00a0\u00bb parallax_scroll=\u00a0\u00bbno\u00a0\u00bb woodmart_inline=\u00a0\u00bbno\u00a0\u00bb][\/vc_column][\/vc_row][vc_row][vc_column][vc_column_text css=\u00a0\u00bb\u00a0\u00bb woodmart_inline=\u00a0\u00bbno\u00a0\u00bb text_larger=\u00a0\u00bbno\u00a0\u00bb]<\/p>\n<p>&nbsp;<\/p>\n<p>[\/vc_column_text][\/vc_column][\/vc_row][vc_row][vc_column][\/vc_column][\/vc_row][vc_row][vc_column width=\u00a0\u00bb1\/4&Prime;][vc_column_text css=\u00a0\u00bb\u00a0\u00bb woodmart_inline=\u00a0\u00bbno\u00a0\u00bb text_larger=\u00a0\u00bbno\u00a0\u00bb]<\/p>\n<h2><\/h2>\n<h2 style=\"text-align: center;\"><strong>No\u00ebl @ chez Sarah Mo<\/strong><\/h2>\n<p>[\/vc_column_text][\/vc_column][vc_column width=\u00a0\u00bb1\/4&Prime;][vc_single_image image=\u00a0\u00bb23401&Prime; img_size=\u00a0\u00bb550&#215;550&Prime; alignment=\u00a0\u00bbcenter\u00a0\u00bb style=\u00a0\u00bbvc_box_shadow_border_circle_2&Prime; css=\u00a0\u00bb\u00a0\u00bb parallax_scroll=\u00a0\u00bbno\u00a0\u00bb woodmart_inline=\u00a0\u00bbno\u00a0\u00bb][\/vc_column][vc_column width=\u00a0\u00bb1\/4&Prime;][vc_single_image image=\u00a0\u00bb23374&Prime; img_size=\u00a0\u00bb550&#215;550&Prime; alignment=\u00a0\u00bbcenter\u00a0\u00bb style=\u00a0\u00bbvc_box_shadow_circle_2&Prime; css=\u00a0\u00bb\u00a0\u00bb parallax_scroll=\u00a0\u00bbno\u00a0\u00bb woodmart_inline=\u00a0\u00bbno\u00a0\u00bb][\/vc_column][vc_column width=\u00a0\u00bb1\/4&Prime;][vc_single_image image=\u00a0\u00bb23380&Prime; img_size=\u00a0\u00bb550&#215;550&Prime; alignment=\u00a0\u00bbcenter\u00a0\u00bb style=\u00a0\u00bbvc_box_shadow_border_circle_2&Prime; css=\u00a0\u00bb\u00a0\u00bb parallax_scroll=\u00a0\u00bbno\u00a0\u00bb woodmart_inline=\u00a0\u00bbno\u00a0\u00bb][\/vc_column][\/vc_row][vc_row][vc_column width=\u00a0\u00bb1\/4&Prime;][vc_single_image image=\u00a0\u00bb23415&Prime; img_size=\u00a0\u00bb450&#215;450&Prime; alignment=\u00a0\u00bbcenter\u00a0\u00bb css=\u00a0\u00bb\u00a0\u00bb parallax_scroll=\u00a0\u00bbno\u00a0\u00bb woodmart_inline=\u00a0\u00bbno\u00a0\u00bb][\/vc_column][vc_column width=\u00a0\u00bb1\/4&Prime;][vc_single_image image=\u00a0\u00bb23419&Prime; img_size=\u00a0\u00bb450&#215;450&Prime; alignment=\u00a0\u00bbcenter\u00a0\u00bb css=\u00a0\u00bb\u00a0\u00bb parallax_scroll=\u00a0\u00bbno\u00a0\u00bb woodmart_inline=\u00a0\u00bbno\u00a0\u00bb][\/vc_column][vc_column width=\u00a0\u00bb1\/4&Prime;][vc_single_image image=\u00a0\u00bb23417&Prime; img_size=\u00a0\u00bb450&#215;450&Prime; alignment=\u00a0\u00bbcenter\u00a0\u00bb css=\u00a0\u00bb\u00a0\u00bb parallax_scroll=\u00a0\u00bbno\u00a0\u00bb woodmart_inline=\u00a0\u00bbno\u00a0\u00bb][\/vc_column][vc_column width=\u00a0\u00bb1\/4&Prime;][vc_single_image image=\u00a0\u00bb23424&Prime; img_size=\u00a0\u00bb450&#215;450&Prime; css=\u00a0\u00bb\u00a0\u00bb parallax_scroll=\u00a0\u00bbno\u00a0\u00bb woodmart_inline=\u00a0\u00bbno\u00a0\u00bb][\/vc_column][\/vc_row]<\/p>\n<\/div>","protected":false},"excerpt":{"rendered":"<p>[vc_row][vc_column width=\u00a0\u00bb1\/2&Prime;][vc_column_text css=\u00a0\u00bb\u00a0\u00bb woodmart_inline=\u00a0\u00bbno\u00a0\u00bb text_larger=\u00a0\u00bbno\u00a0\u00bb] &nbsp; D\u00e9couvrez la magie de No\u00ebl chez Sarah Mo ! &nbsp; Bienvenue chez Sarah Mo,l&rsquo;endroit<\/p>\n","protected":false},"author":185,"featured_media":0,"parent":0,"menu_order":0,"comment_status":"closed","ping_status":"closed","template":"","meta":{"footnotes":""},"class_list":["post-23431","page","type-page","status-publish","hentry"],"yoast_head":"<!-- This site is optimized with the Yoast SEO plugin v27.4 - https:\/\/yoast.com\/product\/yoast-seo-wordpress\/ -->\n<title>Sarah Mo - No\u00ebl<\/title>\n<meta name=\"description\" content=\"D\u00e9couvrez notre grande collection d&#039;articles de No\u00ebl et laissez-vous inspirer pour c\u00e9l\u00e9brer les f\u00eates dans toute votre maison\" \/>\n<meta name=\"robots\" content=\"index, follow, max-snippet:-1, max-image-preview:large, max-video-preview:-1\" \/>\n<link rel=\"canonical\" href=\"https:\/\/www.sarahmo.be\/fr\/noel\/\" \/>\n<meta property=\"og:locale\" content=\"fr_FR\" \/>\n<meta property=\"og:type\" content=\"article\" \/>\n<meta property=\"og:title\" content=\"Sarah Mo - No\u00ebl\" \/>\n<meta property=\"og:description\" content=\"D\u00e9couvrez notre grande collection d&#039;articles de No\u00ebl et laissez-vous inspirer pour c\u00e9l\u00e9brer les f\u00eates dans toute votre maison\" \/>\n<meta property=\"og:url\" content=\"https:\/\/www.sarahmo.be\/fr\/noel\/\" \/>\n<meta property=\"og:site_name\" content=\"Sarah Mo\" \/>\n<meta property=\"article:publisher\" content=\"https:\/\/www.facebook.com\/SarahMofurniturestore\/\" \/>\n<meta name=\"twitter:card\" content=\"summary_large_image\" \/>\n<meta name=\"twitter:label1\" content=\"Dur\u00e9e de lecture estim\u00e9e\" \/>\n\t<meta name=\"twitter:data1\" content=\"6 minutes\" \/>\n<script type=\"application\/ld+json\" class=\"yoast-schema-graph\">{\"@context\":\"https:\\\/\\\/schema.org\",\"@graph\":[{\"@type\":\"WebPage\",\"@id\":\"https:\\\/\\\/www.sarahmo.be\\\/fr\\\/noel\\\/\",\"url\":\"https:\\\/\\\/www.sarahmo.be\\\/fr\\\/noel\\\/\",\"name\":\"Sarah Mo - No\u00ebl\",\"isPartOf\":{\"@id\":\"https:\\\/\\\/www.sarahmo.be\\\/fr\\\/#website\"},\"datePublished\":\"2024-10-23T13:55:23+00:00\",\"description\":\"D\u00e9couvrez notre grande collection d'articles de No\u00ebl et laissez-vous inspirer pour c\u00e9l\u00e9brer les f\u00eates dans toute votre maison\",\"breadcrumb\":{\"@id\":\"https:\\\/\\\/www.sarahmo.be\\\/fr\\\/noel\\\/#breadcrumb\"},\"inLanguage\":\"fr-FR\",\"potentialAction\":[{\"@type\":\"ReadAction\",\"target\":[\"https:\\\/\\\/www.sarahmo.be\\\/fr\\\/noel\\\/\"]}]},{\"@type\":\"BreadcrumbList\",\"@id\":\"https:\\\/\\\/www.sarahmo.be\\\/fr\\\/noel\\\/#breadcrumb\",\"itemListElement\":[{\"@type\":\"ListItem\",\"position\":1,\"name\":\"Accueil\",\"item\":\"https:\\\/\\\/www.sarahmo.be\\\/fr\\\/\"},{\"@type\":\"ListItem\",\"position\":2,\"name\":\"No\u00ebl\"}]},{\"@type\":\"WebSite\",\"@id\":\"https:\\\/\\\/www.sarahmo.be\\\/fr\\\/#website\",\"url\":\"https:\\\/\\\/www.sarahmo.be\\\/fr\\\/\",\"name\":\"Sarah Mo\",\"description\":\"Sp\u00e9cialiste du style campagne intemporel\",\"publisher\":{\"@id\":\"https:\\\/\\\/www.sarahmo.be\\\/fr\\\/#organization\"},\"potentialAction\":[{\"@type\":\"SearchAction\",\"target\":{\"@type\":\"EntryPoint\",\"urlTemplate\":\"https:\\\/\\\/www.sarahmo.be\\\/fr\\\/?s={search_term_string}\"},\"query-input\":{\"@type\":\"PropertyValueSpecification\",\"valueRequired\":true,\"valueName\":\"search_term_string\"}}],\"inLanguage\":\"fr-FR\"},{\"@type\":\"Organization\",\"@id\":\"https:\\\/\\\/www.sarahmo.be\\\/fr\\\/#organization\",\"name\":\"Sarah Mo Landelijke meubelen en verlichting\",\"url\":\"https:\\\/\\\/www.sarahmo.be\\\/fr\\\/\",\"logo\":{\"@type\":\"ImageObject\",\"inLanguage\":\"fr-FR\",\"@id\":\"https:\\\/\\\/www.sarahmo.be\\\/fr\\\/#\\\/schema\\\/logo\\\/image\\\/\",\"url\":\"https:\\\/\\\/www.sarahmo.be\\\/site\\\/wp-content\\\/uploads\\\/logo-dark.png\",\"contentUrl\":\"https:\\\/\\\/www.sarahmo.be\\\/site\\\/wp-content\\\/uploads\\\/logo-dark.png\",\"width\":1025,\"height\":120,\"caption\":\"Sarah Mo Landelijke meubelen en verlichting\"},\"image\":{\"@id\":\"https:\\\/\\\/www.sarahmo.be\\\/fr\\\/#\\\/schema\\\/logo\\\/image\\\/\"},\"sameAs\":[\"https:\\\/\\\/www.facebook.com\\\/SarahMofurniturestore\\\/\"]}]}<\/script>\n<!-- \/ Yoast SEO plugin. -->","yoast_head_json":{"title":"Sarah Mo - No\u00ebl","description":"D\u00e9couvrez notre grande collection d'articles de No\u00ebl et laissez-vous inspirer pour c\u00e9l\u00e9brer les f\u00eates dans toute votre maison","robots":{"index":"index","follow":"follow","max-snippet":"max-snippet:-1","max-image-preview":"max-image-preview:large","max-video-preview":"max-video-preview:-1"},"canonical":"https:\/\/www.sarahmo.be\/fr\/noel\/","og_locale":"fr_FR","og_type":"article","og_title":"Sarah Mo - No\u00ebl","og_description":"D\u00e9couvrez notre grande collection d'articles de No\u00ebl et laissez-vous inspirer pour c\u00e9l\u00e9brer les f\u00eates dans toute votre maison","og_url":"https:\/\/www.sarahmo.be\/fr\/noel\/","og_site_name":"Sarah Mo","article_publisher":"https:\/\/www.facebook.com\/SarahMofurniturestore\/","twitter_card":"summary_large_image","twitter_misc":{"Dur\u00e9e de lecture estim\u00e9e":"6 minutes"},"schema":{"@context":"https:\/\/schema.org","@graph":[{"@type":"WebPage","@id":"https:\/\/www.sarahmo.be\/fr\/noel\/","url":"https:\/\/www.sarahmo.be\/fr\/noel\/","name":"Sarah Mo - No\u00ebl","isPartOf":{"@id":"https:\/\/www.sarahmo.be\/fr\/#website"},"datePublished":"2024-10-23T13:55:23+00:00","description":"D\u00e9couvrez notre grande collection d'articles de No\u00ebl et laissez-vous inspirer pour c\u00e9l\u00e9brer les f\u00eates dans toute votre maison","breadcrumb":{"@id":"https:\/\/www.sarahmo.be\/fr\/noel\/#breadcrumb"},"inLanguage":"fr-FR","potentialAction":[{"@type":"ReadAction","target":["https:\/\/www.sarahmo.be\/fr\/noel\/"]}]},{"@type":"BreadcrumbList","@id":"https:\/\/www.sarahmo.be\/fr\/noel\/#breadcrumb","itemListElement":[{"@type":"ListItem","position":1,"name":"Accueil","item":"https:\/\/www.sarahmo.be\/fr\/"},{"@type":"ListItem","position":2,"name":"No\u00ebl"}]},{"@type":"WebSite","@id":"https:\/\/www.sarahmo.be\/fr\/#website","url":"https:\/\/www.sarahmo.be\/fr\/","name":"Sarah Mo","description":"Sp\u00e9cialiste du style campagne intemporel","publisher":{"@id":"https:\/\/www.sarahmo.be\/fr\/#organization"},"potentialAction":[{"@type":"SearchAction","target":{"@type":"EntryPoint","urlTemplate":"https:\/\/www.sarahmo.be\/fr\/?s={search_term_string}"},"query-input":{"@type":"PropertyValueSpecification","valueRequired":true,"valueName":"search_term_string"}}],"inLanguage":"fr-FR"},{"@type":"Organization","@id":"https:\/\/www.sarahmo.be\/fr\/#organization","name":"Sarah Mo Landelijke meubelen en verlichting","url":"https:\/\/www.sarahmo.be\/fr\/","logo":{"@type":"ImageObject","inLanguage":"fr-FR","@id":"https:\/\/www.sarahmo.be\/fr\/#\/schema\/logo\/image\/","url":"https:\/\/www.sarahmo.be\/site\/wp-content\/uploads\/logo-dark.png","contentUrl":"https:\/\/www.sarahmo.be\/site\/wp-content\/uploads\/logo-dark.png","width":1025,"height":120,"caption":"Sarah Mo Landelijke meubelen en verlichting"},"image":{"@id":"https:\/\/www.sarahmo.be\/fr\/#\/schema\/logo\/image\/"},"sameAs":["https:\/\/www.facebook.com\/SarahMofurniturestore\/"]}]}},"_links":{"self":[{"href":"https:\/\/www.sarahmo.be\/fr\/wp-json\/wp\/v2\/pages\/23431","targetHints":{"allow":["GET"]}}],"collection":[{"href":"https:\/\/www.sarahmo.be\/fr\/wp-json\/wp\/v2\/pages"}],"about":[{"href":"https:\/\/www.sarahmo.be\/fr\/wp-json\/wp\/v2\/types\/page"}],"author":[{"embeddable":true,"href":"https:\/\/www.sarahmo.be\/fr\/wp-json\/wp\/v2\/users\/185"}],"replies":[{"embeddable":true,"href":"https:\/\/www.sarahmo.be\/fr\/wp-json\/wp\/v2\/comments?post=23431"}],"version-history":[{"count":0,"href":"https:\/\/www.sarahmo.be\/fr\/wp-json\/wp\/v2\/pages\/23431\/revisions"}],"wp:attachment":[{"href":"https:\/\/www.sarahmo.be\/fr\/wp-json\/wp\/v2\/media?parent=23431"}],"curies":[{"name":"wp","href":"https:\/\/api.w.org\/{rel}","templated":true}]}}