{"id":23447,"date":"2024-10-24T10:58:27","date_gmt":"2024-10-24T08:58:27","guid":{"rendered":"https:\/\/www.sarahmo.be\/?page_id=23447"},"modified":"2025-01-09T16:22:26","modified_gmt":"2025-01-09T14:22:26","slug":"reductions-chez-le-magasin-de-meubles","status":"publish","type":"page","link":"https:\/\/www.sarahmo.be\/fr\/reductions-chez-le-magasin-de-meubles\/","title":{"rendered":"R\u00e9ductions chez le magasin de meubles"},"content":{"rendered":"<p>&nbsp;<\/p>\n<p><img decoding=\"async\" class=\" wp-image-23696 aligncenter\" src=\"https:\/\/www.sarahmo.be\/site\/wp-content\/uploads\/Blue-White-Simple-Watercolor-Hello-Winter-Poster--236x300.png\" alt=\"\" width=\"409\" height=\"520\" srcset=\"https:\/\/www.sarahmo.be\/site\/wp-content\/uploads\/Blue-White-Simple-Watercolor-Hello-Winter-Poster--236x300.png 236w, https:\/\/www.sarahmo.be\/site\/wp-content\/uploads\/Blue-White-Simple-Watercolor-Hello-Winter-Poster--804x1024.png 804w, https:\/\/www.sarahmo.be\/site\/wp-content\/uploads\/Blue-White-Simple-Watercolor-Hello-Winter-Poster--768x978.png 768w, https:\/\/www.sarahmo.be\/site\/wp-content\/uploads\/Blue-White-Simple-Watercolor-Hello-Winter-Poster--1207x1536.png 1207w, https:\/\/www.sarahmo.be\/site\/wp-content\/uploads\/Blue-White-Simple-Watercolor-Hello-Winter-Poster--500x637.png 500w, https:\/\/www.sarahmo.be\/site\/wp-content\/uploads\/Blue-White-Simple-Watercolor-Hello-Winter-Poster--800x1018.png 800w, https:\/\/www.sarahmo.be\/site\/wp-content\/uploads\/Blue-White-Simple-Watercolor-Hello-Winter-Poster--150x191.png 150w, https:\/\/www.sarahmo.be\/site\/wp-content\/uploads\/Blue-White-Simple-Watercolor-Hello-Winter-Poster-.png 1571w\" sizes=\"(max-width: 409px) 100vw, 409px\" \/><\/p>\n<h1>Soldes chez Sarah Mo : style intemporel, r\u00e9ductions irr\u00e9sistibles<\/h1>\n<p>Faites de votre maison un v\u00e9ritable chez-vous avec<strong> les soldes chez Sarah Mo !<\/strong> C&rsquo;est le moment id\u00e9al pour concr\u00e9tiser votre style champ\u00eatre et intemporel. Que vous soyez \u00e0 la recherche d&rsquo;un nouveau canap\u00e9 dans lequel vous enfoncer, d&rsquo;une cuisine de r\u00eave \u00e0 r\u00e9aliser ou de cette garde-robe en ch\u00eane \u00e9l\u00e9gante qui s&rsquo;harmonise parfaitement avec votre int\u00e9rieur, c&rsquo;est le moment de profiter de r\u00e9ductions exceptionnelles !<\/p>\n<p>&nbsp;<\/p>\n<h2>R\u00e9ductions sur tout pour toute votre maison<\/h2>\n<p>Chez Sarah Mo, durant les soldes, vous trouverez :<\/p>\n<ul>\n<li><strong>Meubles :<\/strong> des tables \u00e0 manger en ch\u00eane ou teck chaleureuses aux canap\u00e9s luxueux.<\/li>\n<li><strong>Cuisines<\/strong> : cr\u00e9ez votre paradis culinaire avec nos cuisines en bois uniques.<\/li>\n<li><strong>Salles de bains<\/strong> : savourez la d\u00e9tente avec style gr\u00e2ce \u00e0 nos salles de bains en ch\u00eane ou teck.<\/li>\n<li><strong>Lits et matelas :<\/strong> dormez comme un roi, payez moins.<\/li>\n<li><strong>Garde-robes :<\/strong> pratiques et \u00e9l\u00e9gantes, les deux r\u00e9unies.<\/li>\n<\/ul>\n<h2>Votre style intemporel, encore plus abordable<\/h2>\n<p>Sarah Mo est r\u00e9put\u00e9e depuis des ann\u00e9es pour ses meubles en ch\u00eane et teck, son \u00e9l\u00e9gance champ\u00eatre et une touche de design intemporel. Durant les soldes, nous poussons l&rsquo;exp\u00e9rience encore plus loin avec des r\u00e9ductions imbattables.<\/p>\n<p>Venez en magasin et d\u00e9couvrez comment obtenir plus pour moins. Mais d\u00e9p\u00eachez-vous : les plus beaux articles partent vite !<\/p>\n<h2><strong><br \/>\nC&rsquo;est votre moment<\/strong><\/h2>\n<p>Pourquoi attendre ? Transformez votre int\u00e9rieur en un r\u00eave. Rendez-vous chez Sarah Mo d\u00e8s aujourd&rsquo;hui et profitez des soldes. Sarah Mo, votre magasin de d\u00e9coration : vivre intemporellement, avec encore plus d&rsquo;avantages.<\/p>\n<p>&nbsp;<\/p>\n<p>&nbsp;<\/p>\n<p>Venez d\u00e9couvrir nos incroyables r\u00e9ductions ! <a href=\"https:\/\/www.sarahmo.be\/fr\/magasins\/\">D\u00e9couvrez ici nos horaires d&rsquo;ouverture.<\/a><\/p>\n<p>&nbsp;<\/p>\n<p>&nbsp;<\/p>\n<p style=\"text-align: center;\">\n<p style=\"text-align: center;\"><strong>Sarah Mo \u2013 Qualit\u00e9 et style au meilleur prix !<\/strong><\/p>\n<p style=\"text-align: center;\"><strong>Inscrivez-vous \u00e0 notre newsletter et soyez les premiers \u00e0 recevoir nos promotions !<\/strong><\/p>\n<p>&nbsp;<\/p>\n","protected":false},"excerpt":{"rendered":"<p>&nbsp; Soldes chez Sarah Mo : style intemporel, r\u00e9ductions irr\u00e9sistibles Faites de votre maison un v\u00e9ritable chez-vous avec les soldes<\/p>\n","protected":false},"author":185,"featured_media":0,"parent":0,"menu_order":0,"comment_status":"closed","ping_status":"closed","template":"","meta":{"footnotes":""},"class_list":["post-23447","page","type-page","status-publish","hentry"],"yoast_head":"<!-- This site is optimized with the Yoast SEO plugin v27.4 - https:\/\/yoast.com\/product\/yoast-seo-wordpress\/ -->\n<title>Sarah Mo - R\u00e9ductions chez le magasin de meubles<\/title>\n<meta name=\"description\" content=\"Chez Sarah Mo, b\u00e9n\u00e9ficiez d\u00e8s maintenant de fantastiques r\u00e9ductions sur nos tables et chaises de salle \u00e0 manger\" \/>\n<meta name=\"robots\" content=\"index, follow, max-snippet:-1, max-image-preview:large, max-video-preview:-1\" \/>\n<link rel=\"canonical\" href=\"https:\/\/www.sarahmo.be\/fr\/reductions-chez-le-magasin-de-meubles\/\" \/>\n<meta property=\"og:locale\" content=\"fr_FR\" \/>\n<meta property=\"og:type\" content=\"article\" \/>\n<meta property=\"og:title\" content=\"Sarah Mo - R\u00e9ductions chez le magasin de meubles\" \/>\n<meta property=\"og:description\" content=\"Chez Sarah Mo, b\u00e9n\u00e9ficiez d\u00e8s maintenant de fantastiques r\u00e9ductions sur nos tables et chaises de salle \u00e0 manger\" \/>\n<meta property=\"og:url\" content=\"https:\/\/www.sarahmo.be\/fr\/reductions-chez-le-magasin-de-meubles\/\" \/>\n<meta property=\"og:site_name\" content=\"Sarah Mo\" \/>\n<meta property=\"article:publisher\" content=\"https:\/\/www.facebook.com\/SarahMofurniturestore\/\" \/>\n<meta property=\"article:modified_time\" content=\"2025-01-09T14:22:26+00:00\" \/>\n<meta property=\"og:image\" content=\"https:\/\/www.sarahmo.be\/site\/wp-content\/uploads\/Blue-White-Simple-Watercolor-Hello-Winter-Poster-.png\" \/>\n\t<meta property=\"og:image:width\" content=\"1571\" \/>\n\t<meta property=\"og:image:height\" content=\"2000\" \/>\n\t<meta property=\"og:image:type\" content=\"image\/png\" \/>\n<meta name=\"twitter:card\" content=\"summary_large_image\" \/>\n<meta name=\"twitter:label1\" content=\"Dur\u00e9e de lecture estim\u00e9e\" \/>\n\t<meta name=\"twitter:data1\" content=\"2 minutes\" \/>\n<script type=\"application\/ld+json\" class=\"yoast-schema-graph\">{\"@context\":\"https:\\\/\\\/schema.org\",\"@graph\":[{\"@type\":\"WebPage\",\"@id\":\"https:\\\/\\\/www.sarahmo.be\\\/fr\\\/reductions-chez-le-magasin-de-meubles\\\/\",\"url\":\"https:\\\/\\\/www.sarahmo.be\\\/fr\\\/reductions-chez-le-magasin-de-meubles\\\/\",\"name\":\"Sarah Mo - R\u00e9ductions chez le magasin de meubles\",\"isPartOf\":{\"@id\":\"https:\\\/\\\/www.sarahmo.be\\\/fr\\\/#website\"},\"primaryImageOfPage\":{\"@id\":\"https:\\\/\\\/www.sarahmo.be\\\/fr\\\/reductions-chez-le-magasin-de-meubles\\\/#primaryimage\"},\"image\":{\"@id\":\"https:\\\/\\\/www.sarahmo.be\\\/fr\\\/reductions-chez-le-magasin-de-meubles\\\/#primaryimage\"},\"thumbnailUrl\":\"https:\\\/\\\/www.sarahmo.be\\\/site\\\/wp-content\\\/uploads\\\/Blue-White-Simple-Watercolor-Hello-Winter-Poster--236x300.png\",\"datePublished\":\"2024-10-24T08:58:27+00:00\",\"dateModified\":\"2025-01-09T14:22:26+00:00\",\"description\":\"Chez Sarah Mo, b\u00e9n\u00e9ficiez d\u00e8s maintenant de fantastiques r\u00e9ductions sur nos tables et chaises de salle \u00e0 manger\",\"breadcrumb\":{\"@id\":\"https:\\\/\\\/www.sarahmo.be\\\/fr\\\/reductions-chez-le-magasin-de-meubles\\\/#breadcrumb\"},\"inLanguage\":\"fr-FR\",\"potentialAction\":[{\"@type\":\"ReadAction\",\"target\":[\"https:\\\/\\\/www.sarahmo.be\\\/fr\\\/reductions-chez-le-magasin-de-meubles\\\/\"]}]},{\"@type\":\"ImageObject\",\"inLanguage\":\"fr-FR\",\"@id\":\"https:\\\/\\\/www.sarahmo.be\\\/fr\\\/reductions-chez-le-magasin-de-meubles\\\/#primaryimage\",\"url\":\"https:\\\/\\\/www.sarahmo.be\\\/site\\\/wp-content\\\/uploads\\\/Blue-White-Simple-Watercolor-Hello-Winter-Poster--236x300.png\",\"contentUrl\":\"https:\\\/\\\/www.sarahmo.be\\\/site\\\/wp-content\\\/uploads\\\/Blue-White-Simple-Watercolor-Hello-Winter-Poster--236x300.png\"},{\"@type\":\"BreadcrumbList\",\"@id\":\"https:\\\/\\\/www.sarahmo.be\\\/fr\\\/reductions-chez-le-magasin-de-meubles\\\/#breadcrumb\",\"itemListElement\":[{\"@type\":\"ListItem\",\"position\":1,\"name\":\"Accueil\",\"item\":\"https:\\\/\\\/www.sarahmo.be\\\/fr\\\/\"},{\"@type\":\"ListItem\",\"position\":2,\"name\":\"R\u00e9ductions chez le magasin de meubles\"}]},{\"@type\":\"WebSite\",\"@id\":\"https:\\\/\\\/www.sarahmo.be\\\/fr\\\/#website\",\"url\":\"https:\\\/\\\/www.sarahmo.be\\\/fr\\\/\",\"name\":\"Sarah Mo\",\"description\":\"Sp\u00e9cialiste du style campagne intemporel\",\"publisher\":{\"@id\":\"https:\\\/\\\/www.sarahmo.be\\\/fr\\\/#organization\"},\"potentialAction\":[{\"@type\":\"SearchAction\",\"target\":{\"@type\":\"EntryPoint\",\"urlTemplate\":\"https:\\\/\\\/www.sarahmo.be\\\/fr\\\/?s={search_term_string}\"},\"query-input\":{\"@type\":\"PropertyValueSpecification\",\"valueRequired\":true,\"valueName\":\"search_term_string\"}}],\"inLanguage\":\"fr-FR\"},{\"@type\":\"Organization\",\"@id\":\"https:\\\/\\\/www.sarahmo.be\\\/fr\\\/#organization\",\"name\":\"Sarah Mo Landelijke meubelen en verlichting\",\"url\":\"https:\\\/\\\/www.sarahmo.be\\\/fr\\\/\",\"logo\":{\"@type\":\"ImageObject\",\"inLanguage\":\"fr-FR\",\"@id\":\"https:\\\/\\\/www.sarahmo.be\\\/fr\\\/#\\\/schema\\\/logo\\\/image\\\/\",\"url\":\"https:\\\/\\\/www.sarahmo.be\\\/site\\\/wp-content\\\/uploads\\\/logo-dark.png\",\"contentUrl\":\"https:\\\/\\\/www.sarahmo.be\\\/site\\\/wp-content\\\/uploads\\\/logo-dark.png\",\"width\":1025,\"height\":120,\"caption\":\"Sarah Mo Landelijke meubelen en verlichting\"},\"image\":{\"@id\":\"https:\\\/\\\/www.sarahmo.be\\\/fr\\\/#\\\/schema\\\/logo\\\/image\\\/\"},\"sameAs\":[\"https:\\\/\\\/www.facebook.com\\\/SarahMofurniturestore\\\/\"]}]}<\/script>\n<!-- \/ Yoast SEO plugin. -->","yoast_head_json":{"title":"Sarah Mo - R\u00e9ductions chez le magasin de meubles","description":"Chez Sarah Mo, b\u00e9n\u00e9ficiez d\u00e8s maintenant de fantastiques r\u00e9ductions sur nos tables et chaises de salle \u00e0 manger","robots":{"index":"index","follow":"follow","max-snippet":"max-snippet:-1","max-image-preview":"max-image-preview:large","max-video-preview":"max-video-preview:-1"},"canonical":"https:\/\/www.sarahmo.be\/fr\/reductions-chez-le-magasin-de-meubles\/","og_locale":"fr_FR","og_type":"article","og_title":"Sarah Mo - R\u00e9ductions chez le magasin de meubles","og_description":"Chez Sarah Mo, b\u00e9n\u00e9ficiez d\u00e8s maintenant de fantastiques r\u00e9ductions sur nos tables et chaises de salle \u00e0 manger","og_url":"https:\/\/www.sarahmo.be\/fr\/reductions-chez-le-magasin-de-meubles\/","og_site_name":"Sarah Mo","article_publisher":"https:\/\/www.facebook.com\/SarahMofurniturestore\/","article_modified_time":"2025-01-09T14:22:26+00:00","og_image":[{"width":1571,"height":2000,"url":"https:\/\/www.sarahmo.be\/site\/wp-content\/uploads\/Blue-White-Simple-Watercolor-Hello-Winter-Poster-.png","type":"image\/png"}],"twitter_card":"summary_large_image","twitter_misc":{"Dur\u00e9e de lecture estim\u00e9e":"2 minutes"},"schema":{"@context":"https:\/\/schema.org","@graph":[{"@type":"WebPage","@id":"https:\/\/www.sarahmo.be\/fr\/reductions-chez-le-magasin-de-meubles\/","url":"https:\/\/www.sarahmo.be\/fr\/reductions-chez-le-magasin-de-meubles\/","name":"Sarah Mo - R\u00e9ductions chez le magasin de meubles","isPartOf":{"@id":"https:\/\/www.sarahmo.be\/fr\/#website"},"primaryImageOfPage":{"@id":"https:\/\/www.sarahmo.be\/fr\/reductions-chez-le-magasin-de-meubles\/#primaryimage"},"image":{"@id":"https:\/\/www.sarahmo.be\/fr\/reductions-chez-le-magasin-de-meubles\/#primaryimage"},"thumbnailUrl":"https:\/\/www.sarahmo.be\/site\/wp-content\/uploads\/Blue-White-Simple-Watercolor-Hello-Winter-Poster--236x300.png","datePublished":"2024-10-24T08:58:27+00:00","dateModified":"2025-01-09T14:22:26+00:00","description":"Chez Sarah Mo, b\u00e9n\u00e9ficiez d\u00e8s maintenant de fantastiques r\u00e9ductions sur nos tables et chaises de salle \u00e0 manger","breadcrumb":{"@id":"https:\/\/www.sarahmo.be\/fr\/reductions-chez-le-magasin-de-meubles\/#breadcrumb"},"inLanguage":"fr-FR","potentialAction":[{"@type":"ReadAction","target":["https:\/\/www.sarahmo.be\/fr\/reductions-chez-le-magasin-de-meubles\/"]}]},{"@type":"ImageObject","inLanguage":"fr-FR","@id":"https:\/\/www.sarahmo.be\/fr\/reductions-chez-le-magasin-de-meubles\/#primaryimage","url":"https:\/\/www.sarahmo.be\/site\/wp-content\/uploads\/Blue-White-Simple-Watercolor-Hello-Winter-Poster--236x300.png","contentUrl":"https:\/\/www.sarahmo.be\/site\/wp-content\/uploads\/Blue-White-Simple-Watercolor-Hello-Winter-Poster--236x300.png"},{"@type":"BreadcrumbList","@id":"https:\/\/www.sarahmo.be\/fr\/reductions-chez-le-magasin-de-meubles\/#breadcrumb","itemListElement":[{"@type":"ListItem","position":1,"name":"Accueil","item":"https:\/\/www.sarahmo.be\/fr\/"},{"@type":"ListItem","position":2,"name":"R\u00e9ductions chez le magasin de meubles"}]},{"@type":"WebSite","@id":"https:\/\/www.sarahmo.be\/fr\/#website","url":"https:\/\/www.sarahmo.be\/fr\/","name":"Sarah Mo","description":"Sp\u00e9cialiste du style campagne intemporel","publisher":{"@id":"https:\/\/www.sarahmo.be\/fr\/#organization"},"potentialAction":[{"@type":"SearchAction","target":{"@type":"EntryPoint","urlTemplate":"https:\/\/www.sarahmo.be\/fr\/?s={search_term_string}"},"query-input":{"@type":"PropertyValueSpecification","valueRequired":true,"valueName":"search_term_string"}}],"inLanguage":"fr-FR"},{"@type":"Organization","@id":"https:\/\/www.sarahmo.be\/fr\/#organization","name":"Sarah Mo Landelijke meubelen en verlichting","url":"https:\/\/www.sarahmo.be\/fr\/","logo":{"@type":"ImageObject","inLanguage":"fr-FR","@id":"https:\/\/www.sarahmo.be\/fr\/#\/schema\/logo\/image\/","url":"https:\/\/www.sarahmo.be\/site\/wp-content\/uploads\/logo-dark.png","contentUrl":"https:\/\/www.sarahmo.be\/site\/wp-content\/uploads\/logo-dark.png","width":1025,"height":120,"caption":"Sarah Mo Landelijke meubelen en verlichting"},"image":{"@id":"https:\/\/www.sarahmo.be\/fr\/#\/schema\/logo\/image\/"},"sameAs":["https:\/\/www.facebook.com\/SarahMofurniturestore\/"]}]}},"_links":{"self":[{"href":"https:\/\/www.sarahmo.be\/fr\/wp-json\/wp\/v2\/pages\/23447","targetHints":{"allow":["GET"]}}],"collection":[{"href":"https:\/\/www.sarahmo.be\/fr\/wp-json\/wp\/v2\/pages"}],"about":[{"href":"https:\/\/www.sarahmo.be\/fr\/wp-json\/wp\/v2\/types\/page"}],"author":[{"embeddable":true,"href":"https:\/\/www.sarahmo.be\/fr\/wp-json\/wp\/v2\/users\/185"}],"replies":[{"embeddable":true,"href":"https:\/\/www.sarahmo.be\/fr\/wp-json\/wp\/v2\/comments?post=23447"}],"version-history":[{"count":0,"href":"https:\/\/www.sarahmo.be\/fr\/wp-json\/wp\/v2\/pages\/23447\/revisions"}],"wp:attachment":[{"href":"https:\/\/www.sarahmo.be\/fr\/wp-json\/wp\/v2\/media?parent=23447"}],"curies":[{"name":"wp","href":"https:\/\/api.w.org\/{rel}","templated":true}]}}