{"id":24139,"date":"2025-07-31T11:43:43","date_gmt":"2025-07-31T09:43:43","guid":{"rendered":"https:\/\/www.sarahmo.be\/?page_id=24139"},"modified":"2025-07-31T11:43:43","modified_gmt":"2025-07-31T09:43:43","slug":"collection-valencia","status":"publish","type":"page","link":"https:\/\/www.sarahmo.be\/fr\/collection-valencia\/","title":{"rendered":"Collection valencia"},"content":{"rendered":"<div class=\"wpb-content-wrapper\"><p>[vc_row][vc_column][vc_column_text css=\u00a0\u00bb\u00a0\u00bb woodmart_inline=\u00a0\u00bbno\u00a0\u00bb text_larger=\u00a0\u00bbno\u00a0\u00bb]<\/p>\n<h1>Collection Valencia<\/h1>\n<p>&nbsp;<\/p>\n<h3 data-start=\"211\" data-end=\"715\">Valencia\u00a0: des meubles intemporels en teck au style champ\u00eatre<\/h3>\n<p data-start=\"572\" data-end=\"886\">Apportez chaleur et caract\u00e8re \u00e0 votre int\u00e9rieur avec Valencia, notre collection de meubles champ\u00eatres en teck. Chaque pi\u00e8ce respire l\u2019authenticit\u00e9\u00a0: de la vitrine imposante au buffet raffin\u00e9. Cette collection s\u2019int\u00e8gre \u00e0 merveille dans tout int\u00e9rieur qui mise sur la qui\u00e9tude, le charme et une touche de nostalgie.<\/p>\n<p data-start=\"888\" data-end=\"1183\">Design intemporel, artisanat en teck et finitions sur mesure\u00a0: Valencia marie le meilleur d\u2019hier au confort d\u2019aujourd\u2019hui. Un meuble TV bas, une grande table \u00e0 manger ou une armoire personnalis\u00e9e\u00a0? Dites-le, on le r\u00e9alise pour vous. Faites entrer l\u2019ambiance chaleureuse de la campagne chez vous.<\/p>\n<p>[\/vc_column_text][\/vc_column][\/vc_row][vc_row][vc_column][vc_column_text css=\u00a0\u00bb\u00a0\u00bb woodmart_inline=\u00a0\u00bbno\u00a0\u00bb text_larger=\u00a0\u00bbno\u00a0\u00bb]<\/p>\n<p>&nbsp;<\/p>\n<p>&nbsp;<\/p>\n<p>[\/vc_column_text][\/vc_column][\/vc_row][vc_row][vc_column width=\u00a0\u00bb1\/4&Prime;][vc_single_image image=\u00a0\u00bb23965&Prime; img_size=\u00a0\u00bb450&#215;450&Prime; alignment=\u00a0\u00bbcenter\u00a0\u00bb css=\u00a0\u00bb\u00a0\u00bb parallax_scroll=\u00a0\u00bbno\u00a0\u00bb woodmart_inline=\u00a0\u00bbno\u00a0\u00bb][\/vc_column][vc_column width=\u00a0\u00bb3\/4&Prime;][vc_column_text css=\u00a0\u00bb\u00a0\u00bb woodmart_inline=\u00a0\u00bbno\u00a0\u00bb text_larger=\u00a0\u00bbno\u00a0\u00bb]<\/p>\n<p data-start=\"296\" data-end=\"356\"><strong data-start=\"296\" data-end=\"356\">Vitrine champ\u00eatre en teck \u2013 avec portes vitr\u00e9es en m\u00e9tal<\/strong><\/p>\n<p>&nbsp;<\/p>\n<p data-start=\"358\" data-end=\"610\">\u00c0 la recherche d\u2019un meuble qui allie ambiance et rangement\u00a0? Cette vitrine champ\u00eatre en teck gris\u00e9 attire tous les regards. Les deux portes vitr\u00e9es en m\u00e9tal apportent une touche de caract\u00e8re, tandis que le teck chaleureux diffuse calme et authenticit\u00e9.<\/p>\n<p data-start=\"612\" data-end=\"717\">Intemporelle, \u00e9l\u00e9gante et fonctionnelle. Un choix id\u00e9al pour un int\u00e9rieur de style champ\u00eatre ou rustique.<\/p>\n<p><br data-start=\"493\" data-end=\"496\" data-is-only-node=\"\" \/><strong data-start=\"496\" data-end=\"529\">Dimensions : 126 x 46 x 220\u202fH<\/strong><\/p>\n<p>VAL 102<\/p>\n<p data-start=\"97\" data-end=\"438\"><strong data-start=\"410\" data-end=\"438\">Prix conseill\u00e9 : 1449 \u20ac<\/strong><\/p>\n<p>[\/vc_column_text][\/vc_column][\/vc_row][vc_row][vc_column][vc_column_text css=\u00a0\u00bb\u00a0\u00bb woodmart_inline=\u00a0\u00bbno\u00a0\u00bb text_larger=\u00a0\u00bbno\u00a0\u00bb]<\/p>\n<p>&nbsp;<\/p>\n<p>&nbsp;<\/p>\n<p>[\/vc_column_text][\/vc_column][\/vc_row][vc_row][vc_column width=\u00a0\u00bb1\/4&Prime;][vc_single_image image=\u00a0\u00bb23971&Prime; img_size=\u00a0\u00bb450&#215;450&Prime; css=\u00a0\u00bb\u00a0\u00bb parallax_scroll=\u00a0\u00bbno\u00a0\u00bb woodmart_inline=\u00a0\u00bbno\u00a0\u00bb][\/vc_column][vc_column width=\u00a0\u00bb3\/4&Prime;][vc_column_text css=\u00a0\u00bb\u00a0\u00bb woodmart_inline=\u00a0\u00bbno\u00a0\u00bb text_larger=\u00a0\u00bbno\u00a0\u00bb]<strong data-start=\"155\" data-end=\"218\">Vitrine intemporelle en teck, 4 portes, charme champ\u00eatre garanti<\/strong><\/p>\n<p>&nbsp;<\/p>\n<p data-start=\"387\" data-end=\"581\">Cette grande vitrine en teck gris\u00e9 respire la classe et la s\u00e9r\u00e9nit\u00e9. Avec ses quatre portes \u2014 dont deux vitr\u00e9es encadr\u00e9es de m\u00e9tal noir \u2014 elle marie avec brio robustesse et ambiance chaleureuse.<\/p>\n<p data-start=\"583\" data-end=\"862\">En haut, mettez en valeur votre plus belle vaisselle, vos verres ou objets d\u00e9co. En bas, tout reste bien rang\u00e9, \u00e0 l\u2019abri des regards. Gr\u00e2ce \u00e0 une r\u00e9partition astucieuse avec tiroirs et compartiments, cette vitrine n\u2019est pas un simple meuble\u00a0: c\u2019est une v\u00e9ritable pi\u00e8ce ma\u00eetresse.<\/p>\n<p data-start=\"864\" data-end=\"980\">Authentique, intemporelle, 100\u00a0% style campagne.<br \/>\nParfaite pour les amateurs de mat\u00e9riaux nobles et de luxe pratique.<\/p>\n<p><br data-start=\"426\" data-end=\"429\" \/><strong data-start=\"429\" data-end=\"462\">Dimensions : 237 x 46\/56 x 220\u202fH<\/strong><\/p>\n<p>VAL 104<\/p>\n<p data-start=\"97\" data-end=\"438\"><strong data-start=\"410\" data-end=\"438\">Prix conseill\u00e9 : 2\u202f695\u202f\u20ac<\/strong><\/p>\n<p>[\/vc_column_text][\/vc_column][\/vc_row][vc_row][vc_column][vc_column_text css=\u00a0\u00bb\u00a0\u00bb woodmart_inline=\u00a0\u00bbno\u00a0\u00bb text_larger=\u00a0\u00bbno\u00a0\u00bb]<\/p>\n<p>&nbsp;<\/p>\n<p>&nbsp;<\/p>\n<p>[\/vc_column_text][\/vc_column][\/vc_row][vc_row][vc_column width=\u00a0\u00bb1\/4&Prime;][vc_single_image image=\u00a0\u00bb23974&Prime; img_size=\u00a0\u00bb450&#215;450&Prime; alignment=\u00a0\u00bbcenter\u00a0\u00bb css=\u00a0\u00bb\u00a0\u00bb parallax_scroll=\u00a0\u00bbno\u00a0\u00bb woodmart_inline=\u00a0\u00bbno\u00a0\u00bb][\/vc_column][vc_column width=\u00a0\u00bb3\/4&Prime;][vc_column_text css=\u00a0\u00bb\u00a0\u00bb woodmart_inline=\u00a0\u00bbno\u00a0\u00bb text_larger=\u00a0\u00bbno\u00a0\u00bb]<\/p>\n<h3>Buffet en teck \u2013 style champ\u00eatre avec niche ouverte<\/h3>\n<p>&nbsp;<\/p>\n<p data-start=\"404\" data-end=\"614\">Ce buffet Valencia en teck (finition gris\u00e9e) attire tous les regards. Avec sa combinaison de niches ouvertes, de portes vitr\u00e9es encadr\u00e9es de m\u00e9tal et de rangements ferm\u00e9s en bas, il allie praticit\u00e9 et \u00e9l\u00e9gance.<\/p>\n<p data-start=\"616\" data-end=\"898\">La niche en arc apporte une touche d\u2019air et de charme \u00e0 votre int\u00e9rieur, parfaite pour des livres, de la vaisselle ou cette pi\u00e8ce phare que vous aimez mettre en avant. Derri\u00e8re les portes vitr\u00e9es : ce qui m\u00e9rite d\u2019\u00eatre vu. En dessous : tout ce que vous pr\u00e9f\u00e9rez garder hors de vue.<\/p>\n<p data-start=\"900\" data-end=\"1056\">Finition robuste, agencement astucieux, teinte bois\u00e9e chaleureuse\u00a0: ce meuble trouve naturellement sa place dans un int\u00e9rieur rustique ou de style campagne.<\/p>\n<p data-start=\"1058\" data-end=\"1171\">Plein de caract\u00e8re, intemporel, fonctionnel et r\u00e9solument champ\u00eatre. Un meuble qui fait plaisir\u2026 jour apr\u00e8s jour.<\/p>\n<p><br data-start=\"429\" data-end=\"432\" \/><strong data-start=\"432\" data-end=\"464\">Dimensions : 232 x 46 x 220\u202fH<\/strong><\/p>\n<p>VAL 106<\/p>\n<p><strong>Prix conseill\u00e9<\/strong> : 2495\u20ac<\/p>\n<p>[\/vc_column_text][\/vc_column][\/vc_row][vc_row][vc_column][vc_column_text css=\u00a0\u00bb\u00a0\u00bb woodmart_inline=\u00a0\u00bbno\u00a0\u00bb text_larger=\u00a0\u00bbno\u00a0\u00bb]<\/p>\n<p>&nbsp;<\/p>\n<p>&nbsp;<\/p>\n<p>[\/vc_column_text][\/vc_column][\/vc_row][vc_row][vc_column width=\u00a0\u00bb1\/4&Prime;][vc_single_image image=\u00a0\u00bb23980&Prime; img_size=\u00a0\u00bb450&#215;450&Prime; alignment=\u00a0\u00bbcenter\u00a0\u00bb css=\u00a0\u00bb\u00a0\u00bb parallax_scroll=\u00a0\u00bbno\u00a0\u00bb woodmart_inline=\u00a0\u00bbno\u00a0\u00bb][\/vc_column][vc_column width=\u00a0\u00bb3\/4&Prime;][vc_column_text css=\u00a0\u00bb\u00a0\u00bb woodmart_inline=\u00a0\u00bbno\u00a0\u00bb text_larger=\u00a0\u00bbno\u00a0\u00bb]<\/p>\n<h3>Buffet bas en teck de style champ\u00eatre \u2013 \u00e9l\u00e9gant et fonctionnel<\/h3>\n<p>&nbsp;<\/p>\n<p data-start=\"222\" data-end=\"376\">Ranger n\u2019a jamais \u00e9t\u00e9 aussi beau. Ce buffet bas en teck massif (finition gris\u00e9e) offre un \u00e9quilibre parfait entre charme campagnard et espace fonctionnel.<\/p>\n<p data-start=\"378\" data-end=\"657\">Avec ses quatre portes et ses quatre tiroirs pratiques, il accueille ais\u00e9ment votre vaisselle, linge de table ou tout autre objet \u00e0 garder hors de vue. Ses lignes \u00e9pur\u00e9es et la chaleur du bois en font une pi\u00e8ce ma\u00eetresse intemporelle dans la salle \u00e0 manger, le salon ou l\u2019entr\u00e9e.<\/p>\n<p data-start=\"659\" data-end=\"732\">Design intemporel. Artisanat robuste. Et un espace de rangement g\u00e9n\u00e9reux.<\/p>\n<p><br data-start=\"461\" data-end=\"464\" \/><strong data-start=\"464\" data-end=\"497\">Dimensions : 226 x 50 x 95\u202fH<\/strong><\/p>\n<p>VAL 110<\/p>\n<p><br data-start=\"497\" data-end=\"500\" \/><strong data-start=\"503\" data-end=\"529\">Prix conseill\u00e9 : 1295 \u20ac<\/strong><\/p>\n<p>[\/vc_column_text][\/vc_column][\/vc_row][vc_row][vc_column][vc_column_text css=\u00a0\u00bb\u00a0\u00bb woodmart_inline=\u00a0\u00bbno\u00a0\u00bb text_larger=\u00a0\u00bbno\u00a0\u00bb]<\/p>\n<p>&nbsp;<\/p>\n<p>&nbsp;<\/p>\n<p>[\/vc_column_text][\/vc_column][\/vc_row][vc_row][vc_column width=\u00a0\u00bb1\/4&Prime;][vc_single_image image=\u00a0\u00bb23977&Prime; img_size=\u00a0\u00bb450&#215;450&Prime; alignment=\u00a0\u00bbcenter\u00a0\u00bb css=\u00a0\u00bb\u00a0\u00bb parallax_scroll=\u00a0\u00bbno\u00a0\u00bb woodmart_inline=\u00a0\u00bbno\u00a0\u00bb][\/vc_column][vc_column width=\u00a0\u00bb3\/4&Prime;][vc_column_text css=\u00a0\u00bb\u00a0\u00bb woodmart_inline=\u00a0\u00bbno\u00a0\u00bb text_larger=\u00a0\u00bbno\u00a0\u00bb]<\/p>\n<h3><strong data-start=\"160\" data-end=\"221\">Table \u00e0 manger en teck \u2013 pied de monast\u00e8re et charme campagnard<\/strong><\/h3>\n<p data-start=\"226\" data-end=\"561\">Une table o\u00f9 l\u2019on vit, partage, savoure. Cette table en teck de la collection Valencia rend hommage au savoir-faire artisanal et \u00e0 la simplicit\u00e9. Son pi\u00e8tement imposant, inspir\u00e9 des tables monastiques, apporte du caract\u00e8re et une stabilit\u00e9 in\u00e9gal\u00e9e. Le plateau \u00e9pur\u00e9, quant \u00e0 lui, respire la s\u00e9r\u00e9nit\u00e9. Et les veines du bois ? Sublimes.<\/p>\n<p data-start=\"563\" data-end=\"592\"><strong data-start=\"563\" data-end=\"592\">Disponible en 3 formats\u00a0:<\/strong><\/p>\n<ul data-start=\"594\" data-end=\"792\">\n<li data-start=\"594\" data-end=\"643\">\n<p data-start=\"596\" data-end=\"643\"><strong data-start=\"596\" data-end=\"606\">220 cm<\/strong> \u2013 confortable pour 6 \u00e0 8 personnes<\/p>\n<\/li>\n<li data-start=\"644\" data-end=\"716\">\n<p data-start=\"646\" data-end=\"716\"><strong data-start=\"646\" data-end=\"656\">260 cm<\/strong> \u2013 id\u00e9ale pour les grandes familles ou les longues tabl\u00e9es<\/p>\n<\/li>\n<li data-start=\"717\" data-end=\"792\">\n<p data-start=\"719\" data-end=\"792\"><strong data-start=\"719\" data-end=\"741\">Version extensible<\/strong>\u00a0: 200 cm + 2 rallonges de 50 cm = jusqu\u2019\u00e0 300 cm\u00a0!<\/p>\n<\/li>\n<\/ul>\n<p data-start=\"794\" data-end=\"894\">Le choix parfait pour les amateurs de tables de ferme, d\u2019authenticit\u00e9 rustique et de noblesse brute.<\/p>\n<p data-start=\"896\" data-end=\"961\">Intemporelle. Chaleureuse. Con\u00e7ue pour traverser les g\u00e9n\u00e9rations.<\/p>\n<p><strong data-start=\"490\" data-end=\"538\">Dimensions : 220 x 100 x 76h<\/strong><\/p>\n<p><strong data-start=\"490\" data-end=\"538\">Dimensions : 260 x 100 x 76h<\/strong><\/p>\n<p><strong data-start=\"490\" data-end=\"538\">Dimensions : 200\/300 x 100 x 76h<\/strong><\/p>\n<p>VAL200 \/ VAL200E \/ VAL260<br data-start=\"487\" data-end=\"490\" \/><br data-start=\"538\" data-end=\"541\" \/><strong data-start=\"544\" data-end=\"570\">Prix conseill\u00e9 : 1195\u202f\u20ac (200&#215;100)<\/strong>[\/vc_column_text][\/vc_column][\/vc_row][vc_row][vc_column][vc_column_text css=\u00a0\u00bb\u00a0\u00bb woodmart_inline=\u00a0\u00bbno\u00a0\u00bb text_larger=\u00a0\u00bbno\u00a0\u00bb]<\/p>\n<p>&nbsp;<\/p>\n<p>&nbsp;<\/p>\n<p>[\/vc_column_text][\/vc_column][\/vc_row][vc_row][vc_column width=\u00a0\u00bb1\/4&Prime;][vc_single_image image=\u00a0\u00bb23983&Prime; img_size=\u00a0\u00bb450&#215;450&Prime; alignment=\u00a0\u00bbcenter\u00a0\u00bb css=\u00a0\u00bb\u00a0\u00bb parallax_scroll=\u00a0\u00bbno\u00a0\u00bb woodmart_inline=\u00a0\u00bbno\u00a0\u00bb][\/vc_column][vc_column width=\u00a0\u00bb3\/4&Prime;][vc_column_text css=\u00a0\u00bb\u00a0\u00bb woodmart_inline=\u00a0\u00bbno\u00a0\u00bb text_larger=\u00a0\u00bbno\u00a0\u00bb]<\/p>\n<p data-start=\"198\" data-end=\"260\"><strong data-start=\"198\" data-end=\"260\">Meuble TV en teck \u2013 style champ\u00eatre et agencement pratique<\/strong><\/p>\n<p data-start=\"262\" data-end=\"468\">La s\u00e9r\u00e9nit\u00e9 du salon commence par un meuble bien pens\u00e9. Ce meuble TV en teck massif (finition gris\u00e9e) respire l\u2019authenticit\u00e9 et la chaleur. Son look champ\u00eatre s\u2019accorde parfaitement avec le confort moderne.<\/p>\n<p data-start=\"470\" data-end=\"738\">Deux portes de rangement, un tiroir central et une niche ouverte : tout y est pour accueillir votre d\u00e9codeur, vos t\u00e9l\u00e9commandes et vos \u00e9quipements multim\u00e9dias. Tout est \u00e0 sa place, tout est \u00e0 port\u00e9e de main. Et dans cette collection, le sur-mesure est aussi possible\u00a0!<\/p>\n<p data-start=\"740\" data-end=\"802\">Intemporel, fonctionnel et con\u00e7u pour durer de longues ann\u00e9es.<\/p>\n<p><strong data-start=\"490\" data-end=\"538\">Dimensions : 173 x 43 x 53<\/strong><\/p>\n<p>VAL 144<br data-start=\"487\" data-end=\"490\" \/><br data-start=\"538\" data-end=\"541\" \/><strong data-start=\"544\" data-end=\"570\">Prix conseill\u00e9 : 819\u20ac<\/strong>[\/vc_column_text][\/vc_column][\/vc_row][vc_row][vc_column][vc_column_text css=\u00a0\u00bb\u00a0\u00bb woodmart_inline=\u00a0\u00bbno\u00a0\u00bb text_larger=\u00a0\u00bbno\u00a0\u00bb]<\/p>\n<p>&nbsp;<\/p>\n<p>&nbsp;<\/p>\n<p>[\/vc_column_text][\/vc_column][\/vc_row][vc_row][vc_column width=\u00a0\u00bb1\/4&Prime;][vc_single_image image=\u00a0\u00bb23986&Prime; img_size=\u00a0\u00bb450&#215;450&Prime; alignment=\u00a0\u00bbcenter\u00a0\u00bb css=\u00a0\u00bb\u00a0\u00bb parallax_scroll=\u00a0\u00bbno\u00a0\u00bb woodmart_inline=\u00a0\u00bbno\u00a0\u00bb][\/vc_column][vc_column width=\u00a0\u00bb3\/4&Prime;][vc_column_text css=\u00a0\u00bb\u00a0\u00bb woodmart_inline=\u00a0\u00bbno\u00a0\u00bb text_larger=\u00a0\u00bbno\u00a0\u00bb]<\/p>\n<h3 data-start=\"167\" data-end=\"232\">Table basse en teck, pied de monast\u00e8re et charme rustique<\/h3>\n<p data-start=\"220\" data-end=\"451\">Cette table basse en teck incarne l\u2019\u00e9l\u00e9gance champ\u00eatre \u00e0 l\u2019\u00e9tat pur. Son plateau robuste et ses pieds de monast\u00e8re au caract\u00e8re affirm\u00e9 (aussi appel\u00e9s pieds de ferme) en font une pi\u00e8ce ma\u00eetresse chaleureuse dans tout espace de vie.<\/p>\n<p data-start=\"453\" data-end=\"596\">Un parfait \u00e9quilibre\u00a0: \u00e0 la fois imposante et raffin\u00e9e. Id\u00e9ale pour ceux qui aiment les int\u00e9rieurs rustiques empreints d\u2019artisanat authentique.<\/p>\n<p data-start=\"598\" data-end=\"672\">Fabriqu\u00e9e en teck recycl\u00e9 et soigneusement finie pour un style intemporel.<\/p>\n<p><strong data-start=\"490\" data-end=\"538\">Dimensions : 140 x 70 x 42<\/strong><\/p>\n<p>VAL 500<br data-start=\"487\" data-end=\"490\" \/><br data-start=\"538\" data-end=\"541\" \/><strong data-start=\"544\" data-end=\"570\">Prix conseill\u00e9 : 775\u20ac<\/strong>[\/vc_column_text][\/vc_column][\/vc_row][vc_row][vc_column][vc_column_text css=\u00a0\u00bb\u00a0\u00bb woodmart_inline=\u00a0\u00bbno\u00a0\u00bb text_larger=\u00a0\u00bbno\u00a0\u00bb]<\/p>\n<p>&nbsp;<\/p>\n<p>&nbsp;<\/p>\n<p>[\/vc_column_text][\/vc_column][\/vc_row][vc_row][vc_column][vc_column_text css=\u00a0\u00bb\u00a0\u00bb woodmart_inline=\u00a0\u00bbno\u00a0\u00bb text_larger=\u00a0\u00bbno\u00a0\u00bb]<\/p>\n<h3 data-start=\"193\" data-end=\"266\"><\/h3>\n<h3 data-start=\"193\" data-end=\"266\"><\/h3>\n<h3 data-start=\"193\" data-end=\"266\">Meubles champ\u00eatres en teck\u00a0? D\u00e9couvrez la collection Valencia chez Sarah Mo<\/h3>\n<p data-start=\"435\" data-end=\"699\">\u00c0 la recherche de meubles intemporels au style campagne\u00a0? La collection Valencia de Sarah Mo vous offre exactement ce qu\u2019il vous faut\u00a0:<br data-start=\"570\" data-end=\"573\" \/>des tables \u00e0 manger avec pied de monast\u00e8re, des vitrines rustiques, des buffets en teck et des meubles TV au charme champ\u00eatre.<\/p>\n<p data-start=\"701\" data-end=\"862\">Chaque pi\u00e8ce est fabriqu\u00e9e en teck durable, avec le sens du d\u00e9tail, de la qualit\u00e9 et du caract\u00e8re.<br data-start=\"799\" data-end=\"802\" \/>Disponible en plusieurs dimensions \u2014 et aussi en sur-mesure.<\/p>\n<p data-start=\"864\" data-end=\"985\">\u2705 Id\u00e9al pour un int\u00e9rieur intemporel<br data-start=\"900\" data-end=\"903\" \/>\u2705 Parfait pour tous les styles de d\u00e9co champ\u00eatre<br data-start=\"951\" data-end=\"954\" \/>\u2705 Durable, solide et chaleureux<\/p>\n<p data-start=\"864\" data-end=\"985\">\u00a0Venez d\u00e9couvrir notre showroom<br data-start=\"1020\" data-end=\"1023\" \/>Notre espace d\u2019exposition est chaleureux, facile d\u2019acc\u00e8s, et propose des meubles de style campagne \u00e0 prix doux.<br data-start=\"1134\" data-end=\"1137\" \/><strong data-start=\"1137\" data-end=\"1194\">Sarah Mo, votre magasin de meubles au style champ\u00eatre<\/strong> \u2014 pour ceux qui aiment le charme, la s\u00e9r\u00e9nit\u00e9 et la simplicit\u00e9.<\/p>\n<p>[\/vc_column_text][\/vc_column][\/vc_row][vc_row][vc_column][vc_column_text css=\u00a0\u00bb\u00a0\u00bb woodmart_inline=\u00a0\u00bbno\u00a0\u00bb text_larger=\u00a0\u00bbno\u00a0\u00bb]<\/p>\n<p>&nbsp;<\/p>\n<p>&nbsp;<\/p>\n<p>[\/vc_column_text][\/vc_column][\/vc_row][vc_row][vc_column width=\u00a0\u00bb1\/3&Prime;][vc_single_image image=\u00a0\u00bb23990&Prime; img_size=\u00a0\u00bb450&#215;450&Prime; alignment=\u00a0\u00bbcenter\u00a0\u00bb style=\u00a0\u00bbvc_box_circle_2&Prime; onclick=\u00a0\u00bbzoom\u00a0\u00bb css=\u00a0\u00bb\u00a0\u00bb parallax_scroll=\u00a0\u00bbno\u00a0\u00bb woodmart_inline=\u00a0\u00bbno\u00a0\u00bb][\/vc_column][vc_column width=\u00a0\u00bb1\/3&Prime;][vc_single_image image=\u00a0\u00bb24051&Prime; img_size=\u00a0\u00bb450&#215;450&Prime; alignment=\u00a0\u00bbcenter\u00a0\u00bb style=\u00a0\u00bbvc_box_circle_2&Prime; onclick=\u00a0\u00bbzoom\u00a0\u00bb css=\u00a0\u00bb\u00a0\u00bb parallax_scroll=\u00a0\u00bbno\u00a0\u00bb woodmart_inline=\u00a0\u00bbno\u00a0\u00bb][\/vc_column][vc_column width=\u00a0\u00bb1\/3&Prime;][vc_single_image image=\u00a0\u00bb24062&Prime; img_size=\u00a0\u00bb450&#215;450&Prime; alignment=\u00a0\u00bbcenter\u00a0\u00bb style=\u00a0\u00bbvc_box_circle_2&Prime; onclick=\u00a0\u00bbzoom\u00a0\u00bb css=\u00a0\u00bb\u00a0\u00bb parallax_scroll=\u00a0\u00bbno\u00a0\u00bb woodmart_inline=\u00a0\u00bbno\u00a0\u00bb][\/vc_column][\/vc_row]<\/p>\n<\/div>","protected":false},"excerpt":{"rendered":"<p>[vc_row][vc_column][vc_column_text css=\u00a0\u00bb\u00a0\u00bb woodmart_inline=\u00a0\u00bbno\u00a0\u00bb text_larger=\u00a0\u00bbno\u00a0\u00bb] Collection Valencia &nbsp; Valencia\u00a0: des meubles intemporels en teck au style champ\u00eatre Apportez chaleur et caract\u00e8re<\/p>\n","protected":false},"author":185,"featured_media":0,"parent":0,"menu_order":0,"comment_status":"closed","ping_status":"closed","template":"","meta":{"footnotes":""},"class_list":["post-24139","page","type-page","status-publish","hentry"],"yoast_head":"<!-- This site is optimized with the Yoast SEO plugin v27.3 - https:\/\/yoast.com\/product\/yoast-seo-wordpress\/ -->\n<title>Sarah Mo - Collection valencia<\/title>\n<meta name=\"robots\" content=\"index, follow, max-snippet:-1, max-image-preview:large, max-video-preview:-1\" \/>\n<link rel=\"canonical\" href=\"https:\/\/www.sarahmo.be\/fr\/collection-valencia\/\" \/>\n<meta property=\"og:locale\" content=\"fr_FR\" \/>\n<meta property=\"og:type\" content=\"article\" \/>\n<meta property=\"og:title\" content=\"Sarah Mo - Collection valencia\" \/>\n<meta property=\"og:description\" content=\"[vc_row][vc_column][vc_column_text css=\u00a0\u00bb\u00a0\u00bb woodmart_inline=\u00a0\u00bbno\u00a0\u00bb text_larger=\u00a0\u00bbno\u00a0\u00bb] Collection Valencia &nbsp; Valencia\u00a0: des meubles intemporels en teck au style champ\u00eatre Apportez chaleur et caract\u00e8re\" \/>\n<meta property=\"og:url\" content=\"https:\/\/www.sarahmo.be\/fr\/collection-valencia\/\" \/>\n<meta property=\"og:site_name\" content=\"Sarah Mo\" \/>\n<meta property=\"article:publisher\" content=\"https:\/\/www.facebook.com\/SarahMofurniturestore\/\" \/>\n<meta name=\"twitter:card\" content=\"summary_large_image\" \/>\n<meta name=\"twitter:label1\" content=\"Dur\u00e9e de lecture estim\u00e9e\" \/>\n\t<meta name=\"twitter:data1\" content=\"8 minutes\" \/>\n<script type=\"application\/ld+json\" class=\"yoast-schema-graph\">{\"@context\":\"https:\\\/\\\/schema.org\",\"@graph\":[{\"@type\":\"WebPage\",\"@id\":\"https:\\\/\\\/www.sarahmo.be\\\/fr\\\/collection-valencia\\\/\",\"url\":\"https:\\\/\\\/www.sarahmo.be\\\/fr\\\/collection-valencia\\\/\",\"name\":\"Sarah Mo - Collection valencia\",\"isPartOf\":{\"@id\":\"https:\\\/\\\/www.sarahmo.be\\\/fr\\\/#website\"},\"datePublished\":\"2025-07-31T09:43:43+00:00\",\"breadcrumb\":{\"@id\":\"https:\\\/\\\/www.sarahmo.be\\\/fr\\\/collection-valencia\\\/#breadcrumb\"},\"inLanguage\":\"fr-FR\",\"potentialAction\":[{\"@type\":\"ReadAction\",\"target\":[\"https:\\\/\\\/www.sarahmo.be\\\/fr\\\/collection-valencia\\\/\"]}]},{\"@type\":\"BreadcrumbList\",\"@id\":\"https:\\\/\\\/www.sarahmo.be\\\/fr\\\/collection-valencia\\\/#breadcrumb\",\"itemListElement\":[{\"@type\":\"ListItem\",\"position\":1,\"name\":\"Accueil\",\"item\":\"https:\\\/\\\/www.sarahmo.be\\\/fr\\\/\"},{\"@type\":\"ListItem\",\"position\":2,\"name\":\"Collection valencia\"}]},{\"@type\":\"WebSite\",\"@id\":\"https:\\\/\\\/www.sarahmo.be\\\/fr\\\/#website\",\"url\":\"https:\\\/\\\/www.sarahmo.be\\\/fr\\\/\",\"name\":\"Sarah Mo\",\"description\":\"Sp\u00e9cialiste du style campagne intemporel\",\"publisher\":{\"@id\":\"https:\\\/\\\/www.sarahmo.be\\\/fr\\\/#organization\"},\"potentialAction\":[{\"@type\":\"SearchAction\",\"target\":{\"@type\":\"EntryPoint\",\"urlTemplate\":\"https:\\\/\\\/www.sarahmo.be\\\/fr\\\/?s={search_term_string}\"},\"query-input\":{\"@type\":\"PropertyValueSpecification\",\"valueRequired\":true,\"valueName\":\"search_term_string\"}}],\"inLanguage\":\"fr-FR\"},{\"@type\":\"Organization\",\"@id\":\"https:\\\/\\\/www.sarahmo.be\\\/fr\\\/#organization\",\"name\":\"Sarah Mo Landelijke meubelen en verlichting\",\"url\":\"https:\\\/\\\/www.sarahmo.be\\\/fr\\\/\",\"logo\":{\"@type\":\"ImageObject\",\"inLanguage\":\"fr-FR\",\"@id\":\"https:\\\/\\\/www.sarahmo.be\\\/fr\\\/#\\\/schema\\\/logo\\\/image\\\/\",\"url\":\"https:\\\/\\\/www.sarahmo.be\\\/site\\\/wp-content\\\/uploads\\\/logo-dark.png\",\"contentUrl\":\"https:\\\/\\\/www.sarahmo.be\\\/site\\\/wp-content\\\/uploads\\\/logo-dark.png\",\"width\":1025,\"height\":120,\"caption\":\"Sarah Mo Landelijke meubelen en verlichting\"},\"image\":{\"@id\":\"https:\\\/\\\/www.sarahmo.be\\\/fr\\\/#\\\/schema\\\/logo\\\/image\\\/\"},\"sameAs\":[\"https:\\\/\\\/www.facebook.com\\\/SarahMofurniturestore\\\/\"]}]}<\/script>\n<!-- \/ Yoast SEO plugin. -->","yoast_head_json":{"title":"Sarah Mo - Collection valencia","robots":{"index":"index","follow":"follow","max-snippet":"max-snippet:-1","max-image-preview":"max-image-preview:large","max-video-preview":"max-video-preview:-1"},"canonical":"https:\/\/www.sarahmo.be\/fr\/collection-valencia\/","og_locale":"fr_FR","og_type":"article","og_title":"Sarah Mo - Collection valencia","og_description":"[vc_row][vc_column][vc_column_text css=\u00a0\u00bb\u00a0\u00bb woodmart_inline=\u00a0\u00bbno\u00a0\u00bb text_larger=\u00a0\u00bbno\u00a0\u00bb] Collection Valencia &nbsp; Valencia\u00a0: des meubles intemporels en teck au style champ\u00eatre Apportez chaleur et caract\u00e8re","og_url":"https:\/\/www.sarahmo.be\/fr\/collection-valencia\/","og_site_name":"Sarah Mo","article_publisher":"https:\/\/www.facebook.com\/SarahMofurniturestore\/","twitter_card":"summary_large_image","twitter_misc":{"Dur\u00e9e de lecture estim\u00e9e":"8 minutes"},"schema":{"@context":"https:\/\/schema.org","@graph":[{"@type":"WebPage","@id":"https:\/\/www.sarahmo.be\/fr\/collection-valencia\/","url":"https:\/\/www.sarahmo.be\/fr\/collection-valencia\/","name":"Sarah Mo - Collection valencia","isPartOf":{"@id":"https:\/\/www.sarahmo.be\/fr\/#website"},"datePublished":"2025-07-31T09:43:43+00:00","breadcrumb":{"@id":"https:\/\/www.sarahmo.be\/fr\/collection-valencia\/#breadcrumb"},"inLanguage":"fr-FR","potentialAction":[{"@type":"ReadAction","target":["https:\/\/www.sarahmo.be\/fr\/collection-valencia\/"]}]},{"@type":"BreadcrumbList","@id":"https:\/\/www.sarahmo.be\/fr\/collection-valencia\/#breadcrumb","itemListElement":[{"@type":"ListItem","position":1,"name":"Accueil","item":"https:\/\/www.sarahmo.be\/fr\/"},{"@type":"ListItem","position":2,"name":"Collection valencia"}]},{"@type":"WebSite","@id":"https:\/\/www.sarahmo.be\/fr\/#website","url":"https:\/\/www.sarahmo.be\/fr\/","name":"Sarah Mo","description":"Sp\u00e9cialiste du style campagne intemporel","publisher":{"@id":"https:\/\/www.sarahmo.be\/fr\/#organization"},"potentialAction":[{"@type":"SearchAction","target":{"@type":"EntryPoint","urlTemplate":"https:\/\/www.sarahmo.be\/fr\/?s={search_term_string}"},"query-input":{"@type":"PropertyValueSpecification","valueRequired":true,"valueName":"search_term_string"}}],"inLanguage":"fr-FR"},{"@type":"Organization","@id":"https:\/\/www.sarahmo.be\/fr\/#organization","name":"Sarah Mo Landelijke meubelen en verlichting","url":"https:\/\/www.sarahmo.be\/fr\/","logo":{"@type":"ImageObject","inLanguage":"fr-FR","@id":"https:\/\/www.sarahmo.be\/fr\/#\/schema\/logo\/image\/","url":"https:\/\/www.sarahmo.be\/site\/wp-content\/uploads\/logo-dark.png","contentUrl":"https:\/\/www.sarahmo.be\/site\/wp-content\/uploads\/logo-dark.png","width":1025,"height":120,"caption":"Sarah Mo Landelijke meubelen en verlichting"},"image":{"@id":"https:\/\/www.sarahmo.be\/fr\/#\/schema\/logo\/image\/"},"sameAs":["https:\/\/www.facebook.com\/SarahMofurniturestore\/"]}]}},"_links":{"self":[{"href":"https:\/\/www.sarahmo.be\/fr\/wp-json\/wp\/v2\/pages\/24139","targetHints":{"allow":["GET"]}}],"collection":[{"href":"https:\/\/www.sarahmo.be\/fr\/wp-json\/wp\/v2\/pages"}],"about":[{"href":"https:\/\/www.sarahmo.be\/fr\/wp-json\/wp\/v2\/types\/page"}],"author":[{"embeddable":true,"href":"https:\/\/www.sarahmo.be\/fr\/wp-json\/wp\/v2\/users\/185"}],"replies":[{"embeddable":true,"href":"https:\/\/www.sarahmo.be\/fr\/wp-json\/wp\/v2\/comments?post=24139"}],"version-history":[{"count":0,"href":"https:\/\/www.sarahmo.be\/fr\/wp-json\/wp\/v2\/pages\/24139\/revisions"}],"wp:attachment":[{"href":"https:\/\/www.sarahmo.be\/fr\/wp-json\/wp\/v2\/media?parent=24139"}],"curies":[{"name":"wp","href":"https:\/\/api.w.org\/{rel}","templated":true}]}}