{"id":24152,"date":"2025-07-31T14:34:55","date_gmt":"2025-07-31T12:34:55","guid":{"rendered":"https:\/\/www.sarahmo.be\/?page_id=24152"},"modified":"2025-07-31T14:34:55","modified_gmt":"2025-07-31T12:34:55","slug":"collection-collar","status":"publish","type":"page","link":"https:\/\/www.sarahmo.be\/fr\/collection-collar\/","title":{"rendered":"Collection collar"},"content":{"rendered":"<div class=\"wpb-content-wrapper\"><p>[vc_row][vc_column][vc_column_text css=\u00a0\u00bb\u00a0\u00bb woodmart_inline=\u00a0\u00bbno\u00a0\u00bb text_larger=\u00a0\u00bbno\u00a0\u00bb]<\/p>\n<h1>Collection Collar<\/h1>\n<h2 data-start=\"191\" data-end=\"258\"><strong data-start=\"191\" data-end=\"258\">Collection Collar \u2013 design contemporain en teck et luxe discret<\/strong><\/h2>\n<p data-start=\"260\" data-end=\"501\">La collection Collar incarne une alliance unique entre design moderne en teck et luxe subtil. Gr\u00e2ce \u00e0 sa structure \u00e0 lattes verticales, ses accents noirs d\u00e9licats et ses lignes nettes, chaque meuble d\u00e9gage une \u00e9l\u00e9gance pure et contemporaine.<\/p>\n<p data-start=\"503\" data-end=\"764\">Fabriqu\u00e9s en teck massif de qualit\u00e9, ces meubles sont pens\u00e9s jusque dans les moindres d\u00e9tails. Buffets avec \u00e9clairage LED, armoires sur pieds m\u00e9talliques fins, tables aux formes arrondies\u2026 chaque pi\u00e8ce est con\u00e7ue pour apporter calme et rythme \u00e0 votre int\u00e9rieur.<\/p>\n<p data-start=\"766\" data-end=\"1036\">\u2714\ufe0f En teck durable et haut de gamme<br data-start=\"801\" data-end=\"804\" \/>\u2714\ufe0f Finition contemporaine avec lattes verticales et d\u00e9tails noirs<br data-start=\"869\" data-end=\"872\" \/>\u2714\ufe0f Lignes \u00e9pur\u00e9es, ambiance chaleureuse<br data-start=\"911\" data-end=\"914\" \/>\u2714\ufe0f D\u00e9clin\u00e9e en buffet, armoire bar, table \u00e0 manger, meuble mural<br data-start=\"978\" data-end=\"981\" \/>\u2714\ufe0f Parfaite pour un int\u00e9rieur moderne avec du caract\u00e8re<\/p>\n<p>[\/vc_column_text][\/vc_column][\/vc_row][vc_row][vc_column][vc_column_text css=\u00a0\u00bb\u00a0\u00bb woodmart_inline=\u00a0\u00bbno\u00a0\u00bb text_larger=\u00a0\u00bbno\u00a0\u00bb]<\/p>\n<p>&nbsp;<\/p>\n<p>&nbsp;<\/p>\n<p>[\/vc_column_text][\/vc_column][\/vc_row][vc_row][vc_column width=\u00a0\u00bb1\/4&Prime;][vc_single_image image=\u00a0\u00bb23092&Prime; img_size=\u00a0\u00bb450&#215;450&Prime; alignment=\u00a0\u00bbcenter\u00a0\u00bb css=\u00a0\u00bb\u00a0\u00bb parallax_scroll=\u00a0\u00bbno\u00a0\u00bb woodmart_inline=\u00a0\u00bbno\u00a0\u00bb][\/vc_column][vc_column width=\u00a0\u00bb3\/4&Prime;][vc_column_text css=\u00a0\u00bb\u00a0\u00bb woodmart_inline=\u00a0\u00bbno\u00a0\u00bb text_larger=\u00a0\u00bbno\u00a0\u00bb]<\/p>\n<h2 data-start=\"203\" data-end=\"276\"><strong data-start=\"203\" data-end=\"276\">Armoire bar \u00e9l\u00e9gante en teck avec structure \u00e0 lattes verticale unique<\/strong><\/h2>\n<p data-start=\"278\" data-end=\"667\">\u00c0 la recherche d\u2019un meuble bar qui sort de l\u2019ordinaire\u00a0? Cette armoire de la collection Collar associe teck massif, structure raffin\u00e9e \u00e0 lattes verticales et pi\u00e8tement \u00e9pur\u00e9 en m\u00e9tal noir. L\u2019ensemble semble l\u00e9ger gr\u00e2ce aux pieds fins, tout en offrant un espace de rangement intelligent\u00a0: casiers \u00e0 bouteilles, tiroirs et supports \u00e0 verres sont int\u00e9gr\u00e9s avec style derri\u00e8re les deux portes.<\/p>\n<p data-start=\"669\" data-end=\"732\">Id\u00e9al pour les amateurs de design intemporel avec du caract\u00e8re.<\/p>\n<p data-start=\"734\" data-end=\"870\">Se marie parfaitement avec les autres meubles de la collection \u2013 pour cr\u00e9er une salle \u00e0 manger ou un salon convivial, au charme affirm\u00e9.<\/p>\n<p><br data-start=\"493\" data-end=\"496\" data-is-only-node=\"\" \/><strong data-start=\"496\" data-end=\"529\">Dimensions : 90 x 40 x 140\u202fH<\/strong><\/p>\n<p>COL 113<\/p>\n<p data-start=\"97\" data-end=\"438\"><strong data-start=\"410\" data-end=\"438\">Prix conseill\u00e9 : 1195 \u20ac<\/strong><\/p>\n<p>[\/vc_column_text][\/vc_column][\/vc_row][vc_row][vc_column][vc_column_text css=\u00a0\u00bb\u00a0\u00bb woodmart_inline=\u00a0\u00bbno\u00a0\u00bb text_larger=\u00a0\u00bbno\u00a0\u00bb]<\/p>\n<p>&nbsp;<\/p>\n<p>&nbsp;<\/p>\n<p>[\/vc_column_text][\/vc_column][\/vc_row][vc_row][vc_column width=\u00a0\u00bb1\/4&Prime;][vc_single_image image=\u00a0\u00bb23084&Prime; img_size=\u00a0\u00bb450&#215;450&Prime; css=\u00a0\u00bb\u00a0\u00bb parallax_scroll=\u00a0\u00bbno\u00a0\u00bb woodmart_inline=\u00a0\u00bbno\u00a0\u00bb][\/vc_column][vc_column width=\u00a0\u00bb3\/4&Prime;][vc_column_text css=\u00a0\u00bb\u00a0\u00bb woodmart_inline=\u00a0\u00bbno\u00a0\u00bb text_larger=\u00a0\u00bbno\u00a0\u00bb]<\/p>\n<h2><strong data-start=\"155\" data-end=\"218\">Buffet en teck avec fa\u00e7ade \u00e0 lattes, \u00e9l\u00e9gance intemporelle et design contemporain<\/strong><\/h2>\n<p data-start=\"304\" data-end=\"600\">Ce buffet raffin\u00e9 de la collection Collar allie l\u2019\u00e9l\u00e9gance intemporelle \u00e0 une touche r\u00e9solument moderne. La fa\u00e7ade en teck massif se distingue par une structure verticale \u00e0 lattes fines qui attire imm\u00e9diatement le regard. Les pieds m\u00e9talliques \u00e9lanc\u00e9s lui donnent une silhouette \u00e9pur\u00e9e et l\u00e9g\u00e8re.<\/p>\n<p data-start=\"602\" data-end=\"878\">Derri\u00e8re les portes et tiroirs se cache un espace de rangement pratique, parfait pour votre vaisselle, linge de table ou mat\u00e9riel multim\u00e9dia. Un \u00e9clairage LED subtilement int\u00e9gr\u00e9 met en valeur la texture artisanale du bois et ajoute une ambiance chaleureuse \u00e0 votre int\u00e9rieur.<\/p>\n<p data-start=\"880\" data-end=\"1155\">Parfait pour ceux qui aiment les int\u00e9rieurs intemporels, l\u2019authenticit\u00e9 chaleureuse et les meubles qui ont une \u00e2me.<br data-start=\"995\" data-end=\"998\" \/>\u00c0 associer avec l\u2019armoire bar ou la table \u00e0 manger de la m\u00eame collection pour un ensemble harmonieux.<br data-start=\"1099\" data-end=\"1102\" \/><strong data-start=\"1102\" data-end=\"1155\">Teck naturel, design contemporain, chez Sarah Mo.<\/strong><\/p>\n<p><strong data-start=\"429\" data-end=\"462\">Dimensions : 220 x 45 x 85\u202fH<\/strong><\/p>\n<p>COL 110<\/p>\n<p data-start=\"97\" data-end=\"438\"><strong data-start=\"410\" data-end=\"438\">Prix conseill\u00e9 : 1 295\u202f\u20ac<\/strong><\/p>\n<p>[\/vc_column_text][\/vc_column][\/vc_row][vc_row][vc_column][vc_column_text css=\u00a0\u00bb\u00a0\u00bb woodmart_inline=\u00a0\u00bbno\u00a0\u00bb text_larger=\u00a0\u00bbno\u00a0\u00bb]<\/p>\n<p>&nbsp;<\/p>\n<p>&nbsp;<\/p>\n<p>[\/vc_column_text][\/vc_column][\/vc_row][vc_row][vc_column width=\u00a0\u00bb1\/4&Prime;][vc_single_image image=\u00a0\u00bb23089&Prime; img_size=\u00a0\u00bb450&#215;450&Prime; alignment=\u00a0\u00bbcenter\u00a0\u00bb css=\u00a0\u00bb\u00a0\u00bb parallax_scroll=\u00a0\u00bbno\u00a0\u00bb woodmart_inline=\u00a0\u00bbno\u00a0\u00bb][\/vc_column][vc_column width=\u00a0\u00bb3\/4&Prime;][vc_column_text css=\u00a0\u00bb\u00a0\u00bb woodmart_inline=\u00a0\u00bbno\u00a0\u00bb text_larger=\u00a0\u00bbno\u00a0\u00bb]<\/p>\n<h2>Table \u00e0 manger en teck avec pied socle arrondi \u2013 220\u00a0cm<\/h2>\n<p data-start=\"255\" data-end=\"683\">Cette table design de la collection Collar donne du cachet \u00e0 votre salle \u00e0 manger. Avec son pied central sculptural en structure \u00e0 lattes et son plateau g\u00e9n\u00e9reux en teck (220\u00a0cm de long), elle d\u00e9gage \u00e0 la fois du caract\u00e8re, de la chaleur et de la s\u00e9r\u00e9nit\u00e9.<br data-start=\"511\" data-end=\"514\" \/>Son socle arrondi au centre lui conf\u00e8re non seulement un look unique, mais aussi un confort optimal avec beaucoup d\u2019espace pour les jambes \u2013 et une excellente stabilit\u00e9.<\/p>\n<p data-start=\"685\" data-end=\"896\">Parfaite pour les longues soir\u00e9es \u00e0 table, ou comme pi\u00e8ce ma\u00eetresse dans un int\u00e9rieur moderne, naturel ou intemporel.<br data-start=\"802\" data-end=\"805\" \/>\u00c0 associer avec le buffet ou l\u2019armoire bar de la m\u00eame collection pour un ensemble coh\u00e9rent.<\/p>\n<p data-start=\"898\" data-end=\"1009\"><strong data-start=\"898\" data-end=\"1009\">Collection Collar. Meubles Sarah Mo. Teck naturel. Table \u00e0 manger 220\u00a0cm. Design unique. Artisanat durable.<\/strong><\/p>\n<p><strong data-start=\"432\" data-end=\"464\">Dimensions : 220 x 110 x 76\u202fH<\/strong><\/p>\n<p>COL 220<\/p>\n<p><strong>Prix conseill\u00e9<\/strong> : 1\u202f195\u202f\u20ac[\/vc_column_text][\/vc_column][\/vc_row][vc_row][vc_column][vc_column_text css=\u00a0\u00bb\u00a0\u00bb woodmart_inline=\u00a0\u00bbno\u00a0\u00bb text_larger=\u00a0\u00bbno\u00a0\u00bb]<\/p>\n<p>&nbsp;<\/p>\n<p>&nbsp;<\/p>\n<p>[\/vc_column_text][\/vc_column][\/vc_row][vc_row][vc_column width=\u00a0\u00bb1\/4&Prime;][vc_single_image image=\u00a0\u00bb23095&Prime; img_size=\u00a0\u00bb450&#215;450&Prime; alignment=\u00a0\u00bbcenter\u00a0\u00bb css=\u00a0\u00bb\u00a0\u00bb parallax_scroll=\u00a0\u00bbno\u00a0\u00bb woodmart_inline=\u00a0\u00bbno\u00a0\u00bb][\/vc_column][vc_column width=\u00a0\u00bb3\/4&Prime;][vc_column_text css=\u00a0\u00bb\u00a0\u00bb woodmart_inline=\u00a0\u00bbno\u00a0\u00bb text_larger=\u00a0\u00bbno\u00a0\u00bb]<\/p>\n<h2>Meuble TV en teck \u2013 design avec du caract\u00e8re<\/h2>\n<p data-start=\"221\" data-end=\"486\">La collection Collar apporte du caract\u00e8re \u00e0 votre int\u00e9rieur. Ces meubles uniques associent du teck rainur\u00e9 \u00e0 un plateau noir \u00e9pur\u00e9 et \u00e0 des pieds fins en m\u00e9tal. Le r\u00e9sultat\u00a0? Un style chaleureux et contemporain, parfait pour les int\u00e9rieurs modernes comme rustiques.<\/p>\n<p data-start=\"488\" data-end=\"695\">Gr\u00e2ce \u00e0 une finition soign\u00e9e, chaque buffet, table ou meuble TV d\u00e9gage une \u00e9l\u00e9gance discr\u00e8te, jamais tape-\u00e0-l\u2019\u0153il. Sur certains mod\u00e8les, un \u00e9clairage LED subtil vient encore renforcer cette ambiance feutr\u00e9e.<\/p>\n<p data-start=\"697\" data-end=\"900\">Collar, c\u2019est le raffinement\u2026 et la fonctionnalit\u00e9.<br data-start=\"748\" data-end=\"751\" \/>Derri\u00e8re sa fa\u00e7ade styl\u00e9e, ce meuble dissimule un bel espace de rangement. Id\u00e9al pour ceux qui aiment un int\u00e9rieur ordonn\u00e9, sans rien c\u00e9der au style.<\/p>\n<p><strong data-start=\"464\" data-end=\"497\">Dimensions : 160 x 45 x 60\u202fH<\/strong><\/p>\n<p>COL 134<br data-start=\"497\" data-end=\"500\" \/><strong data-start=\"503\" data-end=\"529\">Prix conseill\u00e9 : 895\u202f\u20ac<\/strong>[\/vc_column_text][\/vc_column][\/vc_row][vc_row][vc_column][vc_column_text css=\u00a0\u00bb\u00a0\u00bb woodmart_inline=\u00a0\u00bbno\u00a0\u00bb text_larger=\u00a0\u00bbno\u00a0\u00bb]<\/p>\n<p>&nbsp;<\/p>\n<p>&nbsp;<\/p>\n<p>[\/vc_column_text][\/vc_column][\/vc_row][vc_row][vc_column width=\u00a0\u00bb1\/4&Prime;][vc_single_image image=\u00a0\u00bb23774&Prime; img_size=\u00a0\u00bb450&#215;450&Prime; alignment=\u00a0\u00bbcenter\u00a0\u00bb css=\u00a0\u00bb\u00a0\u00bb parallax_scroll=\u00a0\u00bbno\u00a0\u00bb woodmart_inline=\u00a0\u00bbno\u00a0\u00bb][\/vc_column][vc_column width=\u00a0\u00bb3\/4&Prime;][vc_column_text css=\u00a0\u00bb\u00a0\u00bb woodmart_inline=\u00a0\u00bbno\u00a0\u00bb text_larger=\u00a0\u00bbno\u00a0\u00bb]<\/p>\n<h2><strong data-start=\"160\" data-end=\"221\">Table basse Collar \u2013 design en teck avec du caract\u00e8re<\/strong><\/h2>\n<p data-start=\"252\" data-end=\"479\">Cette table basse de la collection Collar marie la chaleur naturelle du teck \u00e0 un design \u00e9pur\u00e9. Le plateau noir cr\u00e9e un contraste \u00e9l\u00e9gant avec la fa\u00e7ade rainur\u00e9e du tiroir, qui offre un espace de rangement \u00e9tonnamment g\u00e9n\u00e9reux.<\/p>\n<p data-start=\"481\" data-end=\"596\">Gr\u00e2ce \u00e0 son pi\u00e8tement a\u00e9rien en m\u00e9tal fin, la table reste visuellement l\u00e9g\u00e8re \u2014 m\u00eame dans les petits espaces salon.<\/p>\n<p data-start=\"598\" data-end=\"704\">Collar, c\u2019est l\u2019art de vivre avec style et praticit\u00e9.<br data-start=\"651\" data-end=\"654\" \/>Parfaite pour un int\u00e9rieur moderne avec du cachet.<\/p>\n<p><strong data-start=\"490\" data-end=\"538\">Dimensions : 130 x 70 x 42h<\/strong><\/p>\n<p>COL 500<br data-start=\"487\" data-end=\"490\" \/><br data-start=\"538\" data-end=\"541\" \/><strong data-start=\"544\" data-end=\"570\">Prix conseill\u00e9 : 749\u202f\u20ac<\/strong>[\/vc_column_text][\/vc_column][\/vc_row][vc_row][vc_column][vc_column_text css=\u00a0\u00bb\u00a0\u00bb woodmart_inline=\u00a0\u00bbno\u00a0\u00bb text_larger=\u00a0\u00bbno\u00a0\u00bb]<\/p>\n<p>&nbsp;<\/p>\n<p>&nbsp;<\/p>\n<p>[\/vc_column_text][\/vc_column][\/vc_row][vc_row][vc_column][vc_column_text css=\u00a0\u00bb\u00a0\u00bb woodmart_inline=\u00a0\u00bbno\u00a0\u00bb text_larger=\u00a0\u00bbno\u00a0\u00bb]<\/p>\n<p>&nbsp;<\/p>\n<p>&nbsp;<\/p>\n<p>[\/vc_column_text][\/vc_column][\/vc_row][vc_row][vc_column][vc_column_text css=\u00a0\u00bb\u00a0\u00bb woodmart_inline=\u00a0\u00bbno\u00a0\u00bb text_larger=\u00a0\u00bbno\u00a0\u00bb]<\/p>\n<h3 data-start=\"193\" data-end=\"266\"><\/h3>\n<h3 data-start=\"193\" data-end=\"266\"><\/h3>\n<h3 data-start=\"193\" data-end=\"266\">Collection Collar\u00a0: meubles design en teck avec du caract\u00e8re<\/h3>\n<p data-start=\"237\" data-end=\"559\">D\u00e9couvrez la collection Collar chez <strong data-start=\"273\" data-end=\"285\">Sarah Mo<\/strong>, une ligne raffin\u00e9e en teck durable, associ\u00e9e \u00e0 des d\u00e9tails noirs et une finition subtilement rainur\u00e9e. Table basse, armoire bar, buffet ou table \u00e0 manger\u00a0: chaque meuble est une pi\u00e8ce forte, pens\u00e9e pour ceux qui aiment un int\u00e9rieur intemporel avec une touche de modernit\u00e9.<\/p>\n<p data-start=\"561\" data-end=\"812\">Gr\u00e2ce \u00e0 leurs pieds m\u00e9talliques fins, les meubles de cette collection semblent l\u00e9gers et \u00e9l\u00e9gants. Et ils sont aussi pratiques\u00a0: rangements astucieux, tiroirs \u00e0 fermeture douce (soft-close) et agencements bien pens\u00e9s apportent du confort au quotidien.<\/p>\n<p data-start=\"814\" data-end=\"975\">\u2714\u202fMeubles en teck au design contemporain<br data-start=\"854\" data-end=\"857\" \/>\u2714\u202fParfaits pour un style campagne chic ou un int\u00e9rieur moderne avec cachet<br data-start=\"931\" data-end=\"934\" \/>\u2714\u202fExclusivement disponibles chez Sarah Mo<\/p>\n<p data-start=\"977\" data-end=\"1070\">Laissez-vous inspirer par la collection Collar \u2013 l\u2019\u00e9l\u00e9gance jusque dans les moindres d\u00e9tails.<\/p>\n<p>[\/vc_column_text][\/vc_column][\/vc_row][vc_row][vc_column][vc_column_text css=\u00a0\u00bb\u00a0\u00bb woodmart_inline=\u00a0\u00bbno\u00a0\u00bb text_larger=\u00a0\u00bbno\u00a0\u00bb]<\/p>\n<p>&nbsp;<\/p>\n<p>&nbsp;<\/p>\n<p>[\/vc_column_text][\/vc_column][\/vc_row][vc_row][vc_column width=\u00a0\u00bb1\/3&Prime;][vc_single_image image=\u00a0\u00bb21875&Prime; img_size=\u00a0\u00bb450&#215;450&Prime; alignment=\u00a0\u00bbcenter\u00a0\u00bb style=\u00a0\u00bbvc_box_circle_2&Prime; onclick=\u00a0\u00bbzoom\u00a0\u00bb css=\u00a0\u00bb\u00a0\u00bb parallax_scroll=\u00a0\u00bbno\u00a0\u00bb woodmart_inline=\u00a0\u00bbno\u00a0\u00bb][\/vc_column][vc_column width=\u00a0\u00bb1\/3&Prime;][vc_single_image image=\u00a0\u00bb24155&Prime; img_size=\u00a0\u00bb450&#215;450&Prime; alignment=\u00a0\u00bbcenter\u00a0\u00bb style=\u00a0\u00bbvc_box_circle_2&Prime; onclick=\u00a0\u00bbzoom\u00a0\u00bb css=\u00a0\u00bb\u00a0\u00bb parallax_scroll=\u00a0\u00bbno\u00a0\u00bb woodmart_inline=\u00a0\u00bbno\u00a0\u00bb][\/vc_column][vc_column width=\u00a0\u00bb1\/3&Prime;][vc_single_image image=\u00a0\u00bb24153&Prime; img_size=\u00a0\u00bb450&#215;450&Prime; alignment=\u00a0\u00bbcenter\u00a0\u00bb style=\u00a0\u00bbvc_box_circle_2&Prime; onclick=\u00a0\u00bbzoom\u00a0\u00bb css=\u00a0\u00bb\u00a0\u00bb parallax_scroll=\u00a0\u00bbno\u00a0\u00bb woodmart_inline=\u00a0\u00bbno\u00a0\u00bb][\/vc_column][\/vc_row]<\/p>\n<\/div>","protected":false},"excerpt":{"rendered":"<p>[vc_row][vc_column][vc_column_text css=\u00a0\u00bb\u00a0\u00bb woodmart_inline=\u00a0\u00bbno\u00a0\u00bb text_larger=\u00a0\u00bbno\u00a0\u00bb] Collection Collar Collection Collar \u2013 design contemporain en teck et luxe discret La collection Collar incarne<\/p>\n","protected":false},"author":185,"featured_media":0,"parent":0,"menu_order":0,"comment_status":"closed","ping_status":"closed","template":"","meta":{"footnotes":""},"class_list":["post-24152","page","type-page","status-publish","hentry"],"yoast_head":"<!-- This site is optimized with the Yoast SEO plugin v27.3 - https:\/\/yoast.com\/product\/yoast-seo-wordpress\/ -->\n<title>Sarah Mo - Collection collar<\/title>\n<meta name=\"robots\" content=\"index, follow, max-snippet:-1, max-image-preview:large, max-video-preview:-1\" \/>\n<link rel=\"canonical\" href=\"https:\/\/www.sarahmo.be\/fr\/collection-collar\/\" \/>\n<meta property=\"og:locale\" content=\"fr_FR\" \/>\n<meta property=\"og:type\" content=\"article\" \/>\n<meta property=\"og:title\" content=\"Sarah Mo - Collection collar\" \/>\n<meta property=\"og:description\" content=\"[vc_row][vc_column][vc_column_text css=\u00a0\u00bb\u00a0\u00bb woodmart_inline=\u00a0\u00bbno\u00a0\u00bb text_larger=\u00a0\u00bbno\u00a0\u00bb] Collection Collar Collection Collar \u2013 design contemporain en teck et luxe discret La collection Collar incarne\" \/>\n<meta property=\"og:url\" content=\"https:\/\/www.sarahmo.be\/fr\/collection-collar\/\" \/>\n<meta property=\"og:site_name\" content=\"Sarah Mo\" \/>\n<meta property=\"article:publisher\" content=\"https:\/\/www.facebook.com\/SarahMofurniturestore\/\" \/>\n<meta name=\"twitter:card\" content=\"summary_large_image\" \/>\n<meta name=\"twitter:label1\" content=\"Dur\u00e9e de lecture estim\u00e9e\" \/>\n\t<meta name=\"twitter:data1\" content=\"6 minutes\" \/>\n<script type=\"application\/ld+json\" class=\"yoast-schema-graph\">{\"@context\":\"https:\\\/\\\/schema.org\",\"@graph\":[{\"@type\":\"WebPage\",\"@id\":\"https:\\\/\\\/www.sarahmo.be\\\/fr\\\/collection-collar\\\/\",\"url\":\"https:\\\/\\\/www.sarahmo.be\\\/fr\\\/collection-collar\\\/\",\"name\":\"Sarah Mo - Collection collar\",\"isPartOf\":{\"@id\":\"https:\\\/\\\/www.sarahmo.be\\\/fr\\\/#website\"},\"datePublished\":\"2025-07-31T12:34:55+00:00\",\"breadcrumb\":{\"@id\":\"https:\\\/\\\/www.sarahmo.be\\\/fr\\\/collection-collar\\\/#breadcrumb\"},\"inLanguage\":\"fr-FR\",\"potentialAction\":[{\"@type\":\"ReadAction\",\"target\":[\"https:\\\/\\\/www.sarahmo.be\\\/fr\\\/collection-collar\\\/\"]}]},{\"@type\":\"BreadcrumbList\",\"@id\":\"https:\\\/\\\/www.sarahmo.be\\\/fr\\\/collection-collar\\\/#breadcrumb\",\"itemListElement\":[{\"@type\":\"ListItem\",\"position\":1,\"name\":\"Accueil\",\"item\":\"https:\\\/\\\/www.sarahmo.be\\\/fr\\\/\"},{\"@type\":\"ListItem\",\"position\":2,\"name\":\"Collection collar\"}]},{\"@type\":\"WebSite\",\"@id\":\"https:\\\/\\\/www.sarahmo.be\\\/fr\\\/#website\",\"url\":\"https:\\\/\\\/www.sarahmo.be\\\/fr\\\/\",\"name\":\"Sarah Mo\",\"description\":\"Sp\u00e9cialiste du style campagne intemporel\",\"publisher\":{\"@id\":\"https:\\\/\\\/www.sarahmo.be\\\/fr\\\/#organization\"},\"potentialAction\":[{\"@type\":\"SearchAction\",\"target\":{\"@type\":\"EntryPoint\",\"urlTemplate\":\"https:\\\/\\\/www.sarahmo.be\\\/fr\\\/?s={search_term_string}\"},\"query-input\":{\"@type\":\"PropertyValueSpecification\",\"valueRequired\":true,\"valueName\":\"search_term_string\"}}],\"inLanguage\":\"fr-FR\"},{\"@type\":\"Organization\",\"@id\":\"https:\\\/\\\/www.sarahmo.be\\\/fr\\\/#organization\",\"name\":\"Sarah Mo Landelijke meubelen en verlichting\",\"url\":\"https:\\\/\\\/www.sarahmo.be\\\/fr\\\/\",\"logo\":{\"@type\":\"ImageObject\",\"inLanguage\":\"fr-FR\",\"@id\":\"https:\\\/\\\/www.sarahmo.be\\\/fr\\\/#\\\/schema\\\/logo\\\/image\\\/\",\"url\":\"https:\\\/\\\/www.sarahmo.be\\\/site\\\/wp-content\\\/uploads\\\/logo-dark.png\",\"contentUrl\":\"https:\\\/\\\/www.sarahmo.be\\\/site\\\/wp-content\\\/uploads\\\/logo-dark.png\",\"width\":1025,\"height\":120,\"caption\":\"Sarah Mo Landelijke meubelen en verlichting\"},\"image\":{\"@id\":\"https:\\\/\\\/www.sarahmo.be\\\/fr\\\/#\\\/schema\\\/logo\\\/image\\\/\"},\"sameAs\":[\"https:\\\/\\\/www.facebook.com\\\/SarahMofurniturestore\\\/\"]}]}<\/script>\n<!-- \/ Yoast SEO plugin. -->","yoast_head_json":{"title":"Sarah Mo - Collection collar","robots":{"index":"index","follow":"follow","max-snippet":"max-snippet:-1","max-image-preview":"max-image-preview:large","max-video-preview":"max-video-preview:-1"},"canonical":"https:\/\/www.sarahmo.be\/fr\/collection-collar\/","og_locale":"fr_FR","og_type":"article","og_title":"Sarah Mo - Collection collar","og_description":"[vc_row][vc_column][vc_column_text css=\u00a0\u00bb\u00a0\u00bb woodmart_inline=\u00a0\u00bbno\u00a0\u00bb text_larger=\u00a0\u00bbno\u00a0\u00bb] Collection Collar Collection Collar \u2013 design contemporain en teck et luxe discret La collection Collar incarne","og_url":"https:\/\/www.sarahmo.be\/fr\/collection-collar\/","og_site_name":"Sarah Mo","article_publisher":"https:\/\/www.facebook.com\/SarahMofurniturestore\/","twitter_card":"summary_large_image","twitter_misc":{"Dur\u00e9e de lecture estim\u00e9e":"6 minutes"},"schema":{"@context":"https:\/\/schema.org","@graph":[{"@type":"WebPage","@id":"https:\/\/www.sarahmo.be\/fr\/collection-collar\/","url":"https:\/\/www.sarahmo.be\/fr\/collection-collar\/","name":"Sarah Mo - Collection collar","isPartOf":{"@id":"https:\/\/www.sarahmo.be\/fr\/#website"},"datePublished":"2025-07-31T12:34:55+00:00","breadcrumb":{"@id":"https:\/\/www.sarahmo.be\/fr\/collection-collar\/#breadcrumb"},"inLanguage":"fr-FR","potentialAction":[{"@type":"ReadAction","target":["https:\/\/www.sarahmo.be\/fr\/collection-collar\/"]}]},{"@type":"BreadcrumbList","@id":"https:\/\/www.sarahmo.be\/fr\/collection-collar\/#breadcrumb","itemListElement":[{"@type":"ListItem","position":1,"name":"Accueil","item":"https:\/\/www.sarahmo.be\/fr\/"},{"@type":"ListItem","position":2,"name":"Collection collar"}]},{"@type":"WebSite","@id":"https:\/\/www.sarahmo.be\/fr\/#website","url":"https:\/\/www.sarahmo.be\/fr\/","name":"Sarah Mo","description":"Sp\u00e9cialiste du style campagne intemporel","publisher":{"@id":"https:\/\/www.sarahmo.be\/fr\/#organization"},"potentialAction":[{"@type":"SearchAction","target":{"@type":"EntryPoint","urlTemplate":"https:\/\/www.sarahmo.be\/fr\/?s={search_term_string}"},"query-input":{"@type":"PropertyValueSpecification","valueRequired":true,"valueName":"search_term_string"}}],"inLanguage":"fr-FR"},{"@type":"Organization","@id":"https:\/\/www.sarahmo.be\/fr\/#organization","name":"Sarah Mo Landelijke meubelen en verlichting","url":"https:\/\/www.sarahmo.be\/fr\/","logo":{"@type":"ImageObject","inLanguage":"fr-FR","@id":"https:\/\/www.sarahmo.be\/fr\/#\/schema\/logo\/image\/","url":"https:\/\/www.sarahmo.be\/site\/wp-content\/uploads\/logo-dark.png","contentUrl":"https:\/\/www.sarahmo.be\/site\/wp-content\/uploads\/logo-dark.png","width":1025,"height":120,"caption":"Sarah Mo Landelijke meubelen en verlichting"},"image":{"@id":"https:\/\/www.sarahmo.be\/fr\/#\/schema\/logo\/image\/"},"sameAs":["https:\/\/www.facebook.com\/SarahMofurniturestore\/"]}]}},"_links":{"self":[{"href":"https:\/\/www.sarahmo.be\/fr\/wp-json\/wp\/v2\/pages\/24152","targetHints":{"allow":["GET"]}}],"collection":[{"href":"https:\/\/www.sarahmo.be\/fr\/wp-json\/wp\/v2\/pages"}],"about":[{"href":"https:\/\/www.sarahmo.be\/fr\/wp-json\/wp\/v2\/types\/page"}],"author":[{"embeddable":true,"href":"https:\/\/www.sarahmo.be\/fr\/wp-json\/wp\/v2\/users\/185"}],"replies":[{"embeddable":true,"href":"https:\/\/www.sarahmo.be\/fr\/wp-json\/wp\/v2\/comments?post=24152"}],"version-history":[{"count":0,"href":"https:\/\/www.sarahmo.be\/fr\/wp-json\/wp\/v2\/pages\/24152\/revisions"}],"wp:attachment":[{"href":"https:\/\/www.sarahmo.be\/fr\/wp-json\/wp\/v2\/media?parent=24152"}],"curies":[{"name":"wp","href":"https:\/\/api.w.org\/{rel}","templated":true}]}}