{"id":24182,"date":"2025-08-01T12:42:31","date_gmt":"2025-08-01T10:42:31","guid":{"rendered":"https:\/\/www.sarahmo.be\/?page_id=24182"},"modified":"2025-08-01T12:42:31","modified_gmt":"2025-08-01T10:42:31","slug":"collection-rafal","status":"publish","type":"page","link":"https:\/\/www.sarahmo.be\/fr\/collection-rafal\/","title":{"rendered":"Collection Rafal"},"content":{"rendered":"<div class=\"wpb-content-wrapper\"><p>[vc_row][vc_column][vc_column_text css=\u00a0\u00bb\u00a0\u00bb woodmart_inline=\u00a0\u00bbno\u00a0\u00bb text_larger=\u00a0\u00bbno\u00a0\u00bb]<\/p>\n<h1>Collection Rafal<\/h1>\n<p>&nbsp;<\/p>\n<h3 data-start=\"211\" data-end=\"715\"><strong data-start=\"211\" data-end=\"329\">Design intemporel avec une touche moderne\u00a0: d\u00e9couvrez la collection Rafal<\/strong><\/h3>\n<p data-start=\"258\" data-end=\"606\">\u00c9pur\u00e9e, naturelle et pens\u00e9e dans les moindres d\u00e9tails. La collection <strong data-start=\"327\" data-end=\"336\">Rafal<\/strong> associe le ch\u00eane \u00e0 des finitions subtiles en m\u00e9tal. Rainures \u00e9l\u00e9gantes, d\u00e9coupes soign\u00e9es, pi\u00e8tements m\u00e9talliques fins\u2026 chaque meuble respire la s\u00e9r\u00e9nit\u00e9 et le raffinement.<br data-start=\"509\" data-end=\"512\" \/>Parfaite pour ceux qui aiment un espace de vie chaleureux, contemporain et plein de caract\u00e8re.<\/p>\n<p data-start=\"608\" data-end=\"732\">Du buffet \u00e0 la table \u00e0 manger, <strong data-start=\"639\" data-end=\"648\">Rafal<\/strong> trace une ligne sobre et \u00e9l\u00e9gante dans votre int\u00e9rieur \u2014 sans jamais en faire trop.<\/p>\n<p data-start=\"734\" data-end=\"806\"><strong data-start=\"734\" data-end=\"743\">Rafal<\/strong>, c\u2019est l\u2019alliance parfaite entre bois naturel et design \u00e9pur\u00e9<\/p>\n<p>[\/vc_column_text][\/vc_column][\/vc_row][vc_row][vc_column][vc_column_text css=\u00a0\u00bb\u00a0\u00bb woodmart_inline=\u00a0\u00bbno\u00a0\u00bb text_larger=\u00a0\u00bbno\u00a0\u00bb]<\/p>\n<p>&nbsp;<\/p>\n<p>&nbsp;<\/p>\n<p>[\/vc_column_text][\/vc_column][\/vc_row][vc_row][vc_column width=\u00a0\u00bb1\/4&Prime;][vc_single_image image=\u00a0\u00bb23157&Prime; img_size=\u00a0\u00bb450&#215;450&Prime; alignment=\u00a0\u00bbcenter\u00a0\u00bb css=\u00a0\u00bb\u00a0\u00bb parallax_scroll=\u00a0\u00bbno\u00a0\u00bb woodmart_inline=\u00a0\u00bbno\u00a0\u00bb][\/vc_column][vc_column width=\u00a0\u00bb3\/4&Prime;][vc_column_text css=\u00a0\u00bb\u00a0\u00bb woodmart_inline=\u00a0\u00bbno\u00a0\u00bb text_larger=\u00a0\u00bbno\u00a0\u00bb]<\/p>\n<h2>Armoire bar \u00e9l\u00e9gante Rafal en ch\u00eane<\/h2>\n<p data-start=\"234\" data-end=\"582\">L\u2019armoire bar <strong data-start=\"248\" data-end=\"257\">Rafal<\/strong> marie finesse moderne et charme naturel. Con\u00e7ue en ch\u00eane et subtilement rehauss\u00e9e de rainures verticales, elle d\u00e9gage une impression de calme et d\u2019\u00e9l\u00e9gance. Les pieds fins en m\u00e9tal noir all\u00e8gent visuellement la silhouette, tandis que les panneaux lat\u00e9raux et le plateau sup\u00e9rieur noirs cr\u00e9ent un contraste graphique affirm\u00e9.<\/p>\n<p data-start=\"584\" data-end=\"822\">Les portes s\u2019ouvrent sur des compartiments spacieux avec \u00e9tag\u00e8res r\u00e9glables \u2013 id\u00e9ales pour verres, vaisselle ou objets d\u00e9co.<br data-start=\"708\" data-end=\"711\" \/><strong data-start=\"711\" data-end=\"720\">Rafal<\/strong> s\u2019int\u00e8gre parfaitement dans un int\u00e9rieur contemporain ou scandinave, o\u00f9 simplicit\u00e9 rime avec chaleur.<\/p>\n<p><strong data-start=\"496\" data-end=\"529\">Dimensions : 111 x 45 x 165\u202fH<\/strong><\/p>\n<p>RAF 113<\/p>\n<p data-start=\"97\" data-end=\"438\"><strong data-start=\"410\" data-end=\"438\">Prix conseill\u00e9 : 1695 \u20ac<\/strong><\/p>\n<p>[\/vc_column_text][\/vc_column][\/vc_row][vc_row][vc_column][vc_column_text css=\u00a0\u00bb\u00a0\u00bb woodmart_inline=\u00a0\u00bbno\u00a0\u00bb text_larger=\u00a0\u00bbno\u00a0\u00bb]<\/p>\n<p>&nbsp;<\/p>\n<p>&nbsp;<\/p>\n<p>[\/vc_column_text][\/vc_column][\/vc_row][vc_row][vc_column width=\u00a0\u00bb1\/4&Prime;][vc_single_image image=\u00a0\u00bb23153&Prime; img_size=\u00a0\u00bb450&#215;450&Prime; css=\u00a0\u00bb\u00a0\u00bb parallax_scroll=\u00a0\u00bbno\u00a0\u00bb woodmart_inline=\u00a0\u00bbno\u00a0\u00bb][\/vc_column][vc_column width=\u00a0\u00bb3\/4&Prime;][vc_column_text css=\u00a0\u00bb\u00a0\u00bb woodmart_inline=\u00a0\u00bbno\u00a0\u00bb text_larger=\u00a0\u00bbno\u00a0\u00bb]<\/p>\n<h2>Buffet Rafal \u2013 design \u00e9pur\u00e9, l\u00e9ger et intemporel en ch\u00eane<\/h2>\n<p data-start=\"278\" data-end=\"544\">Ce buffet bas de la collection <strong data-start=\"309\" data-end=\"318\">Rafal<\/strong> marie design moderne et mat\u00e9riaux chaleureux. R\u00e9alis\u00e9 en ch\u00eane naturel, il se distingue par ses rainures verticales, ses panneaux lat\u00e9raux en m\u00e9tal noir et ses pieds fins \u2013 un ensemble \u00e0 la fois \u00e9l\u00e9gant et visuellement l\u00e9ger.<\/p>\n<p data-start=\"546\" data-end=\"786\">Derri\u00e8re ses lignes sobres se cache un bel espace de rangement\u00a0: trois grands tiroirs et deux compartiments avec \u00e9tag\u00e8res r\u00e9glables. Id\u00e9al pour la vaisselle, le linge de table ou les objets du quotidien que vous pr\u00e9f\u00e9rez garder hors de vue.<\/p>\n<p><br data-start=\"426\" data-end=\"429\" \/><strong data-start=\"429\" data-end=\"462\">Dimensions : 221 x 45 x 95\u202fH<\/strong><\/p>\n<p>RAF 110<\/p>\n<p data-start=\"97\" data-end=\"438\"><strong data-start=\"410\" data-end=\"438\">Prix conseill\u00e9 : 1 695\u202f\u20ac<\/strong><\/p>\n<p>[\/vc_column_text][\/vc_column][\/vc_row][vc_row][vc_column][vc_column_text css=\u00a0\u00bb\u00a0\u00bb woodmart_inline=\u00a0\u00bbno\u00a0\u00bb text_larger=\u00a0\u00bbno\u00a0\u00bb]<\/p>\n<p>&nbsp;<\/p>\n<p>&nbsp;<\/p>\n<p>[\/vc_column_text][\/vc_column][\/vc_row][vc_row][vc_column width=\u00a0\u00bb1\/4&Prime;][vc_single_image image=\u00a0\u00bb24183&Prime; img_size=\u00a0\u00bb450&#215;450&Prime; alignment=\u00a0\u00bbcenter\u00a0\u00bb css=\u00a0\u00bb\u00a0\u00bb parallax_scroll=\u00a0\u00bbno\u00a0\u00bb woodmart_inline=\u00a0\u00bbno\u00a0\u00bb][\/vc_column][vc_column width=\u00a0\u00bb3\/4&Prime;][vc_column_text css=\u00a0\u00bb\u00a0\u00bb woodmart_inline=\u00a0\u00bbno\u00a0\u00bb text_larger=\u00a0\u00bbno\u00a0\u00bb]<\/p>\n<h2>Meuble TV Rafal \u2013 design \u00e9pur\u00e9 et chaleur du ch\u00eane<\/h2>\n<p data-start=\"263\" data-end=\"522\">Ce meuble TV minimaliste de la collection <strong data-start=\"305\" data-end=\"314\">Rafal<\/strong> associe le noir contemporain \u00e0 la chaleur du ch\u00eane naturel. Les rainures verticales apportent du caract\u00e8re aux portes, tandis que le pi\u00e8tement m\u00e9tallique fin donne \u00e0 l\u2019ensemble une allure l\u00e9g\u00e8re et \u00e9l\u00e9gante.<\/p>\n<p data-start=\"524\" data-end=\"701\"><strong data-start=\"524\" data-end=\"557\">Disponible en deux largeurs\u00a0:<\/strong><br data-start=\"557\" data-end=\"560\" \/>\u2013 <strong data-start=\"562\" data-end=\"572\">166 cm<\/strong> \u2013 id\u00e9al pour les espaces de vie plus compacts<br data-start=\"618\" data-end=\"621\" \/>\u2013 <strong data-start=\"623\" data-end=\"633\">221 cm<\/strong> \u2013 pour ceux qui souhaitent plus de rangement ou un \u00e9cran plus large<\/p>\n<p data-start=\"703\" data-end=\"918\">Derri\u00e8re les quatre portes, vous trouverez de vastes compartiments pour vos \u00e9quipements multim\u00e9dias, c\u00e2bles ou livres. Le plateau sup\u00e9rieur noir ajoute une touche graphique et r\u00e9siste aux rayures comme \u00e0 la chaleur.<\/p>\n<p data-start=\"920\" data-end=\"1104\">Parfait pour ceux qui aiment\u00a0:<br data-start=\"950\" data-end=\"953\" \/>\u2714\ufe0f un style \u00e0 la fois contemporain et intemporel<br data-start=\"1001\" data-end=\"1004\" \/>\u2714\ufe0f le bois chaleureux associ\u00e9 au noir graphique<br data-start=\"1051\" data-end=\"1054\" \/>\u2714\ufe0f un rangement fonctionnel sans d\u00e9sordre apparent<\/p>\n<p><strong data-start=\"432\" data-end=\"464\">Dimensions : 166 x 45 x 55\u202fH<\/strong><\/p>\n<p>RAF 133<\/p>\n<p><strong>Prix conseill\u00e9<\/strong> :\u00a0 895\u202f\u20ac[\/vc_column_text][\/vc_column][\/vc_row][vc_row][vc_column][vc_column_text css=\u00a0\u00bb\u00a0\u00bb woodmart_inline=\u00a0\u00bbno\u00a0\u00bb text_larger=\u00a0\u00bbno\u00a0\u00bb]<\/p>\n<p>&nbsp;<\/p>\n<p>&nbsp;<\/p>\n<p>[\/vc_column_text][\/vc_column][\/vc_row][vc_row][vc_column width=\u00a0\u00bb1\/4&Prime;][vc_single_image image=\u00a0\u00bb23160&Prime; img_size=\u00a0\u00bb450&#215;450&Prime; alignment=\u00a0\u00bbcenter\u00a0\u00bb css=\u00a0\u00bb\u00a0\u00bb parallax_scroll=\u00a0\u00bbno\u00a0\u00bb woodmart_inline=\u00a0\u00bbno\u00a0\u00bb][\/vc_column][vc_column width=\u00a0\u00bb3\/4&Prime;][vc_column_text css=\u00a0\u00bb\u00a0\u00bb woodmart_inline=\u00a0\u00bbno\u00a0\u00bb text_larger=\u00a0\u00bbno\u00a0\u00bb]<\/p>\n<h2 data-start=\"263\" data-end=\"522\">Meuble TV Rafal \u2013 design \u00e9pur\u00e9 et chaleur du ch\u00eane<\/h2>\n<p data-start=\"263\" data-end=\"522\">Ce meuble TV minimaliste de la collection <strong data-start=\"305\" data-end=\"314\">Rafal<\/strong> associe le noir contemporain \u00e0 la chaleur du ch\u00eane naturel. Les rainures verticales apportent du caract\u00e8re aux portes, tandis que le pi\u00e8tement m\u00e9tallique fin donne \u00e0 l\u2019ensemble une allure l\u00e9g\u00e8re et \u00e9l\u00e9gante.<\/p>\n<p data-start=\"524\" data-end=\"701\"><strong data-start=\"524\" data-end=\"557\">Disponible en deux largeurs\u00a0:<\/strong><br data-start=\"557\" data-end=\"560\" \/>\u2013 <strong data-start=\"562\" data-end=\"572\">166 cm<\/strong> \u2013 id\u00e9al pour les espaces de vie plus compacts<br data-start=\"618\" data-end=\"621\" \/>\u2013 <strong data-start=\"623\" data-end=\"633\">221 cm<\/strong> \u2013 pour ceux qui souhaitent plus de rangement ou un \u00e9cran plus large<\/p>\n<p data-start=\"703\" data-end=\"918\">Derri\u00e8re les quatre portes, vous trouverez de vastes compartiments pour vos \u00e9quipements multim\u00e9dias, c\u00e2bles ou livres. Le plateau sup\u00e9rieur noir ajoute une touche graphique et r\u00e9siste aux rayures comme \u00e0 la chaleur.<\/p>\n<p data-start=\"920\" data-end=\"1104\">Parfait pour ceux qui aiment\u00a0:<br data-start=\"950\" data-end=\"953\" \/>\u2714\ufe0f un style \u00e0 la fois contemporain et intemporel<br data-start=\"1001\" data-end=\"1004\" \/>\u2714\ufe0f le bois chaleureux associ\u00e9 au noir graphique<br data-start=\"1051\" data-end=\"1054\" \/>\u2714\ufe0f un rangement fonctionnel sans d\u00e9sordre apparent<\/p>\n<p><br data-start=\"461\" data-end=\"464\" \/><strong data-start=\"464\" data-end=\"497\">Dimensions : 224 x 45 x 55\u202fH<\/strong><\/p>\n<p><span data-start=\"503\" data-end=\"529\">RAF 144<\/span><\/p>\n<p><strong data-start=\"503\" data-end=\"529\">Prix conseill\u00e9 : 1 195\u202f\u20ac<\/strong>[\/vc_column_text][\/vc_column][\/vc_row][vc_row][vc_column][vc_column_text css=\u00a0\u00bb\u00a0\u00bb woodmart_inline=\u00a0\u00bbno\u00a0\u00bb text_larger=\u00a0\u00bbno\u00a0\u00bb]<\/p>\n<p>&nbsp;<\/p>\n<p>&nbsp;<\/p>\n<p>[\/vc_column_text][\/vc_column][\/vc_row][vc_row][vc_column width=\u00a0\u00bb1\/4&Prime;][vc_single_image image=\u00a0\u00bb23163&Prime; img_size=\u00a0\u00bb450&#215;450&Prime; alignment=\u00a0\u00bbcenter\u00a0\u00bb css=\u00a0\u00bb\u00a0\u00bb parallax_scroll=\u00a0\u00bbno\u00a0\u00bb woodmart_inline=\u00a0\u00bbno\u00a0\u00bb][\/vc_column][vc_column width=\u00a0\u00bb3\/4&Prime;][vc_column_text css=\u00a0\u00bb\u00a0\u00bb woodmart_inline=\u00a0\u00bbno\u00a0\u00bb text_larger=\u00a0\u00bbno\u00a0\u00bb]<\/p>\n<h2 data-start=\"193\" data-end=\"248\"><strong data-start=\"193\" data-end=\"248\">Table \u00e0 manger Rafal \u2013 \u00e9pur\u00e9e, raffin\u00e9e &amp; modulable<\/strong><\/h2>\n<p data-start=\"250\" data-end=\"477\">Cette table \u00e0 manger minimaliste de la collection <strong data-start=\"300\" data-end=\"309\">Rafal<\/strong> apporte de la l\u00e9g\u00e8ret\u00e9 \u00e0 votre int\u00e9rieur. Son plateau en placage ch\u00eane naturel, visuellement fin, contraste joliment avec les pieds noirs en m\u00e9tal au style industriel.<\/p>\n<p data-start=\"479\" data-end=\"629\"><strong data-start=\"479\" data-end=\"506\">Deux formats au choix\u00a0:<\/strong><br data-start=\"506\" data-end=\"509\" \/>\u2013 <strong data-start=\"511\" data-end=\"527\">200 \u00d7 100 cm<\/strong> \u2013 confortable pour 6 personnes<br data-start=\"558\" data-end=\"561\" \/>\u2013 <strong data-start=\"563\" data-end=\"593\">Extensible de 200 \u00e0 300 cm<\/strong> \u2013 l\u2019espace id\u00e9al quand vous recevez<\/p>\n<p data-start=\"631\" data-end=\"767\">La version extensible est discr\u00e8tement con\u00e7ue\u00a0: elle conserve ses lignes nettes, tout en restant stable, solide et \u00e9tonnamment \u00e9l\u00e9gante.<\/p>\n<p data-start=\"769\" data-end=\"906\"><strong data-start=\"769\" data-end=\"785\">Ses atouts\u00a0:<\/strong><br data-start=\"785\" data-end=\"788\" \/>\u2714\ufe0f design intemporel avec une touche contemporaine<br data-start=\"838\" data-end=\"841\" \/>\u2714\ufe0f plus de place en un clin d\u2019\u0153il<br data-start=\"874\" data-end=\"877\" \/>\u2714\ufe0f chaleur naturelle du ch\u00eane<\/p>\n<p><strong data-start=\"490\" data-end=\"538\">Dimensions : 200 x 100 x 76 h<\/strong><\/p>\n<p>RAF 200<br data-start=\"487\" data-end=\"490\" \/><br data-start=\"538\" data-end=\"541\" \/><strong data-start=\"544\" data-end=\"570\">Prix conseill\u00e9 : 995\u202f\u20ac<\/strong>[\/vc_column_text][\/vc_column][\/vc_row][vc_row][vc_column][vc_column_text css=\u00a0\u00bb\u00a0\u00bb woodmart_inline=\u00a0\u00bbno\u00a0\u00bb text_larger=\u00a0\u00bbno\u00a0\u00bb]<\/p>\n<p>&nbsp;<\/p>\n<p>&nbsp;<\/p>\n<p>[\/vc_column_text][\/vc_column][\/vc_row][vc_row][vc_column][vc_column_text css=\u00a0\u00bb\u00a0\u00bb woodmart_inline=\u00a0\u00bbno\u00a0\u00bb text_larger=\u00a0\u00bbno\u00a0\u00bb]<\/p>\n<p>&nbsp;<\/p>\n<p>&nbsp;<\/p>\n<p>[\/vc_column_text][\/vc_column][\/vc_row][vc_row][vc_column][vc_column_text css=\u00a0\u00bb\u00a0\u00bb woodmart_inline=\u00a0\u00bbno\u00a0\u00bb text_larger=\u00a0\u00bbno\u00a0\u00bb]<\/p>\n<h3 data-start=\"193\" data-end=\"266\"><\/h3>\n<h3 data-start=\"193\" data-end=\"266\"><\/h3>\n<h3 data-start=\"271\" data-end=\"352\"><strong data-start=\"271\" data-end=\"352\">Meubles design en ch\u00eane \u2013 collection Rafal disponible chez Sarah Mo \u00e0 Hasselt<\/strong><\/h3>\n<p data-start=\"354\" data-end=\"700\">Vous recherchez des meubles en ch\u00eane au design moderne\u00a0? La <strong data-start=\"414\" data-end=\"434\">collection Rafal<\/strong> allie \u00e9l\u00e9gance intemporelle, bois naturel et finitions m\u00e9talliques raffin\u00e9es. Tables \u00e0 manger en ch\u00eane, meubles TV avec rainures verticales, buffets styl\u00e9s et armoires bar avec pi\u00e8tement en m\u00e9tal noir\u00a0: chaque pi\u00e8ce apporte caract\u00e8re et \u00e9quilibre \u00e0 votre int\u00e9rieur.<\/p>\n<p data-start=\"702\" data-end=\"1000\">Tous les meubles Rafal sont \u00e0 d\u00e9couvrir dans notre <strong data-start=\"753\" data-end=\"785\">magasin de meubles \u00e0 Hasselt<\/strong>, o\u00f9 vous pouvez voir, toucher et comparer. Appr\u00e9ciez la qualit\u00e9 du ch\u00eane massif, les d\u00e9tails fonctionnels et le design \u00e9pur\u00e9, parfaitement adapt\u00e9 aux int\u00e9rieurs <strong data-start=\"947\" data-end=\"999\">modernes, scandinaves ou rustiques contemporains<\/strong>.<\/p>\n<p data-start=\"1002\" data-end=\"1226\">Rendez-nous visite chez <strong data-start=\"1026\" data-end=\"1046\">Sarah Mo Hasselt<\/strong>, votre sp\u00e9cialiste en <strong data-start=\"1069\" data-end=\"1109\">meubles en ch\u00eane au style intemporel<\/strong>.<br data-start=\"1110\" data-end=\"1113\" \/>\u2713 Conseils personnalis\u00e9s<br data-start=\"1137\" data-end=\"1140\" \/>\u2713 Options sur mesure disponibles<br data-start=\"1172\" data-end=\"1175\" \/>\u2713 Grand showroom avec collections compl\u00e8tes \u00e0 vivre<\/p>\n<p>[\/vc_column_text][\/vc_column][\/vc_row][vc_row][vc_column][vc_column_text css=\u00a0\u00bb\u00a0\u00bb woodmart_inline=\u00a0\u00bbno\u00a0\u00bb text_larger=\u00a0\u00bbno\u00a0\u00bb]<\/p>\n<p>&nbsp;<\/p>\n<p>&nbsp;<\/p>\n<p>[\/vc_column_text][\/vc_column][\/vc_row][vc_row][vc_column width=\u00a0\u00bb1\/3&Prime;][vc_single_image image=\u00a0\u00bb22767&Prime; img_size=\u00a0\u00bb450&#215;450&Prime; alignment=\u00a0\u00bbcenter\u00a0\u00bb style=\u00a0\u00bbvc_box_circle_2&Prime; onclick=\u00a0\u00bbzoom\u00a0\u00bb css=\u00a0\u00bb\u00a0\u00bb parallax_scroll=\u00a0\u00bbno\u00a0\u00bb woodmart_inline=\u00a0\u00bbno\u00a0\u00bb][\/vc_column][vc_column width=\u00a0\u00bb1\/3&Prime;][vc_single_image image=\u00a0\u00bb22569&Prime; img_size=\u00a0\u00bb450&#215;450&Prime; alignment=\u00a0\u00bbcenter\u00a0\u00bb style=\u00a0\u00bbvc_box_circle_2&Prime; onclick=\u00a0\u00bbzoom\u00a0\u00bb css=\u00a0\u00bb\u00a0\u00bb parallax_scroll=\u00a0\u00bbno\u00a0\u00bb woodmart_inline=\u00a0\u00bbno\u00a0\u00bb][\/vc_column][vc_column width=\u00a0\u00bb1\/3&Prime;][vc_single_image image=\u00a0\u00bb22769&Prime; img_size=\u00a0\u00bb450&#215;450&Prime; alignment=\u00a0\u00bbcenter\u00a0\u00bb style=\u00a0\u00bbvc_box_circle_2&Prime; onclick=\u00a0\u00bbzoom\u00a0\u00bb css=\u00a0\u00bb\u00a0\u00bb parallax_scroll=\u00a0\u00bbno\u00a0\u00bb woodmart_inline=\u00a0\u00bbno\u00a0\u00bb][\/vc_column][\/vc_row]<\/p>\n<\/div>","protected":false},"excerpt":{"rendered":"<p>[vc_row][vc_column][vc_column_text css=\u00a0\u00bb\u00a0\u00bb woodmart_inline=\u00a0\u00bbno\u00a0\u00bb text_larger=\u00a0\u00bbno\u00a0\u00bb] Collection Rafal &nbsp; Design intemporel avec une touche moderne\u00a0: d\u00e9couvrez la collection Rafal \u00c9pur\u00e9e, naturelle et<\/p>\n","protected":false},"author":185,"featured_media":0,"parent":0,"menu_order":0,"comment_status":"closed","ping_status":"closed","template":"","meta":{"footnotes":""},"class_list":["post-24182","page","type-page","status-publish","hentry"],"yoast_head":"<!-- This site is optimized with the Yoast SEO plugin v27.3 - https:\/\/yoast.com\/product\/yoast-seo-wordpress\/ -->\n<title>Sarah Mo - Collection Rafal<\/title>\n<meta name=\"robots\" content=\"index, follow, max-snippet:-1, max-image-preview:large, max-video-preview:-1\" \/>\n<link rel=\"canonical\" href=\"https:\/\/www.sarahmo.be\/fr\/collection-rafal\/\" \/>\n<meta property=\"og:locale\" content=\"fr_FR\" \/>\n<meta property=\"og:type\" content=\"article\" \/>\n<meta property=\"og:title\" content=\"Sarah Mo - Collection Rafal\" \/>\n<meta property=\"og:description\" content=\"[vc_row][vc_column][vc_column_text css=\u00a0\u00bb\u00a0\u00bb woodmart_inline=\u00a0\u00bbno\u00a0\u00bb text_larger=\u00a0\u00bbno\u00a0\u00bb] Collection Rafal &nbsp; Design intemporel avec une touche moderne\u00a0: d\u00e9couvrez la collection Rafal \u00c9pur\u00e9e, naturelle et\" \/>\n<meta property=\"og:url\" content=\"https:\/\/www.sarahmo.be\/fr\/collection-rafal\/\" \/>\n<meta property=\"og:site_name\" content=\"Sarah Mo\" \/>\n<meta property=\"article:publisher\" content=\"https:\/\/www.facebook.com\/SarahMofurniturestore\/\" \/>\n<meta name=\"twitter:card\" content=\"summary_large_image\" \/>\n<meta name=\"twitter:label1\" content=\"Dur\u00e9e de lecture estim\u00e9e\" \/>\n\t<meta name=\"twitter:data1\" content=\"7 minutes\" \/>\n<script type=\"application\/ld+json\" class=\"yoast-schema-graph\">{\"@context\":\"https:\\\/\\\/schema.org\",\"@graph\":[{\"@type\":\"WebPage\",\"@id\":\"https:\\\/\\\/www.sarahmo.be\\\/fr\\\/collection-rafal\\\/\",\"url\":\"https:\\\/\\\/www.sarahmo.be\\\/fr\\\/collection-rafal\\\/\",\"name\":\"Sarah Mo - Collection Rafal\",\"isPartOf\":{\"@id\":\"https:\\\/\\\/www.sarahmo.be\\\/fr\\\/#website\"},\"datePublished\":\"2025-08-01T10:42:31+00:00\",\"breadcrumb\":{\"@id\":\"https:\\\/\\\/www.sarahmo.be\\\/fr\\\/collection-rafal\\\/#breadcrumb\"},\"inLanguage\":\"fr-FR\",\"potentialAction\":[{\"@type\":\"ReadAction\",\"target\":[\"https:\\\/\\\/www.sarahmo.be\\\/fr\\\/collection-rafal\\\/\"]}]},{\"@type\":\"BreadcrumbList\",\"@id\":\"https:\\\/\\\/www.sarahmo.be\\\/fr\\\/collection-rafal\\\/#breadcrumb\",\"itemListElement\":[{\"@type\":\"ListItem\",\"position\":1,\"name\":\"Accueil\",\"item\":\"https:\\\/\\\/www.sarahmo.be\\\/fr\\\/\"},{\"@type\":\"ListItem\",\"position\":2,\"name\":\"Collection Rafal\"}]},{\"@type\":\"WebSite\",\"@id\":\"https:\\\/\\\/www.sarahmo.be\\\/fr\\\/#website\",\"url\":\"https:\\\/\\\/www.sarahmo.be\\\/fr\\\/\",\"name\":\"Sarah Mo\",\"description\":\"Sp\u00e9cialiste du style campagne intemporel\",\"publisher\":{\"@id\":\"https:\\\/\\\/www.sarahmo.be\\\/fr\\\/#organization\"},\"potentialAction\":[{\"@type\":\"SearchAction\",\"target\":{\"@type\":\"EntryPoint\",\"urlTemplate\":\"https:\\\/\\\/www.sarahmo.be\\\/fr\\\/?s={search_term_string}\"},\"query-input\":{\"@type\":\"PropertyValueSpecification\",\"valueRequired\":true,\"valueName\":\"search_term_string\"}}],\"inLanguage\":\"fr-FR\"},{\"@type\":\"Organization\",\"@id\":\"https:\\\/\\\/www.sarahmo.be\\\/fr\\\/#organization\",\"name\":\"Sarah Mo Landelijke meubelen en verlichting\",\"url\":\"https:\\\/\\\/www.sarahmo.be\\\/fr\\\/\",\"logo\":{\"@type\":\"ImageObject\",\"inLanguage\":\"fr-FR\",\"@id\":\"https:\\\/\\\/www.sarahmo.be\\\/fr\\\/#\\\/schema\\\/logo\\\/image\\\/\",\"url\":\"https:\\\/\\\/www.sarahmo.be\\\/site\\\/wp-content\\\/uploads\\\/logo-dark.png\",\"contentUrl\":\"https:\\\/\\\/www.sarahmo.be\\\/site\\\/wp-content\\\/uploads\\\/logo-dark.png\",\"width\":1025,\"height\":120,\"caption\":\"Sarah Mo Landelijke meubelen en verlichting\"},\"image\":{\"@id\":\"https:\\\/\\\/www.sarahmo.be\\\/fr\\\/#\\\/schema\\\/logo\\\/image\\\/\"},\"sameAs\":[\"https:\\\/\\\/www.facebook.com\\\/SarahMofurniturestore\\\/\"]}]}<\/script>\n<!-- \/ Yoast SEO plugin. -->","yoast_head_json":{"title":"Sarah Mo - Collection Rafal","robots":{"index":"index","follow":"follow","max-snippet":"max-snippet:-1","max-image-preview":"max-image-preview:large","max-video-preview":"max-video-preview:-1"},"canonical":"https:\/\/www.sarahmo.be\/fr\/collection-rafal\/","og_locale":"fr_FR","og_type":"article","og_title":"Sarah Mo - Collection Rafal","og_description":"[vc_row][vc_column][vc_column_text css=\u00a0\u00bb\u00a0\u00bb woodmart_inline=\u00a0\u00bbno\u00a0\u00bb text_larger=\u00a0\u00bbno\u00a0\u00bb] Collection Rafal &nbsp; Design intemporel avec une touche moderne\u00a0: d\u00e9couvrez la collection Rafal \u00c9pur\u00e9e, naturelle et","og_url":"https:\/\/www.sarahmo.be\/fr\/collection-rafal\/","og_site_name":"Sarah Mo","article_publisher":"https:\/\/www.facebook.com\/SarahMofurniturestore\/","twitter_card":"summary_large_image","twitter_misc":{"Dur\u00e9e de lecture estim\u00e9e":"7 minutes"},"schema":{"@context":"https:\/\/schema.org","@graph":[{"@type":"WebPage","@id":"https:\/\/www.sarahmo.be\/fr\/collection-rafal\/","url":"https:\/\/www.sarahmo.be\/fr\/collection-rafal\/","name":"Sarah Mo - Collection Rafal","isPartOf":{"@id":"https:\/\/www.sarahmo.be\/fr\/#website"},"datePublished":"2025-08-01T10:42:31+00:00","breadcrumb":{"@id":"https:\/\/www.sarahmo.be\/fr\/collection-rafal\/#breadcrumb"},"inLanguage":"fr-FR","potentialAction":[{"@type":"ReadAction","target":["https:\/\/www.sarahmo.be\/fr\/collection-rafal\/"]}]},{"@type":"BreadcrumbList","@id":"https:\/\/www.sarahmo.be\/fr\/collection-rafal\/#breadcrumb","itemListElement":[{"@type":"ListItem","position":1,"name":"Accueil","item":"https:\/\/www.sarahmo.be\/fr\/"},{"@type":"ListItem","position":2,"name":"Collection Rafal"}]},{"@type":"WebSite","@id":"https:\/\/www.sarahmo.be\/fr\/#website","url":"https:\/\/www.sarahmo.be\/fr\/","name":"Sarah Mo","description":"Sp\u00e9cialiste du style campagne intemporel","publisher":{"@id":"https:\/\/www.sarahmo.be\/fr\/#organization"},"potentialAction":[{"@type":"SearchAction","target":{"@type":"EntryPoint","urlTemplate":"https:\/\/www.sarahmo.be\/fr\/?s={search_term_string}"},"query-input":{"@type":"PropertyValueSpecification","valueRequired":true,"valueName":"search_term_string"}}],"inLanguage":"fr-FR"},{"@type":"Organization","@id":"https:\/\/www.sarahmo.be\/fr\/#organization","name":"Sarah Mo Landelijke meubelen en verlichting","url":"https:\/\/www.sarahmo.be\/fr\/","logo":{"@type":"ImageObject","inLanguage":"fr-FR","@id":"https:\/\/www.sarahmo.be\/fr\/#\/schema\/logo\/image\/","url":"https:\/\/www.sarahmo.be\/site\/wp-content\/uploads\/logo-dark.png","contentUrl":"https:\/\/www.sarahmo.be\/site\/wp-content\/uploads\/logo-dark.png","width":1025,"height":120,"caption":"Sarah Mo Landelijke meubelen en verlichting"},"image":{"@id":"https:\/\/www.sarahmo.be\/fr\/#\/schema\/logo\/image\/"},"sameAs":["https:\/\/www.facebook.com\/SarahMofurniturestore\/"]}]}},"_links":{"self":[{"href":"https:\/\/www.sarahmo.be\/fr\/wp-json\/wp\/v2\/pages\/24182","targetHints":{"allow":["GET"]}}],"collection":[{"href":"https:\/\/www.sarahmo.be\/fr\/wp-json\/wp\/v2\/pages"}],"about":[{"href":"https:\/\/www.sarahmo.be\/fr\/wp-json\/wp\/v2\/types\/page"}],"author":[{"embeddable":true,"href":"https:\/\/www.sarahmo.be\/fr\/wp-json\/wp\/v2\/users\/185"}],"replies":[{"embeddable":true,"href":"https:\/\/www.sarahmo.be\/fr\/wp-json\/wp\/v2\/comments?post=24182"}],"version-history":[{"count":0,"href":"https:\/\/www.sarahmo.be\/fr\/wp-json\/wp\/v2\/pages\/24182\/revisions"}],"wp:attachment":[{"href":"https:\/\/www.sarahmo.be\/fr\/wp-json\/wp\/v2\/media?parent=24182"}],"curies":[{"name":"wp","href":"https:\/\/api.w.org\/{rel}","templated":true}]}}