{"id":24187,"date":"2025-08-04T15:17:39","date_gmt":"2025-08-04T13:17:39","guid":{"rendered":"https:\/\/www.sarahmo.be\/?page_id=24187"},"modified":"2025-08-04T15:17:39","modified_gmt":"2025-08-04T13:17:39","slug":"collection-nilson","status":"publish","type":"page","link":"https:\/\/www.sarahmo.be\/fr\/collection-nilson\/","title":{"rendered":"Collection Nilson"},"content":{"rendered":"<div class=\"wpb-content-wrapper\"><p>[vc_row][vc_column][vc_column_text css=\u00a0\u00bb\u00a0\u00bb woodmart_inline=\u00a0\u00bbno\u00a0\u00bb text_larger=\u00a0\u00bbno\u00a0\u00bb]<\/p>\n<h1>Collection Nilson<\/h1>\n<p>&nbsp;<\/p>\n<h2 data-start=\"394\" data-end=\"472\"><strong data-start=\"394\" data-end=\"472\">Collection Nilson : salle \u00e0 manger en teck au charme campagnard intemporel<\/strong><\/h2>\n<p data-start=\"474\" data-end=\"739\">Faites connaissance avec Nilson \u2013 notre collection de salle \u00e0 manger la plus intemporelle, fa\u00e7onn\u00e9e en teck massif. Chaque pi\u00e8ce respire l\u2019authenticit\u00e9, la s\u00e9r\u00e9nit\u00e9 et la chaleur. Une ambiance champ\u00eatre, oui\u2026 mais sans ringardise. Avec du caract\u00e8re. Avec du cachet.<\/p>\n<p data-start=\"741\" data-end=\"777\">La collection Nilson se compose de :<\/p>\n<ul data-start=\"779\" data-end=\"954\">\n<li data-start=\"779\" data-end=\"813\">\n<p data-start=\"781\" data-end=\"813\">buffets et dressoirs robustes,<\/p>\n<\/li>\n<li data-start=\"814\" data-end=\"878\">\n<p data-start=\"816\" data-end=\"878\">armoires hautes et basses avec portes vitr\u00e9es en m\u00e9tal noir,<\/p>\n<\/li>\n<li data-start=\"879\" data-end=\"954\">\n<p data-start=\"881\" data-end=\"954\">et une impressionnante table \u00e0 manger sur pi\u00e8tement crois\u00e9 en acier noir.<\/p>\n<\/li>\n<\/ul>\n<p data-start=\"956\" data-end=\"1148\">Des meubles faits pour la vie \u2013 en teck naturel, travaill\u00e9s avec soin pour conserver leur \u00e2me. Vous voyez les n\u0153uds. Vous sentez les veines du bois. Et la finition\u202f? Douce, mais jamais froide.<\/p>\n<h3 data-start=\"1150\" data-end=\"1192\"><strong data-start=\"1150\" data-end=\"1192\">Chaleur moderne, touche traditionnelle<\/strong><\/h3>\n<p data-start=\"1194\" data-end=\"1408\">Collection Nilson : le charme rural revisit\u00e9. Les d\u00e9tails sont pens\u00e9s, les proportions harmonieuses. Parfait pour celles et ceux qui aiment une salle \u00e0 manger conviviale, sans renoncer au design ni \u00e0 la durabilit\u00e9.<\/p>\n<p data-start=\"1410\" data-end=\"1550\">Ajoutez des accents chaleureux, une lumi\u00e8re tamis\u00e9e et des mat\u00e9riaux naturels \u2013 et votre pi\u00e8ce rayonne d\u2019\u00e9quilibre et de confort instantan\u00e9.<\/p>\n<p>[\/vc_column_text][\/vc_column][\/vc_row][vc_row][vc_column][vc_column_text css=\u00a0\u00bb\u00a0\u00bb woodmart_inline=\u00a0\u00bbno\u00a0\u00bb text_larger=\u00a0\u00bbno\u00a0\u00bb]<\/p>\n<p>&nbsp;<\/p>\n<p>&nbsp;<\/p>\n<p>[\/vc_column_text][\/vc_column][\/vc_row][vc_row][vc_column width=\u00a0\u00bb1\/4&Prime;][vc_single_image image=\u00a0\u00bb23141&Prime; img_size=\u00a0\u00bb450&#215;450&Prime; alignment=\u00a0\u00bbcenter\u00a0\u00bb css=\u00a0\u00bb\u00a0\u00bb parallax_scroll=\u00a0\u00bbno\u00a0\u00bb woodmart_inline=\u00a0\u00bbno\u00a0\u00bb][\/vc_column][vc_column width=\u00a0\u00bb3\/4&Prime;][vc_column_text css=\u00a0\u00bb\u00a0\u00bb woodmart_inline=\u00a0\u00bbno\u00a0\u00bb text_larger=\u00a0\u00bbno\u00a0\u00bb]<\/p>\n<h2 data-start=\"153\" data-end=\"204\"><strong data-start=\"153\" data-end=\"204\">Vitrine Nilson \u2013 teck de caract\u00e8re &amp; m\u00e9tal noir<\/strong><\/h2>\n<p data-start=\"206\" data-end=\"540\">Cette vitrine \u00e0 deux portes de la collection Nilson associe la chaleur du teck massif \u00e0 des accents industriels en m\u00e9tal noir. Les portes vitr\u00e9es au cadre en acier mettent en valeur votre plus belle vaisselle, tandis que l\u2019\u00e9clairage LED int\u00e9gr\u00e9 cr\u00e9e une ambiance feutr\u00e9e. En bas, des portes pleines offrent un bel espace de rangement.<\/p>\n<p><strong data-start=\"496\" data-end=\"529\">Dimensions : 120 x 42 x 225\u202fH<\/strong><\/p>\n<p>NIL 102<\/p>\n<p data-start=\"97\" data-end=\"438\"><strong data-start=\"410\" data-end=\"438\">Prix conseill\u00e9 : 1 495 \u20ac<\/strong><\/p>\n<p>[\/vc_column_text][\/vc_column][\/vc_row][vc_row][vc_column][vc_column_text css=\u00a0\u00bb\u00a0\u00bb woodmart_inline=\u00a0\u00bbno\u00a0\u00bb text_larger=\u00a0\u00bbno\u00a0\u00bb]<\/p>\n<p>&nbsp;<\/p>\n<p>&nbsp;<\/p>\n<p>[\/vc_column_text][\/vc_column][\/vc_row][vc_row][vc_column width=\u00a0\u00bb1\/4&Prime;][vc_single_image image=\u00a0\u00bb23132&Prime; img_size=\u00a0\u00bb450&#215;450&Prime; css=\u00a0\u00bb\u00a0\u00bb parallax_scroll=\u00a0\u00bbno\u00a0\u00bb woodmart_inline=\u00a0\u00bbno\u00a0\u00bb][\/vc_column][vc_column width=\u00a0\u00bb3\/4&Prime;][vc_column_text css=\u00a0\u00bb\u00a0\u00bb woodmart_inline=\u00a0\u00bbno\u00a0\u00bb text_larger=\u00a0\u00bbno\u00a0\u00bb]<\/p>\n<h2 data-start=\"154\" data-end=\"211\"><strong data-start=\"154\" data-end=\"211\">Vitrine Nilson \u2013 asym\u00e9trie subtile, fonction pratique<\/strong><\/h2>\n<p data-start=\"213\" data-end=\"490\">Un meuble qui sort du lot. Avec sa disposition ludique \u2013 niches ouvertes, tiroir discret et porte vitr\u00e9e en m\u00e9tal noir \u2013 cette vitrine Nilson est \u00e0 la fois d\u00e9corative et fonctionnelle. Parfaite pour celles et ceux qui aiment la chaleur, le rangement\u2026 et une pointe d\u2019asym\u00e9trie.<\/p>\n<p data-start=\"213\" data-end=\"490\"><strong data-start=\"429\" data-end=\"462\">Dimensions : 111 x 42 x 210\u202fH<\/strong><\/p>\n<p>NIL 101<\/p>\n<p data-start=\"97\" data-end=\"438\"><strong data-start=\"410\" data-end=\"438\">Prix conseill\u00e9 : 1 \u202f295\u202f\u20ac<\/strong><\/p>\n<p>[\/vc_column_text][\/vc_column][\/vc_row][vc_row][vc_column][vc_column_text css=\u00a0\u00bb\u00a0\u00bb woodmart_inline=\u00a0\u00bbno\u00a0\u00bb text_larger=\u00a0\u00bbno\u00a0\u00bb]<\/p>\n<p>&nbsp;<\/p>\n<p>&nbsp;<\/p>\n<p>[\/vc_column_text][\/vc_column][\/vc_row][vc_row][vc_column width=\u00a0\u00bb1\/4&Prime;][vc_single_image image=\u00a0\u00bb23616&Prime; img_size=\u00a0\u00bb450&#215;450&Prime; alignment=\u00a0\u00bbcenter\u00a0\u00bb css=\u00a0\u00bb\u00a0\u00bb parallax_scroll=\u00a0\u00bbno\u00a0\u00bb woodmart_inline=\u00a0\u00bbno\u00a0\u00bb][\/vc_column][vc_column width=\u00a0\u00bb3\/4&Prime;][vc_column_text css=\u00a0\u00bb\u00a0\u00bb woodmart_inline=\u00a0\u00bbno\u00a0\u00bb text_larger=\u00a0\u00bbno\u00a0\u00bb]<\/p>\n<h2 data-start=\"179\" data-end=\"260\"><strong data-start=\"179\" data-end=\"260\">Buffet Nilson \u2013 g\u00e9n\u00e9reux, chaleureux et fonctionnel dans les moindres d\u00e9tails<\/strong><\/h2>\n<p data-start=\"262\" data-end=\"685\">Ce buffet aux dimensions g\u00e9n\u00e9reuses impose sa pr\u00e9sence avec \u00e9l\u00e9gance. Derri\u00e8re ses portes vitr\u00e9es au cadre en m\u00e9tal noir, vous exposez votre vaisselle, vos livres ou vos objets d\u00e9co avec style \u2013 subtilement mis en lumi\u00e8re par un \u00e9clairage LED int\u00e9gr\u00e9. Dans la partie inf\u00e9rieure, six tiroirs pratiques et plusieurs compartiments ferm\u00e9s offrent un vaste espace de rangement. Tout est \u00e0 sa place, sans rien sacrifier au style.<\/p>\n<p><br data-start=\"429\" data-end=\"432\" \/><strong data-start=\"432\" data-end=\"464\">Dimensions : 240 x 42 x 230\u202fH<\/strong><\/p>\n<p>NIL 104<\/p>\n<p><strong>Prix conseill\u00e9<\/strong> : 2 695\u202f\u20ac[\/vc_column_text][\/vc_column][\/vc_row][vc_row][vc_column][vc_column_text css=\u00a0\u00bb\u00a0\u00bb woodmart_inline=\u00a0\u00bbno\u00a0\u00bb text_larger=\u00a0\u00bbno\u00a0\u00bb]<\/p>\n<p>&nbsp;<\/p>\n<p>&nbsp;<\/p>\n<p>[\/vc_column_text][\/vc_column][\/vc_row][vc_row][vc_column width=\u00a0\u00bb1\/4&Prime;][vc_single_image image=\u00a0\u00bb23135&Prime; img_size=\u00a0\u00bb450&#215;450&Prime; alignment=\u00a0\u00bbcenter\u00a0\u00bb css=\u00a0\u00bb\u00a0\u00bb parallax_scroll=\u00a0\u00bbno\u00a0\u00bb woodmart_inline=\u00a0\u00bbno\u00a0\u00bb][\/vc_column][vc_column width=\u00a0\u00bb3\/4&Prime;][vc_column_text css=\u00a0\u00bb\u00a0\u00bb woodmart_inline=\u00a0\u00bbno\u00a0\u00bb text_larger=\u00a0\u00bbno\u00a0\u00bb]<\/p>\n<p data-start=\"217\" data-end=\"285\"><strong data-start=\"217\" data-end=\"285\">Vitrine Nilson \u2013 composition graphique et modularit\u00e9 chaleureuse<\/strong><\/p>\n<p data-start=\"287\" data-end=\"608\">Avec sa fa\u00e7ade rythm\u00e9e par des niches ouvertes, tiroirs apparents et portes vitr\u00e9es en acier noir, cette vitrine Nilson joue la carte de l\u2019\u00e9quilibre visuel. Un rangement \u00e0 la fois structur\u00e9 et chaleureux, o\u00f9 chaque objet trouve naturellement sa place. Les deux portes vitr\u00e9es lat\u00e9rales encadrent l\u2019ensemble avec \u00e9l\u00e9gance.<\/p>\n<p><br data-start=\"461\" data-end=\"464\" \/><strong data-start=\"464\" data-end=\"497\">Dimensions : 190 x 42 x 210\u202fH<\/strong><\/p>\n<p>NIL 105<\/p>\n<p><br data-start=\"497\" data-end=\"500\" \/><strong data-start=\"503\" data-end=\"529\">Prix conseill\u00e9 : 2 195\u202f\u20ac<\/strong>[\/vc_column_text][\/vc_column][\/vc_row][vc_row][vc_column][vc_column_text css=\u00a0\u00bb\u00a0\u00bb woodmart_inline=\u00a0\u00bbno\u00a0\u00bb text_larger=\u00a0\u00bbno\u00a0\u00bb]<\/p>\n<p>&nbsp;<\/p>\n<p>&nbsp;<\/p>\n<p>[\/vc_column_text][\/vc_column][\/vc_row][vc_row][vc_column width=\u00a0\u00bb1\/4&Prime;][vc_single_image image=\u00a0\u00bb23147&Prime; img_size=\u00a0\u00bb450&#215;450&Prime; alignment=\u00a0\u00bbcenter\u00a0\u00bb css=\u00a0\u00bb\u00a0\u00bb parallax_scroll=\u00a0\u00bbno\u00a0\u00bb woodmart_inline=\u00a0\u00bbno\u00a0\u00bb][\/vc_column][vc_column width=\u00a0\u00bb3\/4&Prime;][vc_column_text css=\u00a0\u00bb\u00a0\u00bb woodmart_inline=\u00a0\u00bbno\u00a0\u00bb text_larger=\u00a0\u00bbno\u00a0\u00bb]<\/p>\n<h2 data-start=\"189\" data-end=\"259\"><strong data-start=\"189\" data-end=\"216\">Buffet Nilson (NIL 110)<\/strong><\/h2>\n<p data-start=\"189\" data-end=\"259\"><br data-start=\"216\" data-end=\"219\" \/>Teck recycl\u00e9, design rustique intemporel. Ce large buffet de la collection Nilson incarne le charme naturel et le confort pratique. Il est fabriqu\u00e9 en teck recycl\u00e9 et sublim\u00e9 par une patine mate et douce qui r\u00e9v\u00e8le toute la richesse du bois.<\/p>\n<p data-start=\"462\" data-end=\"760\">Avec ses quatre portes et sept tiroirs, ce meuble offre un espace de rangement g\u00e9n\u00e9reux \u2013 sans dominer visuellement votre int\u00e9rieur. Sa structure en lattes verticales et ses poign\u00e9es en m\u00e9tal discret lui conf\u00e8rent un esprit artisanal, id\u00e9al pour les amateurs de style campagne chic et contemporain.<\/p>\n<p><strong data-start=\"490\" data-end=\"538\">Dimensions : 220 x 53 x 95 h<\/strong><\/p>\n<p>NIL 110<br data-start=\"487\" data-end=\"490\" \/><br data-start=\"538\" data-end=\"541\" \/><strong data-start=\"544\" data-end=\"570\">Prix conseill\u00e9 : \u202f1 349\u20ac<\/strong>[\/vc_column_text][\/vc_column][\/vc_row][vc_row][vc_column][vc_column_text css=\u00a0\u00bb\u00a0\u00bb woodmart_inline=\u00a0\u00bbno\u00a0\u00bb text_larger=\u00a0\u00bbno\u00a0\u00bb]<\/p>\n<p>&nbsp;<\/p>\n<p>&nbsp;<\/p>\n<p>[\/vc_column_text][\/vc_column][\/vc_row][vc_row][vc_column width=\u00a0\u00bb1\/4&Prime;][vc_single_image image=\u00a0\u00bb23150&Prime; img_size=\u00a0\u00bb450&#215;450&Prime; alignment=\u00a0\u00bbcenter\u00a0\u00bb css=\u00a0\u00bb\u00a0\u00bb parallax_scroll=\u00a0\u00bbno\u00a0\u00bb woodmart_inline=\u00a0\u00bbno\u00a0\u00bb][\/vc_column][vc_column width=\u00a0\u00bb3\/4&Prime;][vc_column_text css=\u00a0\u00bb\u00a0\u00bb woodmart_inline=\u00a0\u00bbno\u00a0\u00bb text_larger=\u00a0\u00bbno\u00a0\u00bb]<\/p>\n<h3 data-start=\"157\" data-end=\"229\"><strong data-start=\"157\" data-end=\"187\">Meuble TV Nilson (NIL 144)<\/strong><\/h3>\n<p data-start=\"157\" data-end=\"229\"><br data-start=\"187\" data-end=\"190\" \/>Lignes \u00e9pur\u00e9es, charme rustique en teck<\/p>\n<p data-start=\"231\" data-end=\"547\">Le meuble TV NIL 144 de la collection Nilson a bien plus \u00e0 offrir que son allure authentique. Derri\u00e8re son teck rustique se cache une structure de rangement bien pens\u00e9e pour vos appareils multim\u00e9dia, t\u00e9l\u00e9commandes et c\u00e2bles. Chaque chose a sa place \u2013 pour un salon toujours ordonn\u00e9, sans rien perdre en convivialit\u00e9.<\/p>\n<p><strong data-start=\"490\" data-end=\"538\">Dimensions : 190 x 45 x 56 h<\/strong><\/p>\n<p>NIL 144<br data-start=\"487\" data-end=\"490\" \/><br data-start=\"538\" data-end=\"541\" \/><strong data-start=\"544\" data-end=\"570\">Prix conseill\u00e9 : 795\u202f\u20ac<\/strong>[\/vc_column_text][\/vc_column][\/vc_row][vc_row][vc_column][vc_column_text css=\u00a0\u00bb\u00a0\u00bb woodmart_inline=\u00a0\u00bbno\u00a0\u00bb text_larger=\u00a0\u00bbno\u00a0\u00bb]<\/p>\n<p>&nbsp;<\/p>\n<p>&nbsp;<\/p>\n<p>[\/vc_column_text][\/vc_column][\/vc_row][vc_row][vc_column width=\u00a0\u00bb1\/4&Prime;][vc_single_image image=\u00a0\u00bb23144&Prime; img_size=\u00a0\u00bb450&#215;450&Prime; alignment=\u00a0\u00bbcenter\u00a0\u00bb css=\u00a0\u00bb\u00a0\u00bb parallax_scroll=\u00a0\u00bbno\u00a0\u00bb woodmart_inline=\u00a0\u00bbno\u00a0\u00bb][\/vc_column][vc_column width=\u00a0\u00bb3\/4&Prime;][vc_column_text css=\u00a0\u00bb\u00a0\u00bb woodmart_inline=\u00a0\u00bbno\u00a0\u00bb text_larger=\u00a0\u00bbno\u00a0\u00bb]<\/p>\n<h2 data-start=\"170\" data-end=\"278\"><strong data-start=\"170\" data-end=\"205\">Table \u00e0 manger Nilson (NIL 240)<\/strong><\/h2>\n<p data-start=\"170\" data-end=\"278\"><br data-start=\"205\" data-end=\"208\" \/>Plateau en teck massif &amp; pi\u00e8tement crois\u00e9 en acier noir \u2013 240 \u00d7 100 cm<\/p>\n<p data-start=\"280\" data-end=\"516\">Vous cherchez une table qui a du caract\u00e8re sans en faire trop\u202f? La Nilson NIL 240 est faite pour vous. Son plateau en teck massif, bord naturel, repose sur un pi\u00e8tement crois\u00e9 en acier noir. Un contraste fort, \u00e0 la fois brut et raffin\u00e9.<\/p>\n<p data-start=\"518\" data-end=\"623\">Cette table s\u2019int\u00e8gre aussi bien dans un int\u00e9rieur rustique que dans un d\u00e9cor industriel ou contemporain.<\/p>\n<p><strong data-start=\"490\" data-end=\"538\">Dimensions : 240 x 100 x 76 h<\/strong><\/p>\n<p>NIL 240<\/p>\n<p><strong data-start=\"544\" data-end=\"570\">Prix conseill\u00e9 : 1 195\u202f\u20ac<\/strong>[\/vc_column_text][\/vc_column][\/vc_row][vc_row][vc_column][vc_column_text css=\u00a0\u00bb\u00a0\u00bb woodmart_inline=\u00a0\u00bbno\u00a0\u00bb text_larger=\u00a0\u00bbno\u00a0\u00bb]<\/p>\n<p>&nbsp;<\/p>\n<p>&nbsp;<\/p>\n<p>[\/vc_column_text][\/vc_column][\/vc_row][vc_row][vc_column][vc_column_text css=\u00a0\u00bb\u00a0\u00bb woodmart_inline=\u00a0\u00bbno\u00a0\u00bb text_larger=\u00a0\u00bbno\u00a0\u00bb]<\/p>\n<h3 data-start=\"193\" data-end=\"266\"><\/h3>\n<h3 data-start=\"193\" data-end=\"266\"><\/h3>\n<h3 data-start=\"193\" data-end=\"266\"><strong data-start=\"193\" data-end=\"266\">Un style campagne intemporel. Un int\u00e9rieur \u00e9l\u00e9gant avec du caract\u00e8re.<\/strong><\/h3>\n<p data-start=\"268\" data-end=\"471\">Notre collection en teck sublime votre int\u00e9rieur en toute simplicit\u00e9.<br data-start=\"337\" data-end=\"340\" \/>Chaque pi\u00e8ce est fabriqu\u00e9e \u00e0 partir de teck recycl\u00e9 \u2014 visible dans les veines riches du bois, palpable dans sa texture authentique.<\/p>\n<p data-start=\"473\" data-end=\"728\">La finition robuste, les fermetures \u00e0 ba\u00efonnette sobres et les tons chauds du bois conf\u00e8rent \u00e0 l\u2019ensemble un style campagne intemporel : jamais soumis aux modes, toujours \u00e9l\u00e9gant.<br data-start=\"652\" data-end=\"655\" \/>Parfait pour ceux qui aiment le calme, le charme et l\u2019\u00e9l\u00e9gance naturelle.<\/p>\n<p data-start=\"730\" data-end=\"882\">Du buffet \u00e0 la vitrine, chaque meuble allie caract\u00e8re durable et espace de rangement pratique.<br data-start=\"824\" data-end=\"827\" \/>Et cela, \u00e0 un prix juste \u2014 exclusivement chez Sarah Mo.<\/p>\n<p data-start=\"884\" data-end=\"1000\">Vous r\u00eavez d\u2019une salle \u00e0 manger pleine d\u2019ambiance et de personnalit\u00e9 ?<br data-start=\"954\" data-end=\"957\" \/>Alors cette collection \u00ab\u00a0Nilson\u00a0\u00bb est faite pour vous.<\/p>\n<p>[\/vc_column_text][\/vc_column][\/vc_row][vc_row][vc_column][vc_column_text css=\u00a0\u00bb\u00a0\u00bb woodmart_inline=\u00a0\u00bbno\u00a0\u00bb text_larger=\u00a0\u00bbno\u00a0\u00bb]<\/p>\n<p>&nbsp;<\/p>\n<p>&nbsp;<\/p>\n<p>[\/vc_column_text][\/vc_column][\/vc_row][vc_row][vc_column width=\u00a0\u00bb1\/3&Prime;][vc_single_image image=\u00a0\u00bb24227&Prime; img_size=\u00a0\u00bb450&#215;450&Prime; alignment=\u00a0\u00bbcenter\u00a0\u00bb style=\u00a0\u00bbvc_box_circle_2&Prime; onclick=\u00a0\u00bbzoom\u00a0\u00bb css=\u00a0\u00bb\u00a0\u00bb parallax_scroll=\u00a0\u00bbno\u00a0\u00bb woodmart_inline=\u00a0\u00bbno\u00a0\u00bb][\/vc_column][vc_column width=\u00a0\u00bb1\/3&Prime;][vc_single_image image=\u00a0\u00bb24225&Prime; img_size=\u00a0\u00bb450&#215;450&Prime; alignment=\u00a0\u00bbcenter\u00a0\u00bb style=\u00a0\u00bbvc_box_circle_2&Prime; onclick=\u00a0\u00bbzoom\u00a0\u00bb css=\u00a0\u00bb\u00a0\u00bb parallax_scroll=\u00a0\u00bbno\u00a0\u00bb woodmart_inline=\u00a0\u00bbno\u00a0\u00bb][\/vc_column][vc_column width=\u00a0\u00bb1\/3&Prime;][vc_single_image image=\u00a0\u00bb24229&Prime; img_size=\u00a0\u00bb450&#215;450&Prime; alignment=\u00a0\u00bbcenter\u00a0\u00bb style=\u00a0\u00bbvc_box_circle_2&Prime; onclick=\u00a0\u00bbzoom\u00a0\u00bb css=\u00a0\u00bb\u00a0\u00bb parallax_scroll=\u00a0\u00bbno\u00a0\u00bb woodmart_inline=\u00a0\u00bbno\u00a0\u00bb][\/vc_column][\/vc_row]<\/p>\n<\/div>","protected":false},"excerpt":{"rendered":"<p>[vc_row][vc_column][vc_column_text css=\u00a0\u00bb\u00a0\u00bb woodmart_inline=\u00a0\u00bbno\u00a0\u00bb text_larger=\u00a0\u00bbno\u00a0\u00bb] Collection Nilson &nbsp; Collection Nilson : salle \u00e0 manger en teck au charme campagnard intemporel Faites<\/p>\n","protected":false},"author":185,"featured_media":0,"parent":0,"menu_order":0,"comment_status":"closed","ping_status":"closed","template":"","meta":{"footnotes":""},"class_list":["post-24187","page","type-page","status-publish","hentry"],"yoast_head":"<!-- This site is optimized with the Yoast SEO plugin v27.3 - https:\/\/yoast.com\/product\/yoast-seo-wordpress\/ -->\n<title>Sarah Mo - Collection Nilson<\/title>\n<meta name=\"robots\" content=\"index, follow, max-snippet:-1, max-image-preview:large, max-video-preview:-1\" \/>\n<link rel=\"canonical\" href=\"https:\/\/www.sarahmo.be\/fr\/collection-nilson\/\" \/>\n<meta property=\"og:locale\" content=\"fr_FR\" \/>\n<meta property=\"og:type\" content=\"article\" \/>\n<meta property=\"og:title\" content=\"Sarah Mo - Collection Nilson\" \/>\n<meta property=\"og:description\" content=\"[vc_row][vc_column][vc_column_text css=\u00a0\u00bb\u00a0\u00bb woodmart_inline=\u00a0\u00bbno\u00a0\u00bb text_larger=\u00a0\u00bbno\u00a0\u00bb] Collection Nilson &nbsp; Collection Nilson : salle \u00e0 manger en teck au charme campagnard intemporel Faites\" \/>\n<meta property=\"og:url\" content=\"https:\/\/www.sarahmo.be\/fr\/collection-nilson\/\" \/>\n<meta property=\"og:site_name\" content=\"Sarah Mo\" \/>\n<meta property=\"article:publisher\" content=\"https:\/\/www.facebook.com\/SarahMofurniturestore\/\" \/>\n<meta name=\"twitter:card\" content=\"summary_large_image\" \/>\n<meta name=\"twitter:label1\" content=\"Dur\u00e9e de lecture estim\u00e9e\" \/>\n\t<meta name=\"twitter:data1\" content=\"8 minutes\" \/>\n<script type=\"application\/ld+json\" class=\"yoast-schema-graph\">{\"@context\":\"https:\\\/\\\/schema.org\",\"@graph\":[{\"@type\":\"WebPage\",\"@id\":\"https:\\\/\\\/www.sarahmo.be\\\/fr\\\/collection-nilson\\\/\",\"url\":\"https:\\\/\\\/www.sarahmo.be\\\/fr\\\/collection-nilson\\\/\",\"name\":\"Sarah Mo - Collection Nilson\",\"isPartOf\":{\"@id\":\"https:\\\/\\\/www.sarahmo.be\\\/fr\\\/#website\"},\"datePublished\":\"2025-08-04T13:17:39+00:00\",\"breadcrumb\":{\"@id\":\"https:\\\/\\\/www.sarahmo.be\\\/fr\\\/collection-nilson\\\/#breadcrumb\"},\"inLanguage\":\"fr-FR\",\"potentialAction\":[{\"@type\":\"ReadAction\",\"target\":[\"https:\\\/\\\/www.sarahmo.be\\\/fr\\\/collection-nilson\\\/\"]}]},{\"@type\":\"BreadcrumbList\",\"@id\":\"https:\\\/\\\/www.sarahmo.be\\\/fr\\\/collection-nilson\\\/#breadcrumb\",\"itemListElement\":[{\"@type\":\"ListItem\",\"position\":1,\"name\":\"Accueil\",\"item\":\"https:\\\/\\\/www.sarahmo.be\\\/fr\\\/\"},{\"@type\":\"ListItem\",\"position\":2,\"name\":\"Collection Nilson\"}]},{\"@type\":\"WebSite\",\"@id\":\"https:\\\/\\\/www.sarahmo.be\\\/fr\\\/#website\",\"url\":\"https:\\\/\\\/www.sarahmo.be\\\/fr\\\/\",\"name\":\"Sarah Mo\",\"description\":\"Sp\u00e9cialiste du style campagne intemporel\",\"publisher\":{\"@id\":\"https:\\\/\\\/www.sarahmo.be\\\/fr\\\/#organization\"},\"potentialAction\":[{\"@type\":\"SearchAction\",\"target\":{\"@type\":\"EntryPoint\",\"urlTemplate\":\"https:\\\/\\\/www.sarahmo.be\\\/fr\\\/?s={search_term_string}\"},\"query-input\":{\"@type\":\"PropertyValueSpecification\",\"valueRequired\":true,\"valueName\":\"search_term_string\"}}],\"inLanguage\":\"fr-FR\"},{\"@type\":\"Organization\",\"@id\":\"https:\\\/\\\/www.sarahmo.be\\\/fr\\\/#organization\",\"name\":\"Sarah Mo Landelijke meubelen en verlichting\",\"url\":\"https:\\\/\\\/www.sarahmo.be\\\/fr\\\/\",\"logo\":{\"@type\":\"ImageObject\",\"inLanguage\":\"fr-FR\",\"@id\":\"https:\\\/\\\/www.sarahmo.be\\\/fr\\\/#\\\/schema\\\/logo\\\/image\\\/\",\"url\":\"https:\\\/\\\/www.sarahmo.be\\\/site\\\/wp-content\\\/uploads\\\/logo-dark.png\",\"contentUrl\":\"https:\\\/\\\/www.sarahmo.be\\\/site\\\/wp-content\\\/uploads\\\/logo-dark.png\",\"width\":1025,\"height\":120,\"caption\":\"Sarah Mo Landelijke meubelen en verlichting\"},\"image\":{\"@id\":\"https:\\\/\\\/www.sarahmo.be\\\/fr\\\/#\\\/schema\\\/logo\\\/image\\\/\"},\"sameAs\":[\"https:\\\/\\\/www.facebook.com\\\/SarahMofurniturestore\\\/\"]}]}<\/script>\n<!-- \/ Yoast SEO plugin. -->","yoast_head_json":{"title":"Sarah Mo - Collection Nilson","robots":{"index":"index","follow":"follow","max-snippet":"max-snippet:-1","max-image-preview":"max-image-preview:large","max-video-preview":"max-video-preview:-1"},"canonical":"https:\/\/www.sarahmo.be\/fr\/collection-nilson\/","og_locale":"fr_FR","og_type":"article","og_title":"Sarah Mo - Collection Nilson","og_description":"[vc_row][vc_column][vc_column_text css=\u00a0\u00bb\u00a0\u00bb woodmart_inline=\u00a0\u00bbno\u00a0\u00bb text_larger=\u00a0\u00bbno\u00a0\u00bb] Collection Nilson &nbsp; Collection Nilson : salle \u00e0 manger en teck au charme campagnard intemporel Faites","og_url":"https:\/\/www.sarahmo.be\/fr\/collection-nilson\/","og_site_name":"Sarah Mo","article_publisher":"https:\/\/www.facebook.com\/SarahMofurniturestore\/","twitter_card":"summary_large_image","twitter_misc":{"Dur\u00e9e de lecture estim\u00e9e":"8 minutes"},"schema":{"@context":"https:\/\/schema.org","@graph":[{"@type":"WebPage","@id":"https:\/\/www.sarahmo.be\/fr\/collection-nilson\/","url":"https:\/\/www.sarahmo.be\/fr\/collection-nilson\/","name":"Sarah Mo - Collection Nilson","isPartOf":{"@id":"https:\/\/www.sarahmo.be\/fr\/#website"},"datePublished":"2025-08-04T13:17:39+00:00","breadcrumb":{"@id":"https:\/\/www.sarahmo.be\/fr\/collection-nilson\/#breadcrumb"},"inLanguage":"fr-FR","potentialAction":[{"@type":"ReadAction","target":["https:\/\/www.sarahmo.be\/fr\/collection-nilson\/"]}]},{"@type":"BreadcrumbList","@id":"https:\/\/www.sarahmo.be\/fr\/collection-nilson\/#breadcrumb","itemListElement":[{"@type":"ListItem","position":1,"name":"Accueil","item":"https:\/\/www.sarahmo.be\/fr\/"},{"@type":"ListItem","position":2,"name":"Collection Nilson"}]},{"@type":"WebSite","@id":"https:\/\/www.sarahmo.be\/fr\/#website","url":"https:\/\/www.sarahmo.be\/fr\/","name":"Sarah Mo","description":"Sp\u00e9cialiste du style campagne intemporel","publisher":{"@id":"https:\/\/www.sarahmo.be\/fr\/#organization"},"potentialAction":[{"@type":"SearchAction","target":{"@type":"EntryPoint","urlTemplate":"https:\/\/www.sarahmo.be\/fr\/?s={search_term_string}"},"query-input":{"@type":"PropertyValueSpecification","valueRequired":true,"valueName":"search_term_string"}}],"inLanguage":"fr-FR"},{"@type":"Organization","@id":"https:\/\/www.sarahmo.be\/fr\/#organization","name":"Sarah Mo Landelijke meubelen en verlichting","url":"https:\/\/www.sarahmo.be\/fr\/","logo":{"@type":"ImageObject","inLanguage":"fr-FR","@id":"https:\/\/www.sarahmo.be\/fr\/#\/schema\/logo\/image\/","url":"https:\/\/www.sarahmo.be\/site\/wp-content\/uploads\/logo-dark.png","contentUrl":"https:\/\/www.sarahmo.be\/site\/wp-content\/uploads\/logo-dark.png","width":1025,"height":120,"caption":"Sarah Mo Landelijke meubelen en verlichting"},"image":{"@id":"https:\/\/www.sarahmo.be\/fr\/#\/schema\/logo\/image\/"},"sameAs":["https:\/\/www.facebook.com\/SarahMofurniturestore\/"]}]}},"_links":{"self":[{"href":"https:\/\/www.sarahmo.be\/fr\/wp-json\/wp\/v2\/pages\/24187","targetHints":{"allow":["GET"]}}],"collection":[{"href":"https:\/\/www.sarahmo.be\/fr\/wp-json\/wp\/v2\/pages"}],"about":[{"href":"https:\/\/www.sarahmo.be\/fr\/wp-json\/wp\/v2\/types\/page"}],"author":[{"embeddable":true,"href":"https:\/\/www.sarahmo.be\/fr\/wp-json\/wp\/v2\/users\/185"}],"replies":[{"embeddable":true,"href":"https:\/\/www.sarahmo.be\/fr\/wp-json\/wp\/v2\/comments?post=24187"}],"version-history":[{"count":0,"href":"https:\/\/www.sarahmo.be\/fr\/wp-json\/wp\/v2\/pages\/24187\/revisions"}],"wp:attachment":[{"href":"https:\/\/www.sarahmo.be\/fr\/wp-json\/wp\/v2\/media?parent=24187"}],"curies":[{"name":"wp","href":"https:\/\/api.w.org\/{rel}","templated":true}]}}