{"id":24188,"date":"2025-08-01T13:46:36","date_gmt":"2025-08-01T11:46:36","guid":{"rendered":"https:\/\/www.sarahmo.be\/?page_id=24188"},"modified":"2025-08-01T13:46:36","modified_gmt":"2025-08-01T11:46:36","slug":"collection-melinda","status":"publish","type":"page","link":"https:\/\/www.sarahmo.be\/fr\/collection-melinda\/","title":{"rendered":"Collection melinda"},"content":{"rendered":"<div class=\"wpb-content-wrapper\"><p>[vc_row][vc_column][vc_column_text css=\u00a0\u00bb\u00a0\u00bb woodmart_inline=\u00a0\u00bbno\u00a0\u00bb text_larger=\u00a0\u00bbno\u00a0\u00bb]<\/p>\n<h1>Collection Melinda<\/h1>\n<p>&nbsp;<\/p>\n<h3 data-start=\"211\" data-end=\"715\">Collection Melinda\u00a0: l\u2019\u00e9l\u00e9gance du style champ\u00eatre<\/h3>\n<p data-start=\"304\" data-end=\"758\">Apportez chaleur, caract\u00e8re et raffinement \u00e0 votre int\u00e9rieur avec la collection <strong data-start=\"384\" data-end=\"395\">Melinda<\/strong>. Cette ligne de meubles de style campagne associe le teck \u00e0 de subtils accents noirs pour une allure \u00e0 la fois intemporelle et pleine de charme.<br data-start=\"540\" data-end=\"543\" \/>Pensez \u00e0 de grandes vitrines robustes avec \u00e9clairage LED int\u00e9gr\u00e9, de larges tables \u00e0 manger avec un pi\u00e8tement imposant, ou encore des buffets aux d\u00e9tails classiques parfaitement adapt\u00e9s aux int\u00e9rieurs d\u2019aujourd\u2019hui.<\/p>\n<p data-start=\"760\" data-end=\"1014\">Que vous aimiez recevoir, ranger avec style ou simplement vivre dans une atmosph\u00e8re apaisante, <strong data-start=\"855\" data-end=\"866\">Melinda<\/strong> respire la s\u00e9r\u00e9nit\u00e9, la qualit\u00e9 et la classe. Chaque pi\u00e8ce est con\u00e7ue avec soin, jusque dans les moindres d\u00e9tails \u2013 sans oublier la fonctionnalit\u00e9.<\/p>\n<p data-start=\"1016\" data-end=\"1212\">\u2714 Meubles champ\u00eatres aux teintes bois\u00e9es chaleureuses<br data-start=\"1069\" data-end=\"1072\" \/>\u2714 Pi\u00e8tement noir \u00e9l\u00e9gant pour une touche contemporaine<br data-start=\"1126\" data-end=\"1129\" \/>\u2714 Artisanat robuste et durable<br data-start=\"1159\" data-end=\"1162\" \/>\u2714 Id\u00e9al pour un espace de vie convivial et raffin\u00e9<\/p>\n<p data-start=\"1214\" data-end=\"1283\"><strong data-start=\"1214\" data-end=\"1225\">Melinda<\/strong>, ce n\u2019est pas juste du mobilier.<br data-start=\"1258\" data-end=\"1261\" \/>C\u2019est un art de vivre.<\/p>\n<p>[\/vc_column_text][\/vc_column][\/vc_row][vc_row][vc_column][vc_column_text css=\u00a0\u00bb\u00a0\u00bb woodmart_inline=\u00a0\u00bbno\u00a0\u00bb text_larger=\u00a0\u00bbno\u00a0\u00bb]<\/p>\n<p>&nbsp;<\/p>\n<p>&nbsp;<\/p>\n<p>[\/vc_column_text][\/vc_column][\/vc_row][vc_row][vc_column width=\u00a0\u00bb1\/4&Prime;][vc_single_image image=\u00a0\u00bb15066&Prime; img_size=\u00a0\u00bb450&#215;450&Prime; alignment=\u00a0\u00bbcenter\u00a0\u00bb css=\u00a0\u00bb\u00a0\u00bb parallax_scroll=\u00a0\u00bbno\u00a0\u00bb woodmart_inline=\u00a0\u00bbno\u00a0\u00bb][\/vc_column][vc_column width=\u00a0\u00bb3\/4&Prime;][vc_column_text css=\u00a0\u00bb\u00a0\u00bb woodmart_inline=\u00a0\u00bbno\u00a0\u00bb text_larger=\u00a0\u00bbno\u00a0\u00bb]<\/p>\n<h2 data-start=\"135\" data-end=\"209\"><strong data-start=\"135\" data-end=\"209\">Vitrine de style champ\u00eatre en teck noir avec corniche et \u00e9clairage LED<\/strong><\/h2>\n<p data-start=\"211\" data-end=\"561\">Cette vitrine majestueuse est un v\u00e9ritable point de mire pour les amateurs d\u2019int\u00e9rieurs champ\u00eatres raffin\u00e9s. Fabriqu\u00e9e en teck et habill\u00e9e d\u2019un noir mat \u00e9l\u00e9gant, elle d\u00e9gage \u00e0 la fois charme rustique et robustesse. La corniche classique en haut ajoute une touche de raffinement, tandis que l\u2019int\u00e9rieur en teck naturel apporte chaleur et authenticit\u00e9.<\/p>\n<p data-start=\"563\" data-end=\"885\">Les portes vitr\u00e9es avec cadre en m\u00e9tal noir mettent en valeur votre vaisselle, verrerie ou objets d\u00e9co avec \u00e9l\u00e9gance. L\u2019\u00e9clairage LED int\u00e9gr\u00e9 diffuse une lumi\u00e8re chaude et subtile, pour une ambiance chaleureuse et un effet haut de gamme.<br data-start=\"800\" data-end=\"803\" \/>Les portes pleines du bas offrent un bel espace de rangement, pratique et discret.<\/p>\n<p data-start=\"887\" data-end=\"1083\"><strong data-start=\"887\" data-end=\"909\">Caract\u00e9ristiques\u00a0:<\/strong><br data-start=\"909\" data-end=\"912\" \/>\u2714 Style champ\u00eatre avec corniche \u00e9l\u00e9gante<br data-start=\"952\" data-end=\"955\" \/>\u2714 Portes vitr\u00e9es avec cadre en m\u00e9tal noir<br data-start=\"996\" data-end=\"999\" \/>\u2714 \u00c9clairage LED inclus (blanc chaud)<br data-start=\"1035\" data-end=\"1038\" \/>\u2714 Grand espace de rangement en haut et en bas<\/p>\n<p><br data-start=\"493\" data-end=\"496\" data-is-only-node=\"\" \/><strong data-start=\"496\" data-end=\"529\">Dimensions : 232 x 47 x 230\u202fH<\/strong><\/p>\n<p>ML 104<\/p>\n<p data-start=\"97\" data-end=\"438\"><strong data-start=\"410\" data-end=\"438\">Prix conseill\u00e9 : 2985 \u20ac<\/strong><\/p>\n<p>[\/vc_column_text][\/vc_column][\/vc_row][vc_row][vc_column][vc_column_text css=\u00a0\u00bb\u00a0\u00bb woodmart_inline=\u00a0\u00bbno\u00a0\u00bb text_larger=\u00a0\u00bbno\u00a0\u00bb]<\/p>\n<p>&nbsp;<\/p>\n<p>&nbsp;<\/p>\n<p>[\/vc_column_text][\/vc_column][\/vc_row][vc_row][vc_column width=\u00a0\u00bb1\/4&Prime;][vc_single_image image=\u00a0\u00bb24195&Prime; img_size=\u00a0\u00bb450&#215;450&Prime; css=\u00a0\u00bb\u00a0\u00bb parallax_scroll=\u00a0\u00bbno\u00a0\u00bb woodmart_inline=\u00a0\u00bbno\u00a0\u00bb][\/vc_column][vc_column width=\u00a0\u00bb3\/4&Prime;][vc_column_text css=\u00a0\u00bb\u00a0\u00bb woodmart_inline=\u00a0\u00bbno\u00a0\u00bb text_larger=\u00a0\u00bbno\u00a0\u00bb]<\/p>\n<h2 data-start=\"204\" data-end=\"269\"><strong data-start=\"204\" data-end=\"269\">Vitrine champ\u00eatre 2 portes en teck noir avec corniche en bois<\/strong><\/h2>\n<p data-start=\"271\" data-end=\"505\">Cette vitrine 2 portes allie \u00e9l\u00e9gance et fonctionnalit\u00e9. L\u2019int\u00e9rieur en teck chaleureux contraste joliment avec l\u2019ext\u00e9rieur noir profond. La corniche en bois massif vient parfaire l\u2019ensemble \u2013 une pi\u00e8ce classique au caract\u00e8re affirm\u00e9.<\/p>\n<p data-start=\"507\" data-end=\"780\">Derri\u00e8re les portes vitr\u00e9es, exposez vos plus beaux objets. En bas, des portes pleines offrent un espace de rangement discret pour tout ce que vous pr\u00e9f\u00e9rez garder hors de vue.<br data-start=\"683\" data-end=\"686\" \/>La grille fine en m\u00e9tal au centre apporte une touche de nostalgie subtile et pleine de charme.<\/p>\n<p data-start=\"782\" data-end=\"1043\"><strong data-start=\"782\" data-end=\"798\">Ses atouts\u00a0:<\/strong><br data-start=\"798\" data-end=\"801\" \/>\u2714 Int\u00e9rieur en teck naturel aux teintes chaleureuses<br data-start=\"853\" data-end=\"856\" \/>\u2714 Portes vitr\u00e9es avec croisillons fins<br data-start=\"894\" data-end=\"897\" \/>\u2714 Corniche robuste pour une allure rustique \u00e9l\u00e9gante<br data-start=\"949\" data-end=\"952\" \/>\u2714 Rangements ferm\u00e9s en partie basse<br data-start=\"987\" data-end=\"990\" \/>\u2714 Id\u00e9ale en buffet ou meuble de rangement d\u00e9coratif<\/p>\n<p data-start=\"1045\" data-end=\"1127\">Parfaite pour les amateurs du style champ\u00eatre, avec une note de charme intemporel.<\/p>\n<p><br data-start=\"426\" data-end=\"429\" \/><strong data-start=\"429\" data-end=\"462\">Dimensions : 130 x 47 x 230\u202fH<\/strong><\/p>\n<p>ML 102<\/p>\n<p data-start=\"97\" data-end=\"438\"><strong data-start=\"410\" data-end=\"438\">Prix conseill\u00e9 : 1 899\u202f\u20ac<\/strong><\/p>\n<p>[\/vc_column_text][\/vc_column][\/vc_row][vc_row][vc_column][vc_column_text css=\u00a0\u00bb\u00a0\u00bb woodmart_inline=\u00a0\u00bbno\u00a0\u00bb text_larger=\u00a0\u00bbno\u00a0\u00bb]<\/p>\n<p>&nbsp;<\/p>\n<p>&nbsp;<\/p>\n<p>[\/vc_column_text][\/vc_column][\/vc_row][vc_row][vc_column width=\u00a0\u00bb1\/4&Prime;][vc_single_image image=\u00a0\u00bb24198&Prime; img_size=\u00a0\u00bb450&#215;450&Prime; alignment=\u00a0\u00bbcenter\u00a0\u00bb css=\u00a0\u00bb\u00a0\u00bb parallax_scroll=\u00a0\u00bbno\u00a0\u00bb woodmart_inline=\u00a0\u00bbno\u00a0\u00bb][\/vc_column][vc_column width=\u00a0\u00bb3\/4&Prime;][vc_column_text css=\u00a0\u00bb\u00a0\u00bb woodmart_inline=\u00a0\u00bbno\u00a0\u00bb text_larger=\u00a0\u00bbno\u00a0\u00bb]<\/p>\n<h2>Armoire \u00e9troite de style champ\u00eatre avec blocs-tiroirs \u2013 charme et rangement r\u00e9unis<\/h2>\n<p data-start=\"250\" data-end=\"576\">Cette armoire fine de style campagne s\u2019int\u00e8gre facilement dans tout int\u00e9rieur o\u00f9 chaleur et caract\u00e8re sont les ma\u00eetres-mots. La finition noire associ\u00e9e au plateau en teck naturel d\u00e9gage une \u00e9l\u00e9gance discr\u00e8te, sans jamais en faire trop. Parfaite comme meuble de rangement dans la salle \u00e0 manger, la cuisine ou le hall d\u2019entr\u00e9e.<\/p>\n<p data-start=\"578\" data-end=\"906\">La porte est soulign\u00e9e par un encadrement classique et accompagn\u00e9e de deux tiroirs pratiques en partie basse \u2014 id\u00e9als pour la vaisselle, le linge de maison ou d\u2019autres objets du quotidien \u00e0 garder bien organis\u00e9s.<br data-start=\"790\" data-end=\"793\" \/>La poign\u00e9e en fer forg\u00e9 et la traverse d\u00e9corative centrale ajoutent cette touche de cachet typiquement champ\u00eatre.<\/p>\n<p><br data-start=\"429\" data-end=\"432\" \/><strong data-start=\"432\" data-end=\"464\">Dimensions : 61 x 42 x 180\u202fH<\/strong><\/p>\n<p>ML 101<\/p>\n<p><strong>Prix conseill\u00e9<\/strong> :\u00a0 695 \u202f\u20ac[\/vc_column_text][\/vc_column][\/vc_row][vc_row][vc_column][vc_column_text css=\u00a0\u00bb\u00a0\u00bb woodmart_inline=\u00a0\u00bbno\u00a0\u00bb text_larger=\u00a0\u00bbno\u00a0\u00bb]<\/p>\n<p>&nbsp;<\/p>\n<p>&nbsp;<\/p>\n<p>[\/vc_column_text][\/vc_column][\/vc_row][vc_row][vc_column width=\u00a0\u00bb1\/4&Prime;][vc_single_image image=\u00a0\u00bb24200&Prime; img_size=\u00a0\u00bb450&#215;450&Prime; alignment=\u00a0\u00bbcenter\u00a0\u00bb css=\u00a0\u00bb\u00a0\u00bb parallax_scroll=\u00a0\u00bbno\u00a0\u00bb woodmart_inline=\u00a0\u00bbno\u00a0\u00bb][\/vc_column][vc_column width=\u00a0\u00bb3\/4&Prime;][vc_column_text css=\u00a0\u00bb\u00a0\u00bb woodmart_inline=\u00a0\u00bbno\u00a0\u00bb text_larger=\u00a0\u00bbno\u00a0\u00bb]<\/p>\n<h2>Buffet bas de style champ\u00eatre en noir et teck \u2013 plein de caract\u00e8re et hautement fonctionnel<\/h2>\n<p data-start=\"317\" data-end=\"590\">Ce buffet spacieux est un v\u00e9ritable coup d\u2019\u0153il pour les amateurs de charme rustique avec une touche robuste. Le contraste entre le corps peint en noir et le plateau en teck massif cr\u00e9e une ambiance chaleureuse et authentique, parfaitement adapt\u00e9e \u00e0 un int\u00e9rieur intemporel.<\/p>\n<p data-start=\"592\" data-end=\"873\">Avec ses quatre tiroirs centraux pratiques et ses trois grands compartiments lat\u00e9raux, ce meuble offre un vaste espace de rangement. Id\u00e9al pour la vaisselle, le linge de maison, les documents ou tout objet que vous souhaitez garder \u00e0 port\u00e9e de main\u2026 sans qu\u2019ils ne soient visibles.<\/p>\n<p data-start=\"875\" data-end=\"1180\"><strong data-start=\"875\" data-end=\"906\">Pourquoi ce meuble s\u00e9duit\u00a0:<\/strong><br data-start=\"906\" data-end=\"909\" \/>\u2714 Design champ\u00eatre authentique avec moulures d\u00e9coratives<br data-start=\"965\" data-end=\"968\" \/>\u2714 Plateau en teck avec veinage naturel apparent<br data-start=\"1015\" data-end=\"1018\" \/>\u2714 Finition noire profonde pour un contraste marqu\u00e9<br data-start=\"1068\" data-end=\"1071\" \/>\u2714 4 tiroirs au centre + 3 portes avec \u00e9tag\u00e8res int\u00e9rieures<br data-start=\"1129\" data-end=\"1132\" \/>\u2714 Poign\u00e9es et ferrures en m\u00e9tal au style raffin\u00e9<\/p>\n<p data-start=\"1182\" data-end=\"1307\">Ce buffet respire la nostalgie\u2026 et le confort pratique. Une vraie pi\u00e8ce ma\u00eetresse qui apporte de l\u2019\u00e2me \u00e0 votre espace de vie.<\/p>\n<p><br data-start=\"461\" data-end=\"464\" \/><strong data-start=\"464\" data-end=\"497\">Dimensions : 220 x 53 x 96\u202fH<\/strong><\/p>\n<p>ML 110<\/p>\n<p><br data-start=\"497\" data-end=\"500\" \/><strong data-start=\"503\" data-end=\"529\">Prix conseill\u00e9 : 1 395\u202f\u20ac<\/strong>[\/vc_column_text][\/vc_column][\/vc_row][vc_row][vc_column][vc_column_text css=\u00a0\u00bb\u00a0\u00bb woodmart_inline=\u00a0\u00bbno\u00a0\u00bb text_larger=\u00a0\u00bbno\u00a0\u00bb]<\/p>\n<p>&nbsp;<\/p>\n<p>&nbsp;<\/p>\n<p>[\/vc_column_text][\/vc_column][\/vc_row][vc_row][vc_column width=\u00a0\u00bb1\/4&Prime;][vc_single_image image=\u00a0\u00bb24204&Prime; img_size=\u00a0\u00bb450&#215;450&Prime; alignment=\u00a0\u00bbcenter\u00a0\u00bb css=\u00a0\u00bb\u00a0\u00bb parallax_scroll=\u00a0\u00bbno\u00a0\u00bb woodmart_inline=\u00a0\u00bbno\u00a0\u00bb][\/vc_column][vc_column width=\u00a0\u00bb3\/4&Prime;][vc_column_text css=\u00a0\u00bb\u00a0\u00bb woodmart_inline=\u00a0\u00bbno\u00a0\u00bb text_larger=\u00a0\u00bbno\u00a0\u00bb]<\/p>\n<p data-start=\"203\" data-end=\"297\"><strong data-start=\"203\" data-end=\"297\">Meuble TV de style champ\u00eatre avec plateau en teck \u2013 caract\u00e8re robuste et charme chaleureux<\/strong><\/p>\n<p data-start=\"299\" data-end=\"556\">Ce meuble TV plein de charme apporte instantan\u00e9ment de l\u2019ambiance \u00e0 votre salon. Le plateau en teck massif lui conf\u00e8re une touche naturelle et chaleureuse, tandis que la structure noire et les panneaux classiques renforcent son allure rustique intemporelle.<\/p>\n<p data-start=\"558\" data-end=\"736\">Gr\u00e2ce \u00e0 la combinaison d\u2019une niche ouverte pour vos appareils et de deux portes ferm\u00e9es, votre coin t\u00e9l\u00e9 reste toujours bien rang\u00e9 \u2014 sans rien sacrifier au style ni au caract\u00e8re.<\/p>\n<p><strong data-start=\"490\" data-end=\"538\">Dimensions : 170 x 45 x 54<\/strong><\/p>\n<p>ML 144<br data-start=\"487\" data-end=\"490\" \/><br data-start=\"538\" data-end=\"541\" \/><strong data-start=\"544\" data-end=\"570\">Prix conseill\u00e9 : 699\u202f\u20ac<\/strong>[\/vc_column_text][\/vc_column][\/vc_row][vc_row][vc_column][vc_column_text css=\u00a0\u00bb\u00a0\u00bb woodmart_inline=\u00a0\u00bbno\u00a0\u00bb text_larger=\u00a0\u00bbno\u00a0\u00bb]<\/p>\n<p>&nbsp;<\/p>\n<p>&nbsp;<\/p>\n<p>[\/vc_column_text][\/vc_column][\/vc_row][vc_row][vc_column width=\u00a0\u00bb1\/4&Prime;][vc_single_image image=\u00a0\u00bb24206&Prime; img_size=\u00a0\u00bb450&#215;450&Prime; alignment=\u00a0\u00bbcenter\u00a0\u00bb css=\u00a0\u00bb\u00a0\u00bb parallax_scroll=\u00a0\u00bbno\u00a0\u00bb woodmart_inline=\u00a0\u00bbno\u00a0\u00bb][\/vc_column][vc_column width=\u00a0\u00bb3\/4&Prime;][vc_column_text css=\u00a0\u00bb\u00a0\u00bb woodmart_inline=\u00a0\u00bbno\u00a0\u00bb text_larger=\u00a0\u00bbno\u00a0\u00bb]<\/p>\n<h2>Table basse de style champ\u00eatre avec plateau en teck \u2013 robuste, apaisante &amp; pratique<\/h2>\n<p data-start=\"278\" data-end=\"566\">Cette table basse d\u00e9gage un charme authentique. Son large plateau en teck massif invite \u00e0 profiter de l\u2019instant\u00a0: un bon caf\u00e9, un livre, ou une conversation partag\u00e9e. La structure noire laqu\u00e9e, soulign\u00e9e de moulures classiques, lui donne du caract\u00e8re et une allure champ\u00eatre intemporelle.<\/p>\n<p data-start=\"568\" data-end=\"683\">Avec sa niche ouverte pratique et ses deux grands tiroirs, cette table marie \u00e9l\u00e9gamment style et sens du rangement.<\/p>\n<p><strong data-start=\"490\" data-end=\"538\">Dimensions : 130 x 70 x 45<\/strong><\/p>\n<p>ML 500<br data-start=\"487\" data-end=\"490\" \/><br data-start=\"538\" data-end=\"541\" \/><strong data-start=\"544\" data-end=\"570\">Prix conseill\u00e9 : 635\u202f\u20ac<\/strong>[\/vc_column_text][\/vc_column][\/vc_row][vc_row][vc_column][vc_column_text css=\u00a0\u00bb\u00a0\u00bb woodmart_inline=\u00a0\u00bbno\u00a0\u00bb text_larger=\u00a0\u00bbno\u00a0\u00bb]<\/p>\n<p>&nbsp;<\/p>\n<p>&nbsp;<\/p>\n<p>[\/vc_column_text][\/vc_column][\/vc_row][vc_row][vc_column][vc_column_text css=\u00a0\u00bb\u00a0\u00bb woodmart_inline=\u00a0\u00bbno\u00a0\u00bb text_larger=\u00a0\u00bbno\u00a0\u00bb]<\/p>\n<p>&nbsp;<\/p>\n<h3 data-start=\"192\" data-end=\"251\"><strong data-start=\"192\" data-end=\"251\">Melinda\u00a0: l\u2019\u00e9l\u00e9gance champ\u00eatre avec une \u00e2me chaleureuse<\/strong><\/h3>\n<p data-start=\"253\" data-end=\"596\">La collection <strong data-start=\"267\" data-end=\"278\">Melinda<\/strong> incarne l\u2019art de vivre champ\u00eatre dans sa forme la plus pure\u00a0: teintes chaleureuses, savoir-faire authentique et \u00e9l\u00e9gance robuste qui traverse les modes. Chaque pi\u00e8ce est finie dans un noir profond, rehauss\u00e9e d\u2019un plateau en teck massif au caract\u00e8re affirm\u00e9 \u2014 une combinaison qui inspire le calme et respire le charme.<\/p>\n<p data-start=\"598\" data-end=\"876\">Des buffets g\u00e9n\u00e9reux avec \u00e9clairage LED aux vitrines \u00e9l\u00e9gantes, meubles TV et petits meubles de rangement\u00a0: tout s\u2019accorde avec harmonie. Vous trouverez \u00e9galement des tables \u00e0 manger assorties, en version rectangulaire ou ronde \u2014 toujours avec cette touche raffin\u00e9e et rustique.<\/p>\n<p data-start=\"878\" data-end=\"979\"><strong data-start=\"878\" data-end=\"889\">Melinda<\/strong>, c\u2019est la collection de ceux qui aiment l\u2019ambiance, le style\u2026 et le confort au quotidien.<\/p>\n<p>&nbsp;<\/p>\n<p>[\/vc_column_text][\/vc_column][\/vc_row][vc_row][vc_column][vc_column_text css=\u00a0\u00bb\u00a0\u00bb woodmart_inline=\u00a0\u00bbno\u00a0\u00bb text_larger=\u00a0\u00bbno\u00a0\u00bb]<\/p>\n<p>&nbsp;<\/p>\n<p>&nbsp;<\/p>\n<p>[\/vc_column_text][\/vc_column][\/vc_row][vc_row][vc_column width=\u00a0\u00bb1\/3&Prime;][vc_single_image image=\u00a0\u00bb20810&Prime; img_size=\u00a0\u00bb450&#215;450&Prime; alignment=\u00a0\u00bbcenter\u00a0\u00bb style=\u00a0\u00bbvc_box_circle_2&Prime; onclick=\u00a0\u00bbzoom\u00a0\u00bb css=\u00a0\u00bb\u00a0\u00bb parallax_scroll=\u00a0\u00bbno\u00a0\u00bb woodmart_inline=\u00a0\u00bbno\u00a0\u00bb][\/vc_column][vc_column width=\u00a0\u00bb1\/3&Prime;][vc_single_image image=\u00a0\u00bb24039&Prime; img_size=\u00a0\u00bb450&#215;450&Prime; alignment=\u00a0\u00bbcenter\u00a0\u00bb style=\u00a0\u00bbvc_box_circle_2&Prime; onclick=\u00a0\u00bbzoom\u00a0\u00bb css=\u00a0\u00bb\u00a0\u00bb parallax_scroll=\u00a0\u00bbno\u00a0\u00bb woodmart_inline=\u00a0\u00bbno\u00a0\u00bb][\/vc_column][vc_column width=\u00a0\u00bb1\/3&Prime;][vc_single_image image=\u00a0\u00bb24208&Prime; img_size=\u00a0\u00bb450&#215;450&Prime; alignment=\u00a0\u00bbcenter\u00a0\u00bb style=\u00a0\u00bbvc_box_circle_2&Prime; onclick=\u00a0\u00bbzoom\u00a0\u00bb css=\u00a0\u00bb\u00a0\u00bb parallax_scroll=\u00a0\u00bbno\u00a0\u00bb woodmart_inline=\u00a0\u00bbno\u00a0\u00bb][\/vc_column][\/vc_row]<\/p>\n<\/div>","protected":false},"excerpt":{"rendered":"<p>[vc_row][vc_column][vc_column_text css=\u00a0\u00bb\u00a0\u00bb woodmart_inline=\u00a0\u00bbno\u00a0\u00bb text_larger=\u00a0\u00bbno\u00a0\u00bb] Collection Melinda &nbsp; Collection Melinda\u00a0: l\u2019\u00e9l\u00e9gance du style champ\u00eatre Apportez chaleur, caract\u00e8re et raffinement \u00e0 votre<\/p>\n","protected":false},"author":185,"featured_media":0,"parent":0,"menu_order":0,"comment_status":"closed","ping_status":"closed","template":"","meta":{"footnotes":""},"class_list":["post-24188","page","type-page","status-publish","hentry"],"yoast_head":"<!-- This site is optimized with the Yoast SEO plugin v27.3 - https:\/\/yoast.com\/product\/yoast-seo-wordpress\/ -->\n<title>Sarah Mo - Collection melinda<\/title>\n<meta name=\"robots\" content=\"index, follow, max-snippet:-1, max-image-preview:large, max-video-preview:-1\" \/>\n<link rel=\"canonical\" href=\"https:\/\/www.sarahmo.be\/fr\/collection-melinda\/\" \/>\n<meta property=\"og:locale\" content=\"fr_FR\" \/>\n<meta property=\"og:type\" content=\"article\" \/>\n<meta property=\"og:title\" content=\"Sarah Mo - Collection melinda\" \/>\n<meta property=\"og:description\" content=\"[vc_row][vc_column][vc_column_text css=\u00a0\u00bb\u00a0\u00bb woodmart_inline=\u00a0\u00bbno\u00a0\u00bb text_larger=\u00a0\u00bbno\u00a0\u00bb] Collection Melinda &nbsp; Collection Melinda\u00a0: l\u2019\u00e9l\u00e9gance du style champ\u00eatre Apportez chaleur, caract\u00e8re et raffinement \u00e0 votre\" \/>\n<meta property=\"og:url\" content=\"https:\/\/www.sarahmo.be\/fr\/collection-melinda\/\" \/>\n<meta property=\"og:site_name\" content=\"Sarah Mo\" \/>\n<meta property=\"article:publisher\" content=\"https:\/\/www.facebook.com\/SarahMofurniturestore\/\" \/>\n<meta name=\"twitter:card\" content=\"summary_large_image\" \/>\n<meta name=\"twitter:label1\" content=\"Dur\u00e9e de lecture estim\u00e9e\" \/>\n\t<meta name=\"twitter:data1\" content=\"8 minutes\" \/>\n<script type=\"application\/ld+json\" class=\"yoast-schema-graph\">{\"@context\":\"https:\\\/\\\/schema.org\",\"@graph\":[{\"@type\":\"WebPage\",\"@id\":\"https:\\\/\\\/www.sarahmo.be\\\/fr\\\/collection-melinda\\\/\",\"url\":\"https:\\\/\\\/www.sarahmo.be\\\/fr\\\/collection-melinda\\\/\",\"name\":\"Sarah Mo - Collection melinda\",\"isPartOf\":{\"@id\":\"https:\\\/\\\/www.sarahmo.be\\\/fr\\\/#website\"},\"datePublished\":\"2025-08-01T11:46:36+00:00\",\"breadcrumb\":{\"@id\":\"https:\\\/\\\/www.sarahmo.be\\\/fr\\\/collection-melinda\\\/#breadcrumb\"},\"inLanguage\":\"fr-FR\",\"potentialAction\":[{\"@type\":\"ReadAction\",\"target\":[\"https:\\\/\\\/www.sarahmo.be\\\/fr\\\/collection-melinda\\\/\"]}]},{\"@type\":\"BreadcrumbList\",\"@id\":\"https:\\\/\\\/www.sarahmo.be\\\/fr\\\/collection-melinda\\\/#breadcrumb\",\"itemListElement\":[{\"@type\":\"ListItem\",\"position\":1,\"name\":\"Accueil\",\"item\":\"https:\\\/\\\/www.sarahmo.be\\\/fr\\\/\"},{\"@type\":\"ListItem\",\"position\":2,\"name\":\"Collection melinda\"}]},{\"@type\":\"WebSite\",\"@id\":\"https:\\\/\\\/www.sarahmo.be\\\/fr\\\/#website\",\"url\":\"https:\\\/\\\/www.sarahmo.be\\\/fr\\\/\",\"name\":\"Sarah Mo\",\"description\":\"Sp\u00e9cialiste du style campagne intemporel\",\"publisher\":{\"@id\":\"https:\\\/\\\/www.sarahmo.be\\\/fr\\\/#organization\"},\"potentialAction\":[{\"@type\":\"SearchAction\",\"target\":{\"@type\":\"EntryPoint\",\"urlTemplate\":\"https:\\\/\\\/www.sarahmo.be\\\/fr\\\/?s={search_term_string}\"},\"query-input\":{\"@type\":\"PropertyValueSpecification\",\"valueRequired\":true,\"valueName\":\"search_term_string\"}}],\"inLanguage\":\"fr-FR\"},{\"@type\":\"Organization\",\"@id\":\"https:\\\/\\\/www.sarahmo.be\\\/fr\\\/#organization\",\"name\":\"Sarah Mo Landelijke meubelen en verlichting\",\"url\":\"https:\\\/\\\/www.sarahmo.be\\\/fr\\\/\",\"logo\":{\"@type\":\"ImageObject\",\"inLanguage\":\"fr-FR\",\"@id\":\"https:\\\/\\\/www.sarahmo.be\\\/fr\\\/#\\\/schema\\\/logo\\\/image\\\/\",\"url\":\"https:\\\/\\\/www.sarahmo.be\\\/site\\\/wp-content\\\/uploads\\\/logo-dark.png\",\"contentUrl\":\"https:\\\/\\\/www.sarahmo.be\\\/site\\\/wp-content\\\/uploads\\\/logo-dark.png\",\"width\":1025,\"height\":120,\"caption\":\"Sarah Mo Landelijke meubelen en verlichting\"},\"image\":{\"@id\":\"https:\\\/\\\/www.sarahmo.be\\\/fr\\\/#\\\/schema\\\/logo\\\/image\\\/\"},\"sameAs\":[\"https:\\\/\\\/www.facebook.com\\\/SarahMofurniturestore\\\/\"]}]}<\/script>\n<!-- \/ Yoast SEO plugin. -->","yoast_head_json":{"title":"Sarah Mo - Collection melinda","robots":{"index":"index","follow":"follow","max-snippet":"max-snippet:-1","max-image-preview":"max-image-preview:large","max-video-preview":"max-video-preview:-1"},"canonical":"https:\/\/www.sarahmo.be\/fr\/collection-melinda\/","og_locale":"fr_FR","og_type":"article","og_title":"Sarah Mo - Collection melinda","og_description":"[vc_row][vc_column][vc_column_text css=\u00a0\u00bb\u00a0\u00bb woodmart_inline=\u00a0\u00bbno\u00a0\u00bb text_larger=\u00a0\u00bbno\u00a0\u00bb] Collection Melinda &nbsp; Collection Melinda\u00a0: l\u2019\u00e9l\u00e9gance du style champ\u00eatre Apportez chaleur, caract\u00e8re et raffinement \u00e0 votre","og_url":"https:\/\/www.sarahmo.be\/fr\/collection-melinda\/","og_site_name":"Sarah Mo","article_publisher":"https:\/\/www.facebook.com\/SarahMofurniturestore\/","twitter_card":"summary_large_image","twitter_misc":{"Dur\u00e9e de lecture estim\u00e9e":"8 minutes"},"schema":{"@context":"https:\/\/schema.org","@graph":[{"@type":"WebPage","@id":"https:\/\/www.sarahmo.be\/fr\/collection-melinda\/","url":"https:\/\/www.sarahmo.be\/fr\/collection-melinda\/","name":"Sarah Mo - Collection melinda","isPartOf":{"@id":"https:\/\/www.sarahmo.be\/fr\/#website"},"datePublished":"2025-08-01T11:46:36+00:00","breadcrumb":{"@id":"https:\/\/www.sarahmo.be\/fr\/collection-melinda\/#breadcrumb"},"inLanguage":"fr-FR","potentialAction":[{"@type":"ReadAction","target":["https:\/\/www.sarahmo.be\/fr\/collection-melinda\/"]}]},{"@type":"BreadcrumbList","@id":"https:\/\/www.sarahmo.be\/fr\/collection-melinda\/#breadcrumb","itemListElement":[{"@type":"ListItem","position":1,"name":"Accueil","item":"https:\/\/www.sarahmo.be\/fr\/"},{"@type":"ListItem","position":2,"name":"Collection melinda"}]},{"@type":"WebSite","@id":"https:\/\/www.sarahmo.be\/fr\/#website","url":"https:\/\/www.sarahmo.be\/fr\/","name":"Sarah Mo","description":"Sp\u00e9cialiste du style campagne intemporel","publisher":{"@id":"https:\/\/www.sarahmo.be\/fr\/#organization"},"potentialAction":[{"@type":"SearchAction","target":{"@type":"EntryPoint","urlTemplate":"https:\/\/www.sarahmo.be\/fr\/?s={search_term_string}"},"query-input":{"@type":"PropertyValueSpecification","valueRequired":true,"valueName":"search_term_string"}}],"inLanguage":"fr-FR"},{"@type":"Organization","@id":"https:\/\/www.sarahmo.be\/fr\/#organization","name":"Sarah Mo Landelijke meubelen en verlichting","url":"https:\/\/www.sarahmo.be\/fr\/","logo":{"@type":"ImageObject","inLanguage":"fr-FR","@id":"https:\/\/www.sarahmo.be\/fr\/#\/schema\/logo\/image\/","url":"https:\/\/www.sarahmo.be\/site\/wp-content\/uploads\/logo-dark.png","contentUrl":"https:\/\/www.sarahmo.be\/site\/wp-content\/uploads\/logo-dark.png","width":1025,"height":120,"caption":"Sarah Mo Landelijke meubelen en verlichting"},"image":{"@id":"https:\/\/www.sarahmo.be\/fr\/#\/schema\/logo\/image\/"},"sameAs":["https:\/\/www.facebook.com\/SarahMofurniturestore\/"]}]}},"_links":{"self":[{"href":"https:\/\/www.sarahmo.be\/fr\/wp-json\/wp\/v2\/pages\/24188","targetHints":{"allow":["GET"]}}],"collection":[{"href":"https:\/\/www.sarahmo.be\/fr\/wp-json\/wp\/v2\/pages"}],"about":[{"href":"https:\/\/www.sarahmo.be\/fr\/wp-json\/wp\/v2\/types\/page"}],"author":[{"embeddable":true,"href":"https:\/\/www.sarahmo.be\/fr\/wp-json\/wp\/v2\/users\/185"}],"replies":[{"embeddable":true,"href":"https:\/\/www.sarahmo.be\/fr\/wp-json\/wp\/v2\/comments?post=24188"}],"version-history":[{"count":0,"href":"https:\/\/www.sarahmo.be\/fr\/wp-json\/wp\/v2\/pages\/24188\/revisions"}],"wp:attachment":[{"href":"https:\/\/www.sarahmo.be\/fr\/wp-json\/wp\/v2\/media?parent=24188"}],"curies":[{"name":"wp","href":"https:\/\/api.w.org\/{rel}","templated":true}]}}