{"id":6668,"date":"2017-05-01T21:37:00","date_gmt":"2017-05-01T20:37:00","guid":{"rendered":"http:\/\/www.sarahmo.be\/website\/?page_id=6668\/"},"modified":"2020-05-19T16:22:12","modified_gmt":"2020-05-19T14:22:12","slug":"politique-de-confidentialite","status":"publish","type":"page","link":"https:\/\/www.sarahmo.be\/fr\/politique-de-confidentialite\/","title":{"rendered":"Politique de confidentialit\u00e9"},"content":{"rendered":"<div class=\"wpb-content-wrapper\"><p>[vc_row][vc_column][vc_column_text text_larger=\u00a0\u00bbno\u00a0\u00bb]<\/p>\n<div class=\"wpb_text_column wpb_content_element vc_custom_1585316784314\">\n<div class=\"wpb_wrapper\">\n<p><span id=\"E79\" class=\"qowt-font4-CourierNew\">Garantir le respect de la vie priv\u00e9e est une t\u00e2che importante \u00e0 nos yeux. C\u2019est pourquoi nous d\u00e9crivons dans notre politique de confidentialit\u00e9 les informations que nous collectons et la mani\u00e8re dont nous les utilisons.<\/span><\/p>\n<p><span id=\"E82\" class=\"qowt-font4-CourierNew\">En utilisant les informations et les services sur\u00a0<\/span><span id=\"E83\" class=\"qowt-font5-CambriaMath\">\u200b<a title=\"\" href=\"https:\/\/www.sarahmo.be\">www.sarahmo.be<\/a><\/span><span id=\"E85\" class=\"qowt-font5-CambriaMath\">\u200b<\/span><span id=\"E86\" class=\"qowt-font4-CourierNew\">\u00a0vous marquez votre accord sur notre politique de confidentialit\u00e9 et les conditions qui y figurent.<\/span><\/p>\n<h3><span id=\"E89\" class=\"qowt-font4-CourierNew\">Responsable du traitement<\/span><\/h3>\n<p><span id=\"E95\" class=\"qowt-font4-CourierNew\">Sarah Mo est un nom de marque Global Living, qui collecte, enregistre et traite les donn\u00e9es \u00e0 caract\u00e8re personnel de ses clients et d<\/span><span id=\"E102\" class=\"qowt-font4-CourierNew\">\u2018autres donn\u00e9es sont collect\u00e9es de mani\u00e8re automatis\u00e9e par des cookies qui recueillent des informations (voir\u00a0<a href=\"https:\/\/www.sarahmo.be\/fr\/politique-de-cookies\/\">notre politique en mati\u00e8re de cookies<\/a>).<\/span><\/p>\n<p><span id=\"E109\" class=\"qowt-font4-CourierNew\">Les donn\u00e9es qui sont communiqu\u00e9es de mani\u00e8re expresse ou automatis\u00e9e sont int\u00e9gr\u00e9es et trait\u00e9es dans le fichier de donn\u00e9es de\u00a0<\/span><span id=\"E111\" class=\"qowt-font4-CourierNew\">Global Living<\/span><span id=\"E113\" class=\"qowt-font4-CourierNew\"> bv, Transportstraat 7<\/span><span id=\"E117\" class=\"qowt-font4-CourierNew\">, \u00e0 Tessenderlo.<\/span><\/p>\n<p><span id=\"E123\" class=\"qowt-font4-CourierNew\"><span id=\"E111\" class=\"qowt-font4-CourierNew\">Global Living<\/span><span id=\"E113\" class=\"qowt-font4-CourierNew\"> bv<\/span> est responsable du traitement des donn\u00e9es \u00e0 caract\u00e8re personnel, collect\u00e9es par le biais du site Web ou d\u2019autres canaux, et contr\u00f4le le traitement que d\u2019autres parties effectuent \u00e0 sa demande.<\/span><\/p>\n<h3><span id=\"E126\" class=\"qowt-font4-CourierNew\">Utilisation de vos donnees<\/span><\/h3>\n<p><span id=\"E132\" class=\"qowt-font4-CourierNew\"><span id=\"E111\" class=\"qowt-font4-CourierNew\">Global Living<\/span><span id=\"E113\" class=\"qowt-font4-CourierNew\"> bv<\/span> s\u2019efforce toujours de vous demander clairement votre accord pour utiliser les donn\u00e9es \u00e0 caract\u00e8re personnel que vous nous communiquez, au moment o\u00f9 vous nous les fournissez (par ex. lors de l\u2019envoi de certains formulaires). Dans certains cas, <span id=\"E111\" class=\"qowt-font4-CourierNew\">Global Living<\/span><span id=\"E113\" class=\"qowt-font4-CourierNew\"> bv<\/span><\/span><span id=\"E136\" class=\"qowt-font4-CourierNew\">\u00a0peut d\u00e9duire ce consentement de vos actions et de votre comportement (par ex. l\u2019ouverture active de plusieurs lettres d\u2019information sans que vous vous soyez explicitement d\u00e9sabonn\u00e9 en cliquant sur le lien de d\u00e9sabonnement).<\/span><\/p>\n<div id=\"contentsContainer\">\n<div id=\"contents\">\n<p id=\"E142\" class=\"qowt-stl-Tekstzonderopmaak\"><span id=\"E143\" class=\"qowt-font4-CourierNew\">Nous pouvons \u00e9galement traiter vos donn\u00e9es dans le cadre de l\u2019ex\u00e9cution d\u2019une convention juridique, du respect d\u2019une obligation ou de la d\u00e9fense des int\u00e9r\u00eats l\u00e9gitimes de <span id=\"E111\" class=\"qowt-font4-CourierNew\">Global Living<\/span><span id=\"E113\" class=\"qowt-font4-CourierNew\"> bv<\/span><\/span><span id=\"E147\" class=\"qowt-font4-CourierNew\">. <span id=\"E111\" class=\"qowt-font4-CourierNew\">Global Living<\/span><span id=\"E113\" class=\"qowt-font4-CourierNew\"> bv<\/span><\/span><span id=\"E151\" class=\"qowt-font4-CourierNew\">\u00a0tiendra toujours\u00a0<\/span><span id=\"E152\" class=\"qowt-font4-CourierNew\">compte de vos int\u00e9r\u00eats, vos droits et vos libert\u00e9s et veillera \u00e0 ce que\u00a0<\/span>ceux-ci ne pr\u00e9valent pas.<\/p>\n<\/div>\n<\/div>\n<p><span id=\"E171\" class=\"qowt-font4-CourierNew\">Vos coordonn\u00e9es peuvent \u00eatre utilis\u00e9es pour vous contacter directement par courrier, t\u00e9l\u00e9phone ou e-mail.<\/span><\/p>\n<p><span id=\"E192\" class=\"qowt-font4-CourierNew\"><span id=\"E111\" class=\"qowt-font4-CourierNew\">Global Living<\/span><span id=\"E113\" class=\"qowt-font4-CourierNew\"> bv<\/span> n\u2019est en aucun cas responsable de l\u2019utilisation de vos donn\u00e9es par des tiers.<\/span><\/p>\n<h3><span id=\"E195\" class=\"qowt-font4-CourierNew\">Acces et correction des donnees<\/span><\/h3>\n<p><span id=\"E202\" class=\"qowt-font4-CourierNew\">Vous garantissez que les donn\u00e9es que vous communiquez sont exactes et compl\u00e8tes.<\/span><\/p>\n<p><span id=\"E209\" class=\"qowt-font4-CourierNew\">Via <a href=\"mailto:info@sarahmo.be\">info@sarahmo.be<\/a>, vous avez toujours le droit de consulter, rectifier, supprimer et vous opposer sans frais au traitement et \u00e0 la transmission de vos donn\u00e9es.<\/span><\/p>\n<p><span id=\"E219\" class=\"qowt-font4-CourierNew\"><span id=\"E111\" class=\"qowt-font4-CourierNew\">Global Living<\/span><span id=\"E113\" class=\"qowt-font4-CourierNew\"> bv<\/span> ne conservera pas vos donn\u00e9es plus longtemps que ce qu\u2019autorise la loi et certainement pas au-del\u00e0 du temps n\u00e9cessaire \u00e0 la r\u00e9alisation des objectifs mentionn\u00e9s dans la pr\u00e9sente.<\/span><\/p>\n<h3><span id=\"E222\" class=\"qowt-font4-CourierNew\">Transfert des donnees a l\u2019etranger<\/span><\/h3>\n<p><span id=\"E225\" class=\"qowt-font4-CourierNew\">En fournissant les informations vous concernant, vous acceptez que vos donn\u00e9es \u00e0 caract\u00e8re personnel puissent \u00eatre transf\u00e9r\u00e9es sur des serveurs en dehors de la Belgique afin d\u2019y \u00eatre trait\u00e9es. Ceci est toujours en lien avec la convention que nous avons conclue avec vous. <span id=\"E111\" class=\"qowt-font4-CourierNew\">Global Living<\/span><span id=\"E113\" class=\"qowt-font4-CourierNew\"> bv<\/span><span id=\"E235\" class=\"qowt-font4-CourierNew\">\u00a0contr\u00f4le en permanence la mani\u00e8re dont ces tiers externes, charg\u00e9s du traitement des donn\u00e9es, g\u00e8rent les donn\u00e9es qui vous concernent.<\/span><\/span><b><br \/>\n<\/b><\/p>\n<h3><span id=\"E238\" class=\"qowt-font4-CourierNew\">Protection<\/span><\/h3>\n<p><span id=\"E244\" class=\"qowt-font4-CourierNew\"><span id=\"E111\" class=\"qowt-font4-CourierNew\">Global Living<\/span><span id=\"E113\" class=\"qowt-font4-CourierNew\"> bv<\/span> veille \u00e0 ce que le traitement administratif, technique et physique des donn\u00e9es \u00e0 caract\u00e8re personnel soit appropri\u00e9 et s\u00fbr et pr\u00e9voit des mesures de s\u00e9curit\u00e9 qui les prot\u00e8gent contre toute perte, modification, tout acc\u00e8s, toute divulgation, utilisation ou destruction accidentels, ill\u00e9gaux ou non autoris\u00e9s. Une politique interne destin\u00e9e au personnel, le contr\u00f4le d\u2019acc\u00e8s aux b\u00e2timents de l\u2019entreprise\u2026 sont des exemples de ces mesures.<\/span><\/p>\n<\/div>\n<\/div>\n<div class=\"wpb_text_column wpb_content_element vc_custom_1585316825824\">\n<div class=\"wpb_wrapper\">\n<h3><span id=\"E541\" class=\"qowt-font4-CourierNew\">Generalites<\/span><\/h3>\n<p><span id=\"E544\" class=\"qowt-font4-CourierNew\">Le traitement des donn\u00e9es \u00e0 caract\u00e8re personnel au sein de <span id=\"E111\" class=\"qowt-font4-CourierNew\">Global Living<\/span><span id=\"E113\" class=\"qowt-font4-CourierNew\"> bv<\/span><\/span><span id=\"E548\" class=\"qowt-font4-CourierNew\">\u00a0est r\u00e9gi par le droit belge.<\/span><\/p>\n<p><span id=\"E551\" class=\"qowt-font4-CourierNew\">Cette politique de confidentialit\u00e9 est r\u00e9guli\u00e8rement mise \u00e0 jour. Vous n\u2019en \u00eates pas inform\u00e9 en tant que visiteur anonyme de notre site. La derni\u00e8re mise \u00e0 jour est intervenue le 19 mai 2020.<\/span><\/p>\n<p><span id=\"E554\" class=\"qowt-font4-CourierNew\">Pour toute question ou demande d\u2019informations, veuillez nous contacter par e-mail \u00e0\u00a0<a href=\"mailto:info@sarahmo.be\">info@sarahmo.be<\/a>.<\/span><\/p>\n<\/div>\n<\/div>\n<p>[\/vc_column_text][\/vc_column][\/vc_row]<\/p>\n<\/div>","protected":false},"excerpt":{"rendered":"<p>[vc_row][vc_column][vc_column_text text_larger=\u00a0\u00bbno\u00a0\u00bb] Garantir le respect de la vie priv\u00e9e est une t\u00e2che importante \u00e0 nos yeux. C\u2019est pourquoi nous d\u00e9crivons<\/p>\n","protected":false},"author":187,"featured_media":0,"parent":0,"menu_order":0,"comment_status":"closed","ping_status":"closed","template":"","meta":{"footnotes":""},"class_list":["post-6668","page","type-page","status-publish","hentry"],"yoast_head":"<!-- This site is optimized with the Yoast SEO plugin v27.5 - https:\/\/yoast.com\/product\/yoast-seo-wordpress\/ -->\n<title>Sarah Mo - Politique de confidentialit\u00e9<\/title>\n<meta name=\"description\" content=\"Assurez la confidentialit\u00e9 des visiteurs du site www.sarahmo.be est important pour nous.\" \/>\n<meta name=\"robots\" content=\"index, follow, max-snippet:-1, max-image-preview:large, max-video-preview:-1\" \/>\n<link rel=\"canonical\" href=\"https:\/\/www.sarahmo.be\/fr\/politique-de-confidentialite\/\" \/>\n<meta property=\"og:locale\" content=\"fr_FR\" \/>\n<meta property=\"og:type\" content=\"article\" \/>\n<meta property=\"og:title\" content=\"Sarah Mo - Politique de confidentialit\u00e9\" \/>\n<meta property=\"og:description\" content=\"Assurez la confidentialit\u00e9 des visiteurs du site www.sarahmo.be est important pour nous.\" \/>\n<meta property=\"og:url\" content=\"https:\/\/www.sarahmo.be\/fr\/politique-de-confidentialite\/\" \/>\n<meta property=\"og:site_name\" content=\"Sarah Mo\" \/>\n<meta property=\"article:publisher\" content=\"https:\/\/www.facebook.com\/SarahMofurniturestore\/\" \/>\n<meta property=\"article:modified_time\" content=\"2020-05-19T14:22:12+00:00\" \/>\n<meta name=\"twitter:card\" content=\"summary_large_image\" \/>\n<meta name=\"twitter:label1\" content=\"Dur\u00e9e de lecture estim\u00e9e\" \/>\n\t<meta name=\"twitter:data1\" content=\"4 minutes\" \/>\n<script type=\"application\/ld+json\" class=\"yoast-schema-graph\">{\"@context\":\"https:\\\/\\\/schema.org\",\"@graph\":[{\"@type\":\"WebPage\",\"@id\":\"https:\\\/\\\/www.sarahmo.be\\\/fr\\\/politique-de-confidentialite\\\/\",\"url\":\"https:\\\/\\\/www.sarahmo.be\\\/fr\\\/politique-de-confidentialite\\\/\",\"name\":\"Sarah Mo - Politique de confidentialit\u00e9\",\"isPartOf\":{\"@id\":\"https:\\\/\\\/www.sarahmo.be\\\/fr\\\/#website\"},\"datePublished\":\"2017-05-01T20:37:00+00:00\",\"dateModified\":\"2020-05-19T14:22:12+00:00\",\"description\":\"Assurez la confidentialit\u00e9 des visiteurs du site www.sarahmo.be est important pour nous.\",\"breadcrumb\":{\"@id\":\"https:\\\/\\\/www.sarahmo.be\\\/fr\\\/politique-de-confidentialite\\\/#breadcrumb\"},\"inLanguage\":\"fr-FR\",\"potentialAction\":[{\"@type\":\"ReadAction\",\"target\":[\"https:\\\/\\\/www.sarahmo.be\\\/fr\\\/politique-de-confidentialite\\\/\"]}]},{\"@type\":\"BreadcrumbList\",\"@id\":\"https:\\\/\\\/www.sarahmo.be\\\/fr\\\/politique-de-confidentialite\\\/#breadcrumb\",\"itemListElement\":[{\"@type\":\"ListItem\",\"position\":1,\"name\":\"Accueil\",\"item\":\"https:\\\/\\\/www.sarahmo.be\\\/fr\\\/\"},{\"@type\":\"ListItem\",\"position\":2,\"name\":\"Politique de confidentialit\u00e9\"}]},{\"@type\":\"WebSite\",\"@id\":\"https:\\\/\\\/www.sarahmo.be\\\/fr\\\/#website\",\"url\":\"https:\\\/\\\/www.sarahmo.be\\\/fr\\\/\",\"name\":\"Sarah Mo\",\"description\":\"Sp\u00e9cialiste du style campagne intemporel\",\"publisher\":{\"@id\":\"https:\\\/\\\/www.sarahmo.be\\\/fr\\\/#organization\"},\"potentialAction\":[{\"@type\":\"SearchAction\",\"target\":{\"@type\":\"EntryPoint\",\"urlTemplate\":\"https:\\\/\\\/www.sarahmo.be\\\/fr\\\/?s={search_term_string}\"},\"query-input\":{\"@type\":\"PropertyValueSpecification\",\"valueRequired\":true,\"valueName\":\"search_term_string\"}}],\"inLanguage\":\"fr-FR\"},{\"@type\":\"Organization\",\"@id\":\"https:\\\/\\\/www.sarahmo.be\\\/fr\\\/#organization\",\"name\":\"Sarah Mo Landelijke meubelen en verlichting\",\"url\":\"https:\\\/\\\/www.sarahmo.be\\\/fr\\\/\",\"logo\":{\"@type\":\"ImageObject\",\"inLanguage\":\"fr-FR\",\"@id\":\"https:\\\/\\\/www.sarahmo.be\\\/fr\\\/#\\\/schema\\\/logo\\\/image\\\/\",\"url\":\"https:\\\/\\\/www.sarahmo.be\\\/site\\\/wp-content\\\/uploads\\\/logo-dark.png\",\"contentUrl\":\"https:\\\/\\\/www.sarahmo.be\\\/site\\\/wp-content\\\/uploads\\\/logo-dark.png\",\"width\":1025,\"height\":120,\"caption\":\"Sarah Mo Landelijke meubelen en verlichting\"},\"image\":{\"@id\":\"https:\\\/\\\/www.sarahmo.be\\\/fr\\\/#\\\/schema\\\/logo\\\/image\\\/\"},\"sameAs\":[\"https:\\\/\\\/www.facebook.com\\\/SarahMofurniturestore\\\/\"]}]}<\/script>\n<!-- \/ Yoast SEO plugin. -->","yoast_head_json":{"title":"Sarah Mo - Politique de confidentialit\u00e9","description":"Assurez la confidentialit\u00e9 des visiteurs du site www.sarahmo.be est important pour nous.","robots":{"index":"index","follow":"follow","max-snippet":"max-snippet:-1","max-image-preview":"max-image-preview:large","max-video-preview":"max-video-preview:-1"},"canonical":"https:\/\/www.sarahmo.be\/fr\/politique-de-confidentialite\/","og_locale":"fr_FR","og_type":"article","og_title":"Sarah Mo - Politique de confidentialit\u00e9","og_description":"Assurez la confidentialit\u00e9 des visiteurs du site www.sarahmo.be est important pour nous.","og_url":"https:\/\/www.sarahmo.be\/fr\/politique-de-confidentialite\/","og_site_name":"Sarah Mo","article_publisher":"https:\/\/www.facebook.com\/SarahMofurniturestore\/","article_modified_time":"2020-05-19T14:22:12+00:00","twitter_card":"summary_large_image","twitter_misc":{"Dur\u00e9e de lecture estim\u00e9e":"4 minutes"},"schema":{"@context":"https:\/\/schema.org","@graph":[{"@type":"WebPage","@id":"https:\/\/www.sarahmo.be\/fr\/politique-de-confidentialite\/","url":"https:\/\/www.sarahmo.be\/fr\/politique-de-confidentialite\/","name":"Sarah Mo - Politique de confidentialit\u00e9","isPartOf":{"@id":"https:\/\/www.sarahmo.be\/fr\/#website"},"datePublished":"2017-05-01T20:37:00+00:00","dateModified":"2020-05-19T14:22:12+00:00","description":"Assurez la confidentialit\u00e9 des visiteurs du site www.sarahmo.be est important pour nous.","breadcrumb":{"@id":"https:\/\/www.sarahmo.be\/fr\/politique-de-confidentialite\/#breadcrumb"},"inLanguage":"fr-FR","potentialAction":[{"@type":"ReadAction","target":["https:\/\/www.sarahmo.be\/fr\/politique-de-confidentialite\/"]}]},{"@type":"BreadcrumbList","@id":"https:\/\/www.sarahmo.be\/fr\/politique-de-confidentialite\/#breadcrumb","itemListElement":[{"@type":"ListItem","position":1,"name":"Accueil","item":"https:\/\/www.sarahmo.be\/fr\/"},{"@type":"ListItem","position":2,"name":"Politique de confidentialit\u00e9"}]},{"@type":"WebSite","@id":"https:\/\/www.sarahmo.be\/fr\/#website","url":"https:\/\/www.sarahmo.be\/fr\/","name":"Sarah Mo","description":"Sp\u00e9cialiste du style campagne intemporel","publisher":{"@id":"https:\/\/www.sarahmo.be\/fr\/#organization"},"potentialAction":[{"@type":"SearchAction","target":{"@type":"EntryPoint","urlTemplate":"https:\/\/www.sarahmo.be\/fr\/?s={search_term_string}"},"query-input":{"@type":"PropertyValueSpecification","valueRequired":true,"valueName":"search_term_string"}}],"inLanguage":"fr-FR"},{"@type":"Organization","@id":"https:\/\/www.sarahmo.be\/fr\/#organization","name":"Sarah Mo Landelijke meubelen en verlichting","url":"https:\/\/www.sarahmo.be\/fr\/","logo":{"@type":"ImageObject","inLanguage":"fr-FR","@id":"https:\/\/www.sarahmo.be\/fr\/#\/schema\/logo\/image\/","url":"https:\/\/www.sarahmo.be\/site\/wp-content\/uploads\/logo-dark.png","contentUrl":"https:\/\/www.sarahmo.be\/site\/wp-content\/uploads\/logo-dark.png","width":1025,"height":120,"caption":"Sarah Mo Landelijke meubelen en verlichting"},"image":{"@id":"https:\/\/www.sarahmo.be\/fr\/#\/schema\/logo\/image\/"},"sameAs":["https:\/\/www.facebook.com\/SarahMofurniturestore\/"]}]}},"_links":{"self":[{"href":"https:\/\/www.sarahmo.be\/fr\/wp-json\/wp\/v2\/pages\/6668","targetHints":{"allow":["GET"]}}],"collection":[{"href":"https:\/\/www.sarahmo.be\/fr\/wp-json\/wp\/v2\/pages"}],"about":[{"href":"https:\/\/www.sarahmo.be\/fr\/wp-json\/wp\/v2\/types\/page"}],"author":[{"embeddable":true,"href":"https:\/\/www.sarahmo.be\/fr\/wp-json\/wp\/v2\/users\/187"}],"replies":[{"embeddable":true,"href":"https:\/\/www.sarahmo.be\/fr\/wp-json\/wp\/v2\/comments?post=6668"}],"version-history":[{"count":0,"href":"https:\/\/www.sarahmo.be\/fr\/wp-json\/wp\/v2\/pages\/6668\/revisions"}],"wp:attachment":[{"href":"https:\/\/www.sarahmo.be\/fr\/wp-json\/wp\/v2\/media?parent=6668"}],"curies":[{"name":"wp","href":"https:\/\/api.w.org\/{rel}","templated":true}]}}