{"id":16643,"date":"2020-04-01T11:22:33","date_gmt":"2020-04-01T09:22:33","guid":{"rendered":"https:\/\/www.sarahmo.be\/site\/landelijkemeubelen\/non%20class\u00e9\/na133\/"},"modified":"2024-10-17T14:36:21","modified_gmt":"2024-10-17T12:36:21","slug":"meuble-tv-en-teck-recycle-2-tiroirs-finition-metal-2","status":"publish","type":"product","link":"https:\/\/www.sarahmo.be\/fr\/landelijkemeubelen\/sejour\/nadal-fr\/meuble-tv-en-teck-recycle-2-tiroirs-finition-metal-2\/","title":{"rendered":"Meuble tv petit en metal + reclaimed wood 1 porte battante 1 ports 2 tiroirs"},"content":{"rendered":"<div id=\"description\" class=\"data item content\" role=\"tabpanel\" data-role=\"content\" aria-labelledby=\"tab-label-description\" aria-hidden=\"false\">\n<div class=\"product attribute description\">\n<div class=\"value\">Apportez une touche contemporaine et industrielle \u00e0 votre salon avec ce meuble TV en teck recycl\u00e9 et finition m\u00e9tal. Ses deux tiroirs spacieux et ses compartiments de rangement en font une solution pratique pour organiser vos appareils \u00e9lectroniques tout en ajoutant du style \u00e0 votre int\u00e9rieur. Le m\u00e9lange du bois naturel et des accents m\u00e9talliques conf\u00e8re \u00e0 ce meuble un look moderne et raffin\u00e9.<\/div>\n<\/div>\n<\/div>\n","protected":false},"excerpt":{"rendered":"<p>Apportez une touche contemporaine et industrielle \u00e0 votre salon avec ce meuble TV en teck recycl\u00e9 et finition m\u00e9tal. Ses<\/p>\n","protected":false},"featured_media":15108,"template":"","meta":[],"product_brand":[],"product_cat":[2562],"product_tag":[],"class_list":{"0":"post-16643","1":"product","2":"type-product","3":"status-publish","4":"has-post-thumbnail","6":"product_cat-nadal-fr","7":"pa_breedte-166-cm-fr","8":"pa_diepte-45-cm-fr","9":"pa_hoogte-55-cm-fr","11":"first","12":"instock","13":"purchasable","14":"product-type-simple"},"yoast_head":"<!-- This site is optimized with the Yoast SEO plugin v27.3 - https:\/\/yoast.com\/product\/yoast-seo-wordpress\/ -->\n<title>Sarah Mo - Meuble tv petit en metal + reclaimed wood 1 porte battante 1 ports 2 tiroirs - Nadal<\/title>\n<meta name=\"description\" content=\"Apportez une touche contemporaine et industrielle \u00e0 votre salon avec ce meuble TV en teck recycl\u00e9 et finition m\u00e9tal. Ses deux tiroirs spacieux et ses\" \/>\n<meta name=\"robots\" content=\"index, follow, max-snippet:-1, max-image-preview:large, max-video-preview:-1\" \/>\n<link rel=\"canonical\" href=\"https:\/\/www.sarahmo.be\/fr\/landelijkemeubelen\/sejour\/nadal-fr\/meuble-tv-en-teck-recycle-2-tiroirs-finition-metal-2\/\" \/>\n<meta property=\"og:locale\" content=\"fr_FR\" \/>\n<meta property=\"og:type\" content=\"article\" \/>\n<meta property=\"og:title\" content=\"Sarah Mo - Meuble tv petit en metal + reclaimed wood 1 porte battante 1 ports 2 tiroirs - Nadal\" \/>\n<meta property=\"og:description\" content=\"Apportez une touche contemporaine et industrielle \u00e0 votre salon avec ce meuble TV en teck recycl\u00e9 et finition m\u00e9tal. Ses deux tiroirs spacieux et ses\" \/>\n<meta property=\"og:url\" content=\"https:\/\/www.sarahmo.be\/fr\/landelijkemeubelen\/sejour\/nadal-fr\/meuble-tv-en-teck-recycle-2-tiroirs-finition-metal-2\/\" \/>\n<meta property=\"og:site_name\" content=\"Sarah Mo\" \/>\n<meta property=\"article:publisher\" content=\"https:\/\/www.facebook.com\/SarahMofurniturestore\/\" \/>\n<meta property=\"article:modified_time\" content=\"2024-10-17T12:36:21+00:00\" \/>\n<meta property=\"og:image\" content=\"https:\/\/www.sarahmo.be\/site\/wp-content\/uploads\/NA133.jpg\" \/>\n\t<meta property=\"og:image:width\" content=\"1000\" \/>\n\t<meta property=\"og:image:height\" content=\"667\" \/>\n\t<meta property=\"og:image:type\" content=\"image\/jpeg\" \/>\n<meta name=\"twitter:card\" content=\"summary_large_image\" \/>\n<meta name=\"twitter:label1\" content=\"Dur\u00e9e de lecture estim\u00e9e\" \/>\n\t<meta name=\"twitter:data1\" content=\"1 minute\" \/>\n<script type=\"application\/ld+json\" class=\"yoast-schema-graph\">{\"@context\":\"https:\\\/\\\/schema.org\",\"@graph\":[{\"@type\":\"WebPage\",\"@id\":\"https:\\\/\\\/www.sarahmo.be\\\/fr\\\/landelijkemeubelen\\\/sejour\\\/nadal-fr\\\/meuble-tv-en-teck-recycle-2-tiroirs-finition-metal-2\\\/\",\"url\":\"https:\\\/\\\/www.sarahmo.be\\\/fr\\\/landelijkemeubelen\\\/sejour\\\/nadal-fr\\\/meuble-tv-en-teck-recycle-2-tiroirs-finition-metal-2\\\/\",\"name\":\"Sarah Mo - Meuble tv petit en metal + reclaimed wood 1 porte battante 1 ports 2 tiroirs - Nadal\",\"isPartOf\":{\"@id\":\"https:\\\/\\\/www.sarahmo.be\\\/fr\\\/#website\"},\"primaryImageOfPage\":{\"@id\":\"https:\\\/\\\/www.sarahmo.be\\\/fr\\\/landelijkemeubelen\\\/sejour\\\/nadal-fr\\\/meuble-tv-en-teck-recycle-2-tiroirs-finition-metal-2\\\/#primaryimage\"},\"image\":{\"@id\":\"https:\\\/\\\/www.sarahmo.be\\\/fr\\\/landelijkemeubelen\\\/sejour\\\/nadal-fr\\\/meuble-tv-en-teck-recycle-2-tiroirs-finition-metal-2\\\/#primaryimage\"},\"thumbnailUrl\":\"https:\\\/\\\/www.sarahmo.be\\\/site\\\/wp-content\\\/uploads\\\/NA133.jpg\",\"datePublished\":\"2020-04-01T09:22:33+00:00\",\"dateModified\":\"2024-10-17T12:36:21+00:00\",\"description\":\"Apportez une touche contemporaine et industrielle \u00e0 votre salon avec ce meuble TV en teck recycl\u00e9 et finition m\u00e9tal. Ses deux tiroirs spacieux et ses\",\"breadcrumb\":{\"@id\":\"https:\\\/\\\/www.sarahmo.be\\\/fr\\\/landelijkemeubelen\\\/sejour\\\/nadal-fr\\\/meuble-tv-en-teck-recycle-2-tiroirs-finition-metal-2\\\/#breadcrumb\"},\"inLanguage\":\"fr-FR\",\"potentialAction\":[{\"@type\":\"ReadAction\",\"target\":[\"https:\\\/\\\/www.sarahmo.be\\\/fr\\\/landelijkemeubelen\\\/sejour\\\/nadal-fr\\\/meuble-tv-en-teck-recycle-2-tiroirs-finition-metal-2\\\/\"]}]},{\"@type\":\"ImageObject\",\"inLanguage\":\"fr-FR\",\"@id\":\"https:\\\/\\\/www.sarahmo.be\\\/fr\\\/landelijkemeubelen\\\/sejour\\\/nadal-fr\\\/meuble-tv-en-teck-recycle-2-tiroirs-finition-metal-2\\\/#primaryimage\",\"url\":\"https:\\\/\\\/www.sarahmo.be\\\/site\\\/wp-content\\\/uploads\\\/NA133.jpg\",\"contentUrl\":\"https:\\\/\\\/www.sarahmo.be\\\/site\\\/wp-content\\\/uploads\\\/NA133.jpg\",\"width\":1000,\"height\":667,\"caption\":\"Metalen reclaimed wood tv-dressoir klein, 1 valdeur, 1 deur en 2 lades - Dressoir - Landelijke meubels en verlichting - Sarah Mo\"},{\"@type\":\"BreadcrumbList\",\"@id\":\"https:\\\/\\\/www.sarahmo.be\\\/fr\\\/landelijkemeubelen\\\/sejour\\\/nadal-fr\\\/meuble-tv-en-teck-recycle-2-tiroirs-finition-metal-2\\\/#breadcrumb\",\"itemListElement\":[{\"@type\":\"ListItem\",\"position\":1,\"name\":\"Accueil\",\"item\":\"https:\\\/\\\/www.sarahmo.be\\\/fr\\\/\"},{\"@type\":\"ListItem\",\"position\":2,\"name\":\"Collection\",\"item\":\"https:\\\/\\\/www.sarahmo.be\\\/fr\\\/collection\\\/\"},{\"@type\":\"ListItem\",\"position\":3,\"name\":\"Meuble tv petit en metal + reclaimed wood 1 porte battante 1 ports 2 tiroirs\"}]},{\"@type\":\"WebSite\",\"@id\":\"https:\\\/\\\/www.sarahmo.be\\\/fr\\\/#website\",\"url\":\"https:\\\/\\\/www.sarahmo.be\\\/fr\\\/\",\"name\":\"Sarah Mo\",\"description\":\"Sp\u00e9cialiste du style campagne intemporel\",\"publisher\":{\"@id\":\"https:\\\/\\\/www.sarahmo.be\\\/fr\\\/#organization\"},\"potentialAction\":[{\"@type\":\"SearchAction\",\"target\":{\"@type\":\"EntryPoint\",\"urlTemplate\":\"https:\\\/\\\/www.sarahmo.be\\\/fr\\\/?s={search_term_string}\"},\"query-input\":{\"@type\":\"PropertyValueSpecification\",\"valueRequired\":true,\"valueName\":\"search_term_string\"}}],\"inLanguage\":\"fr-FR\"},{\"@type\":\"Organization\",\"@id\":\"https:\\\/\\\/www.sarahmo.be\\\/fr\\\/#organization\",\"name\":\"Sarah Mo Landelijke meubelen en verlichting\",\"url\":\"https:\\\/\\\/www.sarahmo.be\\\/fr\\\/\",\"logo\":{\"@type\":\"ImageObject\",\"inLanguage\":\"fr-FR\",\"@id\":\"https:\\\/\\\/www.sarahmo.be\\\/fr\\\/#\\\/schema\\\/logo\\\/image\\\/\",\"url\":\"https:\\\/\\\/www.sarahmo.be\\\/site\\\/wp-content\\\/uploads\\\/logo-dark.png\",\"contentUrl\":\"https:\\\/\\\/www.sarahmo.be\\\/site\\\/wp-content\\\/uploads\\\/logo-dark.png\",\"width\":1025,\"height\":120,\"caption\":\"Sarah Mo Landelijke meubelen en verlichting\"},\"image\":{\"@id\":\"https:\\\/\\\/www.sarahmo.be\\\/fr\\\/#\\\/schema\\\/logo\\\/image\\\/\"},\"sameAs\":[\"https:\\\/\\\/www.facebook.com\\\/SarahMofurniturestore\\\/\"]}]}<\/script>\n<!-- \/ Yoast SEO plugin. -->","yoast_head_json":{"title":"Sarah Mo - Meuble tv petit en metal + reclaimed wood 1 porte battante 1 ports 2 tiroirs - Nadal","description":"Apportez une touche contemporaine et industrielle \u00e0 votre salon avec ce meuble TV en teck recycl\u00e9 et finition m\u00e9tal. Ses deux tiroirs spacieux et ses","robots":{"index":"index","follow":"follow","max-snippet":"max-snippet:-1","max-image-preview":"max-image-preview:large","max-video-preview":"max-video-preview:-1"},"canonical":"https:\/\/www.sarahmo.be\/fr\/landelijkemeubelen\/sejour\/nadal-fr\/meuble-tv-en-teck-recycle-2-tiroirs-finition-metal-2\/","og_locale":"fr_FR","og_type":"article","og_title":"Sarah Mo - Meuble tv petit en metal + reclaimed wood 1 porte battante 1 ports 2 tiroirs - Nadal","og_description":"Apportez une touche contemporaine et industrielle \u00e0 votre salon avec ce meuble TV en teck recycl\u00e9 et finition m\u00e9tal. Ses deux tiroirs spacieux et ses","og_url":"https:\/\/www.sarahmo.be\/fr\/landelijkemeubelen\/sejour\/nadal-fr\/meuble-tv-en-teck-recycle-2-tiroirs-finition-metal-2\/","og_site_name":"Sarah Mo","article_publisher":"https:\/\/www.facebook.com\/SarahMofurniturestore\/","article_modified_time":"2024-10-17T12:36:21+00:00","og_image":[{"width":1000,"height":667,"url":"https:\/\/www.sarahmo.be\/site\/wp-content\/uploads\/NA133.jpg","type":"image\/jpeg"}],"twitter_card":"summary_large_image","twitter_misc":{"Dur\u00e9e de lecture estim\u00e9e":"1 minute"},"schema":{"@context":"https:\/\/schema.org","@graph":[{"@type":"WebPage","@id":"https:\/\/www.sarahmo.be\/fr\/landelijkemeubelen\/sejour\/nadal-fr\/meuble-tv-en-teck-recycle-2-tiroirs-finition-metal-2\/","url":"https:\/\/www.sarahmo.be\/fr\/landelijkemeubelen\/sejour\/nadal-fr\/meuble-tv-en-teck-recycle-2-tiroirs-finition-metal-2\/","name":"Sarah Mo - Meuble tv petit en metal + reclaimed wood 1 porte battante 1 ports 2 tiroirs - Nadal","isPartOf":{"@id":"https:\/\/www.sarahmo.be\/fr\/#website"},"primaryImageOfPage":{"@id":"https:\/\/www.sarahmo.be\/fr\/landelijkemeubelen\/sejour\/nadal-fr\/meuble-tv-en-teck-recycle-2-tiroirs-finition-metal-2\/#primaryimage"},"image":{"@id":"https:\/\/www.sarahmo.be\/fr\/landelijkemeubelen\/sejour\/nadal-fr\/meuble-tv-en-teck-recycle-2-tiroirs-finition-metal-2\/#primaryimage"},"thumbnailUrl":"https:\/\/www.sarahmo.be\/site\/wp-content\/uploads\/NA133.jpg","datePublished":"2020-04-01T09:22:33+00:00","dateModified":"2024-10-17T12:36:21+00:00","description":"Apportez une touche contemporaine et industrielle \u00e0 votre salon avec ce meuble TV en teck recycl\u00e9 et finition m\u00e9tal. Ses deux tiroirs spacieux et ses","breadcrumb":{"@id":"https:\/\/www.sarahmo.be\/fr\/landelijkemeubelen\/sejour\/nadal-fr\/meuble-tv-en-teck-recycle-2-tiroirs-finition-metal-2\/#breadcrumb"},"inLanguage":"fr-FR","potentialAction":[{"@type":"ReadAction","target":["https:\/\/www.sarahmo.be\/fr\/landelijkemeubelen\/sejour\/nadal-fr\/meuble-tv-en-teck-recycle-2-tiroirs-finition-metal-2\/"]}]},{"@type":"ImageObject","inLanguage":"fr-FR","@id":"https:\/\/www.sarahmo.be\/fr\/landelijkemeubelen\/sejour\/nadal-fr\/meuble-tv-en-teck-recycle-2-tiroirs-finition-metal-2\/#primaryimage","url":"https:\/\/www.sarahmo.be\/site\/wp-content\/uploads\/NA133.jpg","contentUrl":"https:\/\/www.sarahmo.be\/site\/wp-content\/uploads\/NA133.jpg","width":1000,"height":667,"caption":"Metalen reclaimed wood tv-dressoir klein, 1 valdeur, 1 deur en 2 lades - Dressoir - Landelijke meubels en verlichting - Sarah Mo"},{"@type":"BreadcrumbList","@id":"https:\/\/www.sarahmo.be\/fr\/landelijkemeubelen\/sejour\/nadal-fr\/meuble-tv-en-teck-recycle-2-tiroirs-finition-metal-2\/#breadcrumb","itemListElement":[{"@type":"ListItem","position":1,"name":"Accueil","item":"https:\/\/www.sarahmo.be\/fr\/"},{"@type":"ListItem","position":2,"name":"Collection","item":"https:\/\/www.sarahmo.be\/fr\/collection\/"},{"@type":"ListItem","position":3,"name":"Meuble tv petit en metal + reclaimed wood 1 porte battante 1 ports 2 tiroirs"}]},{"@type":"WebSite","@id":"https:\/\/www.sarahmo.be\/fr\/#website","url":"https:\/\/www.sarahmo.be\/fr\/","name":"Sarah Mo","description":"Sp\u00e9cialiste du style campagne intemporel","publisher":{"@id":"https:\/\/www.sarahmo.be\/fr\/#organization"},"potentialAction":[{"@type":"SearchAction","target":{"@type":"EntryPoint","urlTemplate":"https:\/\/www.sarahmo.be\/fr\/?s={search_term_string}"},"query-input":{"@type":"PropertyValueSpecification","valueRequired":true,"valueName":"search_term_string"}}],"inLanguage":"fr-FR"},{"@type":"Organization","@id":"https:\/\/www.sarahmo.be\/fr\/#organization","name":"Sarah Mo Landelijke meubelen en verlichting","url":"https:\/\/www.sarahmo.be\/fr\/","logo":{"@type":"ImageObject","inLanguage":"fr-FR","@id":"https:\/\/www.sarahmo.be\/fr\/#\/schema\/logo\/image\/","url":"https:\/\/www.sarahmo.be\/site\/wp-content\/uploads\/logo-dark.png","contentUrl":"https:\/\/www.sarahmo.be\/site\/wp-content\/uploads\/logo-dark.png","width":1025,"height":120,"caption":"Sarah Mo Landelijke meubelen en verlichting"},"image":{"@id":"https:\/\/www.sarahmo.be\/fr\/#\/schema\/logo\/image\/"},"sameAs":["https:\/\/www.facebook.com\/SarahMofurniturestore\/"]}]}},"_links":{"self":[{"href":"https:\/\/www.sarahmo.be\/fr\/wp-json\/wp\/v2\/product\/16643","targetHints":{"allow":["GET"]}}],"collection":[{"href":"https:\/\/www.sarahmo.be\/fr\/wp-json\/wp\/v2\/product"}],"about":[{"href":"https:\/\/www.sarahmo.be\/fr\/wp-json\/wp\/v2\/types\/product"}],"wp:featuredmedia":[{"embeddable":true,"href":"https:\/\/www.sarahmo.be\/fr\/wp-json\/wp\/v2\/media\/15108"}],"wp:attachment":[{"href":"https:\/\/www.sarahmo.be\/fr\/wp-json\/wp\/v2\/media?parent=16643"}],"wp:term":[{"taxonomy":"product_brand","embeddable":true,"href":"https:\/\/www.sarahmo.be\/fr\/wp-json\/wp\/v2\/product_brand?post=16643"},{"taxonomy":"product_cat","embeddable":true,"href":"https:\/\/www.sarahmo.be\/fr\/wp-json\/wp\/v2\/product_cat?post=16643"},{"taxonomy":"product_tag","embeddable":true,"href":"https:\/\/www.sarahmo.be\/fr\/wp-json\/wp\/v2\/product_tag?post=16643"}],"curies":[{"name":"wp","href":"https:\/\/api.w.org\/{rel}","templated":true}]}}