{"id":16645,"date":"2020-04-01T11:22:33","date_gmt":"2020-04-01T09:22:33","guid":{"rendered":"https:\/\/www.sarahmo.be\/site\/landelijkemeubelen\/non%20class\u00e9\/na200e\/"},"modified":"2024-10-17T14:58:06","modified_gmt":"2024-10-17T12:58:06","slug":"table-pied-metal-plateau-en-teck-avec-rallonge-de-50-cm","status":"publish","type":"product","link":"https:\/\/www.sarahmo.be\/fr\/landelijkemeubelen\/sejour\/nadal-fr\/table-pied-metal-plateau-en-teck-avec-rallonge-de-50-cm\/","title":{"rendered":"Table pied metal plateau en teck avec rallonge de 50 cm"},"content":{"rendered":"<div id=\"description\" class=\"data item content\" role=\"tabpanel\" data-role=\"content\" aria-labelledby=\"tab-label-description\" aria-hidden=\"false\">\n<div class=\"product attribute description\">\n<div class=\"value\">D\u00e9couvrez la flexibilit\u00e9 et l\u2019\u00e9l\u00e9gance avec cette table \u00e0 rallonges en teck recycl\u00e9, mesurant de 200 \u00e0 300 cm. Son plateau en teck recycl\u00e9, riche en nuances naturelles et textures \u00e9l\u00e9gantes, s&rsquo;\u00e9tend pour offrir plus d&rsquo;espace lors des grands repas. Le pi\u00e8tement en m\u00e9tal ajoute une touche moderne et industrielle, \u00e9quilibrant parfaitement chaleur et robustesse. Id\u00e9ale pour les repas familiaux ou les r\u00e9ceptions entre amis, cette table combine un design contemporain avec une fonctionnalit\u00e9 pratique, tout en respectant l\u2019environnement. Son apparence intemporelle s&rsquo;int\u00e8gre harmonieusement dans divers styles de d\u00e9coration int\u00e9rieure.<\/div>\n<\/div>\n<\/div>\n<div id=\"tab-label-additional\" class=\"data item title\" tabindex=\"0\" role=\"tab\" aria-labeledby=\"tab-label-additional-title\" data-role=\"collapsible\" data-collapsible=\"true\" aria-controls=\"additional\" aria-selected=\"false\" aria-expanded=\"false\"><\/div>\n","protected":false},"excerpt":{"rendered":"<p>D\u00e9couvrez la flexibilit\u00e9 et l\u2019\u00e9l\u00e9gance avec cette table \u00e0 rallonges en teck recycl\u00e9, mesurant de 200 \u00e0 300 cm. Son<\/p>\n","protected":false},"featured_media":15092,"template":"","meta":[],"product_brand":[],"product_cat":[2562],"product_tag":[],"class_list":{"0":"post-16645","1":"product","2":"type-product","3":"status-publish","4":"has-post-thumbnail","6":"product_cat-nadal-fr","7":"pa_breedte-200-300-cm-fr","8":"pa_diepte-100-cm-fr","9":"pa_hoogte-76-cm-fr","11":"first","12":"instock","13":"taxable","14":"shipping-taxable","15":"product-type-simple"},"yoast_head":"<!-- This site is optimized with the Yoast SEO plugin v27.5 - https:\/\/yoast.com\/product\/yoast-seo-wordpress\/ -->\n<title>Sarah Mo - Table pied metal plateau en teck avec rallonge de 50 cm - Nadal<\/title>\n<meta name=\"description\" content=\"D\u00e9couvrez la flexibilit\u00e9 et l\u2019\u00e9l\u00e9gance avec cette table \u00e0 rallonges en teck recycl\u00e9, mesurant de 200 \u00e0 300 cm. Son plateau en teck recycl\u00e9, riche en\" \/>\n<meta name=\"robots\" content=\"index, follow, max-snippet:-1, max-image-preview:large, max-video-preview:-1\" \/>\n<link rel=\"canonical\" href=\"https:\/\/www.sarahmo.be\/fr\/landelijkemeubelen\/sejour\/nadal-fr\/table-pied-metal-plateau-en-teck-avec-rallonge-de-50-cm\/\" \/>\n<meta property=\"og:locale\" content=\"fr_FR\" \/>\n<meta property=\"og:type\" content=\"article\" \/>\n<meta property=\"og:title\" content=\"Sarah Mo - Table pied metal plateau en teck avec rallonge de 50 cm - Nadal\" \/>\n<meta property=\"og:description\" content=\"D\u00e9couvrez la flexibilit\u00e9 et l\u2019\u00e9l\u00e9gance avec cette table \u00e0 rallonges en teck recycl\u00e9, mesurant de 200 \u00e0 300 cm. Son plateau en teck recycl\u00e9, riche en\" \/>\n<meta property=\"og:url\" content=\"https:\/\/www.sarahmo.be\/fr\/landelijkemeubelen\/sejour\/nadal-fr\/table-pied-metal-plateau-en-teck-avec-rallonge-de-50-cm\/\" \/>\n<meta property=\"og:site_name\" content=\"Sarah Mo\" \/>\n<meta property=\"article:publisher\" content=\"https:\/\/www.facebook.com\/SarahMofurniturestore\/\" \/>\n<meta property=\"article:modified_time\" content=\"2024-10-17T12:58:06+00:00\" \/>\n<meta property=\"og:image\" content=\"https:\/\/www.sarahmo.be\/site\/wp-content\/uploads\/NA200E-1.jpg\" \/>\n\t<meta property=\"og:image:width\" content=\"1000\" \/>\n\t<meta property=\"og:image:height\" content=\"473\" \/>\n\t<meta property=\"og:image:type\" content=\"image\/jpeg\" \/>\n<meta name=\"twitter:card\" content=\"summary_large_image\" \/>\n<meta name=\"twitter:label1\" content=\"Dur\u00e9e de lecture estim\u00e9e\" \/>\n\t<meta name=\"twitter:data1\" content=\"1 minute\" \/>\n<script type=\"application\/ld+json\" class=\"yoast-schema-graph\">{\"@context\":\"https:\\\/\\\/schema.org\",\"@graph\":[{\"@type\":\"WebPage\",\"@id\":\"https:\\\/\\\/www.sarahmo.be\\\/fr\\\/landelijkemeubelen\\\/sejour\\\/nadal-fr\\\/table-pied-metal-plateau-en-teck-avec-rallonge-de-50-cm\\\/\",\"url\":\"https:\\\/\\\/www.sarahmo.be\\\/fr\\\/landelijkemeubelen\\\/sejour\\\/nadal-fr\\\/table-pied-metal-plateau-en-teck-avec-rallonge-de-50-cm\\\/\",\"name\":\"Sarah Mo - Table pied metal plateau en teck avec rallonge de 50 cm - Nadal\",\"isPartOf\":{\"@id\":\"https:\\\/\\\/www.sarahmo.be\\\/fr\\\/#website\"},\"primaryImageOfPage\":{\"@id\":\"https:\\\/\\\/www.sarahmo.be\\\/fr\\\/landelijkemeubelen\\\/sejour\\\/nadal-fr\\\/table-pied-metal-plateau-en-teck-avec-rallonge-de-50-cm\\\/#primaryimage\"},\"image\":{\"@id\":\"https:\\\/\\\/www.sarahmo.be\\\/fr\\\/landelijkemeubelen\\\/sejour\\\/nadal-fr\\\/table-pied-metal-plateau-en-teck-avec-rallonge-de-50-cm\\\/#primaryimage\"},\"thumbnailUrl\":\"https:\\\/\\\/www.sarahmo.be\\\/site\\\/wp-content\\\/uploads\\\/NA200E-1.jpg\",\"datePublished\":\"2020-04-01T09:22:33+00:00\",\"dateModified\":\"2024-10-17T12:58:06+00:00\",\"description\":\"D\u00e9couvrez la flexibilit\u00e9 et l\u2019\u00e9l\u00e9gance avec cette table \u00e0 rallonges en teck recycl\u00e9, mesurant de 200 \u00e0 300 cm. Son plateau en teck recycl\u00e9, riche en\",\"breadcrumb\":{\"@id\":\"https:\\\/\\\/www.sarahmo.be\\\/fr\\\/landelijkemeubelen\\\/sejour\\\/nadal-fr\\\/table-pied-metal-plateau-en-teck-avec-rallonge-de-50-cm\\\/#breadcrumb\"},\"inLanguage\":\"fr-FR\",\"potentialAction\":[{\"@type\":\"ReadAction\",\"target\":[\"https:\\\/\\\/www.sarahmo.be\\\/fr\\\/landelijkemeubelen\\\/sejour\\\/nadal-fr\\\/table-pied-metal-plateau-en-teck-avec-rallonge-de-50-cm\\\/\"]}]},{\"@type\":\"ImageObject\",\"inLanguage\":\"fr-FR\",\"@id\":\"https:\\\/\\\/www.sarahmo.be\\\/fr\\\/landelijkemeubelen\\\/sejour\\\/nadal-fr\\\/table-pied-metal-plateau-en-teck-avec-rallonge-de-50-cm\\\/#primaryimage\",\"url\":\"https:\\\/\\\/www.sarahmo.be\\\/site\\\/wp-content\\\/uploads\\\/NA200E-1.jpg\",\"contentUrl\":\"https:\\\/\\\/www.sarahmo.be\\\/site\\\/wp-content\\\/uploads\\\/NA200E-1.jpg\",\"width\":1000,\"height\":473,\"caption\":\"Tafel met metalen onderstel tablet in teak met verlengstuk 50cm - Tafel - Landelijke meubels en verlichting - Sarah Mo\"},{\"@type\":\"BreadcrumbList\",\"@id\":\"https:\\\/\\\/www.sarahmo.be\\\/fr\\\/landelijkemeubelen\\\/sejour\\\/nadal-fr\\\/table-pied-metal-plateau-en-teck-avec-rallonge-de-50-cm\\\/#breadcrumb\",\"itemListElement\":[{\"@type\":\"ListItem\",\"position\":1,\"name\":\"Accueil\",\"item\":\"https:\\\/\\\/www.sarahmo.be\\\/fr\\\/\"},{\"@type\":\"ListItem\",\"position\":2,\"name\":\"Collection\",\"item\":\"https:\\\/\\\/www.sarahmo.be\\\/fr\\\/collection\\\/\"},{\"@type\":\"ListItem\",\"position\":3,\"name\":\"Table pied metal plateau en teck avec rallonge de 50 cm\"}]},{\"@type\":\"WebSite\",\"@id\":\"https:\\\/\\\/www.sarahmo.be\\\/fr\\\/#website\",\"url\":\"https:\\\/\\\/www.sarahmo.be\\\/fr\\\/\",\"name\":\"Sarah Mo\",\"description\":\"Sp\u00e9cialiste du style campagne intemporel\",\"publisher\":{\"@id\":\"https:\\\/\\\/www.sarahmo.be\\\/fr\\\/#organization\"},\"potentialAction\":[{\"@type\":\"SearchAction\",\"target\":{\"@type\":\"EntryPoint\",\"urlTemplate\":\"https:\\\/\\\/www.sarahmo.be\\\/fr\\\/?s={search_term_string}\"},\"query-input\":{\"@type\":\"PropertyValueSpecification\",\"valueRequired\":true,\"valueName\":\"search_term_string\"}}],\"inLanguage\":\"fr-FR\"},{\"@type\":\"Organization\",\"@id\":\"https:\\\/\\\/www.sarahmo.be\\\/fr\\\/#organization\",\"name\":\"Sarah Mo Landelijke meubelen en verlichting\",\"url\":\"https:\\\/\\\/www.sarahmo.be\\\/fr\\\/\",\"logo\":{\"@type\":\"ImageObject\",\"inLanguage\":\"fr-FR\",\"@id\":\"https:\\\/\\\/www.sarahmo.be\\\/fr\\\/#\\\/schema\\\/logo\\\/image\\\/\",\"url\":\"https:\\\/\\\/www.sarahmo.be\\\/site\\\/wp-content\\\/uploads\\\/logo-dark.png\",\"contentUrl\":\"https:\\\/\\\/www.sarahmo.be\\\/site\\\/wp-content\\\/uploads\\\/logo-dark.png\",\"width\":1025,\"height\":120,\"caption\":\"Sarah Mo Landelijke meubelen en verlichting\"},\"image\":{\"@id\":\"https:\\\/\\\/www.sarahmo.be\\\/fr\\\/#\\\/schema\\\/logo\\\/image\\\/\"},\"sameAs\":[\"https:\\\/\\\/www.facebook.com\\\/SarahMofurniturestore\\\/\"]}]}<\/script>\n<!-- \/ Yoast SEO plugin. -->","yoast_head_json":{"title":"Sarah Mo - Table pied metal plateau en teck avec rallonge de 50 cm - Nadal","description":"D\u00e9couvrez la flexibilit\u00e9 et l\u2019\u00e9l\u00e9gance avec cette table \u00e0 rallonges en teck recycl\u00e9, mesurant de 200 \u00e0 300 cm. Son plateau en teck recycl\u00e9, riche en","robots":{"index":"index","follow":"follow","max-snippet":"max-snippet:-1","max-image-preview":"max-image-preview:large","max-video-preview":"max-video-preview:-1"},"canonical":"https:\/\/www.sarahmo.be\/fr\/landelijkemeubelen\/sejour\/nadal-fr\/table-pied-metal-plateau-en-teck-avec-rallonge-de-50-cm\/","og_locale":"fr_FR","og_type":"article","og_title":"Sarah Mo - Table pied metal plateau en teck avec rallonge de 50 cm - Nadal","og_description":"D\u00e9couvrez la flexibilit\u00e9 et l\u2019\u00e9l\u00e9gance avec cette table \u00e0 rallonges en teck recycl\u00e9, mesurant de 200 \u00e0 300 cm. Son plateau en teck recycl\u00e9, riche en","og_url":"https:\/\/www.sarahmo.be\/fr\/landelijkemeubelen\/sejour\/nadal-fr\/table-pied-metal-plateau-en-teck-avec-rallonge-de-50-cm\/","og_site_name":"Sarah Mo","article_publisher":"https:\/\/www.facebook.com\/SarahMofurniturestore\/","article_modified_time":"2024-10-17T12:58:06+00:00","og_image":[{"width":1000,"height":473,"url":"https:\/\/www.sarahmo.be\/site\/wp-content\/uploads\/NA200E-1.jpg","type":"image\/jpeg"}],"twitter_card":"summary_large_image","twitter_misc":{"Dur\u00e9e de lecture estim\u00e9e":"1 minute"},"schema":{"@context":"https:\/\/schema.org","@graph":[{"@type":"WebPage","@id":"https:\/\/www.sarahmo.be\/fr\/landelijkemeubelen\/sejour\/nadal-fr\/table-pied-metal-plateau-en-teck-avec-rallonge-de-50-cm\/","url":"https:\/\/www.sarahmo.be\/fr\/landelijkemeubelen\/sejour\/nadal-fr\/table-pied-metal-plateau-en-teck-avec-rallonge-de-50-cm\/","name":"Sarah Mo - Table pied metal plateau en teck avec rallonge de 50 cm - Nadal","isPartOf":{"@id":"https:\/\/www.sarahmo.be\/fr\/#website"},"primaryImageOfPage":{"@id":"https:\/\/www.sarahmo.be\/fr\/landelijkemeubelen\/sejour\/nadal-fr\/table-pied-metal-plateau-en-teck-avec-rallonge-de-50-cm\/#primaryimage"},"image":{"@id":"https:\/\/www.sarahmo.be\/fr\/landelijkemeubelen\/sejour\/nadal-fr\/table-pied-metal-plateau-en-teck-avec-rallonge-de-50-cm\/#primaryimage"},"thumbnailUrl":"https:\/\/www.sarahmo.be\/site\/wp-content\/uploads\/NA200E-1.jpg","datePublished":"2020-04-01T09:22:33+00:00","dateModified":"2024-10-17T12:58:06+00:00","description":"D\u00e9couvrez la flexibilit\u00e9 et l\u2019\u00e9l\u00e9gance avec cette table \u00e0 rallonges en teck recycl\u00e9, mesurant de 200 \u00e0 300 cm. Son plateau en teck recycl\u00e9, riche en","breadcrumb":{"@id":"https:\/\/www.sarahmo.be\/fr\/landelijkemeubelen\/sejour\/nadal-fr\/table-pied-metal-plateau-en-teck-avec-rallonge-de-50-cm\/#breadcrumb"},"inLanguage":"fr-FR","potentialAction":[{"@type":"ReadAction","target":["https:\/\/www.sarahmo.be\/fr\/landelijkemeubelen\/sejour\/nadal-fr\/table-pied-metal-plateau-en-teck-avec-rallonge-de-50-cm\/"]}]},{"@type":"ImageObject","inLanguage":"fr-FR","@id":"https:\/\/www.sarahmo.be\/fr\/landelijkemeubelen\/sejour\/nadal-fr\/table-pied-metal-plateau-en-teck-avec-rallonge-de-50-cm\/#primaryimage","url":"https:\/\/www.sarahmo.be\/site\/wp-content\/uploads\/NA200E-1.jpg","contentUrl":"https:\/\/www.sarahmo.be\/site\/wp-content\/uploads\/NA200E-1.jpg","width":1000,"height":473,"caption":"Tafel met metalen onderstel tablet in teak met verlengstuk 50cm - Tafel - Landelijke meubels en verlichting - Sarah Mo"},{"@type":"BreadcrumbList","@id":"https:\/\/www.sarahmo.be\/fr\/landelijkemeubelen\/sejour\/nadal-fr\/table-pied-metal-plateau-en-teck-avec-rallonge-de-50-cm\/#breadcrumb","itemListElement":[{"@type":"ListItem","position":1,"name":"Accueil","item":"https:\/\/www.sarahmo.be\/fr\/"},{"@type":"ListItem","position":2,"name":"Collection","item":"https:\/\/www.sarahmo.be\/fr\/collection\/"},{"@type":"ListItem","position":3,"name":"Table pied metal plateau en teck avec rallonge de 50 cm"}]},{"@type":"WebSite","@id":"https:\/\/www.sarahmo.be\/fr\/#website","url":"https:\/\/www.sarahmo.be\/fr\/","name":"Sarah Mo","description":"Sp\u00e9cialiste du style campagne intemporel","publisher":{"@id":"https:\/\/www.sarahmo.be\/fr\/#organization"},"potentialAction":[{"@type":"SearchAction","target":{"@type":"EntryPoint","urlTemplate":"https:\/\/www.sarahmo.be\/fr\/?s={search_term_string}"},"query-input":{"@type":"PropertyValueSpecification","valueRequired":true,"valueName":"search_term_string"}}],"inLanguage":"fr-FR"},{"@type":"Organization","@id":"https:\/\/www.sarahmo.be\/fr\/#organization","name":"Sarah Mo Landelijke meubelen en verlichting","url":"https:\/\/www.sarahmo.be\/fr\/","logo":{"@type":"ImageObject","inLanguage":"fr-FR","@id":"https:\/\/www.sarahmo.be\/fr\/#\/schema\/logo\/image\/","url":"https:\/\/www.sarahmo.be\/site\/wp-content\/uploads\/logo-dark.png","contentUrl":"https:\/\/www.sarahmo.be\/site\/wp-content\/uploads\/logo-dark.png","width":1025,"height":120,"caption":"Sarah Mo Landelijke meubelen en verlichting"},"image":{"@id":"https:\/\/www.sarahmo.be\/fr\/#\/schema\/logo\/image\/"},"sameAs":["https:\/\/www.facebook.com\/SarahMofurniturestore\/"]}]}},"_links":{"self":[{"href":"https:\/\/www.sarahmo.be\/fr\/wp-json\/wp\/v2\/product\/16645","targetHints":{"allow":["GET"]}}],"collection":[{"href":"https:\/\/www.sarahmo.be\/fr\/wp-json\/wp\/v2\/product"}],"about":[{"href":"https:\/\/www.sarahmo.be\/fr\/wp-json\/wp\/v2\/types\/product"}],"wp:featuredmedia":[{"embeddable":true,"href":"https:\/\/www.sarahmo.be\/fr\/wp-json\/wp\/v2\/media\/15092"}],"wp:attachment":[{"href":"https:\/\/www.sarahmo.be\/fr\/wp-json\/wp\/v2\/media?parent=16645"}],"wp:term":[{"taxonomy":"product_brand","embeddable":true,"href":"https:\/\/www.sarahmo.be\/fr\/wp-json\/wp\/v2\/product_brand?post=16645"},{"taxonomy":"product_cat","embeddable":true,"href":"https:\/\/www.sarahmo.be\/fr\/wp-json\/wp\/v2\/product_cat?post=16645"},{"taxonomy":"product_tag","embeddable":true,"href":"https:\/\/www.sarahmo.be\/fr\/wp-json\/wp\/v2\/product_tag?post=16645"}],"curies":[{"name":"wp","href":"https:\/\/api.w.org\/{rel}","templated":true}]}}