{"id":16651,"date":"2020-04-01T11:22:32","date_gmt":"2020-04-01T09:22:32","guid":{"rendered":"https:\/\/www.sarahmo.be\/site\/landelijkemeubelen\/non%20class\u00e9\/na110\/"},"modified":"2024-10-17T13:15:25","modified_gmt":"2024-10-17T11:15:25","slug":"buffet-3-portes-en-teck-recycle-4-tiroirs-finition-metal","status":"publish","type":"product","link":"https:\/\/www.sarahmo.be\/fr\/landelijkemeubelen\/sejour\/nadal-fr\/buffet-3-portes-en-teck-recycle-4-tiroirs-finition-metal\/","title":{"rendered":"Buffet 3 Portes En Teck Recycl\u00e9, 4 Tiroirs, Finition M\u00e9tal"},"content":{"rendered":"<p>Transformez votre int\u00e9rieur avec ce buffet 3 portes en teck recycl\u00e9, dot\u00e9 de 4 tiroirs pratiques. La chaleur du teck recycl\u00e9 se marie parfaitement avec une finition m\u00e9tallique robuste, offrant un style \u00e0 la fois \u00e9l\u00e9gant et industriel. Avec ses portes spacieuses et ses tiroirs bien con\u00e7us, ce buffet offre un espace de rangement g\u00e9n\u00e9reux tout en ajoutant une touche de caract\u00e8re \u00e0 votre maison. Parfait pour un salon, une salle \u00e0 manger ou un bureau, ce meuble allie durabilit\u00e9 et design sophistiqu\u00e9.<\/p>\n","protected":false},"excerpt":{"rendered":"<p>Transformez votre int\u00e9rieur avec ce buffet 3 portes en teck recycl\u00e9, dot\u00e9 de 4 tiroirs pratiques. La chaleur du teck<\/p>\n","protected":false},"featured_media":15104,"template":"","meta":[],"product_brand":[],"product_cat":[2562],"product_tag":[],"class_list":{"0":"post-16651","1":"product","2":"type-product","3":"status-publish","4":"has-post-thumbnail","6":"product_cat-nadal-fr","7":"pa_breedte-221-cm-fr","8":"pa_diepte-45-cm-fr","9":"pa_hoogte-92-cm-fr","11":"first","12":"instock","13":"purchasable","14":"product-type-simple"},"yoast_head":"<!-- This site is optimized with the Yoast SEO plugin v27.6 - https:\/\/yoast.com\/product\/yoast-seo-wordpress\/ -->\n<title>Sarah Mo - Buffet 3 Portes En Teck Recycl\u00e9, 4 Tiroirs, Finition M\u00e9tal - Nadal<\/title>\n<meta name=\"description\" content=\"Transformez votre int\u00e9rieur avec ce buffet 3 portes en teck recycl\u00e9, dot\u00e9 de 4 tiroirs pratiques. La chaleur du teck recycl\u00e9 se marie parfaitement avec\" \/>\n<meta name=\"robots\" content=\"index, follow, max-snippet:-1, max-image-preview:large, max-video-preview:-1\" \/>\n<link rel=\"canonical\" href=\"https:\/\/www.sarahmo.be\/fr\/landelijkemeubelen\/sejour\/nadal-fr\/buffet-3-portes-en-teck-recycle-4-tiroirs-finition-metal\/\" \/>\n<meta property=\"og:locale\" content=\"fr_FR\" \/>\n<meta property=\"og:type\" content=\"article\" \/>\n<meta property=\"og:title\" content=\"Sarah Mo - Buffet 3 Portes En Teck Recycl\u00e9, 4 Tiroirs, Finition M\u00e9tal - Nadal\" \/>\n<meta property=\"og:description\" content=\"Transformez votre int\u00e9rieur avec ce buffet 3 portes en teck recycl\u00e9, dot\u00e9 de 4 tiroirs pratiques. La chaleur du teck recycl\u00e9 se marie parfaitement avec\" \/>\n<meta property=\"og:url\" content=\"https:\/\/www.sarahmo.be\/fr\/landelijkemeubelen\/sejour\/nadal-fr\/buffet-3-portes-en-teck-recycle-4-tiroirs-finition-metal\/\" \/>\n<meta property=\"og:site_name\" content=\"Sarah Mo\" \/>\n<meta property=\"article:publisher\" content=\"https:\/\/www.facebook.com\/SarahMofurniturestore\/\" \/>\n<meta property=\"article:modified_time\" content=\"2024-10-17T11:15:25+00:00\" \/>\n<meta property=\"og:image\" content=\"https:\/\/www.sarahmo.be\/site\/wp-content\/uploads\/NA110.jpg\" \/>\n\t<meta property=\"og:image:width\" content=\"1000\" \/>\n\t<meta property=\"og:image:height\" content=\"667\" \/>\n\t<meta property=\"og:image:type\" content=\"image\/jpeg\" \/>\n<meta name=\"twitter:card\" content=\"summary_large_image\" \/>\n<meta name=\"twitter:label1\" content=\"Dur\u00e9e de lecture estim\u00e9e\" \/>\n\t<meta name=\"twitter:data1\" content=\"1 minute\" \/>\n<script type=\"application\/ld+json\" class=\"yoast-schema-graph\">{\"@context\":\"https:\\\/\\\/schema.org\",\"@graph\":[{\"@type\":\"WebPage\",\"@id\":\"https:\\\/\\\/www.sarahmo.be\\\/fr\\\/landelijkemeubelen\\\/sejour\\\/nadal-fr\\\/buffet-3-portes-en-teck-recycle-4-tiroirs-finition-metal\\\/\",\"url\":\"https:\\\/\\\/www.sarahmo.be\\\/fr\\\/landelijkemeubelen\\\/sejour\\\/nadal-fr\\\/buffet-3-portes-en-teck-recycle-4-tiroirs-finition-metal\\\/\",\"name\":\"Sarah Mo - Buffet 3 Portes En Teck Recycl\u00e9, 4 Tiroirs, Finition M\u00e9tal - Nadal\",\"isPartOf\":{\"@id\":\"https:\\\/\\\/www.sarahmo.be\\\/fr\\\/#website\"},\"primaryImageOfPage\":{\"@id\":\"https:\\\/\\\/www.sarahmo.be\\\/fr\\\/landelijkemeubelen\\\/sejour\\\/nadal-fr\\\/buffet-3-portes-en-teck-recycle-4-tiroirs-finition-metal\\\/#primaryimage\"},\"image\":{\"@id\":\"https:\\\/\\\/www.sarahmo.be\\\/fr\\\/landelijkemeubelen\\\/sejour\\\/nadal-fr\\\/buffet-3-portes-en-teck-recycle-4-tiroirs-finition-metal\\\/#primaryimage\"},\"thumbnailUrl\":\"https:\\\/\\\/www.sarahmo.be\\\/site\\\/wp-content\\\/uploads\\\/NA110.jpg\",\"datePublished\":\"2020-04-01T09:22:32+00:00\",\"dateModified\":\"2024-10-17T11:15:25+00:00\",\"description\":\"Transformez votre int\u00e9rieur avec ce buffet 3 portes en teck recycl\u00e9, dot\u00e9 de 4 tiroirs pratiques. La chaleur du teck recycl\u00e9 se marie parfaitement avec\",\"breadcrumb\":{\"@id\":\"https:\\\/\\\/www.sarahmo.be\\\/fr\\\/landelijkemeubelen\\\/sejour\\\/nadal-fr\\\/buffet-3-portes-en-teck-recycle-4-tiroirs-finition-metal\\\/#breadcrumb\"},\"inLanguage\":\"fr-FR\",\"potentialAction\":[{\"@type\":\"ReadAction\",\"target\":[\"https:\\\/\\\/www.sarahmo.be\\\/fr\\\/landelijkemeubelen\\\/sejour\\\/nadal-fr\\\/buffet-3-portes-en-teck-recycle-4-tiroirs-finition-metal\\\/\"]}]},{\"@type\":\"ImageObject\",\"inLanguage\":\"fr-FR\",\"@id\":\"https:\\\/\\\/www.sarahmo.be\\\/fr\\\/landelijkemeubelen\\\/sejour\\\/nadal-fr\\\/buffet-3-portes-en-teck-recycle-4-tiroirs-finition-metal\\\/#primaryimage\",\"url\":\"https:\\\/\\\/www.sarahmo.be\\\/site\\\/wp-content\\\/uploads\\\/NA110.jpg\",\"contentUrl\":\"https:\\\/\\\/www.sarahmo.be\\\/site\\\/wp-content\\\/uploads\\\/NA110.jpg\",\"width\":1000,\"height\":667,\"caption\":\"Metalen dressoir met 1 metalen deur en 3 deuren in teak - Tafel - Landelijke meubels en verlichting - Sarah Mo\"},{\"@type\":\"BreadcrumbList\",\"@id\":\"https:\\\/\\\/www.sarahmo.be\\\/fr\\\/landelijkemeubelen\\\/sejour\\\/nadal-fr\\\/buffet-3-portes-en-teck-recycle-4-tiroirs-finition-metal\\\/#breadcrumb\",\"itemListElement\":[{\"@type\":\"ListItem\",\"position\":1,\"name\":\"Accueil\",\"item\":\"https:\\\/\\\/www.sarahmo.be\\\/fr\\\/\"},{\"@type\":\"ListItem\",\"position\":2,\"name\":\"Collection\",\"item\":\"https:\\\/\\\/www.sarahmo.be\\\/fr\\\/collection\\\/\"},{\"@type\":\"ListItem\",\"position\":3,\"name\":\"Buffet 3 Portes En Teck Recycl\u00e9, 4 Tiroirs, Finition M\u00e9tal\"}]},{\"@type\":\"WebSite\",\"@id\":\"https:\\\/\\\/www.sarahmo.be\\\/fr\\\/#website\",\"url\":\"https:\\\/\\\/www.sarahmo.be\\\/fr\\\/\",\"name\":\"Sarah Mo\",\"description\":\"Sp\u00e9cialiste du style campagne intemporel\",\"publisher\":{\"@id\":\"https:\\\/\\\/www.sarahmo.be\\\/fr\\\/#organization\"},\"potentialAction\":[{\"@type\":\"SearchAction\",\"target\":{\"@type\":\"EntryPoint\",\"urlTemplate\":\"https:\\\/\\\/www.sarahmo.be\\\/fr\\\/?s={search_term_string}\"},\"query-input\":{\"@type\":\"PropertyValueSpecification\",\"valueRequired\":true,\"valueName\":\"search_term_string\"}}],\"inLanguage\":\"fr-FR\"},{\"@type\":\"Organization\",\"@id\":\"https:\\\/\\\/www.sarahmo.be\\\/fr\\\/#organization\",\"name\":\"Sarah Mo Landelijke meubelen en verlichting\",\"url\":\"https:\\\/\\\/www.sarahmo.be\\\/fr\\\/\",\"logo\":{\"@type\":\"ImageObject\",\"inLanguage\":\"fr-FR\",\"@id\":\"https:\\\/\\\/www.sarahmo.be\\\/fr\\\/#\\\/schema\\\/logo\\\/image\\\/\",\"url\":\"https:\\\/\\\/www.sarahmo.be\\\/site\\\/wp-content\\\/uploads\\\/logo-dark.png\",\"contentUrl\":\"https:\\\/\\\/www.sarahmo.be\\\/site\\\/wp-content\\\/uploads\\\/logo-dark.png\",\"width\":1025,\"height\":120,\"caption\":\"Sarah Mo Landelijke meubelen en verlichting\"},\"image\":{\"@id\":\"https:\\\/\\\/www.sarahmo.be\\\/fr\\\/#\\\/schema\\\/logo\\\/image\\\/\"},\"sameAs\":[\"https:\\\/\\\/www.facebook.com\\\/SarahMofurniturestore\\\/\"]}]}<\/script>\n<!-- \/ Yoast SEO plugin. -->","yoast_head_json":{"title":"Sarah Mo - Buffet 3 Portes En Teck Recycl\u00e9, 4 Tiroirs, Finition M\u00e9tal - Nadal","description":"Transformez votre int\u00e9rieur avec ce buffet 3 portes en teck recycl\u00e9, dot\u00e9 de 4 tiroirs pratiques. La chaleur du teck recycl\u00e9 se marie parfaitement avec","robots":{"index":"index","follow":"follow","max-snippet":"max-snippet:-1","max-image-preview":"max-image-preview:large","max-video-preview":"max-video-preview:-1"},"canonical":"https:\/\/www.sarahmo.be\/fr\/landelijkemeubelen\/sejour\/nadal-fr\/buffet-3-portes-en-teck-recycle-4-tiroirs-finition-metal\/","og_locale":"fr_FR","og_type":"article","og_title":"Sarah Mo - Buffet 3 Portes En Teck Recycl\u00e9, 4 Tiroirs, Finition M\u00e9tal - Nadal","og_description":"Transformez votre int\u00e9rieur avec ce buffet 3 portes en teck recycl\u00e9, dot\u00e9 de 4 tiroirs pratiques. La chaleur du teck recycl\u00e9 se marie parfaitement avec","og_url":"https:\/\/www.sarahmo.be\/fr\/landelijkemeubelen\/sejour\/nadal-fr\/buffet-3-portes-en-teck-recycle-4-tiroirs-finition-metal\/","og_site_name":"Sarah Mo","article_publisher":"https:\/\/www.facebook.com\/SarahMofurniturestore\/","article_modified_time":"2024-10-17T11:15:25+00:00","og_image":[{"width":1000,"height":667,"url":"https:\/\/www.sarahmo.be\/site\/wp-content\/uploads\/NA110.jpg","type":"image\/jpeg"}],"twitter_card":"summary_large_image","twitter_misc":{"Dur\u00e9e de lecture estim\u00e9e":"1 minute"},"schema":{"@context":"https:\/\/schema.org","@graph":[{"@type":"WebPage","@id":"https:\/\/www.sarahmo.be\/fr\/landelijkemeubelen\/sejour\/nadal-fr\/buffet-3-portes-en-teck-recycle-4-tiroirs-finition-metal\/","url":"https:\/\/www.sarahmo.be\/fr\/landelijkemeubelen\/sejour\/nadal-fr\/buffet-3-portes-en-teck-recycle-4-tiroirs-finition-metal\/","name":"Sarah Mo - Buffet 3 Portes En Teck Recycl\u00e9, 4 Tiroirs, Finition M\u00e9tal - Nadal","isPartOf":{"@id":"https:\/\/www.sarahmo.be\/fr\/#website"},"primaryImageOfPage":{"@id":"https:\/\/www.sarahmo.be\/fr\/landelijkemeubelen\/sejour\/nadal-fr\/buffet-3-portes-en-teck-recycle-4-tiroirs-finition-metal\/#primaryimage"},"image":{"@id":"https:\/\/www.sarahmo.be\/fr\/landelijkemeubelen\/sejour\/nadal-fr\/buffet-3-portes-en-teck-recycle-4-tiroirs-finition-metal\/#primaryimage"},"thumbnailUrl":"https:\/\/www.sarahmo.be\/site\/wp-content\/uploads\/NA110.jpg","datePublished":"2020-04-01T09:22:32+00:00","dateModified":"2024-10-17T11:15:25+00:00","description":"Transformez votre int\u00e9rieur avec ce buffet 3 portes en teck recycl\u00e9, dot\u00e9 de 4 tiroirs pratiques. La chaleur du teck recycl\u00e9 se marie parfaitement avec","breadcrumb":{"@id":"https:\/\/www.sarahmo.be\/fr\/landelijkemeubelen\/sejour\/nadal-fr\/buffet-3-portes-en-teck-recycle-4-tiroirs-finition-metal\/#breadcrumb"},"inLanguage":"fr-FR","potentialAction":[{"@type":"ReadAction","target":["https:\/\/www.sarahmo.be\/fr\/landelijkemeubelen\/sejour\/nadal-fr\/buffet-3-portes-en-teck-recycle-4-tiroirs-finition-metal\/"]}]},{"@type":"ImageObject","inLanguage":"fr-FR","@id":"https:\/\/www.sarahmo.be\/fr\/landelijkemeubelen\/sejour\/nadal-fr\/buffet-3-portes-en-teck-recycle-4-tiroirs-finition-metal\/#primaryimage","url":"https:\/\/www.sarahmo.be\/site\/wp-content\/uploads\/NA110.jpg","contentUrl":"https:\/\/www.sarahmo.be\/site\/wp-content\/uploads\/NA110.jpg","width":1000,"height":667,"caption":"Metalen dressoir met 1 metalen deur en 3 deuren in teak - Tafel - Landelijke meubels en verlichting - Sarah Mo"},{"@type":"BreadcrumbList","@id":"https:\/\/www.sarahmo.be\/fr\/landelijkemeubelen\/sejour\/nadal-fr\/buffet-3-portes-en-teck-recycle-4-tiroirs-finition-metal\/#breadcrumb","itemListElement":[{"@type":"ListItem","position":1,"name":"Accueil","item":"https:\/\/www.sarahmo.be\/fr\/"},{"@type":"ListItem","position":2,"name":"Collection","item":"https:\/\/www.sarahmo.be\/fr\/collection\/"},{"@type":"ListItem","position":3,"name":"Buffet 3 Portes En Teck Recycl\u00e9, 4 Tiroirs, Finition M\u00e9tal"}]},{"@type":"WebSite","@id":"https:\/\/www.sarahmo.be\/fr\/#website","url":"https:\/\/www.sarahmo.be\/fr\/","name":"Sarah Mo","description":"Sp\u00e9cialiste du style campagne intemporel","publisher":{"@id":"https:\/\/www.sarahmo.be\/fr\/#organization"},"potentialAction":[{"@type":"SearchAction","target":{"@type":"EntryPoint","urlTemplate":"https:\/\/www.sarahmo.be\/fr\/?s={search_term_string}"},"query-input":{"@type":"PropertyValueSpecification","valueRequired":true,"valueName":"search_term_string"}}],"inLanguage":"fr-FR"},{"@type":"Organization","@id":"https:\/\/www.sarahmo.be\/fr\/#organization","name":"Sarah Mo Landelijke meubelen en verlichting","url":"https:\/\/www.sarahmo.be\/fr\/","logo":{"@type":"ImageObject","inLanguage":"fr-FR","@id":"https:\/\/www.sarahmo.be\/fr\/#\/schema\/logo\/image\/","url":"https:\/\/www.sarahmo.be\/site\/wp-content\/uploads\/logo-dark.png","contentUrl":"https:\/\/www.sarahmo.be\/site\/wp-content\/uploads\/logo-dark.png","width":1025,"height":120,"caption":"Sarah Mo Landelijke meubelen en verlichting"},"image":{"@id":"https:\/\/www.sarahmo.be\/fr\/#\/schema\/logo\/image\/"},"sameAs":["https:\/\/www.facebook.com\/SarahMofurniturestore\/"]}]}},"_links":{"self":[{"href":"https:\/\/www.sarahmo.be\/fr\/wp-json\/wp\/v2\/product\/16651","targetHints":{"allow":["GET"]}}],"collection":[{"href":"https:\/\/www.sarahmo.be\/fr\/wp-json\/wp\/v2\/product"}],"about":[{"href":"https:\/\/www.sarahmo.be\/fr\/wp-json\/wp\/v2\/types\/product"}],"wp:featuredmedia":[{"embeddable":true,"href":"https:\/\/www.sarahmo.be\/fr\/wp-json\/wp\/v2\/media\/15104"}],"wp:attachment":[{"href":"https:\/\/www.sarahmo.be\/fr\/wp-json\/wp\/v2\/media?parent=16651"}],"wp:term":[{"taxonomy":"product_brand","embeddable":true,"href":"https:\/\/www.sarahmo.be\/fr\/wp-json\/wp\/v2\/product_brand?post=16651"},{"taxonomy":"product_cat","embeddable":true,"href":"https:\/\/www.sarahmo.be\/fr\/wp-json\/wp\/v2\/product_cat?post=16651"},{"taxonomy":"product_tag","embeddable":true,"href":"https:\/\/www.sarahmo.be\/fr\/wp-json\/wp\/v2\/product_tag?post=16651"}],"curies":[{"name":"wp","href":"https:\/\/api.w.org\/{rel}","templated":true}]}}