{"id":16659,"date":"2020-04-01T11:22:30","date_gmt":"2020-04-01T09:22:30","guid":{"rendered":"https:\/\/www.sarahmo.be\/site\/landelijkemeubelen\/non%20class\u00e9\/ml102\/"},"modified":"2024-10-17T12:47:16","modified_gmt":"2024-10-17T10:47:16","slug":"vitrine-noire-2-portes-vitrees-2-portes-bois-tablette-bois","status":"publish","type":"product","link":"https:\/\/www.sarahmo.be\/fr\/landelijkemeubelen\/sejour\/melinda-fr\/vitrine-noire-2-portes-vitrees-2-portes-bois-tablette-bois\/","title":{"rendered":"Vitrine noire 2 portes vitr\u00e9es 2 portes en bois et tablette en bois"},"content":{"rendered":"<p>Cette vitrine en teck noir allie esth\u00e9tique et fonctionnalit\u00e9. Les deux portes vitr\u00e9es permettent de mettre en valeur vos objets de collection, tandis que les deux portes en bois offrent un espace de rangement discret. Parfait pour les salons ou les salles \u00e0 manger, ce meuble allie un design industriel \u00e0 une capacit\u00e9 de rangement optimale.<\/p>\n","protected":false},"excerpt":{"rendered":"<p>Cette vitrine en teck noir allie esth\u00e9tique et fonctionnalit\u00e9. Les deux portes vitr\u00e9es permettent de mettre en valeur vos objets<\/p>\n","protected":false},"featured_media":15088,"template":"","meta":[],"product_brand":[],"product_cat":[2561],"product_tag":[],"class_list":{"0":"post-16659","1":"product","2":"type-product","3":"status-publish","4":"has-post-thumbnail","6":"product_cat-melinda-fr","7":"pa_breedte-130-cm-fr","8":"pa_diepte-47-cm-fr","9":"pa_hoogte-230-cm-fr","11":"first","12":"instock","13":"sale","14":"purchasable","15":"product-type-simple"},"yoast_head":"<!-- This site is optimized with the Yoast SEO plugin v27.5 - https:\/\/yoast.com\/product\/yoast-seo-wordpress\/ -->\n<title>Sarah Mo - Vitrine noire 2 portes vitr\u00e9es 2 portes en bois et tablette en bois - Melinda<\/title>\n<meta name=\"description\" content=\"Cette vitrine en teck noir allie esth\u00e9tique et fonctionnalit\u00e9. Les deux portes vitr\u00e9es permettent de mettre en valeur vos objets de collection, tandis que\" \/>\n<meta name=\"robots\" content=\"index, follow, max-snippet:-1, max-image-preview:large, max-video-preview:-1\" \/>\n<link rel=\"canonical\" href=\"https:\/\/www.sarahmo.be\/fr\/landelijkemeubelen\/sejour\/melinda-fr\/vitrine-noire-2-portes-vitrees-2-portes-bois-tablette-bois\/\" \/>\n<meta property=\"og:locale\" content=\"fr_FR\" \/>\n<meta property=\"og:type\" content=\"article\" \/>\n<meta property=\"og:title\" content=\"Sarah Mo - Vitrine noire 2 portes vitr\u00e9es 2 portes en bois et tablette en bois - Melinda\" \/>\n<meta property=\"og:description\" content=\"Cette vitrine en teck noir allie esth\u00e9tique et fonctionnalit\u00e9. Les deux portes vitr\u00e9es permettent de mettre en valeur vos objets de collection, tandis que\" \/>\n<meta property=\"og:url\" content=\"https:\/\/www.sarahmo.be\/fr\/landelijkemeubelen\/sejour\/melinda-fr\/vitrine-noire-2-portes-vitrees-2-portes-bois-tablette-bois\/\" \/>\n<meta property=\"og:site_name\" content=\"Sarah Mo\" \/>\n<meta property=\"article:publisher\" content=\"https:\/\/www.facebook.com\/SarahMofurniturestore\/\" \/>\n<meta property=\"article:modified_time\" content=\"2024-10-17T10:47:16+00:00\" \/>\n<meta property=\"og:image\" content=\"https:\/\/www.sarahmo.be\/site\/wp-content\/uploads\/ML102.jpg\" \/>\n\t<meta property=\"og:image:width\" content=\"607\" \/>\n\t<meta property=\"og:image:height\" content=\"1000\" \/>\n\t<meta property=\"og:image:type\" content=\"image\/jpeg\" \/>\n<meta name=\"twitter:card\" content=\"summary_large_image\" \/>\n<meta name=\"twitter:label1\" content=\"Dur\u00e9e de lecture estim\u00e9e\" \/>\n\t<meta name=\"twitter:data1\" content=\"1 minute\" \/>\n<script type=\"application\/ld+json\" class=\"yoast-schema-graph\">{\"@context\":\"https:\\\/\\\/schema.org\",\"@graph\":[{\"@type\":\"WebPage\",\"@id\":\"https:\\\/\\\/www.sarahmo.be\\\/fr\\\/landelijkemeubelen\\\/sejour\\\/melinda-fr\\\/vitrine-noire-2-portes-vitrees-2-portes-bois-tablette-bois\\\/\",\"url\":\"https:\\\/\\\/www.sarahmo.be\\\/fr\\\/landelijkemeubelen\\\/sejour\\\/melinda-fr\\\/vitrine-noire-2-portes-vitrees-2-portes-bois-tablette-bois\\\/\",\"name\":\"Sarah Mo - Vitrine noire 2 portes vitr\u00e9es 2 portes en bois et tablette en bois - Melinda\",\"isPartOf\":{\"@id\":\"https:\\\/\\\/www.sarahmo.be\\\/fr\\\/#website\"},\"primaryImageOfPage\":{\"@id\":\"https:\\\/\\\/www.sarahmo.be\\\/fr\\\/landelijkemeubelen\\\/sejour\\\/melinda-fr\\\/vitrine-noire-2-portes-vitrees-2-portes-bois-tablette-bois\\\/#primaryimage\"},\"image\":{\"@id\":\"https:\\\/\\\/www.sarahmo.be\\\/fr\\\/landelijkemeubelen\\\/sejour\\\/melinda-fr\\\/vitrine-noire-2-portes-vitrees-2-portes-bois-tablette-bois\\\/#primaryimage\"},\"thumbnailUrl\":\"https:\\\/\\\/www.sarahmo.be\\\/site\\\/wp-content\\\/uploads\\\/ML102.jpg\",\"datePublished\":\"2020-04-01T09:22:30+00:00\",\"dateModified\":\"2024-10-17T10:47:16+00:00\",\"description\":\"Cette vitrine en teck noir allie esth\u00e9tique et fonctionnalit\u00e9. Les deux portes vitr\u00e9es permettent de mettre en valeur vos objets de collection, tandis que\",\"breadcrumb\":{\"@id\":\"https:\\\/\\\/www.sarahmo.be\\\/fr\\\/landelijkemeubelen\\\/sejour\\\/melinda-fr\\\/vitrine-noire-2-portes-vitrees-2-portes-bois-tablette-bois\\\/#breadcrumb\"},\"inLanguage\":\"fr-FR\",\"potentialAction\":[{\"@type\":\"ReadAction\",\"target\":[\"https:\\\/\\\/www.sarahmo.be\\\/fr\\\/landelijkemeubelen\\\/sejour\\\/melinda-fr\\\/vitrine-noire-2-portes-vitrees-2-portes-bois-tablette-bois\\\/\"]}]},{\"@type\":\"ImageObject\",\"inLanguage\":\"fr-FR\",\"@id\":\"https:\\\/\\\/www.sarahmo.be\\\/fr\\\/landelijkemeubelen\\\/sejour\\\/melinda-fr\\\/vitrine-noire-2-portes-vitrees-2-portes-bois-tablette-bois\\\/#primaryimage\",\"url\":\"https:\\\/\\\/www.sarahmo.be\\\/site\\\/wp-content\\\/uploads\\\/ML102.jpg\",\"contentUrl\":\"https:\\\/\\\/www.sarahmo.be\\\/site\\\/wp-content\\\/uploads\\\/ML102.jpg\",\"width\":607,\"height\":1000,\"caption\":\"Zwarte vitrinekast met 2 glazen deuren, 2 houten deuren en tablet in hout - Meubilair - Landelijke meubels en verlichting - Sarah Mo\"},{\"@type\":\"BreadcrumbList\",\"@id\":\"https:\\\/\\\/www.sarahmo.be\\\/fr\\\/landelijkemeubelen\\\/sejour\\\/melinda-fr\\\/vitrine-noire-2-portes-vitrees-2-portes-bois-tablette-bois\\\/#breadcrumb\",\"itemListElement\":[{\"@type\":\"ListItem\",\"position\":1,\"name\":\"Accueil\",\"item\":\"https:\\\/\\\/www.sarahmo.be\\\/fr\\\/\"},{\"@type\":\"ListItem\",\"position\":2,\"name\":\"Collection\",\"item\":\"https:\\\/\\\/www.sarahmo.be\\\/fr\\\/collection\\\/\"},{\"@type\":\"ListItem\",\"position\":3,\"name\":\"Vitrine noire 2 portes vitr\u00e9es 2 portes en bois et tablette en bois\"}]},{\"@type\":\"WebSite\",\"@id\":\"https:\\\/\\\/www.sarahmo.be\\\/fr\\\/#website\",\"url\":\"https:\\\/\\\/www.sarahmo.be\\\/fr\\\/\",\"name\":\"Sarah Mo\",\"description\":\"Sp\u00e9cialiste du style campagne intemporel\",\"publisher\":{\"@id\":\"https:\\\/\\\/www.sarahmo.be\\\/fr\\\/#organization\"},\"potentialAction\":[{\"@type\":\"SearchAction\",\"target\":{\"@type\":\"EntryPoint\",\"urlTemplate\":\"https:\\\/\\\/www.sarahmo.be\\\/fr\\\/?s={search_term_string}\"},\"query-input\":{\"@type\":\"PropertyValueSpecification\",\"valueRequired\":true,\"valueName\":\"search_term_string\"}}],\"inLanguage\":\"fr-FR\"},{\"@type\":\"Organization\",\"@id\":\"https:\\\/\\\/www.sarahmo.be\\\/fr\\\/#organization\",\"name\":\"Sarah Mo Landelijke meubelen en verlichting\",\"url\":\"https:\\\/\\\/www.sarahmo.be\\\/fr\\\/\",\"logo\":{\"@type\":\"ImageObject\",\"inLanguage\":\"fr-FR\",\"@id\":\"https:\\\/\\\/www.sarahmo.be\\\/fr\\\/#\\\/schema\\\/logo\\\/image\\\/\",\"url\":\"https:\\\/\\\/www.sarahmo.be\\\/site\\\/wp-content\\\/uploads\\\/logo-dark.png\",\"contentUrl\":\"https:\\\/\\\/www.sarahmo.be\\\/site\\\/wp-content\\\/uploads\\\/logo-dark.png\",\"width\":1025,\"height\":120,\"caption\":\"Sarah Mo Landelijke meubelen en verlichting\"},\"image\":{\"@id\":\"https:\\\/\\\/www.sarahmo.be\\\/fr\\\/#\\\/schema\\\/logo\\\/image\\\/\"},\"sameAs\":[\"https:\\\/\\\/www.facebook.com\\\/SarahMofurniturestore\\\/\"]}]}<\/script>\n<!-- \/ Yoast SEO plugin. -->","yoast_head_json":{"title":"Sarah Mo - Vitrine noire 2 portes vitr\u00e9es 2 portes en bois et tablette en bois - Melinda","description":"Cette vitrine en teck noir allie esth\u00e9tique et fonctionnalit\u00e9. Les deux portes vitr\u00e9es permettent de mettre en valeur vos objets de collection, tandis que","robots":{"index":"index","follow":"follow","max-snippet":"max-snippet:-1","max-image-preview":"max-image-preview:large","max-video-preview":"max-video-preview:-1"},"canonical":"https:\/\/www.sarahmo.be\/fr\/landelijkemeubelen\/sejour\/melinda-fr\/vitrine-noire-2-portes-vitrees-2-portes-bois-tablette-bois\/","og_locale":"fr_FR","og_type":"article","og_title":"Sarah Mo - Vitrine noire 2 portes vitr\u00e9es 2 portes en bois et tablette en bois - Melinda","og_description":"Cette vitrine en teck noir allie esth\u00e9tique et fonctionnalit\u00e9. Les deux portes vitr\u00e9es permettent de mettre en valeur vos objets de collection, tandis que","og_url":"https:\/\/www.sarahmo.be\/fr\/landelijkemeubelen\/sejour\/melinda-fr\/vitrine-noire-2-portes-vitrees-2-portes-bois-tablette-bois\/","og_site_name":"Sarah Mo","article_publisher":"https:\/\/www.facebook.com\/SarahMofurniturestore\/","article_modified_time":"2024-10-17T10:47:16+00:00","og_image":[{"width":607,"height":1000,"url":"https:\/\/www.sarahmo.be\/site\/wp-content\/uploads\/ML102.jpg","type":"image\/jpeg"}],"twitter_card":"summary_large_image","twitter_misc":{"Dur\u00e9e de lecture estim\u00e9e":"1 minute"},"schema":{"@context":"https:\/\/schema.org","@graph":[{"@type":"WebPage","@id":"https:\/\/www.sarahmo.be\/fr\/landelijkemeubelen\/sejour\/melinda-fr\/vitrine-noire-2-portes-vitrees-2-portes-bois-tablette-bois\/","url":"https:\/\/www.sarahmo.be\/fr\/landelijkemeubelen\/sejour\/melinda-fr\/vitrine-noire-2-portes-vitrees-2-portes-bois-tablette-bois\/","name":"Sarah Mo - Vitrine noire 2 portes vitr\u00e9es 2 portes en bois et tablette en bois - Melinda","isPartOf":{"@id":"https:\/\/www.sarahmo.be\/fr\/#website"},"primaryImageOfPage":{"@id":"https:\/\/www.sarahmo.be\/fr\/landelijkemeubelen\/sejour\/melinda-fr\/vitrine-noire-2-portes-vitrees-2-portes-bois-tablette-bois\/#primaryimage"},"image":{"@id":"https:\/\/www.sarahmo.be\/fr\/landelijkemeubelen\/sejour\/melinda-fr\/vitrine-noire-2-portes-vitrees-2-portes-bois-tablette-bois\/#primaryimage"},"thumbnailUrl":"https:\/\/www.sarahmo.be\/site\/wp-content\/uploads\/ML102.jpg","datePublished":"2020-04-01T09:22:30+00:00","dateModified":"2024-10-17T10:47:16+00:00","description":"Cette vitrine en teck noir allie esth\u00e9tique et fonctionnalit\u00e9. Les deux portes vitr\u00e9es permettent de mettre en valeur vos objets de collection, tandis que","breadcrumb":{"@id":"https:\/\/www.sarahmo.be\/fr\/landelijkemeubelen\/sejour\/melinda-fr\/vitrine-noire-2-portes-vitrees-2-portes-bois-tablette-bois\/#breadcrumb"},"inLanguage":"fr-FR","potentialAction":[{"@type":"ReadAction","target":["https:\/\/www.sarahmo.be\/fr\/landelijkemeubelen\/sejour\/melinda-fr\/vitrine-noire-2-portes-vitrees-2-portes-bois-tablette-bois\/"]}]},{"@type":"ImageObject","inLanguage":"fr-FR","@id":"https:\/\/www.sarahmo.be\/fr\/landelijkemeubelen\/sejour\/melinda-fr\/vitrine-noire-2-portes-vitrees-2-portes-bois-tablette-bois\/#primaryimage","url":"https:\/\/www.sarahmo.be\/site\/wp-content\/uploads\/ML102.jpg","contentUrl":"https:\/\/www.sarahmo.be\/site\/wp-content\/uploads\/ML102.jpg","width":607,"height":1000,"caption":"Zwarte vitrinekast met 2 glazen deuren, 2 houten deuren en tablet in hout - Meubilair - Landelijke meubels en verlichting - Sarah Mo"},{"@type":"BreadcrumbList","@id":"https:\/\/www.sarahmo.be\/fr\/landelijkemeubelen\/sejour\/melinda-fr\/vitrine-noire-2-portes-vitrees-2-portes-bois-tablette-bois\/#breadcrumb","itemListElement":[{"@type":"ListItem","position":1,"name":"Accueil","item":"https:\/\/www.sarahmo.be\/fr\/"},{"@type":"ListItem","position":2,"name":"Collection","item":"https:\/\/www.sarahmo.be\/fr\/collection\/"},{"@type":"ListItem","position":3,"name":"Vitrine noire 2 portes vitr\u00e9es 2 portes en bois et tablette en bois"}]},{"@type":"WebSite","@id":"https:\/\/www.sarahmo.be\/fr\/#website","url":"https:\/\/www.sarahmo.be\/fr\/","name":"Sarah Mo","description":"Sp\u00e9cialiste du style campagne intemporel","publisher":{"@id":"https:\/\/www.sarahmo.be\/fr\/#organization"},"potentialAction":[{"@type":"SearchAction","target":{"@type":"EntryPoint","urlTemplate":"https:\/\/www.sarahmo.be\/fr\/?s={search_term_string}"},"query-input":{"@type":"PropertyValueSpecification","valueRequired":true,"valueName":"search_term_string"}}],"inLanguage":"fr-FR"},{"@type":"Organization","@id":"https:\/\/www.sarahmo.be\/fr\/#organization","name":"Sarah Mo Landelijke meubelen en verlichting","url":"https:\/\/www.sarahmo.be\/fr\/","logo":{"@type":"ImageObject","inLanguage":"fr-FR","@id":"https:\/\/www.sarahmo.be\/fr\/#\/schema\/logo\/image\/","url":"https:\/\/www.sarahmo.be\/site\/wp-content\/uploads\/logo-dark.png","contentUrl":"https:\/\/www.sarahmo.be\/site\/wp-content\/uploads\/logo-dark.png","width":1025,"height":120,"caption":"Sarah Mo Landelijke meubelen en verlichting"},"image":{"@id":"https:\/\/www.sarahmo.be\/fr\/#\/schema\/logo\/image\/"},"sameAs":["https:\/\/www.facebook.com\/SarahMofurniturestore\/"]}]}},"_links":{"self":[{"href":"https:\/\/www.sarahmo.be\/fr\/wp-json\/wp\/v2\/product\/16659","targetHints":{"allow":["GET"]}}],"collection":[{"href":"https:\/\/www.sarahmo.be\/fr\/wp-json\/wp\/v2\/product"}],"about":[{"href":"https:\/\/www.sarahmo.be\/fr\/wp-json\/wp\/v2\/types\/product"}],"wp:featuredmedia":[{"embeddable":true,"href":"https:\/\/www.sarahmo.be\/fr\/wp-json\/wp\/v2\/media\/15088"}],"wp:attachment":[{"href":"https:\/\/www.sarahmo.be\/fr\/wp-json\/wp\/v2\/media?parent=16659"}],"wp:term":[{"taxonomy":"product_brand","embeddable":true,"href":"https:\/\/www.sarahmo.be\/fr\/wp-json\/wp\/v2\/product_brand?post=16659"},{"taxonomy":"product_cat","embeddable":true,"href":"https:\/\/www.sarahmo.be\/fr\/wp-json\/wp\/v2\/product_cat?post=16659"},{"taxonomy":"product_tag","embeddable":true,"href":"https:\/\/www.sarahmo.be\/fr\/wp-json\/wp\/v2\/product_tag?post=16659"}],"curies":[{"name":"wp","href":"https:\/\/api.w.org\/{rel}","templated":true}]}}