{"id":16661,"date":"2020-04-01T11:22:30","date_gmt":"2020-04-01T09:22:30","guid":{"rendered":"https:\/\/www.sarahmo.be\/site\/landelijkemeubelen\/non%20class\u00e9\/ml110\/"},"modified":"2024-10-17T11:05:24","modified_gmt":"2024-10-17T09:05:24","slug":"dressoir-noir-4-portes-4-tiroirs-et-tablette-en-bois","status":"publish","type":"product","link":"https:\/\/www.sarahmo.be\/fr\/landelijkemeubelen\/sejour\/melinda-fr\/dressoir-noir-4-portes-4-tiroirs-et-tablette-en-bois\/","title":{"rendered":"Dressoir noir 4 portes 4 tiroirs et tablette en bois"},"content":{"rendered":"<p>Ce dressoir spacieux en teck noir est con\u00e7u pour offrir un large espace de rangement. Avec quatre portes et quatre tiroirs, il est parfait pour stocker vos objets tout en conservant un look \u00e9l\u00e9gant et moderne. Sa finition en bois noir et son design \u00e9pur\u00e9 en font un meuble polyvalent qui s\u2019int\u00e8gre parfaitement dans les int\u00e9rieurs contemporains ou industriels.<\/p>\n","protected":false},"excerpt":{"rendered":"<p>Ce dressoir spacieux en teck noir est con\u00e7u pour offrir un large espace de rangement. Avec quatre portes et quatre<\/p>\n","protected":false},"featured_media":15068,"template":"","meta":[],"product_brand":[],"product_cat":[2561],"product_tag":[],"class_list":{"0":"post-16661","1":"product","2":"type-product","3":"status-publish","4":"has-post-thumbnail","6":"product_cat-melinda-fr","7":"pa_breedte-220-cm-fr","8":"pa_diepte-53-cm-fr","9":"pa_hoogte-96-cm-fr","11":"first","12":"instock","13":"sale","14":"purchasable","15":"product-type-simple"},"yoast_head":"<!-- This site is optimized with the Yoast SEO plugin v27.5 - https:\/\/yoast.com\/product\/yoast-seo-wordpress\/ -->\n<title>Sarah Mo - Dressoir noir 4 portes 4 tiroirs et tablette en bois - Melinda<\/title>\n<meta name=\"description\" content=\"Dressoir spacieux en teck avec un design \u00e9l\u00e9gant. Offrant un grand espace de rangement avec un style rustique industriel.\" \/>\n<meta name=\"robots\" content=\"index, follow, max-snippet:-1, max-image-preview:large, max-video-preview:-1\" \/>\n<link rel=\"canonical\" href=\"https:\/\/www.sarahmo.be\/fr\/landelijkemeubelen\/sejour\/melinda-fr\/dressoir-noir-4-portes-4-tiroirs-et-tablette-en-bois\/\" \/>\n<meta property=\"og:locale\" content=\"fr_FR\" \/>\n<meta property=\"og:type\" content=\"article\" \/>\n<meta property=\"og:title\" content=\"Sarah Mo - Dressoir noir 4 portes 4 tiroirs et tablette en bois - Melinda\" \/>\n<meta property=\"og:description\" content=\"Dressoir spacieux en teck avec un design \u00e9l\u00e9gant. Offrant un grand espace de rangement avec un style rustique industriel.\" \/>\n<meta property=\"og:url\" content=\"https:\/\/www.sarahmo.be\/fr\/landelijkemeubelen\/sejour\/melinda-fr\/dressoir-noir-4-portes-4-tiroirs-et-tablette-en-bois\/\" \/>\n<meta property=\"og:site_name\" content=\"Sarah Mo\" \/>\n<meta property=\"article:publisher\" content=\"https:\/\/www.facebook.com\/SarahMofurniturestore\/\" \/>\n<meta property=\"article:modified_time\" content=\"2024-10-17T09:05:24+00:00\" \/>\n<meta property=\"og:image\" content=\"https:\/\/www.sarahmo.be\/site\/wp-content\/uploads\/ML110-1.jpg\" \/>\n\t<meta property=\"og:image:width\" content=\"1000\" \/>\n\t<meta property=\"og:image:height\" content=\"667\" \/>\n\t<meta property=\"og:image:type\" content=\"image\/jpeg\" \/>\n<meta name=\"twitter:card\" content=\"summary_large_image\" \/>\n<meta name=\"twitter:label1\" content=\"Dur\u00e9e de lecture estim\u00e9e\" \/>\n\t<meta name=\"twitter:data1\" content=\"1 minute\" \/>\n<script type=\"application\/ld+json\" class=\"yoast-schema-graph\">{\"@context\":\"https:\\\/\\\/schema.org\",\"@graph\":[{\"@type\":\"WebPage\",\"@id\":\"https:\\\/\\\/www.sarahmo.be\\\/fr\\\/landelijkemeubelen\\\/sejour\\\/melinda-fr\\\/dressoir-noir-4-portes-4-tiroirs-et-tablette-en-bois\\\/\",\"url\":\"https:\\\/\\\/www.sarahmo.be\\\/fr\\\/landelijkemeubelen\\\/sejour\\\/melinda-fr\\\/dressoir-noir-4-portes-4-tiroirs-et-tablette-en-bois\\\/\",\"name\":\"Sarah Mo - Dressoir noir 4 portes 4 tiroirs et tablette en bois - Melinda\",\"isPartOf\":{\"@id\":\"https:\\\/\\\/www.sarahmo.be\\\/fr\\\/#website\"},\"primaryImageOfPage\":{\"@id\":\"https:\\\/\\\/www.sarahmo.be\\\/fr\\\/landelijkemeubelen\\\/sejour\\\/melinda-fr\\\/dressoir-noir-4-portes-4-tiroirs-et-tablette-en-bois\\\/#primaryimage\"},\"image\":{\"@id\":\"https:\\\/\\\/www.sarahmo.be\\\/fr\\\/landelijkemeubelen\\\/sejour\\\/melinda-fr\\\/dressoir-noir-4-portes-4-tiroirs-et-tablette-en-bois\\\/#primaryimage\"},\"thumbnailUrl\":\"https:\\\/\\\/www.sarahmo.be\\\/site\\\/wp-content\\\/uploads\\\/ML110-1.jpg\",\"datePublished\":\"2020-04-01T09:22:30+00:00\",\"dateModified\":\"2024-10-17T09:05:24+00:00\",\"description\":\"Dressoir spacieux en teck avec un design \u00e9l\u00e9gant. Offrant un grand espace de rangement avec un style rustique industriel.\",\"breadcrumb\":{\"@id\":\"https:\\\/\\\/www.sarahmo.be\\\/fr\\\/landelijkemeubelen\\\/sejour\\\/melinda-fr\\\/dressoir-noir-4-portes-4-tiroirs-et-tablette-en-bois\\\/#breadcrumb\"},\"inLanguage\":\"fr-FR\",\"potentialAction\":[{\"@type\":\"ReadAction\",\"target\":[\"https:\\\/\\\/www.sarahmo.be\\\/fr\\\/landelijkemeubelen\\\/sejour\\\/melinda-fr\\\/dressoir-noir-4-portes-4-tiroirs-et-tablette-en-bois\\\/\"]}]},{\"@type\":\"ImageObject\",\"inLanguage\":\"fr-FR\",\"@id\":\"https:\\\/\\\/www.sarahmo.be\\\/fr\\\/landelijkemeubelen\\\/sejour\\\/melinda-fr\\\/dressoir-noir-4-portes-4-tiroirs-et-tablette-en-bois\\\/#primaryimage\",\"url\":\"https:\\\/\\\/www.sarahmo.be\\\/site\\\/wp-content\\\/uploads\\\/ML110-1.jpg\",\"contentUrl\":\"https:\\\/\\\/www.sarahmo.be\\\/site\\\/wp-content\\\/uploads\\\/ML110-1.jpg\",\"width\":1000,\"height\":667,\"caption\":\"Zwarte dressoir met 4 deuren, 4 lades en tablet in hout - Dressoir - Landelijke meubels en verlichting - Sarah Mo\"},{\"@type\":\"BreadcrumbList\",\"@id\":\"https:\\\/\\\/www.sarahmo.be\\\/fr\\\/landelijkemeubelen\\\/sejour\\\/melinda-fr\\\/dressoir-noir-4-portes-4-tiroirs-et-tablette-en-bois\\\/#breadcrumb\",\"itemListElement\":[{\"@type\":\"ListItem\",\"position\":1,\"name\":\"Accueil\",\"item\":\"https:\\\/\\\/www.sarahmo.be\\\/fr\\\/\"},{\"@type\":\"ListItem\",\"position\":2,\"name\":\"Collection\",\"item\":\"https:\\\/\\\/www.sarahmo.be\\\/fr\\\/collection\\\/\"},{\"@type\":\"ListItem\",\"position\":3,\"name\":\"Dressoir noir 4 portes 4 tiroirs et tablette en bois\"}]},{\"@type\":\"WebSite\",\"@id\":\"https:\\\/\\\/www.sarahmo.be\\\/fr\\\/#website\",\"url\":\"https:\\\/\\\/www.sarahmo.be\\\/fr\\\/\",\"name\":\"Sarah Mo\",\"description\":\"Sp\u00e9cialiste du style campagne intemporel\",\"publisher\":{\"@id\":\"https:\\\/\\\/www.sarahmo.be\\\/fr\\\/#organization\"},\"potentialAction\":[{\"@type\":\"SearchAction\",\"target\":{\"@type\":\"EntryPoint\",\"urlTemplate\":\"https:\\\/\\\/www.sarahmo.be\\\/fr\\\/?s={search_term_string}\"},\"query-input\":{\"@type\":\"PropertyValueSpecification\",\"valueRequired\":true,\"valueName\":\"search_term_string\"}}],\"inLanguage\":\"fr-FR\"},{\"@type\":\"Organization\",\"@id\":\"https:\\\/\\\/www.sarahmo.be\\\/fr\\\/#organization\",\"name\":\"Sarah Mo Landelijke meubelen en verlichting\",\"url\":\"https:\\\/\\\/www.sarahmo.be\\\/fr\\\/\",\"logo\":{\"@type\":\"ImageObject\",\"inLanguage\":\"fr-FR\",\"@id\":\"https:\\\/\\\/www.sarahmo.be\\\/fr\\\/#\\\/schema\\\/logo\\\/image\\\/\",\"url\":\"https:\\\/\\\/www.sarahmo.be\\\/site\\\/wp-content\\\/uploads\\\/logo-dark.png\",\"contentUrl\":\"https:\\\/\\\/www.sarahmo.be\\\/site\\\/wp-content\\\/uploads\\\/logo-dark.png\",\"width\":1025,\"height\":120,\"caption\":\"Sarah Mo Landelijke meubelen en verlichting\"},\"image\":{\"@id\":\"https:\\\/\\\/www.sarahmo.be\\\/fr\\\/#\\\/schema\\\/logo\\\/image\\\/\"},\"sameAs\":[\"https:\\\/\\\/www.facebook.com\\\/SarahMofurniturestore\\\/\"]}]}<\/script>\n<!-- \/ Yoast SEO plugin. -->","yoast_head_json":{"title":"Sarah Mo - Dressoir noir 4 portes 4 tiroirs et tablette en bois - Melinda","description":"Dressoir spacieux en teck avec un design \u00e9l\u00e9gant. Offrant un grand espace de rangement avec un style rustique industriel.","robots":{"index":"index","follow":"follow","max-snippet":"max-snippet:-1","max-image-preview":"max-image-preview:large","max-video-preview":"max-video-preview:-1"},"canonical":"https:\/\/www.sarahmo.be\/fr\/landelijkemeubelen\/sejour\/melinda-fr\/dressoir-noir-4-portes-4-tiroirs-et-tablette-en-bois\/","og_locale":"fr_FR","og_type":"article","og_title":"Sarah Mo - Dressoir noir 4 portes 4 tiroirs et tablette en bois - Melinda","og_description":"Dressoir spacieux en teck avec un design \u00e9l\u00e9gant. Offrant un grand espace de rangement avec un style rustique industriel.","og_url":"https:\/\/www.sarahmo.be\/fr\/landelijkemeubelen\/sejour\/melinda-fr\/dressoir-noir-4-portes-4-tiroirs-et-tablette-en-bois\/","og_site_name":"Sarah Mo","article_publisher":"https:\/\/www.facebook.com\/SarahMofurniturestore\/","article_modified_time":"2024-10-17T09:05:24+00:00","og_image":[{"width":1000,"height":667,"url":"https:\/\/www.sarahmo.be\/site\/wp-content\/uploads\/ML110-1.jpg","type":"image\/jpeg"}],"twitter_card":"summary_large_image","twitter_misc":{"Dur\u00e9e de lecture estim\u00e9e":"1 minute"},"schema":{"@context":"https:\/\/schema.org","@graph":[{"@type":"WebPage","@id":"https:\/\/www.sarahmo.be\/fr\/landelijkemeubelen\/sejour\/melinda-fr\/dressoir-noir-4-portes-4-tiroirs-et-tablette-en-bois\/","url":"https:\/\/www.sarahmo.be\/fr\/landelijkemeubelen\/sejour\/melinda-fr\/dressoir-noir-4-portes-4-tiroirs-et-tablette-en-bois\/","name":"Sarah Mo - Dressoir noir 4 portes 4 tiroirs et tablette en bois - Melinda","isPartOf":{"@id":"https:\/\/www.sarahmo.be\/fr\/#website"},"primaryImageOfPage":{"@id":"https:\/\/www.sarahmo.be\/fr\/landelijkemeubelen\/sejour\/melinda-fr\/dressoir-noir-4-portes-4-tiroirs-et-tablette-en-bois\/#primaryimage"},"image":{"@id":"https:\/\/www.sarahmo.be\/fr\/landelijkemeubelen\/sejour\/melinda-fr\/dressoir-noir-4-portes-4-tiroirs-et-tablette-en-bois\/#primaryimage"},"thumbnailUrl":"https:\/\/www.sarahmo.be\/site\/wp-content\/uploads\/ML110-1.jpg","datePublished":"2020-04-01T09:22:30+00:00","dateModified":"2024-10-17T09:05:24+00:00","description":"Dressoir spacieux en teck avec un design \u00e9l\u00e9gant. Offrant un grand espace de rangement avec un style rustique industriel.","breadcrumb":{"@id":"https:\/\/www.sarahmo.be\/fr\/landelijkemeubelen\/sejour\/melinda-fr\/dressoir-noir-4-portes-4-tiroirs-et-tablette-en-bois\/#breadcrumb"},"inLanguage":"fr-FR","potentialAction":[{"@type":"ReadAction","target":["https:\/\/www.sarahmo.be\/fr\/landelijkemeubelen\/sejour\/melinda-fr\/dressoir-noir-4-portes-4-tiroirs-et-tablette-en-bois\/"]}]},{"@type":"ImageObject","inLanguage":"fr-FR","@id":"https:\/\/www.sarahmo.be\/fr\/landelijkemeubelen\/sejour\/melinda-fr\/dressoir-noir-4-portes-4-tiroirs-et-tablette-en-bois\/#primaryimage","url":"https:\/\/www.sarahmo.be\/site\/wp-content\/uploads\/ML110-1.jpg","contentUrl":"https:\/\/www.sarahmo.be\/site\/wp-content\/uploads\/ML110-1.jpg","width":1000,"height":667,"caption":"Zwarte dressoir met 4 deuren, 4 lades en tablet in hout - Dressoir - Landelijke meubels en verlichting - Sarah Mo"},{"@type":"BreadcrumbList","@id":"https:\/\/www.sarahmo.be\/fr\/landelijkemeubelen\/sejour\/melinda-fr\/dressoir-noir-4-portes-4-tiroirs-et-tablette-en-bois\/#breadcrumb","itemListElement":[{"@type":"ListItem","position":1,"name":"Accueil","item":"https:\/\/www.sarahmo.be\/fr\/"},{"@type":"ListItem","position":2,"name":"Collection","item":"https:\/\/www.sarahmo.be\/fr\/collection\/"},{"@type":"ListItem","position":3,"name":"Dressoir noir 4 portes 4 tiroirs et tablette en bois"}]},{"@type":"WebSite","@id":"https:\/\/www.sarahmo.be\/fr\/#website","url":"https:\/\/www.sarahmo.be\/fr\/","name":"Sarah Mo","description":"Sp\u00e9cialiste du style campagne intemporel","publisher":{"@id":"https:\/\/www.sarahmo.be\/fr\/#organization"},"potentialAction":[{"@type":"SearchAction","target":{"@type":"EntryPoint","urlTemplate":"https:\/\/www.sarahmo.be\/fr\/?s={search_term_string}"},"query-input":{"@type":"PropertyValueSpecification","valueRequired":true,"valueName":"search_term_string"}}],"inLanguage":"fr-FR"},{"@type":"Organization","@id":"https:\/\/www.sarahmo.be\/fr\/#organization","name":"Sarah Mo Landelijke meubelen en verlichting","url":"https:\/\/www.sarahmo.be\/fr\/","logo":{"@type":"ImageObject","inLanguage":"fr-FR","@id":"https:\/\/www.sarahmo.be\/fr\/#\/schema\/logo\/image\/","url":"https:\/\/www.sarahmo.be\/site\/wp-content\/uploads\/logo-dark.png","contentUrl":"https:\/\/www.sarahmo.be\/site\/wp-content\/uploads\/logo-dark.png","width":1025,"height":120,"caption":"Sarah Mo Landelijke meubelen en verlichting"},"image":{"@id":"https:\/\/www.sarahmo.be\/fr\/#\/schema\/logo\/image\/"},"sameAs":["https:\/\/www.facebook.com\/SarahMofurniturestore\/"]}]}},"_links":{"self":[{"href":"https:\/\/www.sarahmo.be\/fr\/wp-json\/wp\/v2\/product\/16661","targetHints":{"allow":["GET"]}}],"collection":[{"href":"https:\/\/www.sarahmo.be\/fr\/wp-json\/wp\/v2\/product"}],"about":[{"href":"https:\/\/www.sarahmo.be\/fr\/wp-json\/wp\/v2\/types\/product"}],"wp:featuredmedia":[{"embeddable":true,"href":"https:\/\/www.sarahmo.be\/fr\/wp-json\/wp\/v2\/media\/15068"}],"wp:attachment":[{"href":"https:\/\/www.sarahmo.be\/fr\/wp-json\/wp\/v2\/media?parent=16661"}],"wp:term":[{"taxonomy":"product_brand","embeddable":true,"href":"https:\/\/www.sarahmo.be\/fr\/wp-json\/wp\/v2\/product_brand?post=16661"},{"taxonomy":"product_cat","embeddable":true,"href":"https:\/\/www.sarahmo.be\/fr\/wp-json\/wp\/v2\/product_cat?post=16661"},{"taxonomy":"product_tag","embeddable":true,"href":"https:\/\/www.sarahmo.be\/fr\/wp-json\/wp\/v2\/product_tag?post=16661"}],"curies":[{"name":"wp","href":"https:\/\/api.w.org\/{rel}","templated":true}]}}