{"id":16680,"date":"2020-04-01T11:22:22","date_gmt":"2020-04-01T09:22:22","guid":{"rendered":"https:\/\/www.sarahmo.be\/site\/landelijkemeubelen\/non%20class\u00e9\/mg999\/"},"modified":"2024-10-16T09:40:42","modified_gmt":"2024-10-16T07:40:42","slug":"bureau-met-5-lades-en-1-deur-en-tablet-in-teak","status":"publish","type":"product","link":"https:\/\/www.sarahmo.be\/fr\/landelijkemeubelen\/sejour\/gemma-fr\/bureau-met-5-lades-en-1-deur-en-tablet-in-teak\/","title":{"rendered":"Bureau 5 tiroirs et plateau en teck"},"content":{"rendered":"<p><strong>Bureau \u00e9l\u00e9gant et fonctionnel en teck patin\u00e9 est dot\u00e9 de cinq tiroirs, une porte et une tablette coulissante, offrant un espace de rangement pratique pour organiser votre bureau ou espace de travail. Il allie un design rustique avec une touche moderne, id\u00e9al pour une d\u00e9coration chaleureuse et fonctionnelle.<\/strong><\/p>\n","protected":false},"excerpt":{"rendered":"<p>Bureau \u00e9l\u00e9gant et fonctionnel en teck patin\u00e9 est dot\u00e9 de cinq tiroirs, une porte et une tablette coulissante, offrant un<\/p>\n","protected":false},"featured_media":14984,"template":"","meta":[],"product_brand":[],"product_cat":[2557],"product_tag":[],"class_list":{"0":"post-16680","1":"product","2":"type-product","3":"status-publish","4":"has-post-thumbnail","6":"product_cat-gemma-fr","7":"pa_breedte-150-cm-fr","8":"pa_diepte-70-cm-fr","9":"pa_hoogte-78-cm-fr","11":"first","12":"instock","13":"taxable","14":"shipping-taxable","15":"product-type-simple"},"yoast_head":"<!-- This site is optimized with the Yoast SEO plugin v27.3 - https:\/\/yoast.com\/product\/yoast-seo-wordpress\/ -->\n<title>Sarah Mo - Bureau 5 tiroirs et plateau en teck - Gemma<\/title>\n<meta name=\"description\" content=\"Bureau \u00e9l\u00e9gant et fonctionnel en teck patin\u00e9 est dot\u00e9 de cinq tiroirs, une porte et une tablette coulissante, offrant un espace de rangement pratique pour\" \/>\n<meta name=\"robots\" content=\"index, follow, max-snippet:-1, max-image-preview:large, max-video-preview:-1\" \/>\n<link rel=\"canonical\" href=\"https:\/\/www.sarahmo.be\/fr\/landelijkemeubelen\/sejour\/gemma-fr\/bureau-met-5-lades-en-1-deur-en-tablet-in-teak\/\" \/>\n<meta property=\"og:locale\" content=\"fr_FR\" \/>\n<meta property=\"og:type\" content=\"article\" \/>\n<meta property=\"og:title\" content=\"Sarah Mo - Bureau 5 tiroirs et plateau en teck - Gemma\" \/>\n<meta property=\"og:description\" content=\"Bureau \u00e9l\u00e9gant et fonctionnel en teck patin\u00e9 est dot\u00e9 de cinq tiroirs, une porte et une tablette coulissante, offrant un espace de rangement pratique pour\" \/>\n<meta property=\"og:url\" content=\"https:\/\/www.sarahmo.be\/fr\/landelijkemeubelen\/sejour\/gemma-fr\/bureau-met-5-lades-en-1-deur-en-tablet-in-teak\/\" \/>\n<meta property=\"og:site_name\" content=\"Sarah Mo\" \/>\n<meta property=\"article:publisher\" content=\"https:\/\/www.facebook.com\/SarahMofurniturestore\/\" \/>\n<meta property=\"article:modified_time\" content=\"2024-10-16T07:40:42+00:00\" \/>\n<meta property=\"og:image\" content=\"https:\/\/www.sarahmo.be\/site\/wp-content\/uploads\/MG999.jpg\" \/>\n\t<meta property=\"og:image:width\" content=\"1000\" \/>\n\t<meta property=\"og:image:height\" content=\"667\" \/>\n\t<meta property=\"og:image:type\" content=\"image\/jpeg\" \/>\n<meta name=\"twitter:card\" content=\"summary_large_image\" \/>\n<meta name=\"twitter:label1\" content=\"Dur\u00e9e de lecture estim\u00e9e\" \/>\n\t<meta name=\"twitter:data1\" content=\"1 minute\" \/>\n<script type=\"application\/ld+json\" class=\"yoast-schema-graph\">{\"@context\":\"https:\\\/\\\/schema.org\",\"@graph\":[{\"@type\":\"WebPage\",\"@id\":\"https:\\\/\\\/www.sarahmo.be\\\/fr\\\/landelijkemeubelen\\\/sejour\\\/gemma-fr\\\/bureau-met-5-lades-en-1-deur-en-tablet-in-teak\\\/\",\"url\":\"https:\\\/\\\/www.sarahmo.be\\\/fr\\\/landelijkemeubelen\\\/sejour\\\/gemma-fr\\\/bureau-met-5-lades-en-1-deur-en-tablet-in-teak\\\/\",\"name\":\"Sarah Mo - Bureau 5 tiroirs et plateau en teck - Gemma\",\"isPartOf\":{\"@id\":\"https:\\\/\\\/www.sarahmo.be\\\/fr\\\/#website\"},\"primaryImageOfPage\":{\"@id\":\"https:\\\/\\\/www.sarahmo.be\\\/fr\\\/landelijkemeubelen\\\/sejour\\\/gemma-fr\\\/bureau-met-5-lades-en-1-deur-en-tablet-in-teak\\\/#primaryimage\"},\"image\":{\"@id\":\"https:\\\/\\\/www.sarahmo.be\\\/fr\\\/landelijkemeubelen\\\/sejour\\\/gemma-fr\\\/bureau-met-5-lades-en-1-deur-en-tablet-in-teak\\\/#primaryimage\"},\"thumbnailUrl\":\"https:\\\/\\\/www.sarahmo.be\\\/site\\\/wp-content\\\/uploads\\\/MG999.jpg\",\"datePublished\":\"2020-04-01T09:22:22+00:00\",\"dateModified\":\"2024-10-16T07:40:42+00:00\",\"description\":\"Bureau \u00e9l\u00e9gant et fonctionnel en teck patin\u00e9 est dot\u00e9 de cinq tiroirs, une porte et une tablette coulissante, offrant un espace de rangement pratique pour\",\"breadcrumb\":{\"@id\":\"https:\\\/\\\/www.sarahmo.be\\\/fr\\\/landelijkemeubelen\\\/sejour\\\/gemma-fr\\\/bureau-met-5-lades-en-1-deur-en-tablet-in-teak\\\/#breadcrumb\"},\"inLanguage\":\"fr-FR\",\"potentialAction\":[{\"@type\":\"ReadAction\",\"target\":[\"https:\\\/\\\/www.sarahmo.be\\\/fr\\\/landelijkemeubelen\\\/sejour\\\/gemma-fr\\\/bureau-met-5-lades-en-1-deur-en-tablet-in-teak\\\/\"]}]},{\"@type\":\"ImageObject\",\"inLanguage\":\"fr-FR\",\"@id\":\"https:\\\/\\\/www.sarahmo.be\\\/fr\\\/landelijkemeubelen\\\/sejour\\\/gemma-fr\\\/bureau-met-5-lades-en-1-deur-en-tablet-in-teak\\\/#primaryimage\",\"url\":\"https:\\\/\\\/www.sarahmo.be\\\/site\\\/wp-content\\\/uploads\\\/MG999.jpg\",\"contentUrl\":\"https:\\\/\\\/www.sarahmo.be\\\/site\\\/wp-content\\\/uploads\\\/MG999.jpg\",\"width\":1000,\"height\":667,\"caption\":\"Bureau met 5 lades en 1 deur en tablet in teak - Tafel - Landelijke meubels en verlichting - Sarah Mo\"},{\"@type\":\"BreadcrumbList\",\"@id\":\"https:\\\/\\\/www.sarahmo.be\\\/fr\\\/landelijkemeubelen\\\/sejour\\\/gemma-fr\\\/bureau-met-5-lades-en-1-deur-en-tablet-in-teak\\\/#breadcrumb\",\"itemListElement\":[{\"@type\":\"ListItem\",\"position\":1,\"name\":\"Accueil\",\"item\":\"https:\\\/\\\/www.sarahmo.be\\\/fr\\\/\"},{\"@type\":\"ListItem\",\"position\":2,\"name\":\"Collection\",\"item\":\"https:\\\/\\\/www.sarahmo.be\\\/fr\\\/collection\\\/\"},{\"@type\":\"ListItem\",\"position\":3,\"name\":\"Bureau 5 tiroirs et plateau en teck\"}]},{\"@type\":\"WebSite\",\"@id\":\"https:\\\/\\\/www.sarahmo.be\\\/fr\\\/#website\",\"url\":\"https:\\\/\\\/www.sarahmo.be\\\/fr\\\/\",\"name\":\"Sarah Mo\",\"description\":\"Sp\u00e9cialiste du style campagne intemporel\",\"publisher\":{\"@id\":\"https:\\\/\\\/www.sarahmo.be\\\/fr\\\/#organization\"},\"potentialAction\":[{\"@type\":\"SearchAction\",\"target\":{\"@type\":\"EntryPoint\",\"urlTemplate\":\"https:\\\/\\\/www.sarahmo.be\\\/fr\\\/?s={search_term_string}\"},\"query-input\":{\"@type\":\"PropertyValueSpecification\",\"valueRequired\":true,\"valueName\":\"search_term_string\"}}],\"inLanguage\":\"fr-FR\"},{\"@type\":\"Organization\",\"@id\":\"https:\\\/\\\/www.sarahmo.be\\\/fr\\\/#organization\",\"name\":\"Sarah Mo Landelijke meubelen en verlichting\",\"url\":\"https:\\\/\\\/www.sarahmo.be\\\/fr\\\/\",\"logo\":{\"@type\":\"ImageObject\",\"inLanguage\":\"fr-FR\",\"@id\":\"https:\\\/\\\/www.sarahmo.be\\\/fr\\\/#\\\/schema\\\/logo\\\/image\\\/\",\"url\":\"https:\\\/\\\/www.sarahmo.be\\\/site\\\/wp-content\\\/uploads\\\/logo-dark.png\",\"contentUrl\":\"https:\\\/\\\/www.sarahmo.be\\\/site\\\/wp-content\\\/uploads\\\/logo-dark.png\",\"width\":1025,\"height\":120,\"caption\":\"Sarah Mo Landelijke meubelen en verlichting\"},\"image\":{\"@id\":\"https:\\\/\\\/www.sarahmo.be\\\/fr\\\/#\\\/schema\\\/logo\\\/image\\\/\"},\"sameAs\":[\"https:\\\/\\\/www.facebook.com\\\/SarahMofurniturestore\\\/\"]}]}<\/script>\n<!-- \/ Yoast SEO plugin. -->","yoast_head_json":{"title":"Sarah Mo - Bureau 5 tiroirs et plateau en teck - Gemma","description":"Bureau \u00e9l\u00e9gant et fonctionnel en teck patin\u00e9 est dot\u00e9 de cinq tiroirs, une porte et une tablette coulissante, offrant un espace de rangement pratique pour","robots":{"index":"index","follow":"follow","max-snippet":"max-snippet:-1","max-image-preview":"max-image-preview:large","max-video-preview":"max-video-preview:-1"},"canonical":"https:\/\/www.sarahmo.be\/fr\/landelijkemeubelen\/sejour\/gemma-fr\/bureau-met-5-lades-en-1-deur-en-tablet-in-teak\/","og_locale":"fr_FR","og_type":"article","og_title":"Sarah Mo - Bureau 5 tiroirs et plateau en teck - Gemma","og_description":"Bureau \u00e9l\u00e9gant et fonctionnel en teck patin\u00e9 est dot\u00e9 de cinq tiroirs, une porte et une tablette coulissante, offrant un espace de rangement pratique pour","og_url":"https:\/\/www.sarahmo.be\/fr\/landelijkemeubelen\/sejour\/gemma-fr\/bureau-met-5-lades-en-1-deur-en-tablet-in-teak\/","og_site_name":"Sarah Mo","article_publisher":"https:\/\/www.facebook.com\/SarahMofurniturestore\/","article_modified_time":"2024-10-16T07:40:42+00:00","og_image":[{"width":1000,"height":667,"url":"https:\/\/www.sarahmo.be\/site\/wp-content\/uploads\/MG999.jpg","type":"image\/jpeg"}],"twitter_card":"summary_large_image","twitter_misc":{"Dur\u00e9e de lecture estim\u00e9e":"1 minute"},"schema":{"@context":"https:\/\/schema.org","@graph":[{"@type":"WebPage","@id":"https:\/\/www.sarahmo.be\/fr\/landelijkemeubelen\/sejour\/gemma-fr\/bureau-met-5-lades-en-1-deur-en-tablet-in-teak\/","url":"https:\/\/www.sarahmo.be\/fr\/landelijkemeubelen\/sejour\/gemma-fr\/bureau-met-5-lades-en-1-deur-en-tablet-in-teak\/","name":"Sarah Mo - Bureau 5 tiroirs et plateau en teck - Gemma","isPartOf":{"@id":"https:\/\/www.sarahmo.be\/fr\/#website"},"primaryImageOfPage":{"@id":"https:\/\/www.sarahmo.be\/fr\/landelijkemeubelen\/sejour\/gemma-fr\/bureau-met-5-lades-en-1-deur-en-tablet-in-teak\/#primaryimage"},"image":{"@id":"https:\/\/www.sarahmo.be\/fr\/landelijkemeubelen\/sejour\/gemma-fr\/bureau-met-5-lades-en-1-deur-en-tablet-in-teak\/#primaryimage"},"thumbnailUrl":"https:\/\/www.sarahmo.be\/site\/wp-content\/uploads\/MG999.jpg","datePublished":"2020-04-01T09:22:22+00:00","dateModified":"2024-10-16T07:40:42+00:00","description":"Bureau \u00e9l\u00e9gant et fonctionnel en teck patin\u00e9 est dot\u00e9 de cinq tiroirs, une porte et une tablette coulissante, offrant un espace de rangement pratique pour","breadcrumb":{"@id":"https:\/\/www.sarahmo.be\/fr\/landelijkemeubelen\/sejour\/gemma-fr\/bureau-met-5-lades-en-1-deur-en-tablet-in-teak\/#breadcrumb"},"inLanguage":"fr-FR","potentialAction":[{"@type":"ReadAction","target":["https:\/\/www.sarahmo.be\/fr\/landelijkemeubelen\/sejour\/gemma-fr\/bureau-met-5-lades-en-1-deur-en-tablet-in-teak\/"]}]},{"@type":"ImageObject","inLanguage":"fr-FR","@id":"https:\/\/www.sarahmo.be\/fr\/landelijkemeubelen\/sejour\/gemma-fr\/bureau-met-5-lades-en-1-deur-en-tablet-in-teak\/#primaryimage","url":"https:\/\/www.sarahmo.be\/site\/wp-content\/uploads\/MG999.jpg","contentUrl":"https:\/\/www.sarahmo.be\/site\/wp-content\/uploads\/MG999.jpg","width":1000,"height":667,"caption":"Bureau met 5 lades en 1 deur en tablet in teak - Tafel - Landelijke meubels en verlichting - Sarah Mo"},{"@type":"BreadcrumbList","@id":"https:\/\/www.sarahmo.be\/fr\/landelijkemeubelen\/sejour\/gemma-fr\/bureau-met-5-lades-en-1-deur-en-tablet-in-teak\/#breadcrumb","itemListElement":[{"@type":"ListItem","position":1,"name":"Accueil","item":"https:\/\/www.sarahmo.be\/fr\/"},{"@type":"ListItem","position":2,"name":"Collection","item":"https:\/\/www.sarahmo.be\/fr\/collection\/"},{"@type":"ListItem","position":3,"name":"Bureau 5 tiroirs et plateau en teck"}]},{"@type":"WebSite","@id":"https:\/\/www.sarahmo.be\/fr\/#website","url":"https:\/\/www.sarahmo.be\/fr\/","name":"Sarah Mo","description":"Sp\u00e9cialiste du style campagne intemporel","publisher":{"@id":"https:\/\/www.sarahmo.be\/fr\/#organization"},"potentialAction":[{"@type":"SearchAction","target":{"@type":"EntryPoint","urlTemplate":"https:\/\/www.sarahmo.be\/fr\/?s={search_term_string}"},"query-input":{"@type":"PropertyValueSpecification","valueRequired":true,"valueName":"search_term_string"}}],"inLanguage":"fr-FR"},{"@type":"Organization","@id":"https:\/\/www.sarahmo.be\/fr\/#organization","name":"Sarah Mo Landelijke meubelen en verlichting","url":"https:\/\/www.sarahmo.be\/fr\/","logo":{"@type":"ImageObject","inLanguage":"fr-FR","@id":"https:\/\/www.sarahmo.be\/fr\/#\/schema\/logo\/image\/","url":"https:\/\/www.sarahmo.be\/site\/wp-content\/uploads\/logo-dark.png","contentUrl":"https:\/\/www.sarahmo.be\/site\/wp-content\/uploads\/logo-dark.png","width":1025,"height":120,"caption":"Sarah Mo Landelijke meubelen en verlichting"},"image":{"@id":"https:\/\/www.sarahmo.be\/fr\/#\/schema\/logo\/image\/"},"sameAs":["https:\/\/www.facebook.com\/SarahMofurniturestore\/"]}]}},"_links":{"self":[{"href":"https:\/\/www.sarahmo.be\/fr\/wp-json\/wp\/v2\/product\/16680","targetHints":{"allow":["GET"]}}],"collection":[{"href":"https:\/\/www.sarahmo.be\/fr\/wp-json\/wp\/v2\/product"}],"about":[{"href":"https:\/\/www.sarahmo.be\/fr\/wp-json\/wp\/v2\/types\/product"}],"wp:featuredmedia":[{"embeddable":true,"href":"https:\/\/www.sarahmo.be\/fr\/wp-json\/wp\/v2\/media\/14984"}],"wp:attachment":[{"href":"https:\/\/www.sarahmo.be\/fr\/wp-json\/wp\/v2\/media?parent=16680"}],"wp:term":[{"taxonomy":"product_brand","embeddable":true,"href":"https:\/\/www.sarahmo.be\/fr\/wp-json\/wp\/v2\/product_brand?post=16680"},{"taxonomy":"product_cat","embeddable":true,"href":"https:\/\/www.sarahmo.be\/fr\/wp-json\/wp\/v2\/product_cat?post=16680"},{"taxonomy":"product_tag","embeddable":true,"href":"https:\/\/www.sarahmo.be\/fr\/wp-json\/wp\/v2\/product_tag?post=16680"}],"curies":[{"name":"wp","href":"https:\/\/api.w.org\/{rel}","templated":true}]}}