{"id":20261,"date":"2021-03-01T14:41:52","date_gmt":"2021-03-01T12:41:52","guid":{"rendered":"https:\/\/www.sarahmo.be\/landelijkemeubelen\/non%20class\u00e9\/xg557\/"},"modified":"2024-10-10T15:22:58","modified_gmt":"2024-10-10T13:22:58","slug":"table-basse-3-pieces-ronde","status":"publish","type":"product","link":"https:\/\/www.sarahmo.be\/fr\/landelijkemeubelen\/petit-meuble\/table-basse-3-pieces-ronde\/","title":{"rendered":"Table Basse 3 Pi\u00e8ces Ronde"},"content":{"rendered":"<p>Cette table sophistiqu\u00e9e se compose de trois plateaux distincts, permettant une personnalisation parfaite de votre agencement int\u00e9rieur. Le design \u00e9pur\u00e9 et les lignes fluides capturent l\u2019essence du chic moderne, tout en offrant une solution pratique pour un style de vie dynamique. La table basse ronde est con\u00e7ue pour \u00eatre le centre d&rsquo;attention de votre salon, ajoutant une touche de luxe subtil \u00e0 votre d\u00e9cor. Ses plateaux interchangeables offrent une flexibilit\u00e9 exceptionnelle, vous permettant de cr\u00e9er une configuration qui s\u2019adapte \u00e0 vos besoins et \u00e0 votre espace. Qu\u2019il s\u2019agisse d&rsquo;une soir\u00e9e \u00e9l\u00e9gante ou d&rsquo;un moment de d\u00e9tente quotidien, cette table vous invite \u00e0 vivre dans le confort et le style. D\u00e9couvrez l&rsquo;harmonie parfaite entre design et praticit\u00e9, et laissez cette table basse devenir un \u00e9l\u00e9ment essentiel de votre int\u00e9rieur sophistiqu\u00e9.<\/p>\n","protected":false},"excerpt":{"rendered":"<p>\u00c9levez votre espace avec notre table basse ronde en trois pi\u00e8ces, une pi\u00e8ce ma\u00eetresse qui allie \u00e9l\u00e9gance contemporaine et fonctionnalit\u00e9 moderne.<\/p>\n","protected":false},"featured_media":20115,"template":"","meta":[],"product_brand":[],"product_cat":[2492],"product_tag":[],"class_list":{"0":"post-20261","1":"product","2":"type-product","3":"status-publish","4":"has-post-thumbnail","6":"product_cat-petit-meuble","8":"first","9":"instock","10":"product-type-simple"},"yoast_head":"<!-- This site is optimized with the Yoast SEO plugin v27.5 - https:\/\/yoast.com\/product\/yoast-seo-wordpress\/ -->\n<title>Sarah Mo - Table Basse 3 Pi\u00e8ces Ronde - Petit meuble<\/title>\n<meta name=\"description\" content=\"\u00c9levez votre espace avec notre table basse ronde en trois pi\u00e8ces, une pi\u00e8ce ma\u00eetresse qui allie \u00e9l\u00e9gance contemporaine et fonctionnalit\u00e9 moderne.\" \/>\n<meta name=\"robots\" content=\"index, follow, max-snippet:-1, max-image-preview:large, max-video-preview:-1\" \/>\n<link rel=\"canonical\" href=\"https:\/\/www.sarahmo.be\/fr\/landelijkemeubelen\/petit-meuble\/table-basse-3-pieces-ronde\/\" \/>\n<meta property=\"og:locale\" content=\"fr_FR\" \/>\n<meta property=\"og:type\" content=\"article\" \/>\n<meta property=\"og:title\" content=\"Sarah Mo - Table Basse 3 Pi\u00e8ces Ronde - Petit meuble\" \/>\n<meta property=\"og:description\" content=\"\u00c9levez votre espace avec notre table basse ronde en trois pi\u00e8ces, une pi\u00e8ce ma\u00eetresse qui allie \u00e9l\u00e9gance contemporaine et fonctionnalit\u00e9 moderne.\" \/>\n<meta property=\"og:url\" content=\"https:\/\/www.sarahmo.be\/fr\/landelijkemeubelen\/petit-meuble\/table-basse-3-pieces-ronde\/\" \/>\n<meta property=\"og:site_name\" content=\"Sarah Mo\" \/>\n<meta property=\"article:publisher\" content=\"https:\/\/www.facebook.com\/SarahMofurniturestore\/\" \/>\n<meta property=\"article:modified_time\" content=\"2024-10-10T13:22:58+00:00\" \/>\n<meta property=\"og:image\" content=\"https:\/\/www.sarahmo.be\/site\/wp-content\/uploads\/XG557.jpg\" \/>\n\t<meta property=\"og:image:width\" content=\"1280\" \/>\n\t<meta property=\"og:image:height\" content=\"853\" \/>\n\t<meta property=\"og:image:type\" content=\"image\/jpeg\" \/>\n<meta name=\"twitter:card\" content=\"summary_large_image\" \/>\n<meta name=\"twitter:label1\" content=\"Dur\u00e9e de lecture estim\u00e9e\" \/>\n\t<meta name=\"twitter:data1\" content=\"1 minute\" \/>\n<script type=\"application\/ld+json\" class=\"yoast-schema-graph\">{\"@context\":\"https:\\\/\\\/schema.org\",\"@graph\":[{\"@type\":\"WebPage\",\"@id\":\"https:\\\/\\\/www.sarahmo.be\\\/fr\\\/landelijkemeubelen\\\/petit-meuble\\\/table-basse-3-pieces-ronde\\\/\",\"url\":\"https:\\\/\\\/www.sarahmo.be\\\/fr\\\/landelijkemeubelen\\\/petit-meuble\\\/table-basse-3-pieces-ronde\\\/\",\"name\":\"Sarah Mo - Table Basse 3 Pi\u00e8ces Ronde - Petit meuble\",\"isPartOf\":{\"@id\":\"https:\\\/\\\/www.sarahmo.be\\\/fr\\\/#website\"},\"primaryImageOfPage\":{\"@id\":\"https:\\\/\\\/www.sarahmo.be\\\/fr\\\/landelijkemeubelen\\\/petit-meuble\\\/table-basse-3-pieces-ronde\\\/#primaryimage\"},\"image\":{\"@id\":\"https:\\\/\\\/www.sarahmo.be\\\/fr\\\/landelijkemeubelen\\\/petit-meuble\\\/table-basse-3-pieces-ronde\\\/#primaryimage\"},\"thumbnailUrl\":\"https:\\\/\\\/www.sarahmo.be\\\/site\\\/wp-content\\\/uploads\\\/XG557.jpg\",\"datePublished\":\"2021-03-01T12:41:52+00:00\",\"dateModified\":\"2024-10-10T13:22:58+00:00\",\"description\":\"\u00c9levez votre espace avec notre table basse ronde en trois pi\u00e8ces, une pi\u00e8ce ma\u00eetresse qui allie \u00e9l\u00e9gance contemporaine et fonctionnalit\u00e9 moderne.\",\"breadcrumb\":{\"@id\":\"https:\\\/\\\/www.sarahmo.be\\\/fr\\\/landelijkemeubelen\\\/petit-meuble\\\/table-basse-3-pieces-ronde\\\/#breadcrumb\"},\"inLanguage\":\"fr-FR\",\"potentialAction\":[{\"@type\":\"ReadAction\",\"target\":[\"https:\\\/\\\/www.sarahmo.be\\\/fr\\\/landelijkemeubelen\\\/petit-meuble\\\/table-basse-3-pieces-ronde\\\/\"]}]},{\"@type\":\"ImageObject\",\"inLanguage\":\"fr-FR\",\"@id\":\"https:\\\/\\\/www.sarahmo.be\\\/fr\\\/landelijkemeubelen\\\/petit-meuble\\\/table-basse-3-pieces-ronde\\\/#primaryimage\",\"url\":\"https:\\\/\\\/www.sarahmo.be\\\/site\\\/wp-content\\\/uploads\\\/XG557.jpg\",\"contentUrl\":\"https:\\\/\\\/www.sarahmo.be\\\/site\\\/wp-content\\\/uploads\\\/XG557.jpg\",\"width\":1280,\"height\":853},{\"@type\":\"BreadcrumbList\",\"@id\":\"https:\\\/\\\/www.sarahmo.be\\\/fr\\\/landelijkemeubelen\\\/petit-meuble\\\/table-basse-3-pieces-ronde\\\/#breadcrumb\",\"itemListElement\":[{\"@type\":\"ListItem\",\"position\":1,\"name\":\"Accueil\",\"item\":\"https:\\\/\\\/www.sarahmo.be\\\/fr\\\/\"},{\"@type\":\"ListItem\",\"position\":2,\"name\":\"Collection\",\"item\":\"https:\\\/\\\/www.sarahmo.be\\\/fr\\\/collection\\\/\"},{\"@type\":\"ListItem\",\"position\":3,\"name\":\"Table Basse 3 Pi\u00e8ces Ronde\"}]},{\"@type\":\"WebSite\",\"@id\":\"https:\\\/\\\/www.sarahmo.be\\\/fr\\\/#website\",\"url\":\"https:\\\/\\\/www.sarahmo.be\\\/fr\\\/\",\"name\":\"Sarah Mo\",\"description\":\"Sp\u00e9cialiste du style campagne intemporel\",\"publisher\":{\"@id\":\"https:\\\/\\\/www.sarahmo.be\\\/fr\\\/#organization\"},\"potentialAction\":[{\"@type\":\"SearchAction\",\"target\":{\"@type\":\"EntryPoint\",\"urlTemplate\":\"https:\\\/\\\/www.sarahmo.be\\\/fr\\\/?s={search_term_string}\"},\"query-input\":{\"@type\":\"PropertyValueSpecification\",\"valueRequired\":true,\"valueName\":\"search_term_string\"}}],\"inLanguage\":\"fr-FR\"},{\"@type\":\"Organization\",\"@id\":\"https:\\\/\\\/www.sarahmo.be\\\/fr\\\/#organization\",\"name\":\"Sarah Mo Landelijke meubelen en verlichting\",\"url\":\"https:\\\/\\\/www.sarahmo.be\\\/fr\\\/\",\"logo\":{\"@type\":\"ImageObject\",\"inLanguage\":\"fr-FR\",\"@id\":\"https:\\\/\\\/www.sarahmo.be\\\/fr\\\/#\\\/schema\\\/logo\\\/image\\\/\",\"url\":\"https:\\\/\\\/www.sarahmo.be\\\/site\\\/wp-content\\\/uploads\\\/logo-dark.png\",\"contentUrl\":\"https:\\\/\\\/www.sarahmo.be\\\/site\\\/wp-content\\\/uploads\\\/logo-dark.png\",\"width\":1025,\"height\":120,\"caption\":\"Sarah Mo Landelijke meubelen en verlichting\"},\"image\":{\"@id\":\"https:\\\/\\\/www.sarahmo.be\\\/fr\\\/#\\\/schema\\\/logo\\\/image\\\/\"},\"sameAs\":[\"https:\\\/\\\/www.facebook.com\\\/SarahMofurniturestore\\\/\"]}]}<\/script>\n<!-- \/ Yoast SEO plugin. -->","yoast_head_json":{"title":"Sarah Mo - Table Basse 3 Pi\u00e8ces Ronde - Petit meuble","description":"\u00c9levez votre espace avec notre table basse ronde en trois pi\u00e8ces, une pi\u00e8ce ma\u00eetresse qui allie \u00e9l\u00e9gance contemporaine et fonctionnalit\u00e9 moderne.","robots":{"index":"index","follow":"follow","max-snippet":"max-snippet:-1","max-image-preview":"max-image-preview:large","max-video-preview":"max-video-preview:-1"},"canonical":"https:\/\/www.sarahmo.be\/fr\/landelijkemeubelen\/petit-meuble\/table-basse-3-pieces-ronde\/","og_locale":"fr_FR","og_type":"article","og_title":"Sarah Mo - Table Basse 3 Pi\u00e8ces Ronde - Petit meuble","og_description":"\u00c9levez votre espace avec notre table basse ronde en trois pi\u00e8ces, une pi\u00e8ce ma\u00eetresse qui allie \u00e9l\u00e9gance contemporaine et fonctionnalit\u00e9 moderne.","og_url":"https:\/\/www.sarahmo.be\/fr\/landelijkemeubelen\/petit-meuble\/table-basse-3-pieces-ronde\/","og_site_name":"Sarah Mo","article_publisher":"https:\/\/www.facebook.com\/SarahMofurniturestore\/","article_modified_time":"2024-10-10T13:22:58+00:00","og_image":[{"width":1280,"height":853,"url":"https:\/\/www.sarahmo.be\/site\/wp-content\/uploads\/XG557.jpg","type":"image\/jpeg"}],"twitter_card":"summary_large_image","twitter_misc":{"Dur\u00e9e de lecture estim\u00e9e":"1 minute"},"schema":{"@context":"https:\/\/schema.org","@graph":[{"@type":"WebPage","@id":"https:\/\/www.sarahmo.be\/fr\/landelijkemeubelen\/petit-meuble\/table-basse-3-pieces-ronde\/","url":"https:\/\/www.sarahmo.be\/fr\/landelijkemeubelen\/petit-meuble\/table-basse-3-pieces-ronde\/","name":"Sarah Mo - Table Basse 3 Pi\u00e8ces Ronde - Petit meuble","isPartOf":{"@id":"https:\/\/www.sarahmo.be\/fr\/#website"},"primaryImageOfPage":{"@id":"https:\/\/www.sarahmo.be\/fr\/landelijkemeubelen\/petit-meuble\/table-basse-3-pieces-ronde\/#primaryimage"},"image":{"@id":"https:\/\/www.sarahmo.be\/fr\/landelijkemeubelen\/petit-meuble\/table-basse-3-pieces-ronde\/#primaryimage"},"thumbnailUrl":"https:\/\/www.sarahmo.be\/site\/wp-content\/uploads\/XG557.jpg","datePublished":"2021-03-01T12:41:52+00:00","dateModified":"2024-10-10T13:22:58+00:00","description":"\u00c9levez votre espace avec notre table basse ronde en trois pi\u00e8ces, une pi\u00e8ce ma\u00eetresse qui allie \u00e9l\u00e9gance contemporaine et fonctionnalit\u00e9 moderne.","breadcrumb":{"@id":"https:\/\/www.sarahmo.be\/fr\/landelijkemeubelen\/petit-meuble\/table-basse-3-pieces-ronde\/#breadcrumb"},"inLanguage":"fr-FR","potentialAction":[{"@type":"ReadAction","target":["https:\/\/www.sarahmo.be\/fr\/landelijkemeubelen\/petit-meuble\/table-basse-3-pieces-ronde\/"]}]},{"@type":"ImageObject","inLanguage":"fr-FR","@id":"https:\/\/www.sarahmo.be\/fr\/landelijkemeubelen\/petit-meuble\/table-basse-3-pieces-ronde\/#primaryimage","url":"https:\/\/www.sarahmo.be\/site\/wp-content\/uploads\/XG557.jpg","contentUrl":"https:\/\/www.sarahmo.be\/site\/wp-content\/uploads\/XG557.jpg","width":1280,"height":853},{"@type":"BreadcrumbList","@id":"https:\/\/www.sarahmo.be\/fr\/landelijkemeubelen\/petit-meuble\/table-basse-3-pieces-ronde\/#breadcrumb","itemListElement":[{"@type":"ListItem","position":1,"name":"Accueil","item":"https:\/\/www.sarahmo.be\/fr\/"},{"@type":"ListItem","position":2,"name":"Collection","item":"https:\/\/www.sarahmo.be\/fr\/collection\/"},{"@type":"ListItem","position":3,"name":"Table Basse 3 Pi\u00e8ces Ronde"}]},{"@type":"WebSite","@id":"https:\/\/www.sarahmo.be\/fr\/#website","url":"https:\/\/www.sarahmo.be\/fr\/","name":"Sarah Mo","description":"Sp\u00e9cialiste du style campagne intemporel","publisher":{"@id":"https:\/\/www.sarahmo.be\/fr\/#organization"},"potentialAction":[{"@type":"SearchAction","target":{"@type":"EntryPoint","urlTemplate":"https:\/\/www.sarahmo.be\/fr\/?s={search_term_string}"},"query-input":{"@type":"PropertyValueSpecification","valueRequired":true,"valueName":"search_term_string"}}],"inLanguage":"fr-FR"},{"@type":"Organization","@id":"https:\/\/www.sarahmo.be\/fr\/#organization","name":"Sarah Mo Landelijke meubelen en verlichting","url":"https:\/\/www.sarahmo.be\/fr\/","logo":{"@type":"ImageObject","inLanguage":"fr-FR","@id":"https:\/\/www.sarahmo.be\/fr\/#\/schema\/logo\/image\/","url":"https:\/\/www.sarahmo.be\/site\/wp-content\/uploads\/logo-dark.png","contentUrl":"https:\/\/www.sarahmo.be\/site\/wp-content\/uploads\/logo-dark.png","width":1025,"height":120,"caption":"Sarah Mo Landelijke meubelen en verlichting"},"image":{"@id":"https:\/\/www.sarahmo.be\/fr\/#\/schema\/logo\/image\/"},"sameAs":["https:\/\/www.facebook.com\/SarahMofurniturestore\/"]}]}},"_links":{"self":[{"href":"https:\/\/www.sarahmo.be\/fr\/wp-json\/wp\/v2\/product\/20261","targetHints":{"allow":["GET"]}}],"collection":[{"href":"https:\/\/www.sarahmo.be\/fr\/wp-json\/wp\/v2\/product"}],"about":[{"href":"https:\/\/www.sarahmo.be\/fr\/wp-json\/wp\/v2\/types\/product"}],"wp:featuredmedia":[{"embeddable":true,"href":"https:\/\/www.sarahmo.be\/fr\/wp-json\/wp\/v2\/media\/20115"}],"wp:attachment":[{"href":"https:\/\/www.sarahmo.be\/fr\/wp-json\/wp\/v2\/media?parent=20261"}],"wp:term":[{"taxonomy":"product_brand","embeddable":true,"href":"https:\/\/www.sarahmo.be\/fr\/wp-json\/wp\/v2\/product_brand?post=20261"},{"taxonomy":"product_cat","embeddable":true,"href":"https:\/\/www.sarahmo.be\/fr\/wp-json\/wp\/v2\/product_cat?post=20261"},{"taxonomy":"product_tag","embeddable":true,"href":"https:\/\/www.sarahmo.be\/fr\/wp-json\/wp\/v2\/product_tag?post=20261"}],"curies":[{"name":"wp","href":"https:\/\/api.w.org\/{rel}","templated":true}]}}