{"id":20270,"date":"2021-03-01T14:41:52","date_gmt":"2021-03-01T12:41:52","guid":{"rendered":"https:\/\/www.sarahmo.be\/landelijkemeubelen\/non%20class\u00e9\/lin240\/"},"modified":"2024-10-16T15:36:07","modified_gmt":"2024-10-16T13:36:07","slug":"table-bois-avec-pied-metal-croise-240","status":"publish","type":"product","link":"https:\/\/www.sarahmo.be\/fr\/landelijkemeubelen\/sejour\/linda-fr\/table-bois-avec-pied-metal-croise-240\/","title":{"rendered":"Table bois avec pied metal crois\u00e9"},"content":{"rendered":"<p>Cette table en teck avec un \u00e9l\u00e9gant pied en m\u00e9tal de style araign\u00e9e apporte une touche moderne et raffin\u00e9e \u00e0 votre int\u00e9rieur. Le plateau en bois massif repose sur une structure m\u00e9tallique en croix, alliant design industriel et robustesse. Parfaite pour un salon contemporain ou une salle \u00e0 manger \u00e9l\u00e9gante, cette table marie harmonieusement le charme naturel du teck et la solidit\u00e9 du m\u00e9tal.<\/p>\n","protected":false},"excerpt":{"rendered":"<p>Cette table en teck avec un \u00e9l\u00e9gant pied en m\u00e9tal de style araign\u00e9e apporte une touche moderne et raffin\u00e9e \u00e0<\/p>\n","protected":false},"featured_media":15054,"template":"","meta":[],"product_brand":[],"product_cat":[2560,409],"product_tag":[],"class_list":{"0":"post-20270","1":"product","2":"type-product","3":"status-publish","4":"has-post-thumbnail","6":"product_cat-linda-fr","7":"product_cat-sejour","9":"first","10":"instock","11":"purchasable","12":"product-type-simple"},"yoast_head":"<!-- This site is optimized with the Yoast SEO plugin v27.6 - https:\/\/yoast.com\/product\/yoast-seo-wordpress\/ -->\n<title>Sarah Mo - Table bois avec pied metal crois\u00e9 - Linda, S\u00e9jour<\/title>\n<meta name=\"description\" content=\"Cette table en teck avec un \u00e9l\u00e9gant pied en m\u00e9tal de style araign\u00e9e apporte une touche moderne et raffin\u00e9e \u00e0 votre int\u00e9rieur. Le plateau en bois massif\" \/>\n<meta name=\"robots\" content=\"index, follow, max-snippet:-1, max-image-preview:large, max-video-preview:-1\" \/>\n<link rel=\"canonical\" href=\"https:\/\/www.sarahmo.be\/fr\/landelijkemeubelen\/sejour\/linda-fr\/table-bois-avec-pied-metal-croise-240\/\" \/>\n<meta property=\"og:locale\" content=\"fr_FR\" \/>\n<meta property=\"og:type\" content=\"article\" \/>\n<meta property=\"og:title\" content=\"Sarah Mo - Table bois avec pied metal crois\u00e9 - Linda, S\u00e9jour\" \/>\n<meta property=\"og:description\" content=\"Cette table en teck avec un \u00e9l\u00e9gant pied en m\u00e9tal de style araign\u00e9e apporte une touche moderne et raffin\u00e9e \u00e0 votre int\u00e9rieur. Le plateau en bois massif\" \/>\n<meta property=\"og:url\" content=\"https:\/\/www.sarahmo.be\/fr\/landelijkemeubelen\/sejour\/linda-fr\/table-bois-avec-pied-metal-croise-240\/\" \/>\n<meta property=\"og:site_name\" content=\"Sarah Mo\" \/>\n<meta property=\"article:publisher\" content=\"https:\/\/www.facebook.com\/SarahMofurniturestore\/\" \/>\n<meta property=\"article:modified_time\" content=\"2024-10-16T13:36:07+00:00\" \/>\n<meta property=\"og:image\" content=\"https:\/\/www.sarahmo.be\/site\/wp-content\/uploads\/LIN240.jpg\" \/>\n\t<meta property=\"og:image:width\" content=\"1000\" \/>\n\t<meta property=\"og:image:height\" content=\"669\" \/>\n\t<meta property=\"og:image:type\" content=\"image\/jpeg\" \/>\n<meta name=\"twitter:card\" content=\"summary_large_image\" \/>\n<meta name=\"twitter:label1\" content=\"Dur\u00e9e de lecture estim\u00e9e\" \/>\n\t<meta name=\"twitter:data1\" content=\"1 minute\" \/>\n<script type=\"application\/ld+json\" class=\"yoast-schema-graph\">{\"@context\":\"https:\\\/\\\/schema.org\",\"@graph\":[{\"@type\":\"WebPage\",\"@id\":\"https:\\\/\\\/www.sarahmo.be\\\/fr\\\/landelijkemeubelen\\\/sejour\\\/linda-fr\\\/table-bois-avec-pied-metal-croise-240\\\/\",\"url\":\"https:\\\/\\\/www.sarahmo.be\\\/fr\\\/landelijkemeubelen\\\/sejour\\\/linda-fr\\\/table-bois-avec-pied-metal-croise-240\\\/\",\"name\":\"Sarah Mo - Table bois avec pied metal crois\u00e9 - Linda, S\u00e9jour\",\"isPartOf\":{\"@id\":\"https:\\\/\\\/www.sarahmo.be\\\/fr\\\/#website\"},\"primaryImageOfPage\":{\"@id\":\"https:\\\/\\\/www.sarahmo.be\\\/fr\\\/landelijkemeubelen\\\/sejour\\\/linda-fr\\\/table-bois-avec-pied-metal-croise-240\\\/#primaryimage\"},\"image\":{\"@id\":\"https:\\\/\\\/www.sarahmo.be\\\/fr\\\/landelijkemeubelen\\\/sejour\\\/linda-fr\\\/table-bois-avec-pied-metal-croise-240\\\/#primaryimage\"},\"thumbnailUrl\":\"https:\\\/\\\/www.sarahmo.be\\\/site\\\/wp-content\\\/uploads\\\/LIN240.jpg\",\"datePublished\":\"2021-03-01T12:41:52+00:00\",\"dateModified\":\"2024-10-16T13:36:07+00:00\",\"description\":\"Cette table en teck avec un \u00e9l\u00e9gant pied en m\u00e9tal de style araign\u00e9e apporte une touche moderne et raffin\u00e9e \u00e0 votre int\u00e9rieur. Le plateau en bois massif\",\"breadcrumb\":{\"@id\":\"https:\\\/\\\/www.sarahmo.be\\\/fr\\\/landelijkemeubelen\\\/sejour\\\/linda-fr\\\/table-bois-avec-pied-metal-croise-240\\\/#breadcrumb\"},\"inLanguage\":\"fr-FR\",\"potentialAction\":[{\"@type\":\"ReadAction\",\"target\":[\"https:\\\/\\\/www.sarahmo.be\\\/fr\\\/landelijkemeubelen\\\/sejour\\\/linda-fr\\\/table-bois-avec-pied-metal-croise-240\\\/\"]}]},{\"@type\":\"ImageObject\",\"inLanguage\":\"fr-FR\",\"@id\":\"https:\\\/\\\/www.sarahmo.be\\\/fr\\\/landelijkemeubelen\\\/sejour\\\/linda-fr\\\/table-bois-avec-pied-metal-croise-240\\\/#primaryimage\",\"url\":\"https:\\\/\\\/www.sarahmo.be\\\/site\\\/wp-content\\\/uploads\\\/LIN240.jpg\",\"contentUrl\":\"https:\\\/\\\/www.sarahmo.be\\\/site\\\/wp-content\\\/uploads\\\/LIN240.jpg\",\"width\":1000,\"height\":669,\"caption\":\"Tafel met metalen spin poot - Tafel - Landelijke meubels en verlichting - Sarah Mo\"},{\"@type\":\"BreadcrumbList\",\"@id\":\"https:\\\/\\\/www.sarahmo.be\\\/fr\\\/landelijkemeubelen\\\/sejour\\\/linda-fr\\\/table-bois-avec-pied-metal-croise-240\\\/#breadcrumb\",\"itemListElement\":[{\"@type\":\"ListItem\",\"position\":1,\"name\":\"Accueil\",\"item\":\"https:\\\/\\\/www.sarahmo.be\\\/fr\\\/\"},{\"@type\":\"ListItem\",\"position\":2,\"name\":\"Collection\",\"item\":\"https:\\\/\\\/www.sarahmo.be\\\/fr\\\/collection\\\/\"},{\"@type\":\"ListItem\",\"position\":3,\"name\":\"Table bois avec pied metal crois\u00e9\"}]},{\"@type\":\"WebSite\",\"@id\":\"https:\\\/\\\/www.sarahmo.be\\\/fr\\\/#website\",\"url\":\"https:\\\/\\\/www.sarahmo.be\\\/fr\\\/\",\"name\":\"Sarah Mo\",\"description\":\"Sp\u00e9cialiste du style campagne intemporel\",\"publisher\":{\"@id\":\"https:\\\/\\\/www.sarahmo.be\\\/fr\\\/#organization\"},\"potentialAction\":[{\"@type\":\"SearchAction\",\"target\":{\"@type\":\"EntryPoint\",\"urlTemplate\":\"https:\\\/\\\/www.sarahmo.be\\\/fr\\\/?s={search_term_string}\"},\"query-input\":{\"@type\":\"PropertyValueSpecification\",\"valueRequired\":true,\"valueName\":\"search_term_string\"}}],\"inLanguage\":\"fr-FR\"},{\"@type\":\"Organization\",\"@id\":\"https:\\\/\\\/www.sarahmo.be\\\/fr\\\/#organization\",\"name\":\"Sarah Mo Landelijke meubelen en verlichting\",\"url\":\"https:\\\/\\\/www.sarahmo.be\\\/fr\\\/\",\"logo\":{\"@type\":\"ImageObject\",\"inLanguage\":\"fr-FR\",\"@id\":\"https:\\\/\\\/www.sarahmo.be\\\/fr\\\/#\\\/schema\\\/logo\\\/image\\\/\",\"url\":\"https:\\\/\\\/www.sarahmo.be\\\/site\\\/wp-content\\\/uploads\\\/logo-dark.png\",\"contentUrl\":\"https:\\\/\\\/www.sarahmo.be\\\/site\\\/wp-content\\\/uploads\\\/logo-dark.png\",\"width\":1025,\"height\":120,\"caption\":\"Sarah Mo Landelijke meubelen en verlichting\"},\"image\":{\"@id\":\"https:\\\/\\\/www.sarahmo.be\\\/fr\\\/#\\\/schema\\\/logo\\\/image\\\/\"},\"sameAs\":[\"https:\\\/\\\/www.facebook.com\\\/SarahMofurniturestore\\\/\"]}]}<\/script>\n<!-- \/ Yoast SEO plugin. -->","yoast_head_json":{"title":"Sarah Mo - Table bois avec pied metal crois\u00e9 - Linda, S\u00e9jour","description":"Cette table en teck avec un \u00e9l\u00e9gant pied en m\u00e9tal de style araign\u00e9e apporte une touche moderne et raffin\u00e9e \u00e0 votre int\u00e9rieur. Le plateau en bois massif","robots":{"index":"index","follow":"follow","max-snippet":"max-snippet:-1","max-image-preview":"max-image-preview:large","max-video-preview":"max-video-preview:-1"},"canonical":"https:\/\/www.sarahmo.be\/fr\/landelijkemeubelen\/sejour\/linda-fr\/table-bois-avec-pied-metal-croise-240\/","og_locale":"fr_FR","og_type":"article","og_title":"Sarah Mo - Table bois avec pied metal crois\u00e9 - Linda, S\u00e9jour","og_description":"Cette table en teck avec un \u00e9l\u00e9gant pied en m\u00e9tal de style araign\u00e9e apporte une touche moderne et raffin\u00e9e \u00e0 votre int\u00e9rieur. Le plateau en bois massif","og_url":"https:\/\/www.sarahmo.be\/fr\/landelijkemeubelen\/sejour\/linda-fr\/table-bois-avec-pied-metal-croise-240\/","og_site_name":"Sarah Mo","article_publisher":"https:\/\/www.facebook.com\/SarahMofurniturestore\/","article_modified_time":"2024-10-16T13:36:07+00:00","og_image":[{"width":1000,"height":669,"url":"https:\/\/www.sarahmo.be\/site\/wp-content\/uploads\/LIN240.jpg","type":"image\/jpeg"}],"twitter_card":"summary_large_image","twitter_misc":{"Dur\u00e9e de lecture estim\u00e9e":"1 minute"},"schema":{"@context":"https:\/\/schema.org","@graph":[{"@type":"WebPage","@id":"https:\/\/www.sarahmo.be\/fr\/landelijkemeubelen\/sejour\/linda-fr\/table-bois-avec-pied-metal-croise-240\/","url":"https:\/\/www.sarahmo.be\/fr\/landelijkemeubelen\/sejour\/linda-fr\/table-bois-avec-pied-metal-croise-240\/","name":"Sarah Mo - Table bois avec pied metal crois\u00e9 - Linda, S\u00e9jour","isPartOf":{"@id":"https:\/\/www.sarahmo.be\/fr\/#website"},"primaryImageOfPage":{"@id":"https:\/\/www.sarahmo.be\/fr\/landelijkemeubelen\/sejour\/linda-fr\/table-bois-avec-pied-metal-croise-240\/#primaryimage"},"image":{"@id":"https:\/\/www.sarahmo.be\/fr\/landelijkemeubelen\/sejour\/linda-fr\/table-bois-avec-pied-metal-croise-240\/#primaryimage"},"thumbnailUrl":"https:\/\/www.sarahmo.be\/site\/wp-content\/uploads\/LIN240.jpg","datePublished":"2021-03-01T12:41:52+00:00","dateModified":"2024-10-16T13:36:07+00:00","description":"Cette table en teck avec un \u00e9l\u00e9gant pied en m\u00e9tal de style araign\u00e9e apporte une touche moderne et raffin\u00e9e \u00e0 votre int\u00e9rieur. Le plateau en bois massif","breadcrumb":{"@id":"https:\/\/www.sarahmo.be\/fr\/landelijkemeubelen\/sejour\/linda-fr\/table-bois-avec-pied-metal-croise-240\/#breadcrumb"},"inLanguage":"fr-FR","potentialAction":[{"@type":"ReadAction","target":["https:\/\/www.sarahmo.be\/fr\/landelijkemeubelen\/sejour\/linda-fr\/table-bois-avec-pied-metal-croise-240\/"]}]},{"@type":"ImageObject","inLanguage":"fr-FR","@id":"https:\/\/www.sarahmo.be\/fr\/landelijkemeubelen\/sejour\/linda-fr\/table-bois-avec-pied-metal-croise-240\/#primaryimage","url":"https:\/\/www.sarahmo.be\/site\/wp-content\/uploads\/LIN240.jpg","contentUrl":"https:\/\/www.sarahmo.be\/site\/wp-content\/uploads\/LIN240.jpg","width":1000,"height":669,"caption":"Tafel met metalen spin poot - Tafel - Landelijke meubels en verlichting - Sarah Mo"},{"@type":"BreadcrumbList","@id":"https:\/\/www.sarahmo.be\/fr\/landelijkemeubelen\/sejour\/linda-fr\/table-bois-avec-pied-metal-croise-240\/#breadcrumb","itemListElement":[{"@type":"ListItem","position":1,"name":"Accueil","item":"https:\/\/www.sarahmo.be\/fr\/"},{"@type":"ListItem","position":2,"name":"Collection","item":"https:\/\/www.sarahmo.be\/fr\/collection\/"},{"@type":"ListItem","position":3,"name":"Table bois avec pied metal crois\u00e9"}]},{"@type":"WebSite","@id":"https:\/\/www.sarahmo.be\/fr\/#website","url":"https:\/\/www.sarahmo.be\/fr\/","name":"Sarah Mo","description":"Sp\u00e9cialiste du style campagne intemporel","publisher":{"@id":"https:\/\/www.sarahmo.be\/fr\/#organization"},"potentialAction":[{"@type":"SearchAction","target":{"@type":"EntryPoint","urlTemplate":"https:\/\/www.sarahmo.be\/fr\/?s={search_term_string}"},"query-input":{"@type":"PropertyValueSpecification","valueRequired":true,"valueName":"search_term_string"}}],"inLanguage":"fr-FR"},{"@type":"Organization","@id":"https:\/\/www.sarahmo.be\/fr\/#organization","name":"Sarah Mo Landelijke meubelen en verlichting","url":"https:\/\/www.sarahmo.be\/fr\/","logo":{"@type":"ImageObject","inLanguage":"fr-FR","@id":"https:\/\/www.sarahmo.be\/fr\/#\/schema\/logo\/image\/","url":"https:\/\/www.sarahmo.be\/site\/wp-content\/uploads\/logo-dark.png","contentUrl":"https:\/\/www.sarahmo.be\/site\/wp-content\/uploads\/logo-dark.png","width":1025,"height":120,"caption":"Sarah Mo Landelijke meubelen en verlichting"},"image":{"@id":"https:\/\/www.sarahmo.be\/fr\/#\/schema\/logo\/image\/"},"sameAs":["https:\/\/www.facebook.com\/SarahMofurniturestore\/"]}]}},"_links":{"self":[{"href":"https:\/\/www.sarahmo.be\/fr\/wp-json\/wp\/v2\/product\/20270","targetHints":{"allow":["GET"]}}],"collection":[{"href":"https:\/\/www.sarahmo.be\/fr\/wp-json\/wp\/v2\/product"}],"about":[{"href":"https:\/\/www.sarahmo.be\/fr\/wp-json\/wp\/v2\/types\/product"}],"wp:featuredmedia":[{"embeddable":true,"href":"https:\/\/www.sarahmo.be\/fr\/wp-json\/wp\/v2\/media\/15054"}],"wp:attachment":[{"href":"https:\/\/www.sarahmo.be\/fr\/wp-json\/wp\/v2\/media?parent=20270"}],"wp:term":[{"taxonomy":"product_brand","embeddable":true,"href":"https:\/\/www.sarahmo.be\/fr\/wp-json\/wp\/v2\/product_brand?post=20270"},{"taxonomy":"product_cat","embeddable":true,"href":"https:\/\/www.sarahmo.be\/fr\/wp-json\/wp\/v2\/product_cat?post=20270"},{"taxonomy":"product_tag","embeddable":true,"href":"https:\/\/www.sarahmo.be\/fr\/wp-json\/wp\/v2\/product_tag?post=20270"}],"curies":[{"name":"wp","href":"https:\/\/api.w.org\/{rel}","templated":true}]}}