{"id":20291,"date":"2021-03-01T14:41:05","date_gmt":"2021-03-01T12:41:05","guid":{"rendered":"https:\/\/www.sarahmo.be\/landelijkemeubelen\/non%20class\u00e9\/pa144\/"},"modified":"2024-10-10T15:17:26","modified_gmt":"2024-10-10T13:17:26","slug":"buffet-1-porte-1-tiroir-chene-recycle","status":"publish","type":"product","link":"https:\/\/www.sarahmo.be\/fr\/landelijkemeubelen\/petit-meuble\/buffet-1-porte-1-tiroir-chene-recycle\/","title":{"rendered":"Buffet 1 Porte 1 Tiroir Ch\u00eane Recycl\u00e9"},"content":{"rendered":"<p>Ce mod\u00e8le haut offre un m\u00e9lange sophistiqu\u00e9 de fonctionnalit\u00e9 et de style. Le ch\u00eane recycl\u00e9 ajoute un charme naturel et durable, tandis que la finition de haute qualit\u00e9 met en valeur les tons chauds du bois. Le meuble pr\u00e9sente un agencement pratique avec une porte et un tiroir, id\u00e9al pour ranger l&rsquo;\u00e9quipement multim\u00e9dia et les accessoires. En outre, le compartiment ouvert offre suffisamment d&rsquo;espace pour ranger le r\u00e9cepteur TV ou des objets d\u00e9coratifs. La hauteur intelligente de ce mod\u00e8le assure une pr\u00e9sentation \u00e9l\u00e9gante et en fait un choix pratique pour les int\u00e9rieurs modernes. Cr\u00e9ez un espace organis\u00e9 et esth\u00e9tique avec ce meuble polyvalent.<\/p>\n","protected":false},"excerpt":{"rendered":"<p>Apportez un look \u00e9cologique et moderne \u00e0 votre salon avec cet \u00e9l\u00e9gant meuble TV en ch\u00eane recycl\u00e9.<\/p>\n","protected":false},"featured_media":14636,"template":"","meta":[],"product_brand":[],"product_cat":[2492],"product_tag":[],"class_list":{"0":"post-20291","1":"product","2":"type-product","3":"status-publish","4":"has-post-thumbnail","6":"product_cat-petit-meuble","8":"first","9":"instock","10":"product-type-simple"},"yoast_head":"<!-- This site is optimized with the Yoast SEO plugin v27.5 - https:\/\/yoast.com\/product\/yoast-seo-wordpress\/ -->\n<title>Sarah Mo - Buffet 1 Porte 1 Tiroir Ch\u00eane Recycl\u00e9 - Petit meuble<\/title>\n<meta name=\"description\" content=\"Apportez un look \u00e9cologique et moderne \u00e0 votre salon avec cet \u00e9l\u00e9gant meuble TV en ch\u00eane recycl\u00e9.\" \/>\n<meta name=\"robots\" content=\"index, follow, max-snippet:-1, max-image-preview:large, max-video-preview:-1\" \/>\n<link rel=\"canonical\" href=\"https:\/\/www.sarahmo.be\/fr\/landelijkemeubelen\/petit-meuble\/buffet-1-porte-1-tiroir-chene-recycle\/\" \/>\n<meta property=\"og:locale\" content=\"fr_FR\" \/>\n<meta property=\"og:type\" content=\"article\" \/>\n<meta property=\"og:title\" content=\"Sarah Mo - Buffet 1 Porte 1 Tiroir Ch\u00eane Recycl\u00e9 - Petit meuble\" \/>\n<meta property=\"og:description\" content=\"Apportez un look \u00e9cologique et moderne \u00e0 votre salon avec cet \u00e9l\u00e9gant meuble TV en ch\u00eane recycl\u00e9.\" \/>\n<meta property=\"og:url\" content=\"https:\/\/www.sarahmo.be\/fr\/landelijkemeubelen\/petit-meuble\/buffet-1-porte-1-tiroir-chene-recycle\/\" \/>\n<meta property=\"og:site_name\" content=\"Sarah Mo\" \/>\n<meta property=\"article:publisher\" content=\"https:\/\/www.facebook.com\/SarahMofurniturestore\/\" \/>\n<meta property=\"article:modified_time\" content=\"2024-10-10T13:17:26+00:00\" \/>\n<meta property=\"og:image\" content=\"https:\/\/www.sarahmo.be\/site\/wp-content\/uploads\/PA144-1.jpg\" \/>\n\t<meta property=\"og:image:width\" content=\"1000\" \/>\n\t<meta property=\"og:image:height\" content=\"667\" \/>\n\t<meta property=\"og:image:type\" content=\"image\/jpeg\" \/>\n<meta name=\"twitter:card\" content=\"summary_large_image\" \/>\n<meta name=\"twitter:label1\" content=\"Dur\u00e9e de lecture estim\u00e9e\" \/>\n\t<meta name=\"twitter:data1\" content=\"1 minute\" \/>\n<script type=\"application\/ld+json\" class=\"yoast-schema-graph\">{\"@context\":\"https:\\\/\\\/schema.org\",\"@graph\":[{\"@type\":\"WebPage\",\"@id\":\"https:\\\/\\\/www.sarahmo.be\\\/fr\\\/landelijkemeubelen\\\/petit-meuble\\\/buffet-1-porte-1-tiroir-chene-recycle\\\/\",\"url\":\"https:\\\/\\\/www.sarahmo.be\\\/fr\\\/landelijkemeubelen\\\/petit-meuble\\\/buffet-1-porte-1-tiroir-chene-recycle\\\/\",\"name\":\"Sarah Mo - Buffet 1 Porte 1 Tiroir Ch\u00eane Recycl\u00e9 - Petit meuble\",\"isPartOf\":{\"@id\":\"https:\\\/\\\/www.sarahmo.be\\\/fr\\\/#website\"},\"primaryImageOfPage\":{\"@id\":\"https:\\\/\\\/www.sarahmo.be\\\/fr\\\/landelijkemeubelen\\\/petit-meuble\\\/buffet-1-porte-1-tiroir-chene-recycle\\\/#primaryimage\"},\"image\":{\"@id\":\"https:\\\/\\\/www.sarahmo.be\\\/fr\\\/landelijkemeubelen\\\/petit-meuble\\\/buffet-1-porte-1-tiroir-chene-recycle\\\/#primaryimage\"},\"thumbnailUrl\":\"https:\\\/\\\/www.sarahmo.be\\\/site\\\/wp-content\\\/uploads\\\/PA144-1.jpg\",\"datePublished\":\"2021-03-01T12:41:05+00:00\",\"dateModified\":\"2024-10-10T13:17:26+00:00\",\"description\":\"Apportez un look \u00e9cologique et moderne \u00e0 votre salon avec cet \u00e9l\u00e9gant meuble TV en ch\u00eane recycl\u00e9.\",\"breadcrumb\":{\"@id\":\"https:\\\/\\\/www.sarahmo.be\\\/fr\\\/landelijkemeubelen\\\/petit-meuble\\\/buffet-1-porte-1-tiroir-chene-recycle\\\/#breadcrumb\"},\"inLanguage\":\"fr-FR\",\"potentialAction\":[{\"@type\":\"ReadAction\",\"target\":[\"https:\\\/\\\/www.sarahmo.be\\\/fr\\\/landelijkemeubelen\\\/petit-meuble\\\/buffet-1-porte-1-tiroir-chene-recycle\\\/\"]}]},{\"@type\":\"ImageObject\",\"inLanguage\":\"fr-FR\",\"@id\":\"https:\\\/\\\/www.sarahmo.be\\\/fr\\\/landelijkemeubelen\\\/petit-meuble\\\/buffet-1-porte-1-tiroir-chene-recycle\\\/#primaryimage\",\"url\":\"https:\\\/\\\/www.sarahmo.be\\\/site\\\/wp-content\\\/uploads\\\/PA144-1.jpg\",\"contentUrl\":\"https:\\\/\\\/www.sarahmo.be\\\/site\\\/wp-content\\\/uploads\\\/PA144-1.jpg\",\"width\":1000,\"height\":667,\"caption\":\"Kastje met 1 lade in gerecycleerde eik - Dressoir - Landelijke meubels en verlichting - Sarah Mo\"},{\"@type\":\"BreadcrumbList\",\"@id\":\"https:\\\/\\\/www.sarahmo.be\\\/fr\\\/landelijkemeubelen\\\/petit-meuble\\\/buffet-1-porte-1-tiroir-chene-recycle\\\/#breadcrumb\",\"itemListElement\":[{\"@type\":\"ListItem\",\"position\":1,\"name\":\"Accueil\",\"item\":\"https:\\\/\\\/www.sarahmo.be\\\/fr\\\/\"},{\"@type\":\"ListItem\",\"position\":2,\"name\":\"Collection\",\"item\":\"https:\\\/\\\/www.sarahmo.be\\\/fr\\\/collection\\\/\"},{\"@type\":\"ListItem\",\"position\":3,\"name\":\"Buffet 1 Porte 1 Tiroir Ch\u00eane Recycl\u00e9\"}]},{\"@type\":\"WebSite\",\"@id\":\"https:\\\/\\\/www.sarahmo.be\\\/fr\\\/#website\",\"url\":\"https:\\\/\\\/www.sarahmo.be\\\/fr\\\/\",\"name\":\"Sarah Mo\",\"description\":\"Sp\u00e9cialiste du style campagne intemporel\",\"publisher\":{\"@id\":\"https:\\\/\\\/www.sarahmo.be\\\/fr\\\/#organization\"},\"potentialAction\":[{\"@type\":\"SearchAction\",\"target\":{\"@type\":\"EntryPoint\",\"urlTemplate\":\"https:\\\/\\\/www.sarahmo.be\\\/fr\\\/?s={search_term_string}\"},\"query-input\":{\"@type\":\"PropertyValueSpecification\",\"valueRequired\":true,\"valueName\":\"search_term_string\"}}],\"inLanguage\":\"fr-FR\"},{\"@type\":\"Organization\",\"@id\":\"https:\\\/\\\/www.sarahmo.be\\\/fr\\\/#organization\",\"name\":\"Sarah Mo Landelijke meubelen en verlichting\",\"url\":\"https:\\\/\\\/www.sarahmo.be\\\/fr\\\/\",\"logo\":{\"@type\":\"ImageObject\",\"inLanguage\":\"fr-FR\",\"@id\":\"https:\\\/\\\/www.sarahmo.be\\\/fr\\\/#\\\/schema\\\/logo\\\/image\\\/\",\"url\":\"https:\\\/\\\/www.sarahmo.be\\\/site\\\/wp-content\\\/uploads\\\/logo-dark.png\",\"contentUrl\":\"https:\\\/\\\/www.sarahmo.be\\\/site\\\/wp-content\\\/uploads\\\/logo-dark.png\",\"width\":1025,\"height\":120,\"caption\":\"Sarah Mo Landelijke meubelen en verlichting\"},\"image\":{\"@id\":\"https:\\\/\\\/www.sarahmo.be\\\/fr\\\/#\\\/schema\\\/logo\\\/image\\\/\"},\"sameAs\":[\"https:\\\/\\\/www.facebook.com\\\/SarahMofurniturestore\\\/\"]}]}<\/script>\n<!-- \/ Yoast SEO plugin. -->","yoast_head_json":{"title":"Sarah Mo - Buffet 1 Porte 1 Tiroir Ch\u00eane Recycl\u00e9 - Petit meuble","description":"Apportez un look \u00e9cologique et moderne \u00e0 votre salon avec cet \u00e9l\u00e9gant meuble TV en ch\u00eane recycl\u00e9.","robots":{"index":"index","follow":"follow","max-snippet":"max-snippet:-1","max-image-preview":"max-image-preview:large","max-video-preview":"max-video-preview:-1"},"canonical":"https:\/\/www.sarahmo.be\/fr\/landelijkemeubelen\/petit-meuble\/buffet-1-porte-1-tiroir-chene-recycle\/","og_locale":"fr_FR","og_type":"article","og_title":"Sarah Mo - Buffet 1 Porte 1 Tiroir Ch\u00eane Recycl\u00e9 - Petit meuble","og_description":"Apportez un look \u00e9cologique et moderne \u00e0 votre salon avec cet \u00e9l\u00e9gant meuble TV en ch\u00eane recycl\u00e9.","og_url":"https:\/\/www.sarahmo.be\/fr\/landelijkemeubelen\/petit-meuble\/buffet-1-porte-1-tiroir-chene-recycle\/","og_site_name":"Sarah Mo","article_publisher":"https:\/\/www.facebook.com\/SarahMofurniturestore\/","article_modified_time":"2024-10-10T13:17:26+00:00","og_image":[{"width":1000,"height":667,"url":"https:\/\/www.sarahmo.be\/site\/wp-content\/uploads\/PA144-1.jpg","type":"image\/jpeg"}],"twitter_card":"summary_large_image","twitter_misc":{"Dur\u00e9e de lecture estim\u00e9e":"1 minute"},"schema":{"@context":"https:\/\/schema.org","@graph":[{"@type":"WebPage","@id":"https:\/\/www.sarahmo.be\/fr\/landelijkemeubelen\/petit-meuble\/buffet-1-porte-1-tiroir-chene-recycle\/","url":"https:\/\/www.sarahmo.be\/fr\/landelijkemeubelen\/petit-meuble\/buffet-1-porte-1-tiroir-chene-recycle\/","name":"Sarah Mo - Buffet 1 Porte 1 Tiroir Ch\u00eane Recycl\u00e9 - Petit meuble","isPartOf":{"@id":"https:\/\/www.sarahmo.be\/fr\/#website"},"primaryImageOfPage":{"@id":"https:\/\/www.sarahmo.be\/fr\/landelijkemeubelen\/petit-meuble\/buffet-1-porte-1-tiroir-chene-recycle\/#primaryimage"},"image":{"@id":"https:\/\/www.sarahmo.be\/fr\/landelijkemeubelen\/petit-meuble\/buffet-1-porte-1-tiroir-chene-recycle\/#primaryimage"},"thumbnailUrl":"https:\/\/www.sarahmo.be\/site\/wp-content\/uploads\/PA144-1.jpg","datePublished":"2021-03-01T12:41:05+00:00","dateModified":"2024-10-10T13:17:26+00:00","description":"Apportez un look \u00e9cologique et moderne \u00e0 votre salon avec cet \u00e9l\u00e9gant meuble TV en ch\u00eane recycl\u00e9.","breadcrumb":{"@id":"https:\/\/www.sarahmo.be\/fr\/landelijkemeubelen\/petit-meuble\/buffet-1-porte-1-tiroir-chene-recycle\/#breadcrumb"},"inLanguage":"fr-FR","potentialAction":[{"@type":"ReadAction","target":["https:\/\/www.sarahmo.be\/fr\/landelijkemeubelen\/petit-meuble\/buffet-1-porte-1-tiroir-chene-recycle\/"]}]},{"@type":"ImageObject","inLanguage":"fr-FR","@id":"https:\/\/www.sarahmo.be\/fr\/landelijkemeubelen\/petit-meuble\/buffet-1-porte-1-tiroir-chene-recycle\/#primaryimage","url":"https:\/\/www.sarahmo.be\/site\/wp-content\/uploads\/PA144-1.jpg","contentUrl":"https:\/\/www.sarahmo.be\/site\/wp-content\/uploads\/PA144-1.jpg","width":1000,"height":667,"caption":"Kastje met 1 lade in gerecycleerde eik - Dressoir - Landelijke meubels en verlichting - Sarah Mo"},{"@type":"BreadcrumbList","@id":"https:\/\/www.sarahmo.be\/fr\/landelijkemeubelen\/petit-meuble\/buffet-1-porte-1-tiroir-chene-recycle\/#breadcrumb","itemListElement":[{"@type":"ListItem","position":1,"name":"Accueil","item":"https:\/\/www.sarahmo.be\/fr\/"},{"@type":"ListItem","position":2,"name":"Collection","item":"https:\/\/www.sarahmo.be\/fr\/collection\/"},{"@type":"ListItem","position":3,"name":"Buffet 1 Porte 1 Tiroir Ch\u00eane Recycl\u00e9"}]},{"@type":"WebSite","@id":"https:\/\/www.sarahmo.be\/fr\/#website","url":"https:\/\/www.sarahmo.be\/fr\/","name":"Sarah Mo","description":"Sp\u00e9cialiste du style campagne intemporel","publisher":{"@id":"https:\/\/www.sarahmo.be\/fr\/#organization"},"potentialAction":[{"@type":"SearchAction","target":{"@type":"EntryPoint","urlTemplate":"https:\/\/www.sarahmo.be\/fr\/?s={search_term_string}"},"query-input":{"@type":"PropertyValueSpecification","valueRequired":true,"valueName":"search_term_string"}}],"inLanguage":"fr-FR"},{"@type":"Organization","@id":"https:\/\/www.sarahmo.be\/fr\/#organization","name":"Sarah Mo Landelijke meubelen en verlichting","url":"https:\/\/www.sarahmo.be\/fr\/","logo":{"@type":"ImageObject","inLanguage":"fr-FR","@id":"https:\/\/www.sarahmo.be\/fr\/#\/schema\/logo\/image\/","url":"https:\/\/www.sarahmo.be\/site\/wp-content\/uploads\/logo-dark.png","contentUrl":"https:\/\/www.sarahmo.be\/site\/wp-content\/uploads\/logo-dark.png","width":1025,"height":120,"caption":"Sarah Mo Landelijke meubelen en verlichting"},"image":{"@id":"https:\/\/www.sarahmo.be\/fr\/#\/schema\/logo\/image\/"},"sameAs":["https:\/\/www.facebook.com\/SarahMofurniturestore\/"]}]}},"_links":{"self":[{"href":"https:\/\/www.sarahmo.be\/fr\/wp-json\/wp\/v2\/product\/20291","targetHints":{"allow":["GET"]}}],"collection":[{"href":"https:\/\/www.sarahmo.be\/fr\/wp-json\/wp\/v2\/product"}],"about":[{"href":"https:\/\/www.sarahmo.be\/fr\/wp-json\/wp\/v2\/types\/product"}],"wp:featuredmedia":[{"embeddable":true,"href":"https:\/\/www.sarahmo.be\/fr\/wp-json\/wp\/v2\/media\/14636"}],"wp:attachment":[{"href":"https:\/\/www.sarahmo.be\/fr\/wp-json\/wp\/v2\/media?parent=20291"}],"wp:term":[{"taxonomy":"product_brand","embeddable":true,"href":"https:\/\/www.sarahmo.be\/fr\/wp-json\/wp\/v2\/product_brand?post=20291"},{"taxonomy":"product_cat","embeddable":true,"href":"https:\/\/www.sarahmo.be\/fr\/wp-json\/wp\/v2\/product_cat?post=20291"},{"taxonomy":"product_tag","embeddable":true,"href":"https:\/\/www.sarahmo.be\/fr\/wp-json\/wp\/v2\/product_tag?post=20291"}],"curies":[{"name":"wp","href":"https:\/\/api.w.org\/{rel}","templated":true}]}}