{"id":24088,"date":"2025-07-25T12:06:48","date_gmt":"2025-07-25T10:06:48","guid":{"rendered":"https:\/\/www.sarahmo.be\/?post_type=product&#038;p=24088"},"modified":"2025-07-25T12:06:52","modified_gmt":"2025-07-25T10:06:52","slug":"vitrine-campagne-a-quatre-portes","status":"publish","type":"product","link":"https:\/\/www.sarahmo.be\/fr\/landelijkemeubelen\/sejour\/collection-valencia-fr\/vitrine-campagne-a-quatre-portes\/","title":{"rendered":"Vitrine campagne \u00e0 quatre portes"},"content":{"rendered":"<p data-start=\"0\" data-end=\"278\"><strong data-start=\"0\" data-end=\"86\">Cette imposante vitrine en teck massif est un v\u00e9ritable atout pour tout int\u00e9rieur.<\/strong> L\u2019association des c\u00f4t\u00e9s ferm\u00e9s, de quatre grands tiroirs et d\u2019une vitrine centrale \u00e0 portes coulissantes en verre offre un vaste espace de rangement et un \u00e9crin pour vos plus belles pi\u00e8ces.<\/p>\n<p data-start=\"280\" data-end=\"444\">Le teck en grey wash, agr\u00e9ment\u00e9 d\u2019accents m\u00e9talliques noirs, conf\u00e8re au meuble une allure chaleureuse et campagnarde, rehauss\u00e9e d\u2019une subtile touche industrielle.<\/p>\n<p data-start=\"446\" data-end=\"523\" data-is-last-node=\"\" data-is-only-node=\"\"><strong data-start=\"446\" data-end=\"462\">Dimensions\u202f:<\/strong> 237 \u00d7\u202f46\/56 \u00d7\u202f220\u202fcm (l \u00d7 p \u00d7 h)<br data-start=\"495\" data-end=\"498\" \/><strong data-start=\"498\" data-end=\"514\" data-is-only-node=\"\">Collection\u202f:<\/strong> Valencia<\/p>\n","protected":false},"excerpt":{"rendered":"<p>Cette imposante vitrine en teck massif est un v\u00e9ritable atout pour tout int\u00e9rieur. L\u2019association des c\u00f4t\u00e9s ferm\u00e9s, de quatre grands<\/p>\n","protected":false},"featured_media":23971,"template":"","meta":[],"product_brand":[],"product_cat":[3978],"product_tag":[3980],"class_list":{"0":"post-24088","1":"product","2":"type-product","3":"status-publish","4":"has-post-thumbnail","6":"product_cat-collection-valencia-fr","7":"product_tag-val104-fr","9":"first","10":"instock","11":"sale","12":"purchasable","13":"product-type-simple"},"yoast_head":"<!-- This site is optimized with the Yoast SEO plugin v27.5 - https:\/\/yoast.com\/product\/yoast-seo-wordpress\/ -->\n<title>Sarah Mo - Vitrine campagne \u00e0 quatre portes - Collection Valencia<\/title>\n<meta name=\"description\" content=\"Cette imposante vitrine en teck massif est un v\u00e9ritable atout pour tout int\u00e9rieur. Vitrine chalereuse et campagnarde, Sarah Mo\" \/>\n<meta name=\"robots\" content=\"index, follow, max-snippet:-1, max-image-preview:large, max-video-preview:-1\" \/>\n<link rel=\"canonical\" href=\"https:\/\/www.sarahmo.be\/fr\/landelijkemeubelen\/sejour\/collection-valencia-fr\/vitrine-campagne-a-quatre-portes\/\" \/>\n<meta property=\"og:locale\" content=\"fr_FR\" \/>\n<meta property=\"og:type\" content=\"article\" \/>\n<meta property=\"og:title\" content=\"Sarah Mo - Vitrine campagne \u00e0 quatre portes - Collection Valencia\" \/>\n<meta property=\"og:description\" content=\"Cette imposante vitrine en teck massif est un v\u00e9ritable atout pour tout int\u00e9rieur. Vitrine chalereuse et campagnarde, Sarah Mo\" \/>\n<meta property=\"og:url\" content=\"https:\/\/www.sarahmo.be\/fr\/landelijkemeubelen\/sejour\/collection-valencia-fr\/vitrine-campagne-a-quatre-portes\/\" \/>\n<meta property=\"og:site_name\" content=\"Sarah Mo\" \/>\n<meta property=\"article:publisher\" content=\"https:\/\/www.facebook.com\/SarahMofurniturestore\/\" \/>\n<meta property=\"article:modified_time\" content=\"2025-07-25T10:06:52+00:00\" \/>\n<meta property=\"og:image\" content=\"https:\/\/www.sarahmo.be\/site\/wp-content\/uploads\/VAL104.jpg\" \/>\n\t<meta property=\"og:image:width\" content=\"1500\" \/>\n\t<meta property=\"og:image:height\" content=\"1500\" \/>\n\t<meta property=\"og:image:type\" content=\"image\/jpeg\" \/>\n<meta name=\"twitter:card\" content=\"summary_large_image\" \/>\n<meta name=\"twitter:label1\" content=\"Dur\u00e9e de lecture estim\u00e9e\" \/>\n\t<meta name=\"twitter:data1\" content=\"1 minute\" \/>\n<script type=\"application\/ld+json\" class=\"yoast-schema-graph\">{\"@context\":\"https:\\\/\\\/schema.org\",\"@graph\":[{\"@type\":\"WebPage\",\"@id\":\"https:\\\/\\\/www.sarahmo.be\\\/fr\\\/landelijkemeubelen\\\/sejour\\\/collection-valencia-fr\\\/vitrine-campagne-a-quatre-portes\\\/\",\"url\":\"https:\\\/\\\/www.sarahmo.be\\\/fr\\\/landelijkemeubelen\\\/sejour\\\/collection-valencia-fr\\\/vitrine-campagne-a-quatre-portes\\\/\",\"name\":\"Sarah Mo - Vitrine campagne \u00e0 quatre portes - Collection Valencia\",\"isPartOf\":{\"@id\":\"https:\\\/\\\/www.sarahmo.be\\\/fr\\\/#website\"},\"primaryImageOfPage\":{\"@id\":\"https:\\\/\\\/www.sarahmo.be\\\/fr\\\/landelijkemeubelen\\\/sejour\\\/collection-valencia-fr\\\/vitrine-campagne-a-quatre-portes\\\/#primaryimage\"},\"image\":{\"@id\":\"https:\\\/\\\/www.sarahmo.be\\\/fr\\\/landelijkemeubelen\\\/sejour\\\/collection-valencia-fr\\\/vitrine-campagne-a-quatre-portes\\\/#primaryimage\"},\"thumbnailUrl\":\"https:\\\/\\\/www.sarahmo.be\\\/site\\\/wp-content\\\/uploads\\\/VAL104.jpg\",\"datePublished\":\"2025-07-25T10:06:48+00:00\",\"dateModified\":\"2025-07-25T10:06:52+00:00\",\"description\":\"Cette imposante vitrine en teck massif est un v\u00e9ritable atout pour tout int\u00e9rieur. Vitrine chalereuse et campagnarde, Sarah Mo\",\"breadcrumb\":{\"@id\":\"https:\\\/\\\/www.sarahmo.be\\\/fr\\\/landelijkemeubelen\\\/sejour\\\/collection-valencia-fr\\\/vitrine-campagne-a-quatre-portes\\\/#breadcrumb\"},\"inLanguage\":\"fr-FR\",\"potentialAction\":[{\"@type\":\"ReadAction\",\"target\":[\"https:\\\/\\\/www.sarahmo.be\\\/fr\\\/landelijkemeubelen\\\/sejour\\\/collection-valencia-fr\\\/vitrine-campagne-a-quatre-portes\\\/\"]}]},{\"@type\":\"ImageObject\",\"inLanguage\":\"fr-FR\",\"@id\":\"https:\\\/\\\/www.sarahmo.be\\\/fr\\\/landelijkemeubelen\\\/sejour\\\/collection-valencia-fr\\\/vitrine-campagne-a-quatre-portes\\\/#primaryimage\",\"url\":\"https:\\\/\\\/www.sarahmo.be\\\/site\\\/wp-content\\\/uploads\\\/VAL104.jpg\",\"contentUrl\":\"https:\\\/\\\/www.sarahmo.be\\\/site\\\/wp-content\\\/uploads\\\/VAL104.jpg\",\"width\":1500,\"height\":1500},{\"@type\":\"BreadcrumbList\",\"@id\":\"https:\\\/\\\/www.sarahmo.be\\\/fr\\\/landelijkemeubelen\\\/sejour\\\/collection-valencia-fr\\\/vitrine-campagne-a-quatre-portes\\\/#breadcrumb\",\"itemListElement\":[{\"@type\":\"ListItem\",\"position\":1,\"name\":\"Accueil\",\"item\":\"https:\\\/\\\/www.sarahmo.be\\\/fr\\\/\"},{\"@type\":\"ListItem\",\"position\":2,\"name\":\"Collection\",\"item\":\"https:\\\/\\\/www.sarahmo.be\\\/fr\\\/collection\\\/\"},{\"@type\":\"ListItem\",\"position\":3,\"name\":\"Vitrine campagne \u00e0 quatre portes\"}]},{\"@type\":\"WebSite\",\"@id\":\"https:\\\/\\\/www.sarahmo.be\\\/fr\\\/#website\",\"url\":\"https:\\\/\\\/www.sarahmo.be\\\/fr\\\/\",\"name\":\"Sarah Mo\",\"description\":\"Sp\u00e9cialiste du style campagne intemporel\",\"publisher\":{\"@id\":\"https:\\\/\\\/www.sarahmo.be\\\/fr\\\/#organization\"},\"potentialAction\":[{\"@type\":\"SearchAction\",\"target\":{\"@type\":\"EntryPoint\",\"urlTemplate\":\"https:\\\/\\\/www.sarahmo.be\\\/fr\\\/?s={search_term_string}\"},\"query-input\":{\"@type\":\"PropertyValueSpecification\",\"valueRequired\":true,\"valueName\":\"search_term_string\"}}],\"inLanguage\":\"fr-FR\"},{\"@type\":\"Organization\",\"@id\":\"https:\\\/\\\/www.sarahmo.be\\\/fr\\\/#organization\",\"name\":\"Sarah Mo Landelijke meubelen en verlichting\",\"url\":\"https:\\\/\\\/www.sarahmo.be\\\/fr\\\/\",\"logo\":{\"@type\":\"ImageObject\",\"inLanguage\":\"fr-FR\",\"@id\":\"https:\\\/\\\/www.sarahmo.be\\\/fr\\\/#\\\/schema\\\/logo\\\/image\\\/\",\"url\":\"https:\\\/\\\/www.sarahmo.be\\\/site\\\/wp-content\\\/uploads\\\/logo-dark.png\",\"contentUrl\":\"https:\\\/\\\/www.sarahmo.be\\\/site\\\/wp-content\\\/uploads\\\/logo-dark.png\",\"width\":1025,\"height\":120,\"caption\":\"Sarah Mo Landelijke meubelen en verlichting\"},\"image\":{\"@id\":\"https:\\\/\\\/www.sarahmo.be\\\/fr\\\/#\\\/schema\\\/logo\\\/image\\\/\"},\"sameAs\":[\"https:\\\/\\\/www.facebook.com\\\/SarahMofurniturestore\\\/\"]}]}<\/script>\n<!-- \/ Yoast SEO plugin. -->","yoast_head_json":{"title":"Sarah Mo - Vitrine campagne \u00e0 quatre portes - Collection Valencia","description":"Cette imposante vitrine en teck massif est un v\u00e9ritable atout pour tout int\u00e9rieur. Vitrine chalereuse et campagnarde, Sarah Mo","robots":{"index":"index","follow":"follow","max-snippet":"max-snippet:-1","max-image-preview":"max-image-preview:large","max-video-preview":"max-video-preview:-1"},"canonical":"https:\/\/www.sarahmo.be\/fr\/landelijkemeubelen\/sejour\/collection-valencia-fr\/vitrine-campagne-a-quatre-portes\/","og_locale":"fr_FR","og_type":"article","og_title":"Sarah Mo - Vitrine campagne \u00e0 quatre portes - Collection Valencia","og_description":"Cette imposante vitrine en teck massif est un v\u00e9ritable atout pour tout int\u00e9rieur. Vitrine chalereuse et campagnarde, Sarah Mo","og_url":"https:\/\/www.sarahmo.be\/fr\/landelijkemeubelen\/sejour\/collection-valencia-fr\/vitrine-campagne-a-quatre-portes\/","og_site_name":"Sarah Mo","article_publisher":"https:\/\/www.facebook.com\/SarahMofurniturestore\/","article_modified_time":"2025-07-25T10:06:52+00:00","og_image":[{"width":1500,"height":1500,"url":"https:\/\/www.sarahmo.be\/site\/wp-content\/uploads\/VAL104.jpg","type":"image\/jpeg"}],"twitter_card":"summary_large_image","twitter_misc":{"Dur\u00e9e de lecture estim\u00e9e":"1 minute"},"schema":{"@context":"https:\/\/schema.org","@graph":[{"@type":"WebPage","@id":"https:\/\/www.sarahmo.be\/fr\/landelijkemeubelen\/sejour\/collection-valencia-fr\/vitrine-campagne-a-quatre-portes\/","url":"https:\/\/www.sarahmo.be\/fr\/landelijkemeubelen\/sejour\/collection-valencia-fr\/vitrine-campagne-a-quatre-portes\/","name":"Sarah Mo - Vitrine campagne \u00e0 quatre portes - Collection Valencia","isPartOf":{"@id":"https:\/\/www.sarahmo.be\/fr\/#website"},"primaryImageOfPage":{"@id":"https:\/\/www.sarahmo.be\/fr\/landelijkemeubelen\/sejour\/collection-valencia-fr\/vitrine-campagne-a-quatre-portes\/#primaryimage"},"image":{"@id":"https:\/\/www.sarahmo.be\/fr\/landelijkemeubelen\/sejour\/collection-valencia-fr\/vitrine-campagne-a-quatre-portes\/#primaryimage"},"thumbnailUrl":"https:\/\/www.sarahmo.be\/site\/wp-content\/uploads\/VAL104.jpg","datePublished":"2025-07-25T10:06:48+00:00","dateModified":"2025-07-25T10:06:52+00:00","description":"Cette imposante vitrine en teck massif est un v\u00e9ritable atout pour tout int\u00e9rieur. Vitrine chalereuse et campagnarde, Sarah Mo","breadcrumb":{"@id":"https:\/\/www.sarahmo.be\/fr\/landelijkemeubelen\/sejour\/collection-valencia-fr\/vitrine-campagne-a-quatre-portes\/#breadcrumb"},"inLanguage":"fr-FR","potentialAction":[{"@type":"ReadAction","target":["https:\/\/www.sarahmo.be\/fr\/landelijkemeubelen\/sejour\/collection-valencia-fr\/vitrine-campagne-a-quatre-portes\/"]}]},{"@type":"ImageObject","inLanguage":"fr-FR","@id":"https:\/\/www.sarahmo.be\/fr\/landelijkemeubelen\/sejour\/collection-valencia-fr\/vitrine-campagne-a-quatre-portes\/#primaryimage","url":"https:\/\/www.sarahmo.be\/site\/wp-content\/uploads\/VAL104.jpg","contentUrl":"https:\/\/www.sarahmo.be\/site\/wp-content\/uploads\/VAL104.jpg","width":1500,"height":1500},{"@type":"BreadcrumbList","@id":"https:\/\/www.sarahmo.be\/fr\/landelijkemeubelen\/sejour\/collection-valencia-fr\/vitrine-campagne-a-quatre-portes\/#breadcrumb","itemListElement":[{"@type":"ListItem","position":1,"name":"Accueil","item":"https:\/\/www.sarahmo.be\/fr\/"},{"@type":"ListItem","position":2,"name":"Collection","item":"https:\/\/www.sarahmo.be\/fr\/collection\/"},{"@type":"ListItem","position":3,"name":"Vitrine campagne \u00e0 quatre portes"}]},{"@type":"WebSite","@id":"https:\/\/www.sarahmo.be\/fr\/#website","url":"https:\/\/www.sarahmo.be\/fr\/","name":"Sarah Mo","description":"Sp\u00e9cialiste du style campagne intemporel","publisher":{"@id":"https:\/\/www.sarahmo.be\/fr\/#organization"},"potentialAction":[{"@type":"SearchAction","target":{"@type":"EntryPoint","urlTemplate":"https:\/\/www.sarahmo.be\/fr\/?s={search_term_string}"},"query-input":{"@type":"PropertyValueSpecification","valueRequired":true,"valueName":"search_term_string"}}],"inLanguage":"fr-FR"},{"@type":"Organization","@id":"https:\/\/www.sarahmo.be\/fr\/#organization","name":"Sarah Mo Landelijke meubelen en verlichting","url":"https:\/\/www.sarahmo.be\/fr\/","logo":{"@type":"ImageObject","inLanguage":"fr-FR","@id":"https:\/\/www.sarahmo.be\/fr\/#\/schema\/logo\/image\/","url":"https:\/\/www.sarahmo.be\/site\/wp-content\/uploads\/logo-dark.png","contentUrl":"https:\/\/www.sarahmo.be\/site\/wp-content\/uploads\/logo-dark.png","width":1025,"height":120,"caption":"Sarah Mo Landelijke meubelen en verlichting"},"image":{"@id":"https:\/\/www.sarahmo.be\/fr\/#\/schema\/logo\/image\/"},"sameAs":["https:\/\/www.facebook.com\/SarahMofurniturestore\/"]}]}},"_links":{"self":[{"href":"https:\/\/www.sarahmo.be\/fr\/wp-json\/wp\/v2\/product\/24088","targetHints":{"allow":["GET"]}}],"collection":[{"href":"https:\/\/www.sarahmo.be\/fr\/wp-json\/wp\/v2\/product"}],"about":[{"href":"https:\/\/www.sarahmo.be\/fr\/wp-json\/wp\/v2\/types\/product"}],"wp:featuredmedia":[{"embeddable":true,"href":"https:\/\/www.sarahmo.be\/fr\/wp-json\/wp\/v2\/media\/23971"}],"wp:attachment":[{"href":"https:\/\/www.sarahmo.be\/fr\/wp-json\/wp\/v2\/media?parent=24088"}],"wp:term":[{"taxonomy":"product_brand","embeddable":true,"href":"https:\/\/www.sarahmo.be\/fr\/wp-json\/wp\/v2\/product_brand?post=24088"},{"taxonomy":"product_cat","embeddable":true,"href":"https:\/\/www.sarahmo.be\/fr\/wp-json\/wp\/v2\/product_cat?post=24088"},{"taxonomy":"product_tag","embeddable":true,"href":"https:\/\/www.sarahmo.be\/fr\/wp-json\/wp\/v2\/product_tag?post=24088"}],"curies":[{"name":"wp","href":"https:\/\/api.w.org\/{rel}","templated":true}]}}