{"id":24089,"date":"2025-07-25T12:10:35","date_gmt":"2025-07-25T10:10:35","guid":{"rendered":"https:\/\/www.sarahmo.be\/?post_type=product&#038;p=24089"},"modified":"2025-07-25T12:10:39","modified_gmt":"2025-07-25T10:10:39","slug":"bibliotheque-campagnarde","status":"publish","type":"product","link":"https:\/\/www.sarahmo.be\/fr\/landelijkemeubelen\/sejour\/collection-valencia-fr\/bibliotheque-campagnarde\/","title":{"rendered":"Biblioth\u00e8que campagnarde"},"content":{"rendered":"<p data-start=\"0\" data-end=\"257\"><strong data-start=\"0\" data-end=\"97\">Cette grande vitrine allie une allure chaleureuse et campagnarde \u00e0 une conception astucieuse.<\/strong> Le meuble se compose d\u2019un rayonnage central ouvert, avec \u00e9tag\u00e8res et une \u00e9l\u00e9gante vo\u00fbte, flanqu\u00e9 de deux vitrines aux portes vitr\u00e9es et encadrement m\u00e9tal noir.<\/p>\n<p data-start=\"259\" data-end=\"484\">En partie basse, cinq tiroirs pratiques et quatre portes ferm\u00e9es offrent un vaste espace pour tout ranger discr\u00e8tement. Id\u00e9al comme vaisselier, biblioth\u00e8que ou meuble de rangement d\u00e9coratif dans le salon ou la salle \u00e0 manger.<\/p>\n<p data-start=\"486\" data-end=\"551\">Con\u00e7ue en teck massif, sublim\u00e9e par une finition greywash styl\u00e9e.<\/p>\n<p data-start=\"553\" data-end=\"627\" data-is-last-node=\"\" data-is-only-node=\"\"><strong data-start=\"553\" data-end=\"569\">Dimensions\u202f:<\/strong> 232\u202f\u00d7\u202f46\u202f\u00d7\u202f220\u202fcm (L\u202f\u00d7\u202fP\u202f\u00d7\u202fH)<br data-start=\"599\" data-end=\"602\" \/><strong data-start=\"602\" data-end=\"618\">Collection\u202f:<\/strong> Valencia<\/p>\n","protected":false},"excerpt":{"rendered":"<p>Cette grande vitrine allie une allure chaleureuse et campagnarde \u00e0 une conception astucieuse. Le meuble se compose d\u2019un rayonnage central<\/p>\n","protected":false},"featured_media":23974,"template":"","meta":[],"product_brand":[],"product_cat":[3978],"product_tag":[3981],"class_list":{"0":"post-24089","1":"product","2":"type-product","3":"status-publish","4":"has-post-thumbnail","6":"product_cat-collection-valencia-fr","7":"product_tag-val106-fr","9":"first","10":"instock","11":"sale","12":"purchasable","13":"product-type-simple"},"yoast_head":"<!-- This site is optimized with the Yoast SEO plugin v27.5 - https:\/\/yoast.com\/product\/yoast-seo-wordpress\/ -->\n<title>Sarah Mo - Biblioth\u00e8que campagnarde - Collection Valencia<\/title>\n<meta name=\"description\" content=\"Cette grande vitrine allie une allure chaleureuse et campagnarde \u00e0 une conception astucieuse. Magasin Sarah Mo Hasselt. Style Campagnarde\" \/>\n<meta name=\"robots\" content=\"index, follow, max-snippet:-1, max-image-preview:large, max-video-preview:-1\" \/>\n<link rel=\"canonical\" href=\"https:\/\/www.sarahmo.be\/fr\/landelijkemeubelen\/sejour\/collection-valencia-fr\/bibliotheque-campagnarde\/\" \/>\n<meta property=\"og:locale\" content=\"fr_FR\" \/>\n<meta property=\"og:type\" content=\"article\" \/>\n<meta property=\"og:title\" content=\"Sarah Mo - Biblioth\u00e8que campagnarde - Collection Valencia\" \/>\n<meta property=\"og:description\" content=\"Cette grande vitrine allie une allure chaleureuse et campagnarde \u00e0 une conception astucieuse. Magasin Sarah Mo Hasselt. Style Campagnarde\" \/>\n<meta property=\"og:url\" content=\"https:\/\/www.sarahmo.be\/fr\/landelijkemeubelen\/sejour\/collection-valencia-fr\/bibliotheque-campagnarde\/\" \/>\n<meta property=\"og:site_name\" content=\"Sarah Mo\" \/>\n<meta property=\"article:publisher\" content=\"https:\/\/www.facebook.com\/SarahMofurniturestore\/\" \/>\n<meta property=\"article:modified_time\" content=\"2025-07-25T10:10:39+00:00\" \/>\n<meta property=\"og:image\" content=\"https:\/\/www.sarahmo.be\/site\/wp-content\/uploads\/VAL106.jpg\" \/>\n\t<meta property=\"og:image:width\" content=\"1500\" \/>\n\t<meta property=\"og:image:height\" content=\"1500\" \/>\n\t<meta property=\"og:image:type\" content=\"image\/jpeg\" \/>\n<meta name=\"twitter:card\" content=\"summary_large_image\" \/>\n<meta name=\"twitter:label1\" content=\"Dur\u00e9e de lecture estim\u00e9e\" \/>\n\t<meta name=\"twitter:data1\" content=\"1 minute\" \/>\n<script type=\"application\/ld+json\" class=\"yoast-schema-graph\">{\"@context\":\"https:\\\/\\\/schema.org\",\"@graph\":[{\"@type\":\"WebPage\",\"@id\":\"https:\\\/\\\/www.sarahmo.be\\\/fr\\\/landelijkemeubelen\\\/sejour\\\/collection-valencia-fr\\\/bibliotheque-campagnarde\\\/\",\"url\":\"https:\\\/\\\/www.sarahmo.be\\\/fr\\\/landelijkemeubelen\\\/sejour\\\/collection-valencia-fr\\\/bibliotheque-campagnarde\\\/\",\"name\":\"Sarah Mo - Biblioth\u00e8que campagnarde - Collection Valencia\",\"isPartOf\":{\"@id\":\"https:\\\/\\\/www.sarahmo.be\\\/fr\\\/#website\"},\"primaryImageOfPage\":{\"@id\":\"https:\\\/\\\/www.sarahmo.be\\\/fr\\\/landelijkemeubelen\\\/sejour\\\/collection-valencia-fr\\\/bibliotheque-campagnarde\\\/#primaryimage\"},\"image\":{\"@id\":\"https:\\\/\\\/www.sarahmo.be\\\/fr\\\/landelijkemeubelen\\\/sejour\\\/collection-valencia-fr\\\/bibliotheque-campagnarde\\\/#primaryimage\"},\"thumbnailUrl\":\"https:\\\/\\\/www.sarahmo.be\\\/site\\\/wp-content\\\/uploads\\\/VAL106.jpg\",\"datePublished\":\"2025-07-25T10:10:35+00:00\",\"dateModified\":\"2025-07-25T10:10:39+00:00\",\"description\":\"Cette grande vitrine allie une allure chaleureuse et campagnarde \u00e0 une conception astucieuse. Magasin Sarah Mo Hasselt. Style Campagnarde\",\"breadcrumb\":{\"@id\":\"https:\\\/\\\/www.sarahmo.be\\\/fr\\\/landelijkemeubelen\\\/sejour\\\/collection-valencia-fr\\\/bibliotheque-campagnarde\\\/#breadcrumb\"},\"inLanguage\":\"fr-FR\",\"potentialAction\":[{\"@type\":\"ReadAction\",\"target\":[\"https:\\\/\\\/www.sarahmo.be\\\/fr\\\/landelijkemeubelen\\\/sejour\\\/collection-valencia-fr\\\/bibliotheque-campagnarde\\\/\"]}]},{\"@type\":\"ImageObject\",\"inLanguage\":\"fr-FR\",\"@id\":\"https:\\\/\\\/www.sarahmo.be\\\/fr\\\/landelijkemeubelen\\\/sejour\\\/collection-valencia-fr\\\/bibliotheque-campagnarde\\\/#primaryimage\",\"url\":\"https:\\\/\\\/www.sarahmo.be\\\/site\\\/wp-content\\\/uploads\\\/VAL106.jpg\",\"contentUrl\":\"https:\\\/\\\/www.sarahmo.be\\\/site\\\/wp-content\\\/uploads\\\/VAL106.jpg\",\"width\":1500,\"height\":1500},{\"@type\":\"BreadcrumbList\",\"@id\":\"https:\\\/\\\/www.sarahmo.be\\\/fr\\\/landelijkemeubelen\\\/sejour\\\/collection-valencia-fr\\\/bibliotheque-campagnarde\\\/#breadcrumb\",\"itemListElement\":[{\"@type\":\"ListItem\",\"position\":1,\"name\":\"Accueil\",\"item\":\"https:\\\/\\\/www.sarahmo.be\\\/fr\\\/\"},{\"@type\":\"ListItem\",\"position\":2,\"name\":\"Collection\",\"item\":\"https:\\\/\\\/www.sarahmo.be\\\/fr\\\/collection\\\/\"},{\"@type\":\"ListItem\",\"position\":3,\"name\":\"Biblioth\u00e8que campagnarde\"}]},{\"@type\":\"WebSite\",\"@id\":\"https:\\\/\\\/www.sarahmo.be\\\/fr\\\/#website\",\"url\":\"https:\\\/\\\/www.sarahmo.be\\\/fr\\\/\",\"name\":\"Sarah Mo\",\"description\":\"Sp\u00e9cialiste du style campagne intemporel\",\"publisher\":{\"@id\":\"https:\\\/\\\/www.sarahmo.be\\\/fr\\\/#organization\"},\"potentialAction\":[{\"@type\":\"SearchAction\",\"target\":{\"@type\":\"EntryPoint\",\"urlTemplate\":\"https:\\\/\\\/www.sarahmo.be\\\/fr\\\/?s={search_term_string}\"},\"query-input\":{\"@type\":\"PropertyValueSpecification\",\"valueRequired\":true,\"valueName\":\"search_term_string\"}}],\"inLanguage\":\"fr-FR\"},{\"@type\":\"Organization\",\"@id\":\"https:\\\/\\\/www.sarahmo.be\\\/fr\\\/#organization\",\"name\":\"Sarah Mo Landelijke meubelen en verlichting\",\"url\":\"https:\\\/\\\/www.sarahmo.be\\\/fr\\\/\",\"logo\":{\"@type\":\"ImageObject\",\"inLanguage\":\"fr-FR\",\"@id\":\"https:\\\/\\\/www.sarahmo.be\\\/fr\\\/#\\\/schema\\\/logo\\\/image\\\/\",\"url\":\"https:\\\/\\\/www.sarahmo.be\\\/site\\\/wp-content\\\/uploads\\\/logo-dark.png\",\"contentUrl\":\"https:\\\/\\\/www.sarahmo.be\\\/site\\\/wp-content\\\/uploads\\\/logo-dark.png\",\"width\":1025,\"height\":120,\"caption\":\"Sarah Mo Landelijke meubelen en verlichting\"},\"image\":{\"@id\":\"https:\\\/\\\/www.sarahmo.be\\\/fr\\\/#\\\/schema\\\/logo\\\/image\\\/\"},\"sameAs\":[\"https:\\\/\\\/www.facebook.com\\\/SarahMofurniturestore\\\/\"]}]}<\/script>\n<!-- \/ Yoast SEO plugin. -->","yoast_head_json":{"title":"Sarah Mo - Biblioth\u00e8que campagnarde - Collection Valencia","description":"Cette grande vitrine allie une allure chaleureuse et campagnarde \u00e0 une conception astucieuse. Magasin Sarah Mo Hasselt. Style Campagnarde","robots":{"index":"index","follow":"follow","max-snippet":"max-snippet:-1","max-image-preview":"max-image-preview:large","max-video-preview":"max-video-preview:-1"},"canonical":"https:\/\/www.sarahmo.be\/fr\/landelijkemeubelen\/sejour\/collection-valencia-fr\/bibliotheque-campagnarde\/","og_locale":"fr_FR","og_type":"article","og_title":"Sarah Mo - Biblioth\u00e8que campagnarde - Collection Valencia","og_description":"Cette grande vitrine allie une allure chaleureuse et campagnarde \u00e0 une conception astucieuse. Magasin Sarah Mo Hasselt. Style Campagnarde","og_url":"https:\/\/www.sarahmo.be\/fr\/landelijkemeubelen\/sejour\/collection-valencia-fr\/bibliotheque-campagnarde\/","og_site_name":"Sarah Mo","article_publisher":"https:\/\/www.facebook.com\/SarahMofurniturestore\/","article_modified_time":"2025-07-25T10:10:39+00:00","og_image":[{"width":1500,"height":1500,"url":"https:\/\/www.sarahmo.be\/site\/wp-content\/uploads\/VAL106.jpg","type":"image\/jpeg"}],"twitter_card":"summary_large_image","twitter_misc":{"Dur\u00e9e de lecture estim\u00e9e":"1 minute"},"schema":{"@context":"https:\/\/schema.org","@graph":[{"@type":"WebPage","@id":"https:\/\/www.sarahmo.be\/fr\/landelijkemeubelen\/sejour\/collection-valencia-fr\/bibliotheque-campagnarde\/","url":"https:\/\/www.sarahmo.be\/fr\/landelijkemeubelen\/sejour\/collection-valencia-fr\/bibliotheque-campagnarde\/","name":"Sarah Mo - Biblioth\u00e8que campagnarde - Collection Valencia","isPartOf":{"@id":"https:\/\/www.sarahmo.be\/fr\/#website"},"primaryImageOfPage":{"@id":"https:\/\/www.sarahmo.be\/fr\/landelijkemeubelen\/sejour\/collection-valencia-fr\/bibliotheque-campagnarde\/#primaryimage"},"image":{"@id":"https:\/\/www.sarahmo.be\/fr\/landelijkemeubelen\/sejour\/collection-valencia-fr\/bibliotheque-campagnarde\/#primaryimage"},"thumbnailUrl":"https:\/\/www.sarahmo.be\/site\/wp-content\/uploads\/VAL106.jpg","datePublished":"2025-07-25T10:10:35+00:00","dateModified":"2025-07-25T10:10:39+00:00","description":"Cette grande vitrine allie une allure chaleureuse et campagnarde \u00e0 une conception astucieuse. Magasin Sarah Mo Hasselt. Style Campagnarde","breadcrumb":{"@id":"https:\/\/www.sarahmo.be\/fr\/landelijkemeubelen\/sejour\/collection-valencia-fr\/bibliotheque-campagnarde\/#breadcrumb"},"inLanguage":"fr-FR","potentialAction":[{"@type":"ReadAction","target":["https:\/\/www.sarahmo.be\/fr\/landelijkemeubelen\/sejour\/collection-valencia-fr\/bibliotheque-campagnarde\/"]}]},{"@type":"ImageObject","inLanguage":"fr-FR","@id":"https:\/\/www.sarahmo.be\/fr\/landelijkemeubelen\/sejour\/collection-valencia-fr\/bibliotheque-campagnarde\/#primaryimage","url":"https:\/\/www.sarahmo.be\/site\/wp-content\/uploads\/VAL106.jpg","contentUrl":"https:\/\/www.sarahmo.be\/site\/wp-content\/uploads\/VAL106.jpg","width":1500,"height":1500},{"@type":"BreadcrumbList","@id":"https:\/\/www.sarahmo.be\/fr\/landelijkemeubelen\/sejour\/collection-valencia-fr\/bibliotheque-campagnarde\/#breadcrumb","itemListElement":[{"@type":"ListItem","position":1,"name":"Accueil","item":"https:\/\/www.sarahmo.be\/fr\/"},{"@type":"ListItem","position":2,"name":"Collection","item":"https:\/\/www.sarahmo.be\/fr\/collection\/"},{"@type":"ListItem","position":3,"name":"Biblioth\u00e8que campagnarde"}]},{"@type":"WebSite","@id":"https:\/\/www.sarahmo.be\/fr\/#website","url":"https:\/\/www.sarahmo.be\/fr\/","name":"Sarah Mo","description":"Sp\u00e9cialiste du style campagne intemporel","publisher":{"@id":"https:\/\/www.sarahmo.be\/fr\/#organization"},"potentialAction":[{"@type":"SearchAction","target":{"@type":"EntryPoint","urlTemplate":"https:\/\/www.sarahmo.be\/fr\/?s={search_term_string}"},"query-input":{"@type":"PropertyValueSpecification","valueRequired":true,"valueName":"search_term_string"}}],"inLanguage":"fr-FR"},{"@type":"Organization","@id":"https:\/\/www.sarahmo.be\/fr\/#organization","name":"Sarah Mo Landelijke meubelen en verlichting","url":"https:\/\/www.sarahmo.be\/fr\/","logo":{"@type":"ImageObject","inLanguage":"fr-FR","@id":"https:\/\/www.sarahmo.be\/fr\/#\/schema\/logo\/image\/","url":"https:\/\/www.sarahmo.be\/site\/wp-content\/uploads\/logo-dark.png","contentUrl":"https:\/\/www.sarahmo.be\/site\/wp-content\/uploads\/logo-dark.png","width":1025,"height":120,"caption":"Sarah Mo Landelijke meubelen en verlichting"},"image":{"@id":"https:\/\/www.sarahmo.be\/fr\/#\/schema\/logo\/image\/"},"sameAs":["https:\/\/www.facebook.com\/SarahMofurniturestore\/"]}]}},"_links":{"self":[{"href":"https:\/\/www.sarahmo.be\/fr\/wp-json\/wp\/v2\/product\/24089","targetHints":{"allow":["GET"]}}],"collection":[{"href":"https:\/\/www.sarahmo.be\/fr\/wp-json\/wp\/v2\/product"}],"about":[{"href":"https:\/\/www.sarahmo.be\/fr\/wp-json\/wp\/v2\/types\/product"}],"wp:featuredmedia":[{"embeddable":true,"href":"https:\/\/www.sarahmo.be\/fr\/wp-json\/wp\/v2\/media\/23974"}],"wp:attachment":[{"href":"https:\/\/www.sarahmo.be\/fr\/wp-json\/wp\/v2\/media?parent=24089"}],"wp:term":[{"taxonomy":"product_brand","embeddable":true,"href":"https:\/\/www.sarahmo.be\/fr\/wp-json\/wp\/v2\/product_brand?post=24089"},{"taxonomy":"product_cat","embeddable":true,"href":"https:\/\/www.sarahmo.be\/fr\/wp-json\/wp\/v2\/product_cat?post=24089"},{"taxonomy":"product_tag","embeddable":true,"href":"https:\/\/www.sarahmo.be\/fr\/wp-json\/wp\/v2\/product_tag?post=24089"}],"curies":[{"name":"wp","href":"https:\/\/api.w.org\/{rel}","templated":true}]}}