{"id":24091,"date":"2025-07-25T12:17:21","date_gmt":"2025-07-25T10:17:21","guid":{"rendered":"https:\/\/www.sarahmo.be\/?post_type=product&#038;p=24091"},"modified":"2025-07-25T12:17:25","modified_gmt":"2025-07-25T10:17:25","slug":"table-de-ferme-campagnarde","status":"publish","type":"product","link":"https:\/\/www.sarahmo.be\/fr\/landelijkemeubelen\/sejour\/collection-valencia-fr\/table-de-ferme-campagnarde\/","title":{"rendered":"Table de ferme campagnarde"},"content":{"rendered":"<p data-start=\"0\" data-end=\"282\"><strong data-start=\"0\" data-end=\"61\">Table \u00e0 manger rustique en teck \u2013 intemporelle et robuste<\/strong><br data-start=\"61\" data-end=\"64\" \/>Cette table en teck massif, au design affirm\u00e9, constitue la pi\u00e8ce ma\u00eetresse de toute salle \u00e0 manger. Avec son pied imposant et la chaleur naturelle de son bois, elle respire l\u2019authenticit\u00e9 et le savoir\u2011faire artisanal.<\/p>\n<p data-start=\"284\" data-end=\"411\"><strong data-start=\"284\" data-end=\"319\">Autres dimensions disponibles\u202f:<\/strong> table extensible 200\/300\u202fcm \u2013 220\u202fcm \u2013 260\u202fcm<br data-start=\"365\" data-end=\"368\" \/>Le prix indiqu\u00e9 concerne la version 220\u202fcm.<\/p>\n<p data-start=\"413\" data-end=\"524\">Parfaite pour les amateurs de charme campagnard, de bois massif et d\u2019un meuble fait pour durer des g\u00e9n\u00e9rations.<\/p>\n<p data-start=\"526\" data-end=\"551\" data-is-last-node=\"\" data-is-only-node=\"\"><strong data-start=\"526\" data-end=\"542\">Collection\u202f:<\/strong> Valencia<\/p>\n","protected":false},"excerpt":{"rendered":"<p>Table \u00e0 manger rustique en teck \u2013 intemporelle et robusteCette table en teck massif, au design affirm\u00e9, constitue la pi\u00e8ce<\/p>\n","protected":false},"featured_media":23977,"template":"","meta":[],"product_brand":[],"product_cat":[3978],"product_tag":[3983],"class_list":{"0":"post-24091","1":"product","2":"type-product","3":"status-publish","4":"has-post-thumbnail","6":"product_cat-collection-valencia-fr","7":"product_tag-val260-fr","9":"first","10":"instock","11":"sale","12":"purchasable","13":"product-type-simple"},"yoast_head":"<!-- This site is optimized with the Yoast SEO plugin v27.5 - https:\/\/yoast.com\/product\/yoast-seo-wordpress\/ -->\n<title>Sarah Mo - Table de ferme campagnarde - Collection Valencia<\/title>\n<meta name=\"description\" content=\"Table \u00e0 manger rustique en teck \u2013 intemporelle et robuste. Parfaite pour les amateurs de charme campagnard, Autres dimensions disponibles\" \/>\n<meta name=\"robots\" content=\"index, follow, max-snippet:-1, max-image-preview:large, max-video-preview:-1\" \/>\n<link rel=\"canonical\" href=\"https:\/\/www.sarahmo.be\/fr\/landelijkemeubelen\/sejour\/collection-valencia-fr\/table-de-ferme-campagnarde\/\" \/>\n<meta property=\"og:locale\" content=\"fr_FR\" \/>\n<meta property=\"og:type\" content=\"article\" \/>\n<meta property=\"og:title\" content=\"Sarah Mo - Table de ferme campagnarde - Collection Valencia\" \/>\n<meta property=\"og:description\" content=\"Table \u00e0 manger rustique en teck \u2013 intemporelle et robuste. Parfaite pour les amateurs de charme campagnard, Autres dimensions disponibles\" \/>\n<meta property=\"og:url\" content=\"https:\/\/www.sarahmo.be\/fr\/landelijkemeubelen\/sejour\/collection-valencia-fr\/table-de-ferme-campagnarde\/\" \/>\n<meta property=\"og:site_name\" content=\"Sarah Mo\" \/>\n<meta property=\"article:publisher\" content=\"https:\/\/www.facebook.com\/SarahMofurniturestore\/\" \/>\n<meta property=\"article:modified_time\" content=\"2025-07-25T10:17:25+00:00\" \/>\n<meta property=\"og:image\" content=\"https:\/\/www.sarahmo.be\/site\/wp-content\/uploads\/VAL260.jpg\" \/>\n\t<meta property=\"og:image:width\" content=\"1500\" \/>\n\t<meta property=\"og:image:height\" content=\"1500\" \/>\n\t<meta property=\"og:image:type\" content=\"image\/jpeg\" \/>\n<meta name=\"twitter:card\" content=\"summary_large_image\" \/>\n<meta name=\"twitter:label1\" content=\"Dur\u00e9e de lecture estim\u00e9e\" \/>\n\t<meta name=\"twitter:data1\" content=\"1 minute\" \/>\n<script type=\"application\/ld+json\" class=\"yoast-schema-graph\">{\"@context\":\"https:\\\/\\\/schema.org\",\"@graph\":[{\"@type\":\"WebPage\",\"@id\":\"https:\\\/\\\/www.sarahmo.be\\\/fr\\\/landelijkemeubelen\\\/sejour\\\/collection-valencia-fr\\\/table-de-ferme-campagnarde\\\/\",\"url\":\"https:\\\/\\\/www.sarahmo.be\\\/fr\\\/landelijkemeubelen\\\/sejour\\\/collection-valencia-fr\\\/table-de-ferme-campagnarde\\\/\",\"name\":\"Sarah Mo - Table de ferme campagnarde - Collection Valencia\",\"isPartOf\":{\"@id\":\"https:\\\/\\\/www.sarahmo.be\\\/fr\\\/#website\"},\"primaryImageOfPage\":{\"@id\":\"https:\\\/\\\/www.sarahmo.be\\\/fr\\\/landelijkemeubelen\\\/sejour\\\/collection-valencia-fr\\\/table-de-ferme-campagnarde\\\/#primaryimage\"},\"image\":{\"@id\":\"https:\\\/\\\/www.sarahmo.be\\\/fr\\\/landelijkemeubelen\\\/sejour\\\/collection-valencia-fr\\\/table-de-ferme-campagnarde\\\/#primaryimage\"},\"thumbnailUrl\":\"https:\\\/\\\/www.sarahmo.be\\\/site\\\/wp-content\\\/uploads\\\/VAL260.jpg\",\"datePublished\":\"2025-07-25T10:17:21+00:00\",\"dateModified\":\"2025-07-25T10:17:25+00:00\",\"description\":\"Table \u00e0 manger rustique en teck \u2013 intemporelle et robuste. Parfaite pour les amateurs de charme campagnard, Autres dimensions disponibles\",\"breadcrumb\":{\"@id\":\"https:\\\/\\\/www.sarahmo.be\\\/fr\\\/landelijkemeubelen\\\/sejour\\\/collection-valencia-fr\\\/table-de-ferme-campagnarde\\\/#breadcrumb\"},\"inLanguage\":\"fr-FR\",\"potentialAction\":[{\"@type\":\"ReadAction\",\"target\":[\"https:\\\/\\\/www.sarahmo.be\\\/fr\\\/landelijkemeubelen\\\/sejour\\\/collection-valencia-fr\\\/table-de-ferme-campagnarde\\\/\"]}]},{\"@type\":\"ImageObject\",\"inLanguage\":\"fr-FR\",\"@id\":\"https:\\\/\\\/www.sarahmo.be\\\/fr\\\/landelijkemeubelen\\\/sejour\\\/collection-valencia-fr\\\/table-de-ferme-campagnarde\\\/#primaryimage\",\"url\":\"https:\\\/\\\/www.sarahmo.be\\\/site\\\/wp-content\\\/uploads\\\/VAL260.jpg\",\"contentUrl\":\"https:\\\/\\\/www.sarahmo.be\\\/site\\\/wp-content\\\/uploads\\\/VAL260.jpg\",\"width\":1500,\"height\":1500},{\"@type\":\"BreadcrumbList\",\"@id\":\"https:\\\/\\\/www.sarahmo.be\\\/fr\\\/landelijkemeubelen\\\/sejour\\\/collection-valencia-fr\\\/table-de-ferme-campagnarde\\\/#breadcrumb\",\"itemListElement\":[{\"@type\":\"ListItem\",\"position\":1,\"name\":\"Accueil\",\"item\":\"https:\\\/\\\/www.sarahmo.be\\\/fr\\\/\"},{\"@type\":\"ListItem\",\"position\":2,\"name\":\"Collection\",\"item\":\"https:\\\/\\\/www.sarahmo.be\\\/fr\\\/collection\\\/\"},{\"@type\":\"ListItem\",\"position\":3,\"name\":\"Table de ferme campagnarde\"}]},{\"@type\":\"WebSite\",\"@id\":\"https:\\\/\\\/www.sarahmo.be\\\/fr\\\/#website\",\"url\":\"https:\\\/\\\/www.sarahmo.be\\\/fr\\\/\",\"name\":\"Sarah Mo\",\"description\":\"Sp\u00e9cialiste du style campagne intemporel\",\"publisher\":{\"@id\":\"https:\\\/\\\/www.sarahmo.be\\\/fr\\\/#organization\"},\"potentialAction\":[{\"@type\":\"SearchAction\",\"target\":{\"@type\":\"EntryPoint\",\"urlTemplate\":\"https:\\\/\\\/www.sarahmo.be\\\/fr\\\/?s={search_term_string}\"},\"query-input\":{\"@type\":\"PropertyValueSpecification\",\"valueRequired\":true,\"valueName\":\"search_term_string\"}}],\"inLanguage\":\"fr-FR\"},{\"@type\":\"Organization\",\"@id\":\"https:\\\/\\\/www.sarahmo.be\\\/fr\\\/#organization\",\"name\":\"Sarah Mo Landelijke meubelen en verlichting\",\"url\":\"https:\\\/\\\/www.sarahmo.be\\\/fr\\\/\",\"logo\":{\"@type\":\"ImageObject\",\"inLanguage\":\"fr-FR\",\"@id\":\"https:\\\/\\\/www.sarahmo.be\\\/fr\\\/#\\\/schema\\\/logo\\\/image\\\/\",\"url\":\"https:\\\/\\\/www.sarahmo.be\\\/site\\\/wp-content\\\/uploads\\\/logo-dark.png\",\"contentUrl\":\"https:\\\/\\\/www.sarahmo.be\\\/site\\\/wp-content\\\/uploads\\\/logo-dark.png\",\"width\":1025,\"height\":120,\"caption\":\"Sarah Mo Landelijke meubelen en verlichting\"},\"image\":{\"@id\":\"https:\\\/\\\/www.sarahmo.be\\\/fr\\\/#\\\/schema\\\/logo\\\/image\\\/\"},\"sameAs\":[\"https:\\\/\\\/www.facebook.com\\\/SarahMofurniturestore\\\/\"]}]}<\/script>\n<!-- \/ Yoast SEO plugin. -->","yoast_head_json":{"title":"Sarah Mo - Table de ferme campagnarde - Collection Valencia","description":"Table \u00e0 manger rustique en teck \u2013 intemporelle et robuste. Parfaite pour les amateurs de charme campagnard, Autres dimensions disponibles","robots":{"index":"index","follow":"follow","max-snippet":"max-snippet:-1","max-image-preview":"max-image-preview:large","max-video-preview":"max-video-preview:-1"},"canonical":"https:\/\/www.sarahmo.be\/fr\/landelijkemeubelen\/sejour\/collection-valencia-fr\/table-de-ferme-campagnarde\/","og_locale":"fr_FR","og_type":"article","og_title":"Sarah Mo - Table de ferme campagnarde - Collection Valencia","og_description":"Table \u00e0 manger rustique en teck \u2013 intemporelle et robuste. Parfaite pour les amateurs de charme campagnard, Autres dimensions disponibles","og_url":"https:\/\/www.sarahmo.be\/fr\/landelijkemeubelen\/sejour\/collection-valencia-fr\/table-de-ferme-campagnarde\/","og_site_name":"Sarah Mo","article_publisher":"https:\/\/www.facebook.com\/SarahMofurniturestore\/","article_modified_time":"2025-07-25T10:17:25+00:00","og_image":[{"width":1500,"height":1500,"url":"https:\/\/www.sarahmo.be\/site\/wp-content\/uploads\/VAL260.jpg","type":"image\/jpeg"}],"twitter_card":"summary_large_image","twitter_misc":{"Dur\u00e9e de lecture estim\u00e9e":"1 minute"},"schema":{"@context":"https:\/\/schema.org","@graph":[{"@type":"WebPage","@id":"https:\/\/www.sarahmo.be\/fr\/landelijkemeubelen\/sejour\/collection-valencia-fr\/table-de-ferme-campagnarde\/","url":"https:\/\/www.sarahmo.be\/fr\/landelijkemeubelen\/sejour\/collection-valencia-fr\/table-de-ferme-campagnarde\/","name":"Sarah Mo - Table de ferme campagnarde - Collection Valencia","isPartOf":{"@id":"https:\/\/www.sarahmo.be\/fr\/#website"},"primaryImageOfPage":{"@id":"https:\/\/www.sarahmo.be\/fr\/landelijkemeubelen\/sejour\/collection-valencia-fr\/table-de-ferme-campagnarde\/#primaryimage"},"image":{"@id":"https:\/\/www.sarahmo.be\/fr\/landelijkemeubelen\/sejour\/collection-valencia-fr\/table-de-ferme-campagnarde\/#primaryimage"},"thumbnailUrl":"https:\/\/www.sarahmo.be\/site\/wp-content\/uploads\/VAL260.jpg","datePublished":"2025-07-25T10:17:21+00:00","dateModified":"2025-07-25T10:17:25+00:00","description":"Table \u00e0 manger rustique en teck \u2013 intemporelle et robuste. Parfaite pour les amateurs de charme campagnard, Autres dimensions disponibles","breadcrumb":{"@id":"https:\/\/www.sarahmo.be\/fr\/landelijkemeubelen\/sejour\/collection-valencia-fr\/table-de-ferme-campagnarde\/#breadcrumb"},"inLanguage":"fr-FR","potentialAction":[{"@type":"ReadAction","target":["https:\/\/www.sarahmo.be\/fr\/landelijkemeubelen\/sejour\/collection-valencia-fr\/table-de-ferme-campagnarde\/"]}]},{"@type":"ImageObject","inLanguage":"fr-FR","@id":"https:\/\/www.sarahmo.be\/fr\/landelijkemeubelen\/sejour\/collection-valencia-fr\/table-de-ferme-campagnarde\/#primaryimage","url":"https:\/\/www.sarahmo.be\/site\/wp-content\/uploads\/VAL260.jpg","contentUrl":"https:\/\/www.sarahmo.be\/site\/wp-content\/uploads\/VAL260.jpg","width":1500,"height":1500},{"@type":"BreadcrumbList","@id":"https:\/\/www.sarahmo.be\/fr\/landelijkemeubelen\/sejour\/collection-valencia-fr\/table-de-ferme-campagnarde\/#breadcrumb","itemListElement":[{"@type":"ListItem","position":1,"name":"Accueil","item":"https:\/\/www.sarahmo.be\/fr\/"},{"@type":"ListItem","position":2,"name":"Collection","item":"https:\/\/www.sarahmo.be\/fr\/collection\/"},{"@type":"ListItem","position":3,"name":"Table de ferme campagnarde"}]},{"@type":"WebSite","@id":"https:\/\/www.sarahmo.be\/fr\/#website","url":"https:\/\/www.sarahmo.be\/fr\/","name":"Sarah Mo","description":"Sp\u00e9cialiste du style campagne intemporel","publisher":{"@id":"https:\/\/www.sarahmo.be\/fr\/#organization"},"potentialAction":[{"@type":"SearchAction","target":{"@type":"EntryPoint","urlTemplate":"https:\/\/www.sarahmo.be\/fr\/?s={search_term_string}"},"query-input":{"@type":"PropertyValueSpecification","valueRequired":true,"valueName":"search_term_string"}}],"inLanguage":"fr-FR"},{"@type":"Organization","@id":"https:\/\/www.sarahmo.be\/fr\/#organization","name":"Sarah Mo Landelijke meubelen en verlichting","url":"https:\/\/www.sarahmo.be\/fr\/","logo":{"@type":"ImageObject","inLanguage":"fr-FR","@id":"https:\/\/www.sarahmo.be\/fr\/#\/schema\/logo\/image\/","url":"https:\/\/www.sarahmo.be\/site\/wp-content\/uploads\/logo-dark.png","contentUrl":"https:\/\/www.sarahmo.be\/site\/wp-content\/uploads\/logo-dark.png","width":1025,"height":120,"caption":"Sarah Mo Landelijke meubelen en verlichting"},"image":{"@id":"https:\/\/www.sarahmo.be\/fr\/#\/schema\/logo\/image\/"},"sameAs":["https:\/\/www.facebook.com\/SarahMofurniturestore\/"]}]}},"_links":{"self":[{"href":"https:\/\/www.sarahmo.be\/fr\/wp-json\/wp\/v2\/product\/24091","targetHints":{"allow":["GET"]}}],"collection":[{"href":"https:\/\/www.sarahmo.be\/fr\/wp-json\/wp\/v2\/product"}],"about":[{"href":"https:\/\/www.sarahmo.be\/fr\/wp-json\/wp\/v2\/types\/product"}],"wp:featuredmedia":[{"embeddable":true,"href":"https:\/\/www.sarahmo.be\/fr\/wp-json\/wp\/v2\/media\/23977"}],"wp:attachment":[{"href":"https:\/\/www.sarahmo.be\/fr\/wp-json\/wp\/v2\/media?parent=24091"}],"wp:term":[{"taxonomy":"product_brand","embeddable":true,"href":"https:\/\/www.sarahmo.be\/fr\/wp-json\/wp\/v2\/product_brand?post=24091"},{"taxonomy":"product_cat","embeddable":true,"href":"https:\/\/www.sarahmo.be\/fr\/wp-json\/wp\/v2\/product_cat?post=24091"},{"taxonomy":"product_tag","embeddable":true,"href":"https:\/\/www.sarahmo.be\/fr\/wp-json\/wp\/v2\/product_tag?post=24091"}],"curies":[{"name":"wp","href":"https:\/\/api.w.org\/{rel}","templated":true}]}}