{"id":24093,"date":"2025-07-25T12:23:30","date_gmt":"2025-07-25T10:23:30","guid":{"rendered":"https:\/\/www.sarahmo.be\/?post_type=product&#038;p=24093"},"modified":"2025-07-25T12:23:38","modified_gmt":"2025-07-25T10:23:38","slug":"meuble-tv-campagnard","status":"publish","type":"product","link":"https:\/\/www.sarahmo.be\/fr\/landelijkemeubelen\/sejour\/collection-valencia-fr\/meuble-tv-campagnard\/","title":{"rendered":"Meuble tv campagnard"},"content":{"rendered":"<p data-start=\"0\" data-end=\"262\"><strong data-start=\"0\" data-end=\"57\">Meuble TV en teck grey\u202f\u2013 compact, \u00e9l\u00e9gant et pratique<\/strong><br data-start=\"57\" data-end=\"60\" \/>Ce meuble TV campagnard en teck offre tout ce qu\u2019il faut\u202f: deux portes ferm\u00e9es pour un espace de rangement suppl\u00e9mentaire, un tiroir central et une niche ouverte pour votre d\u00e9codeur ou console de jeu.<\/p>\n<p data-start=\"264\" data-end=\"423\">La finition greywash chaleureuse et les poign\u00e9es m\u00e9talliques noires apportent une touche intemporelle et rustique, relev\u00e9e d\u2019un caract\u00e8re un brin industriel.<\/p>\n<p data-start=\"425\" data-end=\"498\" data-is-last-node=\"\" data-is-only-node=\"\"><strong data-start=\"425\" data-end=\"441\">Dimensions\u202f:<\/strong> 173\u202f\u00d7\u202f43\u202f\u00d7\u202f53\u202fcm (l\u202f\u00d7\u202fp\u202f\u00d7\u202fh)<br data-start=\"470\" data-end=\"473\" \/><strong data-start=\"473\" data-end=\"489\" data-is-only-node=\"\">Collection\u202f:<\/strong> Valencia<\/p>\n","protected":false},"excerpt":{"rendered":"<p>Meuble TV en teck grey\u202f\u2013 compact, \u00e9l\u00e9gant et pratiqueCe meuble TV campagnard en teck offre tout ce qu\u2019il faut\u202f: deux<\/p>\n","protected":false},"featured_media":23983,"template":"","meta":[],"product_brand":[],"product_cat":[3978],"product_tag":[3985],"class_list":{"0":"post-24093","1":"product","2":"type-product","3":"status-publish","4":"has-post-thumbnail","6":"product_cat-collection-valencia-fr","7":"product_tag-val144-fr","9":"first","10":"instock","11":"sale","12":"purchasable","13":"product-type-simple"},"yoast_head":"<!-- This site is optimized with the Yoast SEO plugin v27.5 - https:\/\/yoast.com\/product\/yoast-seo-wordpress\/ -->\n<title>Sarah Mo - Meuble tv campagnard - Collection Valencia<\/title>\n<meta name=\"description\" content=\"Ce meuble TV campagnard en teck offre tout ce qu\u2019il faut\u202f: deux portes ferm\u00e9es pour un espace de rangement suppl\u00e9mentaire,\" \/>\n<meta name=\"robots\" content=\"index, follow, max-snippet:-1, max-image-preview:large, max-video-preview:-1\" \/>\n<link rel=\"canonical\" href=\"https:\/\/www.sarahmo.be\/fr\/landelijkemeubelen\/sejour\/collection-valencia-fr\/meuble-tv-campagnard\/\" \/>\n<meta property=\"og:locale\" content=\"fr_FR\" \/>\n<meta property=\"og:type\" content=\"article\" \/>\n<meta property=\"og:title\" content=\"Sarah Mo - Meuble tv campagnard - Collection Valencia\" \/>\n<meta property=\"og:description\" content=\"Ce meuble TV campagnard en teck offre tout ce qu\u2019il faut\u202f: deux portes ferm\u00e9es pour un espace de rangement suppl\u00e9mentaire,\" \/>\n<meta property=\"og:url\" content=\"https:\/\/www.sarahmo.be\/fr\/landelijkemeubelen\/sejour\/collection-valencia-fr\/meuble-tv-campagnard\/\" \/>\n<meta property=\"og:site_name\" content=\"Sarah Mo\" \/>\n<meta property=\"article:publisher\" content=\"https:\/\/www.facebook.com\/SarahMofurniturestore\/\" \/>\n<meta property=\"article:modified_time\" content=\"2025-07-25T10:23:38+00:00\" \/>\n<meta property=\"og:image\" content=\"https:\/\/www.sarahmo.be\/site\/wp-content\/uploads\/VAL144.jpg\" \/>\n\t<meta property=\"og:image:width\" content=\"1500\" \/>\n\t<meta property=\"og:image:height\" content=\"1500\" \/>\n\t<meta property=\"og:image:type\" content=\"image\/jpeg\" \/>\n<meta name=\"twitter:card\" content=\"summary_large_image\" \/>\n<meta name=\"twitter:label1\" content=\"Dur\u00e9e de lecture estim\u00e9e\" \/>\n\t<meta name=\"twitter:data1\" content=\"1 minute\" \/>\n<script type=\"application\/ld+json\" class=\"yoast-schema-graph\">{\"@context\":\"https:\\\/\\\/schema.org\",\"@graph\":[{\"@type\":\"WebPage\",\"@id\":\"https:\\\/\\\/www.sarahmo.be\\\/fr\\\/landelijkemeubelen\\\/sejour\\\/collection-valencia-fr\\\/meuble-tv-campagnard\\\/\",\"url\":\"https:\\\/\\\/www.sarahmo.be\\\/fr\\\/landelijkemeubelen\\\/sejour\\\/collection-valencia-fr\\\/meuble-tv-campagnard\\\/\",\"name\":\"Sarah Mo - Meuble tv campagnard - Collection Valencia\",\"isPartOf\":{\"@id\":\"https:\\\/\\\/www.sarahmo.be\\\/fr\\\/#website\"},\"primaryImageOfPage\":{\"@id\":\"https:\\\/\\\/www.sarahmo.be\\\/fr\\\/landelijkemeubelen\\\/sejour\\\/collection-valencia-fr\\\/meuble-tv-campagnard\\\/#primaryimage\"},\"image\":{\"@id\":\"https:\\\/\\\/www.sarahmo.be\\\/fr\\\/landelijkemeubelen\\\/sejour\\\/collection-valencia-fr\\\/meuble-tv-campagnard\\\/#primaryimage\"},\"thumbnailUrl\":\"https:\\\/\\\/www.sarahmo.be\\\/site\\\/wp-content\\\/uploads\\\/VAL144.jpg\",\"datePublished\":\"2025-07-25T10:23:30+00:00\",\"dateModified\":\"2025-07-25T10:23:38+00:00\",\"description\":\"Ce meuble TV campagnard en teck offre tout ce qu\u2019il faut\u202f: deux portes ferm\u00e9es pour un espace de rangement suppl\u00e9mentaire,\",\"breadcrumb\":{\"@id\":\"https:\\\/\\\/www.sarahmo.be\\\/fr\\\/landelijkemeubelen\\\/sejour\\\/collection-valencia-fr\\\/meuble-tv-campagnard\\\/#breadcrumb\"},\"inLanguage\":\"fr-FR\",\"potentialAction\":[{\"@type\":\"ReadAction\",\"target\":[\"https:\\\/\\\/www.sarahmo.be\\\/fr\\\/landelijkemeubelen\\\/sejour\\\/collection-valencia-fr\\\/meuble-tv-campagnard\\\/\"]}]},{\"@type\":\"ImageObject\",\"inLanguage\":\"fr-FR\",\"@id\":\"https:\\\/\\\/www.sarahmo.be\\\/fr\\\/landelijkemeubelen\\\/sejour\\\/collection-valencia-fr\\\/meuble-tv-campagnard\\\/#primaryimage\",\"url\":\"https:\\\/\\\/www.sarahmo.be\\\/site\\\/wp-content\\\/uploads\\\/VAL144.jpg\",\"contentUrl\":\"https:\\\/\\\/www.sarahmo.be\\\/site\\\/wp-content\\\/uploads\\\/VAL144.jpg\",\"width\":1500,\"height\":1500},{\"@type\":\"BreadcrumbList\",\"@id\":\"https:\\\/\\\/www.sarahmo.be\\\/fr\\\/landelijkemeubelen\\\/sejour\\\/collection-valencia-fr\\\/meuble-tv-campagnard\\\/#breadcrumb\",\"itemListElement\":[{\"@type\":\"ListItem\",\"position\":1,\"name\":\"Accueil\",\"item\":\"https:\\\/\\\/www.sarahmo.be\\\/fr\\\/\"},{\"@type\":\"ListItem\",\"position\":2,\"name\":\"Collection\",\"item\":\"https:\\\/\\\/www.sarahmo.be\\\/fr\\\/collection\\\/\"},{\"@type\":\"ListItem\",\"position\":3,\"name\":\"Meuble tv campagnard\"}]},{\"@type\":\"WebSite\",\"@id\":\"https:\\\/\\\/www.sarahmo.be\\\/fr\\\/#website\",\"url\":\"https:\\\/\\\/www.sarahmo.be\\\/fr\\\/\",\"name\":\"Sarah Mo\",\"description\":\"Sp\u00e9cialiste du style campagne intemporel\",\"publisher\":{\"@id\":\"https:\\\/\\\/www.sarahmo.be\\\/fr\\\/#organization\"},\"potentialAction\":[{\"@type\":\"SearchAction\",\"target\":{\"@type\":\"EntryPoint\",\"urlTemplate\":\"https:\\\/\\\/www.sarahmo.be\\\/fr\\\/?s={search_term_string}\"},\"query-input\":{\"@type\":\"PropertyValueSpecification\",\"valueRequired\":true,\"valueName\":\"search_term_string\"}}],\"inLanguage\":\"fr-FR\"},{\"@type\":\"Organization\",\"@id\":\"https:\\\/\\\/www.sarahmo.be\\\/fr\\\/#organization\",\"name\":\"Sarah Mo Landelijke meubelen en verlichting\",\"url\":\"https:\\\/\\\/www.sarahmo.be\\\/fr\\\/\",\"logo\":{\"@type\":\"ImageObject\",\"inLanguage\":\"fr-FR\",\"@id\":\"https:\\\/\\\/www.sarahmo.be\\\/fr\\\/#\\\/schema\\\/logo\\\/image\\\/\",\"url\":\"https:\\\/\\\/www.sarahmo.be\\\/site\\\/wp-content\\\/uploads\\\/logo-dark.png\",\"contentUrl\":\"https:\\\/\\\/www.sarahmo.be\\\/site\\\/wp-content\\\/uploads\\\/logo-dark.png\",\"width\":1025,\"height\":120,\"caption\":\"Sarah Mo Landelijke meubelen en verlichting\"},\"image\":{\"@id\":\"https:\\\/\\\/www.sarahmo.be\\\/fr\\\/#\\\/schema\\\/logo\\\/image\\\/\"},\"sameAs\":[\"https:\\\/\\\/www.facebook.com\\\/SarahMofurniturestore\\\/\"]}]}<\/script>\n<!-- \/ Yoast SEO plugin. -->","yoast_head_json":{"title":"Sarah Mo - Meuble tv campagnard - Collection Valencia","description":"Ce meuble TV campagnard en teck offre tout ce qu\u2019il faut\u202f: deux portes ferm\u00e9es pour un espace de rangement suppl\u00e9mentaire,","robots":{"index":"index","follow":"follow","max-snippet":"max-snippet:-1","max-image-preview":"max-image-preview:large","max-video-preview":"max-video-preview:-1"},"canonical":"https:\/\/www.sarahmo.be\/fr\/landelijkemeubelen\/sejour\/collection-valencia-fr\/meuble-tv-campagnard\/","og_locale":"fr_FR","og_type":"article","og_title":"Sarah Mo - Meuble tv campagnard - Collection Valencia","og_description":"Ce meuble TV campagnard en teck offre tout ce qu\u2019il faut\u202f: deux portes ferm\u00e9es pour un espace de rangement suppl\u00e9mentaire,","og_url":"https:\/\/www.sarahmo.be\/fr\/landelijkemeubelen\/sejour\/collection-valencia-fr\/meuble-tv-campagnard\/","og_site_name":"Sarah Mo","article_publisher":"https:\/\/www.facebook.com\/SarahMofurniturestore\/","article_modified_time":"2025-07-25T10:23:38+00:00","og_image":[{"width":1500,"height":1500,"url":"https:\/\/www.sarahmo.be\/site\/wp-content\/uploads\/VAL144.jpg","type":"image\/jpeg"}],"twitter_card":"summary_large_image","twitter_misc":{"Dur\u00e9e de lecture estim\u00e9e":"1 minute"},"schema":{"@context":"https:\/\/schema.org","@graph":[{"@type":"WebPage","@id":"https:\/\/www.sarahmo.be\/fr\/landelijkemeubelen\/sejour\/collection-valencia-fr\/meuble-tv-campagnard\/","url":"https:\/\/www.sarahmo.be\/fr\/landelijkemeubelen\/sejour\/collection-valencia-fr\/meuble-tv-campagnard\/","name":"Sarah Mo - Meuble tv campagnard - Collection Valencia","isPartOf":{"@id":"https:\/\/www.sarahmo.be\/fr\/#website"},"primaryImageOfPage":{"@id":"https:\/\/www.sarahmo.be\/fr\/landelijkemeubelen\/sejour\/collection-valencia-fr\/meuble-tv-campagnard\/#primaryimage"},"image":{"@id":"https:\/\/www.sarahmo.be\/fr\/landelijkemeubelen\/sejour\/collection-valencia-fr\/meuble-tv-campagnard\/#primaryimage"},"thumbnailUrl":"https:\/\/www.sarahmo.be\/site\/wp-content\/uploads\/VAL144.jpg","datePublished":"2025-07-25T10:23:30+00:00","dateModified":"2025-07-25T10:23:38+00:00","description":"Ce meuble TV campagnard en teck offre tout ce qu\u2019il faut\u202f: deux portes ferm\u00e9es pour un espace de rangement suppl\u00e9mentaire,","breadcrumb":{"@id":"https:\/\/www.sarahmo.be\/fr\/landelijkemeubelen\/sejour\/collection-valencia-fr\/meuble-tv-campagnard\/#breadcrumb"},"inLanguage":"fr-FR","potentialAction":[{"@type":"ReadAction","target":["https:\/\/www.sarahmo.be\/fr\/landelijkemeubelen\/sejour\/collection-valencia-fr\/meuble-tv-campagnard\/"]}]},{"@type":"ImageObject","inLanguage":"fr-FR","@id":"https:\/\/www.sarahmo.be\/fr\/landelijkemeubelen\/sejour\/collection-valencia-fr\/meuble-tv-campagnard\/#primaryimage","url":"https:\/\/www.sarahmo.be\/site\/wp-content\/uploads\/VAL144.jpg","contentUrl":"https:\/\/www.sarahmo.be\/site\/wp-content\/uploads\/VAL144.jpg","width":1500,"height":1500},{"@type":"BreadcrumbList","@id":"https:\/\/www.sarahmo.be\/fr\/landelijkemeubelen\/sejour\/collection-valencia-fr\/meuble-tv-campagnard\/#breadcrumb","itemListElement":[{"@type":"ListItem","position":1,"name":"Accueil","item":"https:\/\/www.sarahmo.be\/fr\/"},{"@type":"ListItem","position":2,"name":"Collection","item":"https:\/\/www.sarahmo.be\/fr\/collection\/"},{"@type":"ListItem","position":3,"name":"Meuble tv campagnard"}]},{"@type":"WebSite","@id":"https:\/\/www.sarahmo.be\/fr\/#website","url":"https:\/\/www.sarahmo.be\/fr\/","name":"Sarah Mo","description":"Sp\u00e9cialiste du style campagne intemporel","publisher":{"@id":"https:\/\/www.sarahmo.be\/fr\/#organization"},"potentialAction":[{"@type":"SearchAction","target":{"@type":"EntryPoint","urlTemplate":"https:\/\/www.sarahmo.be\/fr\/?s={search_term_string}"},"query-input":{"@type":"PropertyValueSpecification","valueRequired":true,"valueName":"search_term_string"}}],"inLanguage":"fr-FR"},{"@type":"Organization","@id":"https:\/\/www.sarahmo.be\/fr\/#organization","name":"Sarah Mo Landelijke meubelen en verlichting","url":"https:\/\/www.sarahmo.be\/fr\/","logo":{"@type":"ImageObject","inLanguage":"fr-FR","@id":"https:\/\/www.sarahmo.be\/fr\/#\/schema\/logo\/image\/","url":"https:\/\/www.sarahmo.be\/site\/wp-content\/uploads\/logo-dark.png","contentUrl":"https:\/\/www.sarahmo.be\/site\/wp-content\/uploads\/logo-dark.png","width":1025,"height":120,"caption":"Sarah Mo Landelijke meubelen en verlichting"},"image":{"@id":"https:\/\/www.sarahmo.be\/fr\/#\/schema\/logo\/image\/"},"sameAs":["https:\/\/www.facebook.com\/SarahMofurniturestore\/"]}]}},"_links":{"self":[{"href":"https:\/\/www.sarahmo.be\/fr\/wp-json\/wp\/v2\/product\/24093","targetHints":{"allow":["GET"]}}],"collection":[{"href":"https:\/\/www.sarahmo.be\/fr\/wp-json\/wp\/v2\/product"}],"about":[{"href":"https:\/\/www.sarahmo.be\/fr\/wp-json\/wp\/v2\/types\/product"}],"wp:featuredmedia":[{"embeddable":true,"href":"https:\/\/www.sarahmo.be\/fr\/wp-json\/wp\/v2\/media\/23983"}],"wp:attachment":[{"href":"https:\/\/www.sarahmo.be\/fr\/wp-json\/wp\/v2\/media?parent=24093"}],"wp:term":[{"taxonomy":"product_brand","embeddable":true,"href":"https:\/\/www.sarahmo.be\/fr\/wp-json\/wp\/v2\/product_brand?post=24093"},{"taxonomy":"product_cat","embeddable":true,"href":"https:\/\/www.sarahmo.be\/fr\/wp-json\/wp\/v2\/product_cat?post=24093"},{"taxonomy":"product_tag","embeddable":true,"href":"https:\/\/www.sarahmo.be\/fr\/wp-json\/wp\/v2\/product_tag?post=24093"}],"curies":[{"name":"wp","href":"https:\/\/api.w.org\/{rel}","templated":true}]}}