{"id":24096,"date":"2025-07-25T12:34:44","date_gmt":"2025-07-25T10:34:44","guid":{"rendered":"https:\/\/www.sarahmo.be\/?post_type=product&#038;p=24096"},"modified":"2025-07-25T12:34:47","modified_gmt":"2025-07-25T10:34:47","slug":"table-a-manger-dante-a-pied-en-x","status":"publish","type":"product","link":"https:\/\/www.sarahmo.be\/fr\/landelijkemeubelen\/sejour\/collection-dante-fr\/table-a-manger-dante-a-pied-en-x\/","title":{"rendered":"Table \u00e0 manger Dante \u00e0 pied en X"},"content":{"rendered":"<p>Table basse en teck avec pi\u00e8tement m\u00e9tallique en X\u202f: alliance de styles champ\u00eatre et industriel<\/p>\n<p>&nbsp;<\/p>\n","protected":false},"excerpt":{"rendered":"<p>Table basse en teck avec pi\u00e8tement m\u00e9tallique en X\u202f: alliance de styles champ\u00eatre et industriel &nbsp;<\/p>\n","protected":false},"featured_media":23110,"template":"","meta":[],"product_brand":[],"product_cat":[3986],"product_tag":[3988],"class_list":{"0":"post-24096","1":"product","2":"type-product","3":"status-publish","4":"has-post-thumbnail","6":"product_cat-collection-dante-fr","7":"product_tag-dan220","9":"first","10":"instock","11":"purchasable","12":"product-type-simple"},"yoast_head":"<!-- This site is optimized with the Yoast SEO plugin v27.5 - https:\/\/yoast.com\/product\/yoast-seo-wordpress\/ -->\n<title>Sarah Mo - Table \u00e0 manger Dante \u00e0 pied en X - Collection Dante<\/title>\n<meta name=\"description\" content=\"ChatGPT zei:Table basse en teck avec pi\u00e8tement m\u00e9tallique en X\u202f: alliance de styles champ\u00eatre et industriel. Style Campagnarde\" \/>\n<meta name=\"robots\" content=\"index, follow, max-snippet:-1, max-image-preview:large, max-video-preview:-1\" \/>\n<link rel=\"canonical\" href=\"https:\/\/www.sarahmo.be\/fr\/landelijkemeubelen\/sejour\/collection-dante-fr\/table-a-manger-dante-a-pied-en-x\/\" \/>\n<meta property=\"og:locale\" content=\"fr_FR\" \/>\n<meta property=\"og:type\" content=\"article\" \/>\n<meta property=\"og:title\" content=\"Sarah Mo - Table \u00e0 manger Dante \u00e0 pied en X - Collection Dante\" \/>\n<meta property=\"og:description\" content=\"ChatGPT zei:Table basse en teck avec pi\u00e8tement m\u00e9tallique en X\u202f: alliance de styles champ\u00eatre et industriel. Style Campagnarde\" \/>\n<meta property=\"og:url\" content=\"https:\/\/www.sarahmo.be\/fr\/landelijkemeubelen\/sejour\/collection-dante-fr\/table-a-manger-dante-a-pied-en-x\/\" \/>\n<meta property=\"og:site_name\" content=\"Sarah Mo\" \/>\n<meta property=\"article:publisher\" content=\"https:\/\/www.facebook.com\/SarahMofurniturestore\/\" \/>\n<meta property=\"article:modified_time\" content=\"2025-07-25T10:34:47+00:00\" \/>\n<meta property=\"og:image\" content=\"https:\/\/www.sarahmo.be\/site\/wp-content\/uploads\/DAN220-eetkamertafel-teak-hout-met-x-poot-landelijke-industriele-stijl-van-Sarah-mo-meubelwinkel.jpg\" \/>\n\t<meta property=\"og:image:width\" content=\"1500\" \/>\n\t<meta property=\"og:image:height\" content=\"1500\" \/>\n\t<meta property=\"og:image:type\" content=\"image\/jpeg\" \/>\n<meta name=\"twitter:card\" content=\"summary_large_image\" \/>\n<meta name=\"twitter:label1\" content=\"Dur\u00e9e de lecture estim\u00e9e\" \/>\n\t<meta name=\"twitter:data1\" content=\"1 minute\" \/>\n<script type=\"application\/ld+json\" class=\"yoast-schema-graph\">{\"@context\":\"https:\\\/\\\/schema.org\",\"@graph\":[{\"@type\":\"WebPage\",\"@id\":\"https:\\\/\\\/www.sarahmo.be\\\/fr\\\/landelijkemeubelen\\\/sejour\\\/collection-dante-fr\\\/table-a-manger-dante-a-pied-en-x\\\/\",\"url\":\"https:\\\/\\\/www.sarahmo.be\\\/fr\\\/landelijkemeubelen\\\/sejour\\\/collection-dante-fr\\\/table-a-manger-dante-a-pied-en-x\\\/\",\"name\":\"Sarah Mo - Table \u00e0 manger Dante \u00e0 pied en X - Collection Dante\",\"isPartOf\":{\"@id\":\"https:\\\/\\\/www.sarahmo.be\\\/fr\\\/#website\"},\"primaryImageOfPage\":{\"@id\":\"https:\\\/\\\/www.sarahmo.be\\\/fr\\\/landelijkemeubelen\\\/sejour\\\/collection-dante-fr\\\/table-a-manger-dante-a-pied-en-x\\\/#primaryimage\"},\"image\":{\"@id\":\"https:\\\/\\\/www.sarahmo.be\\\/fr\\\/landelijkemeubelen\\\/sejour\\\/collection-dante-fr\\\/table-a-manger-dante-a-pied-en-x\\\/#primaryimage\"},\"thumbnailUrl\":\"https:\\\/\\\/www.sarahmo.be\\\/site\\\/wp-content\\\/uploads\\\/DAN220-eetkamertafel-teak-hout-met-x-poot-landelijke-industriele-stijl-van-Sarah-mo-meubelwinkel.jpg\",\"datePublished\":\"2025-07-25T10:34:44+00:00\",\"dateModified\":\"2025-07-25T10:34:47+00:00\",\"description\":\"ChatGPT zei:Table basse en teck avec pi\u00e8tement m\u00e9tallique en X\u202f: alliance de styles champ\u00eatre et industriel. Style Campagnarde\",\"breadcrumb\":{\"@id\":\"https:\\\/\\\/www.sarahmo.be\\\/fr\\\/landelijkemeubelen\\\/sejour\\\/collection-dante-fr\\\/table-a-manger-dante-a-pied-en-x\\\/#breadcrumb\"},\"inLanguage\":\"fr-FR\",\"potentialAction\":[{\"@type\":\"ReadAction\",\"target\":[\"https:\\\/\\\/www.sarahmo.be\\\/fr\\\/landelijkemeubelen\\\/sejour\\\/collection-dante-fr\\\/table-a-manger-dante-a-pied-en-x\\\/\"]}]},{\"@type\":\"ImageObject\",\"inLanguage\":\"fr-FR\",\"@id\":\"https:\\\/\\\/www.sarahmo.be\\\/fr\\\/landelijkemeubelen\\\/sejour\\\/collection-dante-fr\\\/table-a-manger-dante-a-pied-en-x\\\/#primaryimage\",\"url\":\"https:\\\/\\\/www.sarahmo.be\\\/site\\\/wp-content\\\/uploads\\\/DAN220-eetkamertafel-teak-hout-met-x-poot-landelijke-industriele-stijl-van-Sarah-mo-meubelwinkel.jpg\",\"contentUrl\":\"https:\\\/\\\/www.sarahmo.be\\\/site\\\/wp-content\\\/uploads\\\/DAN220-eetkamertafel-teak-hout-met-x-poot-landelijke-industriele-stijl-van-Sarah-mo-meubelwinkel.jpg\",\"width\":1500,\"height\":1500},{\"@type\":\"BreadcrumbList\",\"@id\":\"https:\\\/\\\/www.sarahmo.be\\\/fr\\\/landelijkemeubelen\\\/sejour\\\/collection-dante-fr\\\/table-a-manger-dante-a-pied-en-x\\\/#breadcrumb\",\"itemListElement\":[{\"@type\":\"ListItem\",\"position\":1,\"name\":\"Accueil\",\"item\":\"https:\\\/\\\/www.sarahmo.be\\\/fr\\\/\"},{\"@type\":\"ListItem\",\"position\":2,\"name\":\"Collection\",\"item\":\"https:\\\/\\\/www.sarahmo.be\\\/fr\\\/collection\\\/\"},{\"@type\":\"ListItem\",\"position\":3,\"name\":\"Table \u00e0 manger Dante \u00e0 pied en X\"}]},{\"@type\":\"WebSite\",\"@id\":\"https:\\\/\\\/www.sarahmo.be\\\/fr\\\/#website\",\"url\":\"https:\\\/\\\/www.sarahmo.be\\\/fr\\\/\",\"name\":\"Sarah Mo\",\"description\":\"Sp\u00e9cialiste du style campagne intemporel\",\"publisher\":{\"@id\":\"https:\\\/\\\/www.sarahmo.be\\\/fr\\\/#organization\"},\"potentialAction\":[{\"@type\":\"SearchAction\",\"target\":{\"@type\":\"EntryPoint\",\"urlTemplate\":\"https:\\\/\\\/www.sarahmo.be\\\/fr\\\/?s={search_term_string}\"},\"query-input\":{\"@type\":\"PropertyValueSpecification\",\"valueRequired\":true,\"valueName\":\"search_term_string\"}}],\"inLanguage\":\"fr-FR\"},{\"@type\":\"Organization\",\"@id\":\"https:\\\/\\\/www.sarahmo.be\\\/fr\\\/#organization\",\"name\":\"Sarah Mo Landelijke meubelen en verlichting\",\"url\":\"https:\\\/\\\/www.sarahmo.be\\\/fr\\\/\",\"logo\":{\"@type\":\"ImageObject\",\"inLanguage\":\"fr-FR\",\"@id\":\"https:\\\/\\\/www.sarahmo.be\\\/fr\\\/#\\\/schema\\\/logo\\\/image\\\/\",\"url\":\"https:\\\/\\\/www.sarahmo.be\\\/site\\\/wp-content\\\/uploads\\\/logo-dark.png\",\"contentUrl\":\"https:\\\/\\\/www.sarahmo.be\\\/site\\\/wp-content\\\/uploads\\\/logo-dark.png\",\"width\":1025,\"height\":120,\"caption\":\"Sarah Mo Landelijke meubelen en verlichting\"},\"image\":{\"@id\":\"https:\\\/\\\/www.sarahmo.be\\\/fr\\\/#\\\/schema\\\/logo\\\/image\\\/\"},\"sameAs\":[\"https:\\\/\\\/www.facebook.com\\\/SarahMofurniturestore\\\/\"]}]}<\/script>\n<!-- \/ Yoast SEO plugin. -->","yoast_head_json":{"title":"Sarah Mo - Table \u00e0 manger Dante \u00e0 pied en X - Collection Dante","description":"ChatGPT zei:Table basse en teck avec pi\u00e8tement m\u00e9tallique en X\u202f: alliance de styles champ\u00eatre et industriel. Style Campagnarde","robots":{"index":"index","follow":"follow","max-snippet":"max-snippet:-1","max-image-preview":"max-image-preview:large","max-video-preview":"max-video-preview:-1"},"canonical":"https:\/\/www.sarahmo.be\/fr\/landelijkemeubelen\/sejour\/collection-dante-fr\/table-a-manger-dante-a-pied-en-x\/","og_locale":"fr_FR","og_type":"article","og_title":"Sarah Mo - Table \u00e0 manger Dante \u00e0 pied en X - Collection Dante","og_description":"ChatGPT zei:Table basse en teck avec pi\u00e8tement m\u00e9tallique en X\u202f: alliance de styles champ\u00eatre et industriel. Style Campagnarde","og_url":"https:\/\/www.sarahmo.be\/fr\/landelijkemeubelen\/sejour\/collection-dante-fr\/table-a-manger-dante-a-pied-en-x\/","og_site_name":"Sarah Mo","article_publisher":"https:\/\/www.facebook.com\/SarahMofurniturestore\/","article_modified_time":"2025-07-25T10:34:47+00:00","og_image":[{"width":1500,"height":1500,"url":"https:\/\/www.sarahmo.be\/site\/wp-content\/uploads\/DAN220-eetkamertafel-teak-hout-met-x-poot-landelijke-industriele-stijl-van-Sarah-mo-meubelwinkel.jpg","type":"image\/jpeg"}],"twitter_card":"summary_large_image","twitter_misc":{"Dur\u00e9e de lecture estim\u00e9e":"1 minute"},"schema":{"@context":"https:\/\/schema.org","@graph":[{"@type":"WebPage","@id":"https:\/\/www.sarahmo.be\/fr\/landelijkemeubelen\/sejour\/collection-dante-fr\/table-a-manger-dante-a-pied-en-x\/","url":"https:\/\/www.sarahmo.be\/fr\/landelijkemeubelen\/sejour\/collection-dante-fr\/table-a-manger-dante-a-pied-en-x\/","name":"Sarah Mo - Table \u00e0 manger Dante \u00e0 pied en X - Collection Dante","isPartOf":{"@id":"https:\/\/www.sarahmo.be\/fr\/#website"},"primaryImageOfPage":{"@id":"https:\/\/www.sarahmo.be\/fr\/landelijkemeubelen\/sejour\/collection-dante-fr\/table-a-manger-dante-a-pied-en-x\/#primaryimage"},"image":{"@id":"https:\/\/www.sarahmo.be\/fr\/landelijkemeubelen\/sejour\/collection-dante-fr\/table-a-manger-dante-a-pied-en-x\/#primaryimage"},"thumbnailUrl":"https:\/\/www.sarahmo.be\/site\/wp-content\/uploads\/DAN220-eetkamertafel-teak-hout-met-x-poot-landelijke-industriele-stijl-van-Sarah-mo-meubelwinkel.jpg","datePublished":"2025-07-25T10:34:44+00:00","dateModified":"2025-07-25T10:34:47+00:00","description":"ChatGPT zei:Table basse en teck avec pi\u00e8tement m\u00e9tallique en X\u202f: alliance de styles champ\u00eatre et industriel. Style Campagnarde","breadcrumb":{"@id":"https:\/\/www.sarahmo.be\/fr\/landelijkemeubelen\/sejour\/collection-dante-fr\/table-a-manger-dante-a-pied-en-x\/#breadcrumb"},"inLanguage":"fr-FR","potentialAction":[{"@type":"ReadAction","target":["https:\/\/www.sarahmo.be\/fr\/landelijkemeubelen\/sejour\/collection-dante-fr\/table-a-manger-dante-a-pied-en-x\/"]}]},{"@type":"ImageObject","inLanguage":"fr-FR","@id":"https:\/\/www.sarahmo.be\/fr\/landelijkemeubelen\/sejour\/collection-dante-fr\/table-a-manger-dante-a-pied-en-x\/#primaryimage","url":"https:\/\/www.sarahmo.be\/site\/wp-content\/uploads\/DAN220-eetkamertafel-teak-hout-met-x-poot-landelijke-industriele-stijl-van-Sarah-mo-meubelwinkel.jpg","contentUrl":"https:\/\/www.sarahmo.be\/site\/wp-content\/uploads\/DAN220-eetkamertafel-teak-hout-met-x-poot-landelijke-industriele-stijl-van-Sarah-mo-meubelwinkel.jpg","width":1500,"height":1500},{"@type":"BreadcrumbList","@id":"https:\/\/www.sarahmo.be\/fr\/landelijkemeubelen\/sejour\/collection-dante-fr\/table-a-manger-dante-a-pied-en-x\/#breadcrumb","itemListElement":[{"@type":"ListItem","position":1,"name":"Accueil","item":"https:\/\/www.sarahmo.be\/fr\/"},{"@type":"ListItem","position":2,"name":"Collection","item":"https:\/\/www.sarahmo.be\/fr\/collection\/"},{"@type":"ListItem","position":3,"name":"Table \u00e0 manger Dante \u00e0 pied en X"}]},{"@type":"WebSite","@id":"https:\/\/www.sarahmo.be\/fr\/#website","url":"https:\/\/www.sarahmo.be\/fr\/","name":"Sarah Mo","description":"Sp\u00e9cialiste du style campagne intemporel","publisher":{"@id":"https:\/\/www.sarahmo.be\/fr\/#organization"},"potentialAction":[{"@type":"SearchAction","target":{"@type":"EntryPoint","urlTemplate":"https:\/\/www.sarahmo.be\/fr\/?s={search_term_string}"},"query-input":{"@type":"PropertyValueSpecification","valueRequired":true,"valueName":"search_term_string"}}],"inLanguage":"fr-FR"},{"@type":"Organization","@id":"https:\/\/www.sarahmo.be\/fr\/#organization","name":"Sarah Mo Landelijke meubelen en verlichting","url":"https:\/\/www.sarahmo.be\/fr\/","logo":{"@type":"ImageObject","inLanguage":"fr-FR","@id":"https:\/\/www.sarahmo.be\/fr\/#\/schema\/logo\/image\/","url":"https:\/\/www.sarahmo.be\/site\/wp-content\/uploads\/logo-dark.png","contentUrl":"https:\/\/www.sarahmo.be\/site\/wp-content\/uploads\/logo-dark.png","width":1025,"height":120,"caption":"Sarah Mo Landelijke meubelen en verlichting"},"image":{"@id":"https:\/\/www.sarahmo.be\/fr\/#\/schema\/logo\/image\/"},"sameAs":["https:\/\/www.facebook.com\/SarahMofurniturestore\/"]}]}},"_links":{"self":[{"href":"https:\/\/www.sarahmo.be\/fr\/wp-json\/wp\/v2\/product\/24096","targetHints":{"allow":["GET"]}}],"collection":[{"href":"https:\/\/www.sarahmo.be\/fr\/wp-json\/wp\/v2\/product"}],"about":[{"href":"https:\/\/www.sarahmo.be\/fr\/wp-json\/wp\/v2\/types\/product"}],"wp:featuredmedia":[{"embeddable":true,"href":"https:\/\/www.sarahmo.be\/fr\/wp-json\/wp\/v2\/media\/23110"}],"wp:attachment":[{"href":"https:\/\/www.sarahmo.be\/fr\/wp-json\/wp\/v2\/media?parent=24096"}],"wp:term":[{"taxonomy":"product_brand","embeddable":true,"href":"https:\/\/www.sarahmo.be\/fr\/wp-json\/wp\/v2\/product_brand?post=24096"},{"taxonomy":"product_cat","embeddable":true,"href":"https:\/\/www.sarahmo.be\/fr\/wp-json\/wp\/v2\/product_cat?post=24096"},{"taxonomy":"product_tag","embeddable":true,"href":"https:\/\/www.sarahmo.be\/fr\/wp-json\/wp\/v2\/product_tag?post=24096"}],"curies":[{"name":"wp","href":"https:\/\/api.w.org\/{rel}","templated":true}]}}